{"id":1015,"date":"2016-04-02T13:17:02","date_gmt":"2016-04-02T12:17:02","guid":{"rendered":"http:\/\/istressportsbadminton.com\/?page_id=1015"},"modified":"2016-04-02T17:47:00","modified_gmt":"2016-04-02T16:47:00","slug":"j8","status":"publish","type":"page","link":"https:\/\/istressportsbadminton.com\/?page_id=1015","title":{"rendered":"J8"},"content":{"rendered":"<p>Rencontre au sommet ce mercredi 30 mars pour l&rsquo;\u00e9quipe Promobad du Captain Olive, actuellement 2\u00e8me de sa poule, et qui accueillait \u00e0 Donadieu \u00a0l&rsquo;invaincu leader St Canat. L&rsquo;enjeu \u00e9tait simple\u00a0pour nos\u00a0Istr\u00e9ens contre l&rsquo;\u00e9quipe leur ayant fait subir leur seule d\u00e9faite de la saison (2-6 au match aller en d\u00e9cembre): une victoire pour prendre la 1\u00e8re place \u00e0 leurs invit\u00e9s\u00a0d&rsquo;un soir, et envisager s\u00e9rieusement de remporter leur poule \u00e0 2 matchs du terme de la saison.<\/p>\n<p>10 joueurs \u00e9taient retenus (<strong>Aur\u00e9lie, C\u00e9line et M\u00e9lanie<\/strong> chez les filles, <strong>Charles, Valentin, Mathias, Vincent, Francois, J\u00e9r\u00e9my M <\/strong>et<strong> David<\/strong> chez les gar\u00e7ons), pour un total de 9 matchs ( 3 SH, 1 DD, 3 DH, 2 Mx).<\/p>\n<p>Dans la premi\u00e8re rotation, les\u00a02 premiers simples hommes avec <strong>Charles<\/strong> et <strong>Valentin<\/strong>, sont\u00a0solidement remport\u00e9s en 2 sets, apportant les 2 premiers points pour Istres. Le Double dame compos\u00e9 de <strong>C\u00e9line<\/strong> et <strong>M\u00e9lanie<\/strong> est \u00e9galement sur le pont, et face aux 2 solides joueuses de St Canat\u00a0Claire et Florence, nos filles \u00e9prouvent toutes les peines du monde a prendre le dessus dans les \u00e9changes. Malgr\u00e9 le soutient de la foule en d\u00e9lire, les istr\u00e9ennes vont s&rsquo;incliner en 2 sets 21-10\/ 21-14.<br \/>\n2-1 pour ISB, tout reste encore \u00e0 faire.<\/p>\n<p>Se pr\u00e9sentent alors <strong>Mathias<\/strong> pour le 3\u00e8me Simple Homme, et les Doubles Homme <strong>J\u00e9r\u00e9my\/Fran\u00e7ois<\/strong> et <strong>Valentin\/Vincent<\/strong>. Aucun probl\u00e8me pour le simple (ce qui permet de faire le 3\/3 dans cette discipline, en contraste avec le match aller o\u00f9 l\u2019\u00e9quipe avaitperdu ses 3 Simples Homme). <strong>J\u00e9r\u00e9my<\/strong> et <strong>Fran\u00e7ois<\/strong>, pour une de leur premi\u00e8re ensemble, ont montr\u00e9 une belle compl\u00e9mentarit\u00e9, pour une paire toute en puissance, et une victoire tranquille. Enfin, <strong>Valentin<\/strong> et <strong>Vincent<\/strong> apportent eux aussi leur pierre \u00e0 l\u2019\u00e9difice et le 5\u00e8me point synonyme de victoire pour ISB. Et a\u00a0noter la superbe prestation d&rsquo;un\u00a0Vincent qui progresse de jour en jour.<\/p>\n<p>A 5-1, m\u00eame si la victoire est dans la poche, les 3 derni\u00e8res rencontres s&rsquo;av\u00e8rent tr\u00e8s importantes pour solidifier\u00a0le match average qui sera d\u00e9terminant en fin de saison en cas d\u2019\u00e9galit\u00e9. Le dernier DH, compos\u00e9 de <strong>Mathias<\/strong> et <strong>Charles<\/strong> (aka Mouss et Diouf), ne rencontre pas d&rsquo;\u00e9normes probl\u00e8mes pour se d\u00e9faire de leur adversaires. Les deux Mixtes vont conclurent la rencontre. Si <strong>C\u00e9line\/David<\/strong>, apr\u00e8s un premier set remport\u00e9 de haute lutte 21-19, vont bien mener leurs affaires, le match \u00e9pique de la soir\u00e9e est a mettre au cr\u00e9dit du dernier Mixte in\u00e9dit compos\u00e9 de <strong>Fran\u00e7ois<\/strong> et d&rsquo;<strong>Aur\u00e9lie<\/strong>. Malgr\u00e9 l&rsquo;absence de rep\u00e8re, les\u00a02 istr\u00e9ens entament bien la rencontre et remportent la premi\u00e8re manche. St Canat se reprent, et l&rsquo;on craint alors qu&rsquo;ils aient pris l&rsquo;avantage sur le match en remportant la deuxi\u00e8me manche, 21-16\/ 17-21. Il n&rsquo;en sera rien, Fran\u00e7ois et Aur\u00e9lie sont pr\u00e9sents,\u00a0enchainent alors avec un tr\u00e8s beau set, men\u00e9 de bout en bout, et conclue, comme un symbole, par 2 superbes points au filet d&rsquo;une Aur\u00e9lie en folie!!<\/p>\n<p>Au final,<strong> superbe victoire 8\/1<\/strong> de l&rsquo;\u00e9quipe Promobad qui s&#8217;empare du fauteuil de leader, avec 2 rencontres restant \u00e0 jouer, le 19 avril \u00e0 la maison contre Rognes et un ultime d\u00e9placement \u00e0 Mallemort!! Bravo \u00e0 tous et merci aux supporters!<\/p>\n<p><a href=\"http:\/\/istressportsbadminton.com\/wp-content\/uploads\/2016\/04\/Promobad-Vs-StCanat-30Mars.jpg\" rel=\"attachment wp-att-1025\"><img loading=\"lazy\" class=\"alignnone size-full wp-image-1025\" src=\"http:\/\/istressportsbadminton.com\/wp-content\/uploads\/2016\/04\/Promobad-Vs-StCanat-30Mars.jpg\" alt=\"Promobad Vs StCanat 30Mars\" width=\"1280\" height=\"960\" srcset=\"https:\/\/istressportsbadminton.com\/wp-content\/uploads\/2016\/04\/Promobad-Vs-StCanat-30Mars.jpg 1280w, https:\/\/istressportsbadminton.com\/wp-content\/uploads\/2016\/04\/Promobad-Vs-StCanat-30Mars-300x225.jpg 300w, https:\/\/istressportsbadminton.com\/wp-content\/uploads\/2016\/04\/Promobad-Vs-StCanat-30Mars-768x576.jpg 768w, https:\/\/istressportsbadminton.com\/wp-content\/uploads\/2016\/04\/Promobad-Vs-StCanat-30Mars-1024x768.jpg 1024w, https:\/\/istressportsbadminton.com\/wp-content\/uploads\/2016\/04\/Promobad-Vs-StCanat-30Mars-1x1.jpg 1w\" sizes=\"(max-width: 709px) 85vw, (max-width: 909px) 67vw, (max-width: 1362px) 62vw, 840px\" \/><\/a><\/p>\n<p>Come On ISB!!<\/p>\n<p><a href=\"http:\/\/istressportsbadminton.com\/wp-content\/uploads\/2016\/04\/ICP.png\" rel=\"attachment wp-att-1019\"><img loading=\"lazy\" class=\"alignnone size-full wp-image-1019\" src=\"http:\/\/istressportsbadminton.com\/wp-content\/uploads\/2016\/04\/ICP.png\" alt=\"ICP\" width=\"1121\" height=\"170\" srcset=\"https:\/\/istressportsbadminton.com\/wp-content\/uploads\/2016\/04\/ICP.png 1121w, https:\/\/istressportsbadminton.com\/wp-content\/uploads\/2016\/04\/ICP-300x45.png 300w, https:\/\/istressportsbadminton.com\/wp-content\/uploads\/2016\/04\/ICP-768x116.png 768w, https:\/\/istressportsbadminton.com\/wp-content\/uploads\/2016\/04\/ICP-1024x155.png 1024w, https:\/\/istressportsbadminton.com\/wp-content\/uploads\/2016\/04\/ICP-7x1.png 7w\" sizes=\"(max-width: 709px) 85vw, (max-width: 909px) 67vw, (max-width: 1362px) 62vw, 840px\" \/><\/a><\/p>\n<p>Je vous rappelle que si vous voulez suivre en direct live les rencontres d\u2019interclubs d\u2019Istres Sports Badminton, il vous suffit d\u2019installer l\u2019appli \u00ab\u00a0JOIN APP\u00a0\u00bb sur votre mobile en cliquant sur le lien suivant\u00a0<strong><a href=\"http:\/\/www.joinapp.fr\/d\/faf83d4a62247c0ef16580acb60bc18a\" target=\"_blank\">http:\/\/www.joinapp.fr\/d\/<wbr \/>faf83d4a62247c0ef16580acb60bc1<wbr \/>8a<\/a><\/strong>\u00a0ou en scannant le QR code:<\/p>\n<p><a href=\"http:\/\/istressportsbadminton.com\/wp-content\/uploads\/2016\/03\/QRCode-Join-App-ISB.png\" rel=\"attachment wp-att-966\"><img loading=\"lazy\" class=\"wp-image-966 alignnone\" src=\"http:\/\/istressportsbadminton.com\/wp-content\/uploads\/2016\/03\/QRCode-Join-App-ISB-150x150.png\" sizes=\"(max-width: 103px) 100vw, 103px\" srcset=\"http:\/\/istressportsbadminton.com\/wp-content\/uploads\/2016\/03\/QRCode-Join-App-ISB-150x150.png 150w, http:\/\/istressportsbadminton.com\/wp-content\/uploads\/2016\/03\/QRCode-Join-App-ISB-1x1.png 1w\" alt=\"QRCode Join App ISB\" width=\"103\" height=\"103\" \/><\/a>\u00a0\u00a0et de rejoindre le groupe \u00ab\u00a0ISB\u00a0\u00bb. Ainsi vous recevrez en direct les r\u00e9sultats sur votre portable &#x1f609;<\/p>\n","protected":false},"excerpt":{"rendered":"<p>Rencontre au sommet ce mercredi 30 mars pour l&rsquo;\u00e9quipe Promobad du Captain Olive, actuellement 2\u00e8me de sa poule, et qui accueillait \u00e0 Donadieu \u00a0l&rsquo;invaincu leader St Canat. L&rsquo;enjeu \u00e9tait simple\u00a0pour nos\u00a0Istr\u00e9ens contre l&rsquo;\u00e9quipe leur ayant fait subir leur seule d\u00e9faite de la saison (2-6 au match aller en d\u00e9cembre): une victoire pour prendre la 1\u00e8re &hellip; <a href=\"https:\/\/istressportsbadminton.com\/?page_id=1015\" class=\"more-link\">Continuer la lecture<span class=\"screen-reader-text\"> de &laquo;&nbsp;J8&nbsp;&raquo;<\/span><\/a><\/p>\n","protected":false},"author":3,"featured_media":0,"parent":0,"menu_order":0,"comment_status":"closed","ping_status":"closed","template":"","meta":{"sfsi_plus_gutenberg_text_before_share":"","sfsi_plus_gutenberg_show_text_before_share":"","sfsi_plus_gutenberg_icon_type":"","sfsi_plus_gutenberg_icon_alignemt":"","sfsi_plus_gutenburg_max_per_row":""},"_links":{"self":[{"href":"https:\/\/istressportsbadminton.com\/index.php?rest_route=\/wp\/v2\/pages\/1015"}],"collection":[{"href":"https:\/\/istressportsbadminton.com\/index.php?rest_route=\/wp\/v2\/pages"}],"about":[{"href":"https:\/\/istressportsbadminton.com\/index.php?rest_route=\/wp\/v2\/types\/page"}],"author":[{"embeddable":true,"href":"https:\/\/istressportsbadminton.com\/index.php?rest_route=\/wp\/v2\/users\/3"}],"replies":[{"embeddable":true,"href":"https:\/\/istressportsbadminton.com\/index.php?rest_route=%2Fwp%2Fv2%2Fcomments&post=1015"}],"version-history":[{"count":7,"href":"https:\/\/istressportsbadminton.com\/index.php?rest_route=\/wp\/v2\/pages\/1015\/revisions"}],"predecessor-version":[{"id":1026,"href":"https:\/\/istressportsbadminton.com\/index.php?rest_route=\/wp\/v2\/pages\/1015\/revisions\/1026"}],"wp:attachment":[{"href":"https:\/\/istressportsbadminton.com\/index.php?rest_route=%2Fwp%2Fv2%2Fmedia&parent=1015"}],"curies":[{"name":"wp","href":"https:\/\/api.w.org\/{rel}","templated":true}]}}