{"id":1027,"date":"2016-04-06T10:25:40","date_gmt":"2016-04-06T09:25:40","guid":{"rendered":"http:\/\/istressportsbadminton.com\/?page_id=1027"},"modified":"2016-04-27T15:09:30","modified_gmt":"2016-04-27T14:09:30","slug":"tournoi-des-ailes-airbus-helicopter","status":"publish","type":"page","link":"https:\/\/istressportsbadminton.com\/?page_id=1027","title":{"rendered":"Tournoi des Ailes (Airbus Helicopter)"},"content":{"rendered":"<p>Durant ce long weekend de P\u00e2ques, se d\u00e9roulait le traditionnel Tournoi des Ailes organis\u00e9 par le club d&rsquo;Airbus Helicopter \u00e0 Marignane. Malgr\u00e9 une comp\u00e9tition plac\u00e9e dans une p\u00e9riode forcement \u00ab\u00a0chocolat\u00e9e\u00a0\u00bb, voyons si nos Istr\u00e9ens ont su faire fit des abus et quand m\u00eame su r\u00e9aliser de belles perf.<\/p>\n<h4><span style=\"color: #993366;\"><strong>Simple Dame<\/strong><\/span><\/h4>\n<p>Un petit mot d&rsquo;abord sur 2 joueuses, pas (encore??) officiellement Istr\u00e9ennes \u00a0mais qui jouent r\u00e9guli\u00e8rement au club depuis quelques semaines, et qui \u00e9taient engag\u00e9es en simple. <strong>M\u00e9lanie<\/strong> <strong>DA ROLD<\/strong> (actuellement P\u00e9lissane, D8), engag\u00e9e en R6, avait logiquement fort \u00e0 faire dans un tableau bien au dessus de son classement, dont elle sort avec les honneurs malgr\u00e9 ses 2 matchs perdus. <strong>Loriane DR\u00c9AN,<\/strong>\u00a0(actuellement Reims, R5), engag\u00e9e en R4, s&rsquo;inclinera en 1\/4 de finale avec 1 victoire pour 2 d\u00e9faites.<\/p>\n<h4><span style=\"color: #993366;\"><strong>Simple Homme<\/strong><\/span><\/h4>\n<p><span style=\"text-decoration: underline;\">Tableau D7\/D8<\/span><\/p>\n<p><strong>Steph\u00a0<\/strong>arrive en tant que t\u00eate de s\u00e9rie 3\/4 de son tableau, et d\u00e9marre par un premier match \u00e0\u00a0l&rsquo;image de sa prestation : sur courant alternatif. victoire contre un D7 21-10 \/ 18-21 \/ 21-6! Il\u00a0affronte pour son 2\u00e8me match de poule Thomas LACAZE d&rsquo;Aix, qui reste sur des belles prestations globales. Transparent lors du premier set, il s&rsquo;incline 21-15, pour prendre ensuite le second 21-13.\u00a0Le troisi\u00e8me set est ind\u00e9cis avec jamais plus\u00a0de 2 points d \u00e9carts pour arriver \u00e0 un 19-19 ou, deux fautes directes, l&rsquo;envoient au tapis pour ne pas sortir de la poule ( 1 seul sortant).<\/p>\n<h4><span style=\"color: #993366;\"><strong>Double\u00a0Dame<\/strong><\/span><\/h4>\n<p><span style=\"text-decoration: underline;\">Tableau R6<\/span><\/p>\n<p><strong>Agn\u00e8s<\/strong> retrouvait\u00a0Tiffany Buono de Pernes apr\u00e8s leur association peu fructueuse \u00e0 St Martin en janvier. Et cette fois-ci, ce fut bien plus concluant puisque apr\u00e8s 2 nettes victoires et une d\u00e9faite en poule, et une demi-finale facilement g\u00e9r\u00e9e, elles atteignent la finale ou elles vont s&rsquo;incliner m\u00eame paire qui les avait battu en poule, Johanna DELMAS\/Priscillia PASTOR (St Martin), 21-11\/ 23-21. Au final, une journ\u00e9e jalonn\u00e9e de belles rencontres pour <strong>Agn\u00e8s<\/strong> et sa partenaire.<\/p>\n<p><span style=\"text-decoration: underline;\">Tableau R4<\/span><\/p>\n<p>A nouveau associ\u00e9e \u00e0 Athenais HADJ RABAH (Carnoux), <strong>Marie<\/strong> et sa coll\u00e8gue se retrouvaient dans une\u00a0poule unique de 5. Les 2 premiers matchs sont remport\u00e9s en deux sets contre les t\u00eates de s\u00e9rie 1 et les derni\u00e8res de la poule. \u00c7a commence fort!! Mais malheureusement le\u00a03\u00e8me match est perdu en deux sets serr\u00e9s.<br \/>\nA ce moment de la competion, les filles sont 1\u00e8re malgr\u00e9s cette\u00a0d\u00e9faite, 2 autres\u00a0paires \u00e9tant \u00e0\u00a02 matchs gagn\u00e9s et 1 perdu. Il ne restait plus qu&rsquo;\u00e0 gagner le dernier contre celles qui avaient tout perdu,&#8230; et l\u00e0, c&rsquo;est le drame&#8230; <strong>Marie<\/strong> et Athenais s\u2019effondrent (\u00ab\u00a0<em>comme des bouses<\/em>\u00a0\u00bb dixit l&rsquo;int\u00e9ress\u00e9e :mrgreen:) et s&rsquo;inclinent pour finir finalement 3\u00e8me &#8230; Rageant!<\/p>\n<h4><span style=\"color: #993366;\"><strong>Double Homme<\/strong><\/span><\/h4>\n<p><span style=\"text-decoration: underline;\">Tableau D9\/P<\/span><\/p>\n<p><strong>David V<\/strong> \u00e9tait associ\u00e9 \u00e0 son coll\u00e8gue et ami Adrien Doctrinal de Martigues. T\u00f4t le matin, \u00e7a commence par une grosse d\u00e9ception avec un premier match contre le troisi\u00e8me de poule perdu en deux sets. Mais c&rsquo;est ensuite\u00a0d\u00e9complex\u00e9s qu&rsquo;ils se pr\u00e9sentent face \u00e0 la t\u00eate de poule, battue\u00a0en deux sets secs. Avec une d\u00e9faite et une victoire leur destin n&rsquo;est plus entre leur main, et il aura fallu attendre\u00a03h suppl\u00e9mentaires pour voir le dernier match de la poule et attendre le verdict pour d\u00e9partager les 3 paires \u00e0 \u00e9galit\u00e9 de matchs gagn\u00e9s, de sets, et c&rsquo;est finalement au point-average que la paire istro\/mart\u00e9gale finit premi\u00e8re de la poule! \u00a0C&rsquo;est avec une certaine fiert\u00e9 qu&rsquo;ils abordent le\u00a01\/4 de finale contre une paire salonnaise tr\u00e8s exp\u00e9riment\u00e9e qui arrache le premier set 21\/19. Remont\u00e9s \u00e0 bloc, <strong>David<\/strong> et Adrien remportent le deuxi\u00e8me set 21\/18 avant de faire craquer les salonnais dans le troisi\u00e8me set 21\/15!! Le billet est d\u00e9croch\u00e9 pour la\u00a01\/2 finale abord\u00e9e\u00a0en pleine confiance. Mais ils vont tomber contre une paire plus forte, et apr\u00e8s un match accroch\u00e9,\u00a0s&rsquo;inclinent\u00a0en deux sets 21-15 et 21-16. La d\u00e9ception est sur le visage du mart\u00e9gal qui se voyait en haut du tableau, mais\u00a0elle contraste avec l&rsquo;immense joie de notre inexp\u00e9riment\u00e9 istr\u00e9en (2\u00e8me tournoi seulement!), qui lui, est tr\u00e8s fier de sa journ\u00e9e et d&rsquo;\u00eatre arriv\u00e9 \u00e0 ce niveau de la comp\u00e9tition. Bravo <strong>David<\/strong>!!<\/p>\n<p><span style=\"text-decoration: underline;\">Tableau R6<\/span><\/p>\n<p><strong>Thibaud<\/strong> retrouvait \u00e0\u00a0l&rsquo;occasion de ce tournoi, son partenaire habituel <strong>Francky<\/strong>, tout juste remis d&rsquo;une blessure au pied. Dans leur poule de 4, nos comp\u00e8res d\u00e9butent par une solide victoire au terme de 2 sets bien accroch\u00e9s. \u00c7a va se gater par la suite, et malgr\u00e9 un bon niveau de jeu, <strong>Francky<\/strong> et <strong>Thibaud<\/strong> vont s&rsquo;incliner lors des 2 matchs suivants et restent malheureusement \u00e0 quai.<\/p>\n<p><span style=\"text-decoration: underline;\">Tableau R4<\/span><\/p>\n<p>La mode \u00e9tait au mixe ISB\/ASAH (Airbus Helicopter) dans ce tableau, avec <strong>JP<\/strong> associ\u00e9 \u00e0 J\u00e9r\u00e9my VAN BOXOM d&rsquo;un cot\u00e9, et <strong>Geoffrey<\/strong> \u00e0 Nicolas GOLOMBIEWSKI de l&rsquo;autre.<\/p>\n<p>Aucun probl\u00e8me dans la poule pour <strong>JP<\/strong>\/J\u00e9r\u00e9my avec 2 victoires exp\u00e9ditives. D\u00e9buts plus poussifs pour <strong>Geoffrey<\/strong>\/Nicolas qui chutent leur de leur premier match. Ils se reprennent lors du deuxi\u00e8me qu&rsquo;ils remportent aux forceps 21-18\/ 10-21\/ 21-19 et se qualifient donc de justesse pour les demi-finales&#8230; ou les attendent <strong>JP<\/strong> et J\u00e9r\u00e9my! Istres\/Airbus Helicopter de chaque cot\u00e9 du filet, \u00a0des avions de chasse associ\u00e9s \u00e0 des h\u00e9licopt\u00e8res, un duel qui promettait forc\u00e9ment de voler tr\u00e8s haut et tr\u00e8s vite!!<\/p>\n<figure id=\"attachment_1047\" aria-describedby=\"caption-attachment-1047\" style=\"width: 350px\" class=\"wp-caption alignleft\"><a href=\"http:\/\/istressportsbadminton.com\/wp-content\/uploads\/2016\/04\/ASAH-2.jpg\" rel=\"attachment wp-att-1047\"><img loading=\"lazy\" class=\"wp-image-1047 \" src=\"http:\/\/istressportsbadminton.com\/wp-content\/uploads\/2016\/04\/ASAH-2-300x200.jpg\" alt=\"ASAH 2\" width=\"350\" height=\"233\" srcset=\"https:\/\/istressportsbadminton.com\/wp-content\/uploads\/2016\/04\/ASAH-2-300x200.jpg 300w, https:\/\/istressportsbadminton.com\/wp-content\/uploads\/2016\/04\/ASAH-2-768x511.jpg 768w, https:\/\/istressportsbadminton.com\/wp-content\/uploads\/2016\/04\/ASAH-2-1024x681.jpg 1024w, https:\/\/istressportsbadminton.com\/wp-content\/uploads\/2016\/04\/ASAH-2-2x1.jpg 2w, https:\/\/istressportsbadminton.com\/wp-content\/uploads\/2016\/04\/ASAH-2.jpg 2048w\" sizes=\"(max-width: 350px) 85vw, 350px\" \/><\/a><figcaption id=\"caption-attachment-1047\" class=\"wp-caption-text\">JP et J\u00e9r\u00e9my mettent les gaz!!<\/figcaption><\/figure>\n<p>Le d\u00e9part canon \u00e9tait pour la paire <strong>JP<\/strong>\/J\u00e9r\u00e9my qui, post-combustion enclench\u00e9e, laissent litt\u00e9ralement leurs adversaires scotch\u00e9s sur le tarmac, 21-11 !!\u00a0Heureusement pour\u00a0<strong>Geoffrey <\/strong>et\u00a0Nicolas, titillant du pas cyclique, du pas collectif et du palonnier, sortant de la vrille, ils \u00e9vitent le d\u00e9crochage dans ce deuxi\u00e8me set, et redressant superbement l&rsquo;assiette, ils remportent cette seconde manche 21-14, surprenant un\u00a0<strong>JP<\/strong> et J\u00e9r\u00e9my, pourtant confortablement install\u00e9s \u00e0\u00a0une altitude\u00a0de croisi\u00e8re p\u00e9p\u00e8re. Profitant de leur maneuvre, <strong>Geoffrey<\/strong> et son partenaire poursuivent sur leur lanc\u00e9e, disparaissant totalement des \u00e9crans radars d&rsquo;un <strong>JP<\/strong> et J\u00e9r\u00e9my sans (avion \u00e0 ) r\u00e9action ! Victoire de <strong>Geoffrey<\/strong>\/Nicolas qui acc\u00e8dent \u00e0 la finale apr\u00e9s une lutte de haut vol,\u00a011-21\/ 21-14\/ 21-13!<br \/>\nIls y sont oppos\u00e9s \u00e0 Benjamin RIEUX\/Etienne SPOR (Vitrolles\/Aix). Apr\u00e9s un premier set confortablement remport\u00e9 par la paire Istro-marignanaise, 21-14, le second set est autrement plus accroch\u00e9 Mais apr\u00e8s un beau combat 22-20, <strong>Geoffrey<\/strong> et Nicolas remportent finalement ce tournoi pour offrir le <strong>28\u00e8me troph\u00e9e pour ISB<\/strong>, et le premier pour <strong>Geoffrey<\/strong> depuis son arriv\u00e9e au club en d\u00e9but de saison. F\u00e9licitations!!<br \/>\n<a href=\"http:\/\/istressportsbadminton.com\/wp-content\/uploads\/2016\/04\/emoji_u1f3c6.png\"><img loading=\"lazy\" class=\"alignnone size-full wp-image-1322\" src=\"http:\/\/istressportsbadminton.com\/wp-content\/uploads\/2016\/04\/emoji_u1f3c6.png\" alt=\"Victoire\" width=\"25\" height=\"25\" srcset=\"https:\/\/istressportsbadminton.com\/wp-content\/uploads\/2016\/04\/emoji_u1f3c6.png 25w, https:\/\/istressportsbadminton.com\/wp-content\/uploads\/2016\/04\/emoji_u1f3c6-1x1.png 1w\" sizes=\"(max-width: 25px) 85vw, 25px\" \/><\/a><\/p>\n<h4><span style=\"color: #993366;\"><strong>Mixte<\/strong><\/span><\/h4>\n<p><span style=\"text-decoration: underline;\">Tableau D9\/P<\/span><\/p>\n<p>Max faisait \u00e9quipe avec Auriane ROUSSEL d&rsquo;Aubagne. Mais malgr\u00e9 un bon\u00a0d\u00e9but de tournoi qui les verra remporter leurs 2 matchs de poule, ils \u00e9chouent ensuite lors de leur 1\/8\u00e8me de finale.<\/p>\n<p><span style=\"text-decoration: underline;\">Tableau D7\/D8<\/span><\/p>\n<p>Dans ce tableau, on retrouvait <strong>Phil<\/strong> associ\u00e9 \u00e0 Marjorie MERCIER d&rsquo;Arles, et <strong>Dorian<\/strong> \u00e0 nouveau en \u00e9quipe avec Salom\u00e9 LEVALLET (SMUC). Les 2 paires sortent de leur poule\u00a0sans trop de souci\u00a0avec 2 victoires. L&rsquo;aventure va s\u2019arr\u00eater au tour suivant en 1\/4 de finale pour <strong>Phil<\/strong> et Marjorie, ou apr\u00e8s un premier set accroch\u00e9 21-23, ils vont rendre les armes dans le second 14-21.<\/p>\n<p><strong>Dorian<\/strong> et Salom\u00e9, de leur cot\u00e9, sont contraints \u00e0 un 1\/8\u00e8me de finale qu&rsquo;ils passent sans plus de souci que leurs matchs de poule. Et apr\u00e8s avoir survol\u00e9 leurs 1\/4 puis 1\/2 finales, ils se retrouvent en finale contre la paire d&rsquo;Airbus Laurence LOUIS\/ Remy DUNAND.<br \/>\nFace \u00e0 des adversaires soutenus par tout leur public, <strong>Dorian<\/strong> et Salom\u00e9 vont avoir fort a faire. Ils d\u00e9marrent bien en remportant la premi\u00e8re manche 21-14. La seconde va s\u2019av\u00e9rer \u00eatre une toute autre histoire. Ils se retrouvent d&rsquo;abord men\u00e9 3-7, ils parviennent a\u00a0grappiller quelques points et semblent avoir fait le plus dur pour ne se retrouver men\u00e9 que de seulement une unit\u00e9 \u00e0 la pause, 10-11.\u00a0Mais\u00a0un nouveau passage \u00e0 vide, et leurs adversaires, dans une \u00e9norme ambiance, prennent l&rsquo;avantage 19-15, et l&rsquo;on semble se diriger tout droit vers une ultime manche d\u00e9cisive. C&rsquo;\u00e9tait sans compter sur la superbe r\u00e9action de <strong>Dorian<\/strong> et Salom\u00e9 qui finissent en trombe pour infliger un 7-1 et remporter ce set 22-20, et le tournoi !! 2\u00e8me victoire en 2 associations pour <strong>Dorian<\/strong> et sa copine marseillaise. Et d&rsquo;une <strong>29\u00e8me coupette pour ISB!!<\/strong><br \/>\n<a href=\"http:\/\/istressportsbadminton.com\/wp-content\/uploads\/2016\/04\/emoji_u1f3c6.png\"><img loading=\"lazy\" class=\"alignnone size-full wp-image-1322\" src=\"http:\/\/istressportsbadminton.com\/wp-content\/uploads\/2016\/04\/emoji_u1f3c6.png\" alt=\"Victoire\" width=\"25\" height=\"25\" srcset=\"https:\/\/istressportsbadminton.com\/wp-content\/uploads\/2016\/04\/emoji_u1f3c6.png 25w, https:\/\/istressportsbadminton.com\/wp-content\/uploads\/2016\/04\/emoji_u1f3c6-1x1.png 1w\" sizes=\"(max-width: 25px) 85vw, 25px\" \/><\/a><\/p>\n<p><span style=\"text-decoration: underline;\">Tableau R6<\/span><\/p>\n<p>On retrouvait ici 2 paires 100% Istr\u00e9enne:\u00a0<strong>Marine<\/strong> associ\u00e9e \u00e0 <strong>Thibaud<\/strong>, et <strong>Agn\u00e8s<\/strong> avec <strong>Francky<\/strong>.<\/p>\n<p>Pour les premiers cit\u00e9s, l\u2019aventure ne va pas d\u00e9passer la phase de poule, apr\u00e9s 2 d\u00e9faites, malgr\u00e9 un second de match de poule ulta accroch\u00e9 perdu 22-20\/ 22-20! \u00c7a se d\u00e9roule un peu mieux pour <strong>Agn\u00e8s<\/strong>\/<strong>Francky<\/strong> qui s&rsquo;extirpe de leur poule avec une d\u00e9faite puis\u00a0une victoire. En 1\/4 de finale, ils affrontent Justine BOUGU\u00c8S\/ Fabien BOUCHET (Aubagne\/Siminane), un mixte dont le jeu ne leur plait pas trop et qui les avait battu en finale \u00e0 P\u00e9lissane. Et cette fois-ci encore, nos Istr\u00e9ens ne r\u00e9ussiront pas \u00e0 prendre le dessus et s&rsquo;inclinent 21-10\/ 21-18.<\/p>\n<p><span style=\"text-decoration: underline;\">Tableau R5<\/span><\/p>\n<p>3 Paires avec des membres d&rsquo;ISB dans ce tableau. Tout d&rsquo;abord <strong>JP<\/strong> avec Christine SABATO (Vitrolles) qui restent sur le flanc d&rsquo;entr\u00e9e avec 2 d\u00e9faites. On ne d\u00e9passera pas les poules non plus du cot\u00e9 de <strong>Geoffrey<\/strong> en \u00e9quipe avec Elodie THERY (Airbus), 1 victoire et 1 d\u00e9faite.<br \/>\nEnfin la derni\u00e8re \u00e9quipe engag\u00e9e va connaitre un peu plus de succ\u00e9s. L&rsquo;ins\u00e9parable paire <strong>Aur\u00e9lie<\/strong>\/<strong>Greg<\/strong> d\u00e9marre par une victoire arrach\u00e9e au 3\u00e8me set 21-19, puis malgr\u00e9 la perte de la deuxi\u00e8me rencontre acc\u00e8de aux quart de finale. Ils vont malheureusement y subir la loi de Sabrina PUTORTI\/ J\u00e9r\u00e9my VIDAL (Vitrolles\/Port de Bouc (21-08\/ 21-09).<\/p>\n<p><span style=\"text-decoration: underline;\">Tableau R4<\/span><\/p>\n<p>Enfin en R4, tableau avec une poule unique de 4, \u00a0se pr\u00e9sentaient <strong>Marie<\/strong> avec Loic BLOIS (Vitrolles), et en t\u00eate de s\u00e9rie number one <strong>Seb<\/strong> associ\u00e9 pour l&rsquo;occasion avec <strong>Loriane<\/strong>.<\/p>\n<p><strong>Marie<\/strong>\/Loic ont beaucoup de mal a entrer dans leurs 2 premiers matchs, frustr\u00e9s de ne pas avoir r\u00e9ussis \u00e0 mettre leur jeu en place, ils s&rsquo;inclinent 2 fois, dont lors de\u00a0leur affrontement avec\u00a0<strong>Loriane<\/strong> et <strong>Seb<\/strong>. Ils reussiront quand m\u00eame a empocher l&rsquo;ultime match pour la 3\u00e8me place de la poule.<\/p>\n<p>Du cot\u00e9 de <strong>Seb<\/strong> et <strong>Loriane<\/strong>, les 2 premiers matchs sont solidement remport\u00e9s \u00e0 chaque fois en 2 sets, un peu de spectacle avec un papouille plongeur gagnant un point gr\u00e2ce \u00e0 un amorti de toute beaut\u00e9! Les spectateurs appr\u00e9cient et applaudissent!<br \/>\nLe dernier match contre les locaux Christelle FERRAND\/J\u00e9r\u00e9my VAN BOXSOM, t\u00eate de s\u00e9rie No2 tenait lieu de finale. Malgr\u00e9 une <strong>Loriane<\/strong> l\u00e9g\u00e8rement f\u00e9brile (et une petite tremblote au service \ud83d\ude09 ), le 1er set est pris par des adversaires clairement d\u00e9cid\u00e9s \u00e0 imposer leur jeu et remporter ce match devant leur public. La 2\u00e8me puis 3\u00e8me manche est plus engag\u00e9e c\u00f4t\u00e9 ISB\/RUC, <strong>Loriane<\/strong> reprenant confiance et d\u00e9cochant quelques belles attaques, les adversaires essayant de la bloquer en fond de court au service entre autres. <strong>Loriane<\/strong> et <strong>Seb<\/strong> r\u00e9ussissent\u00a0\u00e0 dominer les \u00e9changes et \u00e0 d\u00e9rouler leur\u00a0jeu, ce dernier\u00a0faisant marcher la bo\u00eete \u00e0 smash (ou \u00e0 caramel c&rsquo;est selon \ud83d\ude42\u00a0) pour une belle victoire au final sans appel: 19-21\/ 21-15\/ 21-11.<br \/>\n<a href=\"http:\/\/istressportsbadminton.com\/wp-content\/uploads\/2016\/04\/ASAH.jpg\" rel=\"attachment wp-att-1046\"><img loading=\"lazy\" class=\"wp-image-1046 size-medium alignleft\" src=\"http:\/\/istressportsbadminton.com\/wp-content\/uploads\/2016\/04\/ASAH-300x266.jpg\" alt=\"ASAH\" width=\"300\" height=\"266\" srcset=\"https:\/\/istressportsbadminton.com\/wp-content\/uploads\/2016\/04\/ASAH-300x266.jpg 300w, https:\/\/istressportsbadminton.com\/wp-content\/uploads\/2016\/04\/ASAH-768x680.jpg 768w, https:\/\/istressportsbadminton.com\/wp-content\/uploads\/2016\/04\/ASAH-1024x907.jpg 1024w, https:\/\/istressportsbadminton.com\/wp-content\/uploads\/2016\/04\/ASAH-1x1.jpg 1w, https:\/\/istressportsbadminton.com\/wp-content\/uploads\/2016\/04\/ASAH.jpg 1280w\" sizes=\"(max-width: 300px) 85vw, 300px\" \/><\/a>Et la <strong>30\u00e8me victoire pour ISB\u00a0<\/strong>, et au passage le 21\u00e8me mixte cons\u00e9cutif remport\u00e9 par l&rsquo;inarretable <strong>Seb<\/strong>. Quand \u00e0 <strong>Loriane<\/strong>, une premi\u00e8re qui en appelle, on l&rsquo;esp\u00e8re, beaucoup d&rsquo;autre sous les couleurs d&rsquo;ISB dans le futur??<\/p>\n<p><a href=\"http:\/\/istressportsbadminton.com\/wp-content\/uploads\/2016\/04\/emoji_u1f3c6.png\"><img loading=\"lazy\" class=\"alignnone size-full wp-image-1322\" src=\"http:\/\/istressportsbadminton.com\/wp-content\/uploads\/2016\/04\/emoji_u1f3c6.png\" alt=\"Victoire\" width=\"25\" height=\"25\" srcset=\"https:\/\/istressportsbadminton.com\/wp-content\/uploads\/2016\/04\/emoji_u1f3c6.png 25w, https:\/\/istressportsbadminton.com\/wp-content\/uploads\/2016\/04\/emoji_u1f3c6-1x1.png 1w\" sizes=\"(max-width: 25px) 85vw, 25px\" \/><\/a><\/p>\n<p>&nbsp;<\/p>\n<p>&nbsp;<\/p>\n<p>&nbsp;<\/p>\n<p><span style=\"font-size: 12pt;\"><strong>Bravo \u00e0 tous pour ces 3 nouveaux titres pour le club!!<\/strong><\/span><\/p>\n","protected":false},"excerpt":{"rendered":"<p>Durant ce long weekend de P\u00e2ques, se d\u00e9roulait le traditionnel Tournoi des Ailes organis\u00e9 par le club d&rsquo;Airbus Helicopter \u00e0 Marignane. Malgr\u00e9 une comp\u00e9tition plac\u00e9e dans une p\u00e9riode forcement \u00ab\u00a0chocolat\u00e9e\u00a0\u00bb, voyons si nos Istr\u00e9ens ont su faire fit des abus et quand m\u00eame su r\u00e9aliser de belles perf. Simple Dame Un petit mot d&rsquo;abord sur &hellip; <a href=\"https:\/\/istressportsbadminton.com\/?page_id=1027\" class=\"more-link\">Continuer la lecture<span class=\"screen-reader-text\"> de &laquo;&nbsp;Tournoi des Ailes (Airbus Helicopter)&nbsp;&raquo;<\/span><\/a><\/p>\n","protected":false},"author":3,"featured_media":0,"parent":0,"menu_order":0,"comment_status":"closed","ping_status":"closed","template":"","meta":{"sfsi_plus_gutenberg_text_before_share":"","sfsi_plus_gutenberg_show_text_before_share":"","sfsi_plus_gutenberg_icon_type":"","sfsi_plus_gutenberg_icon_alignemt":"","sfsi_plus_gutenburg_max_per_row":""},"_links":{"self":[{"href":"https:\/\/istressportsbadminton.com\/index.php?rest_route=\/wp\/v2\/pages\/1027"}],"collection":[{"href":"https:\/\/istressportsbadminton.com\/index.php?rest_route=\/wp\/v2\/pages"}],"about":[{"href":"https:\/\/istressportsbadminton.com\/index.php?rest_route=\/wp\/v2\/types\/page"}],"author":[{"embeddable":true,"href":"https:\/\/istressportsbadminton.com\/index.php?rest_route=\/wp\/v2\/users\/3"}],"replies":[{"embeddable":true,"href":"https:\/\/istressportsbadminton.com\/index.php?rest_route=%2Fwp%2Fv2%2Fcomments&post=1027"}],"version-history":[{"count":22,"href":"https:\/\/istressportsbadminton.com\/index.php?rest_route=\/wp\/v2\/pages\/1027\/revisions"}],"predecessor-version":[{"id":1081,"href":"https:\/\/istressportsbadminton.com\/index.php?rest_route=\/wp\/v2\/pages\/1027\/revisions\/1081"}],"wp:attachment":[{"href":"https:\/\/istressportsbadminton.com\/index.php?rest_route=%2Fwp%2Fv2%2Fmedia&parent=1027"}],"curies":[{"name":"wp","href":"https:\/\/api.w.org\/{rel}","templated":true}]}}