{"id":1124,"date":"2016-04-15T11:30:08","date_gmt":"2016-04-15T10:30:08","guid":{"rendered":"http:\/\/istressportsbadminton.com\/?page_id=1124"},"modified":"2024-09-19T20:30:27","modified_gmt":"2024-09-19T18:30:27","slug":"notre-gymnase","status":"publish","type":"page","link":"https:\/\/istressportsbadminton.com\/?page_id=1124","title":{"rendered":"Le gymnase"},"content":{"rendered":"<p><strong>Gymnase Donadieu<\/strong> (\u00e0 c\u00f4t\u00e9\u00a0des ar\u00e8nes du Palio)<\/p>\n<p>Parking et entr\u00e9e situ\u00e9s Rue de la Harpe, 13800 Istres<\/p>\n<p><iframe loading=\"lazy\" style=\"border: 0;\" src=\"https:\/\/www.google.com\/maps\/embed?pb=!1m18!1m12!1m3!1d2893.7220041999813!2d4.9861866756916955!3d43.508134561801896!2m3!1f0!2f0!3f0!3m2!1i1024!2i768!4f13.1!3m3!1m2!1s0x12b61c97b962a02d%3A0xe1e3f5ea79339e54!2sGymnase%20Donadieu!5e0!3m2!1sfr!2sfr!4v1726770582608!5m2!1sfr!2sfr\" width=\"600\" height=\"450\" allowfullscreen=\"allowfullscreen\"><\/iframe><\/p>\n","protected":false},"excerpt":{"rendered":"<p>Gymnase Donadieu (\u00e0 c\u00f4t\u00e9\u00a0des ar\u00e8nes du Palio) Parking et entr\u00e9e situ\u00e9s Rue de la Harpe, 13800 Istres<\/p>\n","protected":false},"author":3,"featured_media":0,"parent":0,"menu_order":0,"comment_status":"closed","ping_status":"closed","template":"","meta":{"sfsi_plus_gutenberg_text_before_share":"","sfsi_plus_gutenberg_show_text_before_share":"","sfsi_plus_gutenberg_icon_type":"","sfsi_plus_gutenberg_icon_alignemt":"","sfsi_plus_gutenburg_max_per_row":""},"_links":{"self":[{"href":"https:\/\/istressportsbadminton.com\/index.php?rest_route=\/wp\/v2\/pages\/1124"}],"collection":[{"href":"https:\/\/istressportsbadminton.com\/index.php?rest_route=\/wp\/v2\/pages"}],"about":[{"href":"https:\/\/istressportsbadminton.com\/index.php?rest_route=\/wp\/v2\/types\/page"}],"author":[{"embeddable":true,"href":"https:\/\/istressportsbadminton.com\/index.php?rest_route=\/wp\/v2\/users\/3"}],"replies":[{"embeddable":true,"href":"https:\/\/istressportsbadminton.com\/index.php?rest_route=%2Fwp%2Fv2%2Fcomments&post=1124"}],"version-history":[{"count":4,"href":"https:\/\/istressportsbadminton.com\/index.php?rest_route=\/wp\/v2\/pages\/1124\/revisions"}],"predecessor-version":[{"id":4646,"href":"https:\/\/istressportsbadminton.com\/index.php?rest_route=\/wp\/v2\/pages\/1124\/revisions\/4646"}],"wp:attachment":[{"href":"https:\/\/istressportsbadminton.com\/index.php?rest_route=%2Fwp%2Fv2%2Fmedia&parent=1124"}],"curies":[{"name":"wp","href":"https:\/\/api.w.org\/{rel}","templated":true}]}}