{"id":122,"date":"2015-03-05T13:37:21","date_gmt":"2015-03-05T13:37:21","guid":{"rendered":"http:\/\/istressportsbadminton.com\/?page_id=122"},"modified":"2025-09-02T19:00:30","modified_gmt":"2025-09-02T17:00:30","slug":"les-partenaires","status":"publish","type":"page","link":"https:\/\/istressportsbadminton.com\/?page_id=122","title":{"rendered":"Les partenaires"},"content":{"rendered":"\n<p>Plusieurs entreprises ont d\u00e9cid\u00e9 de s&rsquo;associer au devenir du club. Nous les remercions d&rsquo;etre \u00e0 nos cot\u00e9s pour soutenir le d\u00e9veloppement d&rsquo;Istres Sports Badminton.<\/p>\n\n\n\n<p>Si vous \u00eates \u00e9galement int\u00e9ress\u00e9 par un sponsoring ou m\u00e9c\u00e9nat envers notre club, n&rsquo;h\u00e9sitez pas \u00e0 nous contacter isb13800@gmail.com ou 06 16 86 43 03<\/p>\n\n\n\n<p><\/p>\n\n\n\n<figure id=\"attachment_4676\" aria-describedby=\"caption-attachment-4676\" style=\"width: 1400px\" class=\"wp-caption alignnone\"><a href=\"http:\/\/istressportsbadminton.com\/wp-content\/uploads\/2024\/11\/Clearsy-Logo.png\"><img loading=\"lazy\" class=\"size-full wp-image-4676\" src=\"http:\/\/istressportsbadminton.com\/wp-content\/uploads\/2024\/11\/Clearsy-Logo.png\" alt=\"\" width=\"1400\" height=\"348\" srcset=\"https:\/\/istressportsbadminton.com\/wp-content\/uploads\/2024\/11\/Clearsy-Logo.png 1400w, https:\/\/istressportsbadminton.com\/wp-content\/uploads\/2024\/11\/Clearsy-Logo-300x75.png 300w, https:\/\/istressportsbadminton.com\/wp-content\/uploads\/2024\/11\/Clearsy-Logo-1024x255.png 1024w, https:\/\/istressportsbadminton.com\/wp-content\/uploads\/2024\/11\/Clearsy-Logo-150x37.png 150w, https:\/\/istressportsbadminton.com\/wp-content\/uploads\/2024\/11\/Clearsy-Logo-1200x298.png 1200w\" sizes=\"(max-width: 709px) 85vw, (max-width: 909px) 67vw, (max-width: 1362px) 62vw, 840px\" \/><\/a><figcaption id=\"caption-attachment-4676\" class=\"wp-caption-text\">CLEARSY <a href=\"https:\/\/www.clearsy.com\/\">https:\/\/www.clearsy.com\/<\/a><\/figcaption><\/figure>\n<p>\u00a0<\/p>\n\n\n\n\n\n<figure class=\"wp-block-image\"><a href=\"http:\/\/www.maritima.info\/\" target=\"_blank\" rel=\"noopener noreferrer\"><img loading=\"lazy\" width=\"2091\" height=\"1062\" src=\"http:\/\/istressportsbadminton.com\/wp-content\/uploads\/2016\/06\/logo-Maritima-Radio-CMJN.png\" alt=\"logo Maritima Radio CMJN\" class=\"wp-image-1639\" srcset=\"https:\/\/istressportsbadminton.com\/wp-content\/uploads\/2016\/06\/logo-Maritima-Radio-CMJN.png 2091w, https:\/\/istressportsbadminton.com\/wp-content\/uploads\/2016\/06\/logo-Maritima-Radio-CMJN-150x76.png 150w, https:\/\/istressportsbadminton.com\/wp-content\/uploads\/2016\/06\/logo-Maritima-Radio-CMJN-300x152.png 300w, https:\/\/istressportsbadminton.com\/wp-content\/uploads\/2016\/06\/logo-Maritima-Radio-CMJN-1024x520.png 1024w, https:\/\/istressportsbadminton.com\/wp-content\/uploads\/2016\/06\/logo-Maritima-Radio-CMJN-2x1.png 2w\" sizes=\"(max-width: 709px) 85vw, (max-width: 909px) 67vw, (max-width: 1362px) 62vw, 840px\" \/><\/a><\/figure>\n","protected":false},"excerpt":{"rendered":"<p>Plusieurs entreprises ont d\u00e9cid\u00e9 de s&rsquo;associer au devenir du club. Nous les remercions d&rsquo;etre \u00e0 nos cot\u00e9s pour soutenir le d\u00e9veloppement d&rsquo;Istres Sports Badminton. Si vous \u00eates \u00e9galement int\u00e9ress\u00e9 par un sponsoring ou m\u00e9c\u00e9nat envers notre club, n&rsquo;h\u00e9sitez pas \u00e0 nous contacter isb13800@gmail.com ou 06 16 86 43 03 \u00a0<\/p>\n","protected":false},"author":3,"featured_media":0,"parent":0,"menu_order":0,"comment_status":"closed","ping_status":"open","template":"","meta":{"sfsi_plus_gutenberg_text_before_share":"","sfsi_plus_gutenberg_show_text_before_share":"","sfsi_plus_gutenberg_icon_type":"","sfsi_plus_gutenberg_icon_alignemt":"","sfsi_plus_gutenburg_max_per_row":""},"_links":{"self":[{"href":"https:\/\/istressportsbadminton.com\/index.php?rest_route=\/wp\/v2\/pages\/122"}],"collection":[{"href":"https:\/\/istressportsbadminton.com\/index.php?rest_route=\/wp\/v2\/pages"}],"about":[{"href":"https:\/\/istressportsbadminton.com\/index.php?rest_route=\/wp\/v2\/types\/page"}],"author":[{"embeddable":true,"href":"https:\/\/istressportsbadminton.com\/index.php?rest_route=\/wp\/v2\/users\/3"}],"replies":[{"embeddable":true,"href":"https:\/\/istressportsbadminton.com\/index.php?rest_route=%2Fwp%2Fv2%2Fcomments&post=122"}],"version-history":[{"count":13,"href":"https:\/\/istressportsbadminton.com\/index.php?rest_route=\/wp\/v2\/pages\/122\/revisions"}],"predecessor-version":[{"id":4876,"href":"https:\/\/istressportsbadminton.com\/index.php?rest_route=\/wp\/v2\/pages\/122\/revisions\/4876"}],"wp:attachment":[{"href":"https:\/\/istressportsbadminton.com\/index.php?rest_route=%2Fwp%2Fv2%2Fmedia&parent=122"}],"curies":[{"name":"wp","href":"https:\/\/api.w.org\/{rel}","templated":true}]}}