{"id":1291,"date":"2016-04-24T15:11:50","date_gmt":"2016-04-24T14:11:50","guid":{"rendered":"http:\/\/istressportsbadminton.com\/?page_id=1291"},"modified":"2016-04-24T15:11:50","modified_gmt":"2016-04-24T14:11:50","slug":"compte-rendu-j9","status":"publish","type":"page","link":"https:\/\/istressportsbadminton.com\/?page_id=1291","title":{"rendered":"Compte Rendu J9"},"content":{"rendered":"<p>Avant derni\u00e8re journ\u00e9e \u00e9galement pour la Promobad de Captain Olive avec pour objectif de <strong>conforter sa place de leader<\/strong> en recevant la sympathique \u00e9quipe de Rognes, actuellement 3\u00e8me de la poule.<\/p>\n<div>L&rsquo;\u00e9quipe \u00e9tait compos\u00e9e de <strong>Coralie, Taline, Charles, Valentin, Seb L, Nathan, J\u00e9r\u00e9my C, Fran\u00e7ois, Laurent, Alex D et Olive<\/strong>, pour 8 matchs pr\u00e9vus ( 2 SH, 1 DD, 3DH et 2 Mx).<\/div>\n<div><\/div>\n<div>\u00c7a d\u00e9marrait bien avec la victoire\u00a0tranquille du premier SH de <strong>Charles<\/strong>. Le second simple, jou\u00e9 par <strong>Valentin<\/strong>, va \u00eatre bien plus accroch\u00e9, l&rsquo;Istr\u00e9en s&rsquo;arrachant pour remporter son match 21-19\/ 21-19 au terme d&rsquo;un beau combat!<\/div>\n<div><strong>J\u00e9r\u00e9my\/Alex<\/strong>, puis notre paire de papis <strong>Laurent\/Olivier<\/strong>, et le mixte <strong>Taline\/Fran\u00e7ois<\/strong> vont ensuite ramener 3 points de plus lors de matchs bien g\u00e9r\u00e9s.<\/div>\n<div><\/div>\n<div>Entre temps, le spectacle\u00a0\u00e9t\u00e9 venu\u00a0de 3 matchs \u00e0 gros suspense. <strong>Coralie\/Nathan<\/strong>, associ\u00e9s pour la premi\u00e8re fois, se montraient au d\u00e9but peu \u00e0 l&rsquo;aise dans cet exercice compliqu\u00e9 qu&rsquo;est le mixte, et perdaient la premi\u00e8re manche. Mais \u00e9coutant et appliquant m\u00e9ticuleusement les conseils des 2 coachs de luxe en la personne de <strong>Bobby<\/strong> et <strong>Phil<\/strong>, <strong>Coralie<\/strong> et <strong>Nathan<\/strong> prennent alors joliment le dessus dans les 2 sets suivant pour remporter une belle victoire, bravo!<\/div>\n<div><\/div>\n<div>Le suspense, il y en aura aussi lors du Double Dame associant <strong>Taline<\/strong> \u00e0 &#8230; <strong>Coralie<\/strong> (encore elle, qui aura d\u00e9cid\u00e9ment assur\u00e9e le spectacle), et du dernier Double Homme <strong>Seb\/Nathan<\/strong>. Pour les gar\u00e7ons, \u00e7a se terminera en d\u00e9faite au bout de 3 sets au couteau, 20-22\/ 21-16\/ 22-20 ! Sc\u00e9nario oppos\u00e9 pour les filles qui apr\u00e8s avoir abandonn\u00e9 la premi\u00e8re manche, remportent les 2 suivantes 19-21\/ 21-19\/ 21-14 !!<\/div>\n<div><\/div>\n<div>Au final, <strong>victoire d&rsquo;ISB 7-1<\/strong>, install\u00e9 <strong>plus que jamais sur le fauteuil de leader<\/strong>. Bravo \u00e0 tous les joueurs pour leur combativit\u00e9. Et une nouvelle soir\u00e9e Promobad bien r\u00e9ussi et conviviale avec tous les joueurs de Rognes.<\/div>\n<div><strong>RDV \u00e0 Mallemort<\/strong> <strong>le mardi 10 mai<\/strong> pour valider la premi\u00e8re place lors de la derni\u00e8re rencontre de la saison.<\/div>\n<div>\u00a0<img class=\"CToWUd\" src=\"https:\/\/mail.google.com\/mail\/e\/1f44d\" alt=\"&#x1f44d;\" data-goomoji=\"1f44d\" \/><\/div>\n<div><a href=\"http:\/\/istressportsbadminton.com\/wp-content\/uploads\/2016\/04\/ICP-1.png\"><img loading=\"lazy\" class=\"alignnone size-full wp-image-1292\" src=\"http:\/\/istressportsbadminton.com\/wp-content\/uploads\/2016\/04\/ICP-1.png\" alt=\"ICP\" width=\"1313\" height=\"195\" srcset=\"https:\/\/istressportsbadminton.com\/wp-content\/uploads\/2016\/04\/ICP-1.png 1313w, https:\/\/istressportsbadminton.com\/wp-content\/uploads\/2016\/04\/ICP-1-300x45.png 300w, https:\/\/istressportsbadminton.com\/wp-content\/uploads\/2016\/04\/ICP-1-768x114.png 768w, https:\/\/istressportsbadminton.com\/wp-content\/uploads\/2016\/04\/ICP-1-1024x152.png 1024w, https:\/\/istressportsbadminton.com\/wp-content\/uploads\/2016\/04\/ICP-1-7x1.png 7w\" sizes=\"(max-width: 709px) 85vw, (max-width: 909px) 67vw, (max-width: 1362px) 62vw, 840px\" \/><\/a><\/div>\n","protected":false},"excerpt":{"rendered":"<p>Avant derni\u00e8re journ\u00e9e \u00e9galement pour la Promobad de Captain Olive avec pour objectif de conforter sa place de leader en recevant la sympathique \u00e9quipe de Rognes, actuellement 3\u00e8me de la poule. L&rsquo;\u00e9quipe \u00e9tait compos\u00e9e de Coralie, Taline, Charles, Valentin, Seb L, Nathan, J\u00e9r\u00e9my C, Fran\u00e7ois, Laurent, Alex D et Olive, pour 8 matchs pr\u00e9vus ( &hellip; <a href=\"https:\/\/istressportsbadminton.com\/?page_id=1291\" class=\"more-link\">Continuer la lecture<span class=\"screen-reader-text\"> de &laquo;&nbsp;Compte Rendu J9&nbsp;&raquo;<\/span><\/a><\/p>\n","protected":false},"author":3,"featured_media":0,"parent":0,"menu_order":0,"comment_status":"closed","ping_status":"closed","template":"","meta":{"sfsi_plus_gutenberg_text_before_share":"","sfsi_plus_gutenberg_show_text_before_share":"","sfsi_plus_gutenberg_icon_type":"","sfsi_plus_gutenberg_icon_alignemt":"","sfsi_plus_gutenburg_max_per_row":""},"_links":{"self":[{"href":"https:\/\/istressportsbadminton.com\/index.php?rest_route=\/wp\/v2\/pages\/1291"}],"collection":[{"href":"https:\/\/istressportsbadminton.com\/index.php?rest_route=\/wp\/v2\/pages"}],"about":[{"href":"https:\/\/istressportsbadminton.com\/index.php?rest_route=\/wp\/v2\/types\/page"}],"author":[{"embeddable":true,"href":"https:\/\/istressportsbadminton.com\/index.php?rest_route=\/wp\/v2\/users\/3"}],"replies":[{"embeddable":true,"href":"https:\/\/istressportsbadminton.com\/index.php?rest_route=%2Fwp%2Fv2%2Fcomments&post=1291"}],"version-history":[{"count":1,"href":"https:\/\/istressportsbadminton.com\/index.php?rest_route=\/wp\/v2\/pages\/1291\/revisions"}],"predecessor-version":[{"id":1293,"href":"https:\/\/istressportsbadminton.com\/index.php?rest_route=\/wp\/v2\/pages\/1291\/revisions\/1293"}],"wp:attachment":[{"href":"https:\/\/istressportsbadminton.com\/index.php?rest_route=%2Fwp%2Fv2%2Fmedia&parent=1291"}],"curies":[{"name":"wp","href":"https:\/\/api.w.org\/{rel}","templated":true}]}}