{"id":1296,"date":"2016-04-24T15:26:14","date_gmt":"2016-04-24T14:26:14","guid":{"rendered":"http:\/\/istressportsbadminton.com\/?page_id=1296"},"modified":"2016-04-24T15:26:14","modified_gmt":"2016-04-24T14:26:14","slug":"compte-rendu-j9-2","status":"publish","type":"page","link":"https:\/\/istressportsbadminton.com\/?page_id=1296","title":{"rendered":"Compte Rendu J9"},"content":{"rendered":"<p><strong>Actuellement 2e de la poule B de D4<\/strong>, l&rsquo;\u00e9quipe 3 d&rsquo;Istres Sports Badminton du capitaine <strong>Thibaud<\/strong> retrouvait sa b\u00eate noire en <strong>recevant La M\u00e8de<\/strong>, 3e du classement.<br \/>\nL&rsquo;objectif est simple: Victoire obligatoire pour assurer la 2e place de la poule qui <strong>validerait la participation aux play off<\/strong> en fin de saison. Et face \u00e0 la cascade de bless\u00e9 cot\u00e9 La M\u00e8de, Istres devait quant \u00e0 elle se passer de <strong>Phil<\/strong> (brul\u00e9 apr\u00e8s 3 rencontres jou\u00e9s en R3) mais elle enregistrait le retour de <strong>Tiphain<\/strong><span class=\"text_exposed_show\"><strong>e<\/strong> enfin de retour de Jordanie <i class=\"_4-k1 img sp_fM-mz8spZ1b sx_7f72ac\"><u>\u00e9motic\u00f4ne wink<\/u><\/i>.<\/span><\/p>\n<div class=\"text_exposed_show\">\n<p>Deux victoires faciles pour commencer pour <strong>Thibaud<\/strong> en SH3 (21-3 21-4) et <strong>Dorian<\/strong> en SH2 (21-8 21-11) qui r\u00e9pondent aux d\u00e9faites de <strong>Tiphaine<\/strong> en SD pour son retour \u00e0 la compet (14-21 18-21) et d&rsquo;<strong>Annie et Christine<\/strong> en DD (8-21 8-21).<\/p>\n<p><strong>2-2<\/strong> au moment ou <strong>St\u00e9phane<\/strong> entre sur le terrain pour le SH1 face au jeune Antony D&rsquo;Angelo. Et notre istr\u00e9en va avoir du mal \u00e0 entrer dans ce match, le jeune Antony prenant parfaitement la mesure de son adversaire pour un 1er set remport\u00e9 21-15 par le joueur de La M\u00e8de. Il n&rsquo;en fallait pas plus pour r\u00e9veiller <strong>St\u00e9phane<\/strong> qui va retrouver son niveau de jeu et enlever le 2e set 21-12. Les compteurs sont remis \u00e0 0 avant un 3e set qui va tenir toutes ses promesses. Les deux joueurs se rendent coup pour coup et il faudra que <strong>St\u00e9phane<\/strong> sorte son meilleur badminton (notamment un volant de match magnifique) pour finir par remporter ce match 21-17 au 3e set. Bravo aux 2 joueurs qui nous auront offert un beau spectacle.<\/p>\n<p><strong>3-2 pour ISB<\/strong> avant le Mx et le DH. Lors du double homme justement, bien que diminu\u00e9 par une blessure au dos qui l\u2019emp\u00eachera de jouer \u00e0 100%, <strong>Francky<\/strong>, <strong>associ\u00e9 \u00e0<\/strong> <strong>Dorian<\/strong> va se balader pour l&#8217;emporter 21-5 21-11 ce qui permet \u00e0 <strong>ISB de marquer le 4e point qui lui assure la victoire<\/strong> dans cette rencontre!<\/p>\n<p>La victoire, lors d&rsquo;un match tr\u00e8s accroch\u00e9, du mixte compos\u00e9 d&rsquo;<strong>Annie et de Thibaud<\/strong> sera anecdotique (21-15 20-22 21-14).<\/p>\n<p>Enfin une <strong>victoire 5-2<\/strong> face \u00e0 La M\u00e8de (apr\u00e8s les d\u00e9faites lors de la 1\/2 finale de D6 l&rsquo;an dernier et lors du match aller) qui <strong>assure \u00e0 Istres de terminer \u00e0 la 2e place de la poule et de participer aux prochaines 1\/2 finale de la D4 fin mai (\u00e0 Aix ou \u00e0 Aubagne).<\/strong><br \/>\nRendez vous le 10 mai pour la derni\u00e8re journ\u00e9e \u00e0 domicile contre Bouc Bel Air.<\/p>\n<p><a href=\"http:\/\/istressportsbadminton.com\/wp-content\/uploads\/2016\/04\/D4.png\"><img loading=\"lazy\" class=\"alignnone size-full wp-image-1297\" src=\"http:\/\/istressportsbadminton.com\/wp-content\/uploads\/2016\/04\/D4.png\" alt=\"D4\" width=\"1265\" height=\"225\" srcset=\"https:\/\/istressportsbadminton.com\/wp-content\/uploads\/2016\/04\/D4.png 1265w, https:\/\/istressportsbadminton.com\/wp-content\/uploads\/2016\/04\/D4-300x53.png 300w, https:\/\/istressportsbadminton.com\/wp-content\/uploads\/2016\/04\/D4-768x137.png 768w, https:\/\/istressportsbadminton.com\/wp-content\/uploads\/2016\/04\/D4-1024x182.png 1024w, https:\/\/istressportsbadminton.com\/wp-content\/uploads\/2016\/04\/D4-6x1.png 6w\" sizes=\"(max-width: 709px) 85vw, (max-width: 909px) 67vw, (max-width: 1362px) 62vw, 840px\" \/><\/a><\/p>\n<\/div>\n","protected":false},"excerpt":{"rendered":"<p>Actuellement 2e de la poule B de D4, l&rsquo;\u00e9quipe 3 d&rsquo;Istres Sports Badminton du capitaine Thibaud retrouvait sa b\u00eate noire en recevant La M\u00e8de, 3e du classement. L&rsquo;objectif est simple: Victoire obligatoire pour assurer la 2e place de la poule qui validerait la participation aux play off en fin de saison. Et face \u00e0 la &hellip; <a href=\"https:\/\/istressportsbadminton.com\/?page_id=1296\" class=\"more-link\">Continuer la lecture<span class=\"screen-reader-text\"> de &laquo;&nbsp;Compte Rendu J9&nbsp;&raquo;<\/span><\/a><\/p>\n","protected":false},"author":3,"featured_media":0,"parent":0,"menu_order":0,"comment_status":"closed","ping_status":"closed","template":"","meta":{"sfsi_plus_gutenberg_text_before_share":"","sfsi_plus_gutenberg_show_text_before_share":"","sfsi_plus_gutenberg_icon_type":"","sfsi_plus_gutenberg_icon_alignemt":"","sfsi_plus_gutenburg_max_per_row":""},"_links":{"self":[{"href":"https:\/\/istressportsbadminton.com\/index.php?rest_route=\/wp\/v2\/pages\/1296"}],"collection":[{"href":"https:\/\/istressportsbadminton.com\/index.php?rest_route=\/wp\/v2\/pages"}],"about":[{"href":"https:\/\/istressportsbadminton.com\/index.php?rest_route=\/wp\/v2\/types\/page"}],"author":[{"embeddable":true,"href":"https:\/\/istressportsbadminton.com\/index.php?rest_route=\/wp\/v2\/users\/3"}],"replies":[{"embeddable":true,"href":"https:\/\/istressportsbadminton.com\/index.php?rest_route=%2Fwp%2Fv2%2Fcomments&post=1296"}],"version-history":[{"count":1,"href":"https:\/\/istressportsbadminton.com\/index.php?rest_route=\/wp\/v2\/pages\/1296\/revisions"}],"predecessor-version":[{"id":1298,"href":"https:\/\/istressportsbadminton.com\/index.php?rest_route=\/wp\/v2\/pages\/1296\/revisions\/1298"}],"wp:attachment":[{"href":"https:\/\/istressportsbadminton.com\/index.php?rest_route=%2Fwp%2Fv2%2Fmedia&parent=1296"}],"curies":[{"name":"wp","href":"https:\/\/api.w.org\/{rel}","templated":true}]}}