{"id":1301,"date":"2016-04-24T15:46:57","date_gmt":"2016-04-24T14:46:57","guid":{"rendered":"http:\/\/istressportsbadminton.com\/?page_id=1301"},"modified":"2016-04-24T15:46:57","modified_gmt":"2016-04-24T14:46:57","slug":"compte-rendu-j9-3","status":"publish","type":"page","link":"https:\/\/istressportsbadminton.com\/?page_id=1301","title":{"rendered":"Compte Rendu J9"},"content":{"rendered":"<p><span class=\"text_exposed_show\"><strong>A la lutte avec Aubagne pour la 1ere place<\/strong>, l&rsquo;\u00e9quipe du capitaine <strong>Greg<\/strong> accueillait nos voisins de <strong>Port de Bouc<\/strong> avec pour ambition de <strong>valider sa place pour les play off<\/strong> en esp\u00e9rant, pourquoi pas, un faux pas du leader Aubagnais pour rafler la t\u00eate de la poule. <\/span><br \/>\n<span class=\"text_exposed_show\">Et comme \u00e0 l&rsquo;aller (victoire 7-0 des istr\u00e9ens), les port de boucains ne vont pas faire le poids face \u00e0 <strong>Quentin, Maxence, Geoffrey, Jean Pierre, Greg, Agn\u00e8s et R\u00e9gine<\/strong> avec <strong>7 victoires toutes en 2 sets<\/strong> <strong>pour ISB<\/strong>: <\/span><\/p>\n<table style=\"width: 565px; border-color: #ffffff; background-color: #ffffff;\" border=\"0\">\n<tbody>\n<tr style=\"height: 26px;\">\n<td style=\"width: 281px; height: 26px;\">SH1 <strong>Maxence<\/strong> (21-9 30-28)<\/td>\n<td style=\"width: 284px; height: 26px;\">SD <strong>Agn\u00e8s<\/strong> (21-10 21-10)<\/td>\n<\/tr>\n<tr style=\"height: 26px;\">\n<td style=\"width: 281px; height: 26px;\">SH2 <strong>Geoffrey<\/strong> (21-11 21-14)<\/td>\n<td style=\"width: 284px; height: 26px;\">DD <strong>Agn\u00e8s et R\u00e9gine<\/strong> (21-7 21-9)<\/td>\n<\/tr>\n<tr style=\"height: 26px;\">\n<td style=\"width: 281px; height: 26px;\">SH3 <strong>Jean Pierre<\/strong> (21-3 21-11)<\/td>\n<td style=\"width: 284px; height: 26px;\">Mx <strong>R\u00e9gine et Maxence<\/strong> (21-9 21-8)<\/td>\n<\/tr>\n<tr style=\"height: 26px;\">\n<td style=\"width: 281px; height: 26px;\">DH <strong>Quentin et Greg<\/strong> (21-9 21-11)<\/td>\n<\/tr>\n<\/tbody>\n<\/table>\n<p>Gr\u00e2ce \u00e0 cette nouvelle victoire 7-0, <strong>ISB est assur\u00e9 de terminer \u00e0 l&rsquo;une des deux premi\u00e8res places<\/strong> de la poule. <strong>Elle participera donc aux 1\/2 finale<\/strong> \u00e0 la fin du mois de mai (date \u00e0 d\u00e9terminer) avec vraisemblablement un d\u00e9placement p\u00e9rilleux \u00e0 Aix.<\/p>\n<div class=\"text_exposed_show\">\n<p>Rendez vous le 10 mai pour la derni\u00e8re journ\u00e9e \u00e0 domicile contre Arles.<\/p>\n<p><a href=\"http:\/\/istressportsbadminton.com\/wp-content\/uploads\/2016\/04\/D1.png\"><img loading=\"lazy\" class=\"alignnone size-full wp-image-1308\" src=\"http:\/\/istressportsbadminton.com\/wp-content\/uploads\/2016\/04\/D1.png\" alt=\"D1\" width=\"1261\" height=\"226\" srcset=\"https:\/\/istressportsbadminton.com\/wp-content\/uploads\/2016\/04\/D1.png 1261w, https:\/\/istressportsbadminton.com\/wp-content\/uploads\/2016\/04\/D1-300x54.png 300w, https:\/\/istressportsbadminton.com\/wp-content\/uploads\/2016\/04\/D1-768x138.png 768w, https:\/\/istressportsbadminton.com\/wp-content\/uploads\/2016\/04\/D1-1024x184.png 1024w, https:\/\/istressportsbadminton.com\/wp-content\/uploads\/2016\/04\/D1-6x1.png 6w\" sizes=\"(max-width: 709px) 85vw, (max-width: 909px) 67vw, (max-width: 1362px) 62vw, 840px\" \/><\/a><\/p>\n<p>&nbsp;<\/p>\n<\/div>\n","protected":false},"excerpt":{"rendered":"<p>A la lutte avec Aubagne pour la 1ere place, l&rsquo;\u00e9quipe du capitaine Greg accueillait nos voisins de Port de Bouc avec pour ambition de valider sa place pour les play off en esp\u00e9rant, pourquoi pas, un faux pas du leader Aubagnais pour rafler la t\u00eate de la poule. Et comme \u00e0 l&rsquo;aller (victoire 7-0 des &hellip; <a href=\"https:\/\/istressportsbadminton.com\/?page_id=1301\" class=\"more-link\">Continuer la lecture<span class=\"screen-reader-text\"> de &laquo;&nbsp;Compte Rendu J9&nbsp;&raquo;<\/span><\/a><\/p>\n","protected":false},"author":3,"featured_media":0,"parent":0,"menu_order":0,"comment_status":"closed","ping_status":"closed","template":"","meta":{"sfsi_plus_gutenberg_text_before_share":"","sfsi_plus_gutenberg_show_text_before_share":"","sfsi_plus_gutenberg_icon_type":"","sfsi_plus_gutenberg_icon_alignemt":"","sfsi_plus_gutenburg_max_per_row":""},"_links":{"self":[{"href":"https:\/\/istressportsbadminton.com\/index.php?rest_route=\/wp\/v2\/pages\/1301"}],"collection":[{"href":"https:\/\/istressportsbadminton.com\/index.php?rest_route=\/wp\/v2\/pages"}],"about":[{"href":"https:\/\/istressportsbadminton.com\/index.php?rest_route=\/wp\/v2\/types\/page"}],"author":[{"embeddable":true,"href":"https:\/\/istressportsbadminton.com\/index.php?rest_route=\/wp\/v2\/users\/3"}],"replies":[{"embeddable":true,"href":"https:\/\/istressportsbadminton.com\/index.php?rest_route=%2Fwp%2Fv2%2Fcomments&post=1301"}],"version-history":[{"count":5,"href":"https:\/\/istressportsbadminton.com\/index.php?rest_route=\/wp\/v2\/pages\/1301\/revisions"}],"predecessor-version":[{"id":1309,"href":"https:\/\/istressportsbadminton.com\/index.php?rest_route=\/wp\/v2\/pages\/1301\/revisions\/1309"}],"wp:attachment":[{"href":"https:\/\/istressportsbadminton.com\/index.php?rest_route=%2Fwp%2Fv2%2Fmedia&parent=1301"}],"curies":[{"name":"wp","href":"https:\/\/api.w.org\/{rel}","templated":true}]}}