{"id":1361,"date":"2016-04-28T17:20:22","date_gmt":"2016-04-28T16:20:22","guid":{"rendered":"http:\/\/istressportsbadminton.com\/?page_id=1361"},"modified":"2016-04-28T17:20:22","modified_gmt":"2016-04-28T16:20:22","slug":"tournoi-des-alpilles-eyguieres","status":"publish","type":"page","link":"https:\/\/istressportsbadminton.com\/?page_id=1361","title":{"rendered":"Tournoi des Alpilles (Eygui\u00e8res)"},"content":{"rendered":"<p>Le club d&rsquo;Eygui\u00e8res accueillait, dans son gymnase au sol flambant neuf, les joueurs en double et mixte pour leur 4\u00e8me tournoi des Alpilles. Voyons comment ce sont d\u00e9brouill\u00e9s nos Istr\u00e9nnes et Istr\u00e9ens.<\/p>\n<h4><span style=\"color: #993366;\"><strong>Double Homme<\/strong><\/span><\/h4>\n<p><span style=\"text-decoration: underline;\">Tableau D9\/P<\/span><\/p>\n<p>Une paire in\u00e9dite, compos\u00e9e de <strong>J\u00e9r\u00e9my M <\/strong>(NC) pour sa premi\u00e8re en tournoi, et d&rsquo;<strong>Alex D <\/strong>(P2), se pr\u00e9sentait dans ce tableau. Vers\u00e9s dans une poule \u00e0 4 et convoqu\u00e9s \u00e0 7h du matin (!), les 2 comp\u00e8res vont avoir le r\u00e9veil difficile, ce qui se\u00a0traduit par une d\u00e9faite en 2 sets contre les t\u00eates de poule. Heureusement, nos istr\u00e9ens vont petit \u00e0 petit se l\u00e2cher, et r\u00e9ellement entrer dans leur tournoi, allant crescendo dans leurs performances. Les 2 matchs de poule suivants sont bien g\u00e9r\u00e9s et remport\u00e9 en 2 sets solides. 1 d\u00e9faites\u00a0et\u00a02 victoires, les voici qualifi\u00e9s pour les 1\/8\u00e8mes de finale. Et malgr\u00e9 un gros\u00a0match plein d&rsquo;intensit\u00e9 et quelques jolis coups, J<strong>\u00e9r\u00e9my<\/strong> et <strong>Alex<\/strong> vont finir par\u00a0s&rsquo;incliner au terme de 3 sets intenses, 21-15\/ 16-21\/ 21-18. C&rsquo;est pas pass\u00e9 loin, dommage!<\/p>\n<p><span style=\"text-decoration: underline;\">Tableau R5\/R6<\/span><\/p>\n<p><strong>Francky<\/strong> devant une nouvelle fois d\u00e9clarer forfait, d\u00e9cid\u00e9ment bien emb\u00eat\u00e9 par les blessures en cette fin de saison, il \u00e9tait remplac\u00e9 aux cot\u00e9 de <strong>Thibaud<\/strong> (R6) par <strong>Alex<\/strong> (R5). Leur premier match contre Damien RAMEAUX (R5)\/Nathan TEKEYAN\u00a0(R5)\u00a0(N\u00eemes) est extr\u00eamement accroch\u00e9 , mais ils vont s&rsquo;incliner au bout du suspense\u00a021-23\/ 21-16\/ 22-20 ! Ils auront du mal a dig\u00e9rer cette d\u00e9faite, et s&rsquo;inclinent \u00e9galement dans le deuxi\u00e8me\u00a0match disant\u00a0ainsi adieu \u00e0 la qualification pour la suite.\u00a0Ils sauvent n\u00e9anmoins l&rsquo;honneur (et glanent au passage des points importants pour leurs classements) en remportant leur ultime match.<\/p>\n<h4><span style=\"color: #993366;\"><strong>Mixte<\/strong><\/span><\/h4>\n<p><span style=\"text-decoration: underline;\">Tableau D7\/D8<\/span><\/p>\n<p><strong>Thibaud<\/strong> (D7), inscrit au choix, \u00e9tait\u00a0associ\u00e9 \u00e0 Mallorie PONS (D7, Eygui\u00e8res), pour un parcours bien plus fructueux que celui de la veille. Apr\u00e8s 1 victoire et 1 d\u00e9faite en poule, ils se font peur en 1\/16\u00e8me (remport\u00e9 22-20 au 3\u00e8me set) mais passent, et maitrisent ensuite sans probl\u00e8me leurs 1\/8\u00e8me et quart\u00a0pour se hisser jusqu&rsquo;en demi-finale. Une demi finale o\u00f9 ils vont finalement s&rsquo;incliner\u00a0au terme d&rsquo;un\u00a0beau match, perdu\u00a0en 3 set et 21-17 au dernier.<\/p>\n<p><span style=\"text-decoration: underline;\">Tableau R5\/R6<\/span><\/p>\n<p>Agn\u00e8s (R5) jouait avec un nouveau partenaire en la personne de Fr\u00e9d\u00e9ric VI (Antibes, R6), et ce ne fut pas r\u00e9ellement une grande r\u00e9ussite, journ\u00e9e conclue sur 2 d\u00e9faites en 2 matchs.\u00a0Une premi\u00e8re rencontre dans laquelle Agn\u00e8s et Fr\u00e9d\u00e9ric se cherchaient, une seconde n\u00e9anmoins plus sympa perdu en 3 sets accroch\u00e9s.<\/p>\n<p>Pour <strong>Aur\u00e9lie<\/strong> et <strong>Greg<\/strong> (R5,R5), tout d\u00e9marrait bien avec 2 victoires en 2 matchs de poule (dont l&rsquo;une contre <strong>M\u00e9lanie DR<\/strong> en \u00e9quipe avec Damien RAVOUX). Le 1\/8\u00e8me semblait ensuite partir pour \u00eatre une formalit\u00e9 apr\u00e8s un premier set remport\u00e9 21-09. Et pourtant la machine va soudainement s&rsquo;enrayer, et <strong>Aur\u00e9<\/strong> et <strong>Greg<\/strong>\u00a0vont perdre les clefs du match et l\u00e2cher les 2 manches suivantes d&rsquo;une\u00a0rencontre qui semblait \u00e0 leur port\u00e9e (18-21\/ 19-21). Rageant.<\/p>\n<p>&nbsp;<\/p>\n","protected":false},"excerpt":{"rendered":"<p>Le club d&rsquo;Eygui\u00e8res accueillait, dans son gymnase au sol flambant neuf, les joueurs en double et mixte pour leur 4\u00e8me tournoi des Alpilles. Voyons comment ce sont d\u00e9brouill\u00e9s nos Istr\u00e9nnes et Istr\u00e9ens. Double Homme Tableau D9\/P Une paire in\u00e9dite, compos\u00e9e de J\u00e9r\u00e9my M (NC) pour sa premi\u00e8re en tournoi, et d&rsquo;Alex D (P2), se pr\u00e9sentait &hellip; <a href=\"https:\/\/istressportsbadminton.com\/?page_id=1361\" class=\"more-link\">Continuer la lecture<span class=\"screen-reader-text\"> de &laquo;&nbsp;Tournoi des Alpilles (Eygui\u00e8res)&nbsp;&raquo;<\/span><\/a><\/p>\n","protected":false},"author":3,"featured_media":0,"parent":0,"menu_order":0,"comment_status":"closed","ping_status":"closed","template":"","meta":{"sfsi_plus_gutenberg_text_before_share":"","sfsi_plus_gutenberg_show_text_before_share":"","sfsi_plus_gutenberg_icon_type":"","sfsi_plus_gutenberg_icon_alignemt":"","sfsi_plus_gutenburg_max_per_row":""},"_links":{"self":[{"href":"https:\/\/istressportsbadminton.com\/index.php?rest_route=\/wp\/v2\/pages\/1361"}],"collection":[{"href":"https:\/\/istressportsbadminton.com\/index.php?rest_route=\/wp\/v2\/pages"}],"about":[{"href":"https:\/\/istressportsbadminton.com\/index.php?rest_route=\/wp\/v2\/types\/page"}],"author":[{"embeddable":true,"href":"https:\/\/istressportsbadminton.com\/index.php?rest_route=\/wp\/v2\/users\/3"}],"replies":[{"embeddable":true,"href":"https:\/\/istressportsbadminton.com\/index.php?rest_route=%2Fwp%2Fv2%2Fcomments&post=1361"}],"version-history":[{"count":7,"href":"https:\/\/istressportsbadminton.com\/index.php?rest_route=\/wp\/v2\/pages\/1361\/revisions"}],"predecessor-version":[{"id":1386,"href":"https:\/\/istressportsbadminton.com\/index.php?rest_route=\/wp\/v2\/pages\/1361\/revisions\/1386"}],"wp:attachment":[{"href":"https:\/\/istressportsbadminton.com\/index.php?rest_route=%2Fwp%2Fv2%2Fmedia&parent=1361"}],"curies":[{"name":"wp","href":"https:\/\/api.w.org\/{rel}","templated":true}]}}