{"id":1392,"date":"2016-05-01T19:40:50","date_gmt":"2016-05-01T18:40:50","guid":{"rendered":"http:\/\/istressportsbadminton.com\/?page_id=1392"},"modified":"2016-05-01T19:40:50","modified_gmt":"2016-05-01T18:40:50","slug":"trj-6-pernes","status":"publish","type":"page","link":"https:\/\/istressportsbadminton.com\/?page_id=1392","title":{"rendered":"TRJ 6 Pernes"},"content":{"rendered":"<p>Suite et fin des aventures de <strong>Swann<\/strong> pour cette saison avec le dernier Troph\u00e9e R\u00e9gional Jeune de 2015\/2016, le TRJ6 qui se d\u00e9roulait le dimanche 24 mai \u00e0 Pernes.<br \/>\nDans les \u00e9pisodes pr\u00e9c\u00e9dents, <strong>Swann<\/strong>, d\u00e9sormait en TopA, l&rsquo;\u00e9lite r\u00e9gionale de la cat\u00e9gorie poussin, restait sur une demi finale lors <span style=\"text-decoration: underline; color: #3366ff;\"><strong><a style=\"color: #3366ff; text-decoration: underline;\" href=\"http:\/\/istressportsbadminton.com\/?page_id=703\">du TRJ4<\/a>,<\/strong><\/span> et surtout sur une victoire lors <span style=\"text-decoration: underline; color: #3366ff;\"><strong><a style=\"color: #3366ff; text-decoration: underline;\" href=\"http:\/\/istressportsbadminton.com\/?page_id=888\">du TRJ5<\/a>.<\/strong><\/span> C&rsquo;est donc avec un tout autre statut qu&rsquo;il se pr\u00e9sentait dans le gymnase de Pernes.<\/p>\n<p>Et d\u00e8s son entame <strong>Swann<\/strong> marque son territoire en s&rsquo;imposant proprement et en 2 sets contre la t\u00eate de s\u00e9rie 1, malgr\u00e9 une petite frayeur en fin de premi\u00e8re manche. Apr\u00e8s un\u00a0second match rapidement exp\u00e9di\u00e9,\u00a0la troisi\u00e8me et derni\u00e8re rencontre de la poule sera plus \u00ab\u00a0anim\u00e9e\u00a0\u00bb avec un recours \u00e0 un arbitre, les deux jeunes joueurs ne sachant plus trop distinguer les volants fautes des bons&#8230; Mais <strong>Swann<\/strong> ne se d\u00e9concentre pas pour autant, et l&#8217;emporte pour conclure une phase de poule parfaite avec aucun set conc\u00e9d\u00e9.<\/p>\n<p>En demi-finale contre Tao LAMBERT (Aix), rebelote et un nouveau recours a un arbitre (!!!), et comme au match pr\u00e9c\u00e9dent, <strong>Swann<\/strong> reste bien dans sa partie et se d\u00e9barrasse de son adversaire 21-18\/ 21-16 pour s&rsquo;offrir une nouvelle finale de TRJ TopA!!<\/p>\n<p>Le match contre\u00a0Sean THAN (Antibes)\u00a0d\u00e9bute par un premier set acharn\u00e9e, les deux jeunes restant au contact l&rsquo;un de l&rsquo;autre, et le premier a craquer dans cet exercice sera finalement Swann , 25-23\u00a0!!! Malheureusement suite \u00e0 la perte de la premi\u00e8re manche, notre petit istr\u00e9en ne va pas r\u00e9ussir a se remobiliser et devra finalement s&rsquo;incliner 21-16.<\/p>\n<p><a href=\"http:\/\/istressportsbadminton.com\/wp-content\/uploads\/2016\/05\/Swann-Pernes.jpeg\"><img loading=\"lazy\" class=\"alignleft wp-image-1396\" src=\"http:\/\/istressportsbadminton.com\/wp-content\/uploads\/2016\/05\/Swann-Pernes-169x300.jpeg\" alt=\"Swann Pernes\" width=\"180\" height=\"320\" srcset=\"https:\/\/istressportsbadminton.com\/wp-content\/uploads\/2016\/05\/Swann-Pernes-169x300.jpeg 169w, https:\/\/istressportsbadminton.com\/wp-content\/uploads\/2016\/05\/Swann-Pernes-768x1365.jpeg 768w, https:\/\/istressportsbadminton.com\/wp-content\/uploads\/2016\/05\/Swann-Pernes-576x1024.jpeg 576w, https:\/\/istressportsbadminton.com\/wp-content\/uploads\/2016\/05\/Swann-Pernes-1x1.jpeg 1w, https:\/\/istressportsbadminton.com\/wp-content\/uploads\/2016\/05\/Swann-Pernes.jpeg 1440w\" sizes=\"(max-width: 180px) 85vw, 180px\" \/><\/a>Au final, la performance est tr\u00e8s belle pour <strong>Swann<\/strong>, et le bilan de sa saison de TRJ superbe! Voyez plut\u00f4t: 1 victoire, 1 finale, 1 demi-finale en TopA, auquel il faut ajouter une autre place de finaliste en TopB. Nul doute que la saison prochaine promet d&rsquo;\u00eatre encore plus riche en troph\u00e9e pour notre petite pousse!! Bravo!!<\/p>\n<p><img loading=\"lazy\" class=\"alignnone\" src=\"https:\/\/ssl.gstatic.com\/mail\/emoji\/6\/48px\/emoji_u1f44d.png\" alt=\"\uf44d\" width=\"23\" height=\"23\" data-goomoji=\"1f44d\" \/>\u00a0<img loading=\"lazy\" class=\"alignnone\" src=\"https:\/\/ssl.gstatic.com\/mail\/emoji\/6\/48px\/emoji_u1f44d.png\" alt=\"\uf44d\" width=\"23\" height=\"23\" data-goomoji=\"1f44d\" \/><img loading=\"lazy\" class=\"alignnone\" src=\"https:\/\/ssl.gstatic.com\/mail\/emoji\/6\/48px\/emoji_u1f44d.png\" alt=\"\uf44d\" width=\"23\" height=\"23\" data-goomoji=\"1f44d\" \/><\/p>\n<p><a href=\"http:\/\/istressportsbadminton.com\/wp-content\/uploads\/2016\/05\/SwannPernes.png\"><img loading=\"lazy\" class=\"alignnone wp-image-1397\" src=\"http:\/\/istressportsbadminton.com\/wp-content\/uploads\/2016\/05\/SwannPernes.png\" alt=\"SwannPernes\" width=\"600\" height=\"198\" srcset=\"https:\/\/istressportsbadminton.com\/wp-content\/uploads\/2016\/05\/SwannPernes.png 857w, https:\/\/istressportsbadminton.com\/wp-content\/uploads\/2016\/05\/SwannPernes-300x99.png 300w, https:\/\/istressportsbadminton.com\/wp-content\/uploads\/2016\/05\/SwannPernes-768x254.png 768w, https:\/\/istressportsbadminton.com\/wp-content\/uploads\/2016\/05\/SwannPernes-3x1.png 3w\" sizes=\"(max-width: 600px) 85vw, 600px\" \/><\/a><\/p>\n","protected":false},"excerpt":{"rendered":"<p>Suite et fin des aventures de Swann pour cette saison avec le dernier Troph\u00e9e R\u00e9gional Jeune de 2015\/2016, le TRJ6 qui se d\u00e9roulait le dimanche 24 mai \u00e0 Pernes. Dans les \u00e9pisodes pr\u00e9c\u00e9dents, Swann, d\u00e9sormait en TopA, l&rsquo;\u00e9lite r\u00e9gionale de la cat\u00e9gorie poussin, restait sur une demi finale lors du TRJ4, et surtout sur une &hellip; <a href=\"https:\/\/istressportsbadminton.com\/?page_id=1392\" class=\"more-link\">Continuer la lecture<span class=\"screen-reader-text\"> de &laquo;&nbsp;TRJ 6 Pernes&nbsp;&raquo;<\/span><\/a><\/p>\n","protected":false},"author":3,"featured_media":0,"parent":0,"menu_order":0,"comment_status":"closed","ping_status":"closed","template":"","meta":{"sfsi_plus_gutenberg_text_before_share":"","sfsi_plus_gutenberg_show_text_before_share":"","sfsi_plus_gutenberg_icon_type":"","sfsi_plus_gutenberg_icon_alignemt":"","sfsi_plus_gutenburg_max_per_row":""},"_links":{"self":[{"href":"https:\/\/istressportsbadminton.com\/index.php?rest_route=\/wp\/v2\/pages\/1392"}],"collection":[{"href":"https:\/\/istressportsbadminton.com\/index.php?rest_route=\/wp\/v2\/pages"}],"about":[{"href":"https:\/\/istressportsbadminton.com\/index.php?rest_route=\/wp\/v2\/types\/page"}],"author":[{"embeddable":true,"href":"https:\/\/istressportsbadminton.com\/index.php?rest_route=\/wp\/v2\/users\/3"}],"replies":[{"embeddable":true,"href":"https:\/\/istressportsbadminton.com\/index.php?rest_route=%2Fwp%2Fv2%2Fcomments&post=1392"}],"version-history":[{"count":10,"href":"https:\/\/istressportsbadminton.com\/index.php?rest_route=\/wp\/v2\/pages\/1392\/revisions"}],"predecessor-version":[{"id":1404,"href":"https:\/\/istressportsbadminton.com\/index.php?rest_route=\/wp\/v2\/pages\/1392\/revisions\/1404"}],"wp:attachment":[{"href":"https:\/\/istressportsbadminton.com\/index.php?rest_route=%2Fwp%2Fv2%2Fmedia&parent=1392"}],"curies":[{"name":"wp","href":"https:\/\/api.w.org\/{rel}","templated":true}]}}