{"id":1507,"date":"2016-05-14T17:11:38","date_gmt":"2016-05-14T16:11:38","guid":{"rendered":"http:\/\/istressportsbadminton.com\/?page_id=1507"},"modified":"2016-05-14T17:11:38","modified_gmt":"2016-05-14T16:11:38","slug":"tournoi-des-calanques-smuc","status":"publish","type":"page","link":"https:\/\/istressportsbadminton.com\/?page_id=1507","title":{"rendered":"Tournoi des Calanques (SMUC)"},"content":{"rendered":"<p>Le club du SMUC (Marseille) accueillait au gymnase La Martine le 5\u00e8me\u00a0tournoi des Calanques les samedi 7 et dimanche 8 mai.<\/p>\n<h4><span style=\"color: #993366;\"><strong>Mixte<\/strong><\/span><\/h4>\n<p><span style=\"text-decoration: underline;\">Tableau R6\/D7<\/span><\/p>\n<p>3\u00e8me association de <strong>Dorian<\/strong> (D7) avec Salom\u00e9 LEVALLET (SMUC, D7), les deux premi\u00e8res s&rsquo;\u00e9tant tous simplement conclues par deux tournois remport\u00e9s (\u00e0 Vitrolles en f\u00e9vrier et Marignane en mars). Autant dire que les ambitions \u00e9taient grandes en ce samedi.<\/p>\n<figure id=\"attachment_1513\" aria-describedby=\"caption-attachment-1513\" style=\"width: 197px\" class=\"wp-caption alignright\"><a href=\"http:\/\/istressportsbadminton.com\/wp-content\/uploads\/2016\/05\/SMUC-Dorian_Salom\u00e9.jpeg\"><img loading=\"lazy\" class=\"wp-image-1513\" src=\"http:\/\/istressportsbadminton.com\/wp-content\/uploads\/2016\/05\/SMUC-Dorian_Salom\u00e9-576x1024.jpeg\" alt=\"SMUC Dorian_Salom\u00e9\" width=\"197\" height=\"350\" srcset=\"https:\/\/istressportsbadminton.com\/wp-content\/uploads\/2016\/05\/SMUC-Dorian_Salom\u00e9-576x1024.jpeg 576w, https:\/\/istressportsbadminton.com\/wp-content\/uploads\/2016\/05\/SMUC-Dorian_Salom\u00e9-84x150.jpeg 84w, https:\/\/istressportsbadminton.com\/wp-content\/uploads\/2016\/05\/SMUC-Dorian_Salom\u00e9-169x300.jpeg 169w, https:\/\/istressportsbadminton.com\/wp-content\/uploads\/2016\/05\/SMUC-Dorian_Salom\u00e9-1x1.jpeg 1w, https:\/\/istressportsbadminton.com\/wp-content\/uploads\/2016\/05\/SMUC-Dorian_Salom\u00e9.jpeg 1080w\" sizes=\"(max-width: 197px) 85vw, 197px\" \/><\/a><figcaption id=\"caption-attachment-1513\" class=\"wp-caption-text\">Salom\u00e9 et Dorian encore sur la plus haute marche!<\/figcaption><\/figure>\n<p>Le\u00a0premier match semble se d\u00e9rouler sans probl\u00e8me apr\u00e8s un premier set ais\u00e9ment remport\u00e9 et une avance de 11-4 dans\u00a0le second. Mais l\u00e0, \u00a0gros trou d&rsquo;air! Et le second set est perdu 27-25&#8230; et dans la foul\u00e9e, le 3\u00e8me \u00e9galement! Cette contre perf d&rsquo;entr\u00e9e (1er match perdu ensemble apr\u00e8s 11 victoires) va avoir le b\u00e9n\u00e9fice de piquer au vif Salom\u00e9 et <strong>Dorian<\/strong> qui mettent s\u00e9rieusement la machine en marche, et ils ne vont laisser que des miettes a leurs adversaires suivants: ni la t\u00eate de poule, puis ni la t\u00eate de s\u00e9rie 1 en quart\u00a0de finale, pas plus que leurs adversaire lyonnais en demi ne vont parvenir \u00e0 leur prendre le moindre set!<\/p>\n<p>Voila donc Salom\u00e9 et <strong>Dorian<\/strong> \u00e0 nouveau en finale ou ils retrouvent leurs bourreau du premier match Sabrina BOUDEKROUN (D7\/SMUC) \/ Jean-Yves PEPINO (R6\/ Aubagne) dans une revanche qui promet&#8230; mais qui va finalement accoucher d&rsquo;une souris! <strong>Dorian<\/strong> et Salom\u00e9 ne font qu&rsquo;une bouch\u00e9e de leurs adversaires, 21-09\/ 21-12 et remportent ainsi leur 3\u00e8me tournoi en commun\u00a0en 3 associations, le premier dans un tableau\u00a0R6! F\u00e9licitations!<\/p>\n<p>Et de <strong>32 pour ISB<\/strong>!\u00a0<a href=\"http:\/\/istressportsbadminton.com\/wp-content\/uploads\/2016\/04\/emoji_u1f3c6.png\"><img loading=\"lazy\" class=\"alignnone size-full wp-image-1322\" src=\"http:\/\/istressportsbadminton.com\/wp-content\/uploads\/2016\/04\/emoji_u1f3c6.png\" alt=\"Victoire\" width=\"25\" height=\"25\" srcset=\"https:\/\/istressportsbadminton.com\/wp-content\/uploads\/2016\/04\/emoji_u1f3c6.png 25w, https:\/\/istressportsbadminton.com\/wp-content\/uploads\/2016\/04\/emoji_u1f3c6-1x1.png 1w\" sizes=\"(max-width: 25px) 85vw, 25px\" \/><\/a><\/p>\n<p><span style=\"text-decoration: underline;\">Tableau R4\/R5<\/span><\/p>\n<p><strong>Quentin<\/strong> (R4), de retour en mixte avec Perrine AHUIR (Vitrolles, R4), et la classique paire <strong>Marie<\/strong>\/ <strong>Maxence<\/strong> (R5\/R5) se retrouvent vers\u00e9s dans la m\u00eame poule de 3, avec les vitrollais Loic BLOIS (R4) \/Marine GIBILY (R5).<\/p>\n<p>Cette poule fratricide va \u00eatre domin\u00e9 dans la logique du classement par <strong>Quentin<\/strong> et Perrine, vainqueurs de leurs 2 matchs. De leur cot\u00e9, et malgr\u00e9 deux\u00a0belles luttes, <strong>Marie<\/strong> et <strong>Max<\/strong> vont s&rsquo;incliner 2 fois en 3 sets.<\/p>\n<p>Perrine et <strong>Quentin<\/strong> vont ensuite chuter en quart de finale contre les futurs vainqueurs Christina POPOVA (R5, Fos) \/ Anthony SAVIGNY (R4, Antibes).<\/p>\n<h4><span style=\"color: #993366;\"><strong>Double<\/strong><\/span><\/h4>\n<p><span style=\"text-decoration: underline;\">Tableau R4\/R5<\/span><\/p>\n<p><strong>Quentin<\/strong> (R4) \u00e9tait, le lendemain, encore de sortie pour le double homme aux cot\u00e9s de<strong> Jean-Pierre<\/strong> (R4). Le statut de t\u00eate de poule est assum\u00e9 sans soucis avec 2 victoires solides en 2 sets \u00e0 chaque fois. Malheureusement, l&rsquo;aventure se conclura au match suivant apr\u00e8s une d\u00e9faite en quart de finale contre Thibaut PASSANANTE \/ J\u00e9r\u00e9my VIDAL (R4\/R4, Aubagne\/Port de Bouc) au sortir d&rsquo;une lutte en 3 manches 21-13\/ 16-21\/ 21-16.<\/p>\n","protected":false},"excerpt":{"rendered":"<p>Le club du SMUC (Marseille) accueillait au gymnase La Martine le 5\u00e8me\u00a0tournoi des Calanques les samedi 7 et dimanche 8 mai. Mixte Tableau R6\/D7 3\u00e8me association de Dorian (D7) avec Salom\u00e9 LEVALLET (SMUC, D7), les deux premi\u00e8res s&rsquo;\u00e9tant tous simplement conclues par deux tournois remport\u00e9s (\u00e0 Vitrolles en f\u00e9vrier et Marignane en mars). Autant dire &hellip; <a href=\"https:\/\/istressportsbadminton.com\/?page_id=1507\" class=\"more-link\">Continuer la lecture<span class=\"screen-reader-text\"> de &laquo;&nbsp;Tournoi des Calanques (SMUC)&nbsp;&raquo;<\/span><\/a><\/p>\n","protected":false},"author":3,"featured_media":0,"parent":0,"menu_order":0,"comment_status":"closed","ping_status":"closed","template":"","meta":{"sfsi_plus_gutenberg_text_before_share":"","sfsi_plus_gutenberg_show_text_before_share":"","sfsi_plus_gutenberg_icon_type":"","sfsi_plus_gutenberg_icon_alignemt":"","sfsi_plus_gutenburg_max_per_row":""},"_links":{"self":[{"href":"https:\/\/istressportsbadminton.com\/index.php?rest_route=\/wp\/v2\/pages\/1507"}],"collection":[{"href":"https:\/\/istressportsbadminton.com\/index.php?rest_route=\/wp\/v2\/pages"}],"about":[{"href":"https:\/\/istressportsbadminton.com\/index.php?rest_route=\/wp\/v2\/types\/page"}],"author":[{"embeddable":true,"href":"https:\/\/istressportsbadminton.com\/index.php?rest_route=\/wp\/v2\/users\/3"}],"replies":[{"embeddable":true,"href":"https:\/\/istressportsbadminton.com\/index.php?rest_route=%2Fwp%2Fv2%2Fcomments&post=1507"}],"version-history":[{"count":19,"href":"https:\/\/istressportsbadminton.com\/index.php?rest_route=\/wp\/v2\/pages\/1507\/revisions"}],"predecessor-version":[{"id":1529,"href":"https:\/\/istressportsbadminton.com\/index.php?rest_route=\/wp\/v2\/pages\/1507\/revisions\/1529"}],"wp:attachment":[{"href":"https:\/\/istressportsbadminton.com\/index.php?rest_route=%2Fwp%2Fv2%2Fmedia&parent=1507"}],"curies":[{"name":"wp","href":"https:\/\/api.w.org\/{rel}","templated":true}]}}