{"id":1535,"date":"2016-05-17T12:48:55","date_gmt":"2016-05-17T11:48:55","guid":{"rendered":"http:\/\/istressportsbadminton.com\/?page_id=1535"},"modified":"2016-05-17T12:52:43","modified_gmt":"2016-05-17T11:52:43","slug":"compte-rendu-j10","status":"publish","type":"page","link":"https:\/\/istressportsbadminton.com\/?page_id=1535","title":{"rendered":"Compte Rendu J10"},"content":{"rendered":"<p>La promobad du <strong>Captain Olive<\/strong>, leader de sa poule avant cette ultime journ\u00e9e, se d\u00e9pla\u00e7ait \u00e0 <strong>Mallemort<\/strong>, avec son\u00a0destin en main: une\u00a0victoire signifiant le gain de ce tout premier championnat Promobad.<br \/>\nN\u00e9anmoins, il \u00e9tait \u00e9crit qu&rsquo;il ne faudrait pas se fier au match aller, remport\u00e9 9-3 \u00e0 Donadieu, pour se faire une id\u00e9e de l&rsquo;opposition qui allait attendre nos istr\u00e9ens, car Mallemort, bien que 4\u00e8me de la poule (sur 5 \u00e9quipes), montrant\u00a0r\u00e9cemment de nets progr\u00e8s avec de nouveaux jeunes joueurs, ne s&rsquo;inclinant lors de la journ\u00e9e pr\u00e9c\u00e9dente que 5\/4 contre St-Cannat, les dauphins de\u00a0la bande \u00e0 Olive.<\/p>\n<p>10 joueurs \u00e9taient du d\u00e9placement (<strong>C\u00e9line,<\/strong>\u00a0<strong>Taline<\/strong>, ainsi que <strong>Fred<\/strong>, <strong>Laurent<\/strong>, <strong>J\u00e9r\u00e9my C<\/strong>, <strong>David<\/strong>, <strong>Valentin<\/strong>, <strong>Alex\u00a0<\/strong>, <strong>Olivier<\/strong> et <strong>Florian<\/strong> de retour \u00e0 la compet apr\u00e9s 3 mois d&rsquo;indisponibilit\u00e9) et 11 matchs programm\u00e9 (3 SH, 1 SD, 3 DH, 1 DD et 3 Mx).<\/p>\n<p>Mais d\u00e9s la premi\u00e8re rotation, l&rsquo;histoire semble mal engag\u00e9e. <strong>Taline<\/strong>, courageuse en s&rsquo;engageant dans\u00a0le premier simple dame de la saison, se d\u00e9fend bien mais s&rsquo;incline avec les honneur contre une adversaire plus exp\u00e9riment\u00e9 21-14\/ 21-15. Mais les d\u00e9ceptions vont venir des 3 Simples Hommes, plut\u00f4t performants jusqu&rsquo;\u00e0 pr\u00e9sent, et qui vont se conclurent par 3 d\u00e9faites de <strong>David<\/strong> (21-11\/ 21-16), et celles au couteau\u00a0d&rsquo;<strong>Alex<\/strong> (21-19\/ 21-19) et de\u00a0<strong>Valentin<\/strong> (22-20\/ 21-19). 0-4, \u00e7a sentait le sapin, et il ne restait \u00a0qu&rsquo;un seul droit \u00e0 l&rsquo;erreur sur\u00a0les 7 matchs suivant pour esp\u00e9rer remporter la rencontre!!<\/p>\n<p>Istres retrouvait un peu des couleurs apr\u00e9s les victoires du DH <strong>Fred\/Laurent<\/strong>, puis des\u00a0Mx <strong>Valentin\/C\u00e9line<\/strong>, puis <strong>Fred\/Taline<\/strong>.\u00a0Malheureusement, la d\u00e9faite joker allait \u00eatre grill\u00e9 dans le m\u00eame temps quand <strong>J\u00e9r\u00e9my\/ Florian<\/strong> vont s&rsquo;incliner dans un DH de haute lutte perdu en 3 sets. 3-5, il n&rsquo;y avait plus de droit \u00e0 l&rsquo;erreur !<\/p>\n<p>Pendant <strong>qu&rsquo;Olivier<\/strong> et <strong>Laurent<\/strong> faisait le job dans l&rsquo;ultime DH, le dernier Mx va sonner le glas des espoirs istr\u00e9ens, <strong>C\u00e9line\/David<\/strong> s&rsquo;inclinant s\u00e8chement. Pour l&rsquo;honneur, les filles arracheront le dernier match lors d&rsquo;un superbe DD remport\u00e9 avec les tripes par <strong>Taline<\/strong> et <strong>C\u00e9line<\/strong> en 3 sets acharn\u00e9s.<br \/>\n<strong>6-5 au final pour Mallemort.<\/strong><\/p>\n<p>\u00c9norme d\u00e9ception donc pour toute l\u2019\u00e9quipe qui n&rsquo;\u00e9choue qu&rsquo;\u00e0 un seul petit match (et quelques points quand on voit les scores de Valentin et d&rsquo;Alex!) de la victoire finale dans ce championnat, d\u00e9pass\u00e9 sur le gong par St Cannat.<br \/>\nMalgr\u00e9 tout, le bilan global\u00a0est tr\u00e8s positif, avec 6 victoires pour 2 d\u00e9faites et donc une seconde place au classement.<\/p>\n<p><a href=\"http:\/\/istressportsbadminton.com\/wp-content\/uploads\/2016\/05\/classement-ICP-J10.jpg\"><img loading=\"lazy\" class=\"alignnone size-full wp-image-1537\" src=\"http:\/\/istressportsbadminton.com\/wp-content\/uploads\/2016\/05\/classement-ICP-J10.jpg\" alt=\"classement ICP J10\" width=\"1314\" height=\"194\" srcset=\"https:\/\/istressportsbadminton.com\/wp-content\/uploads\/2016\/05\/classement-ICP-J10.jpg 1314w, https:\/\/istressportsbadminton.com\/wp-content\/uploads\/2016\/05\/classement-ICP-J10-150x22.jpg 150w, https:\/\/istressportsbadminton.com\/wp-content\/uploads\/2016\/05\/classement-ICP-J10-300x44.jpg 300w, https:\/\/istressportsbadminton.com\/wp-content\/uploads\/2016\/05\/classement-ICP-J10-1024x151.jpg 1024w, https:\/\/istressportsbadminton.com\/wp-content\/uploads\/2016\/05\/classement-ICP-J10-7x1.jpg 7w\" sizes=\"(max-width: 709px) 85vw, (max-width: 909px) 67vw, (max-width: 1362px) 62vw, 840px\" \/><\/a><\/p>\n<p>L&rsquo;objectif premier de cette saison inaugurale de Promobad est \u00e9galement largement atteint, puisqu&rsquo;un grand nombre de joueuses et joueurs ont pu r\u00e9aliser leurs premiers pas en comp\u00e9tition, et ont tous apport\u00e9s leurs petite pierre \u00e0 l&rsquo;\u00e9difice.\u00a0Le tout dans une ambiance tr\u00e8s conviviale avec les sympathiques \u00e9quipes affront\u00e9es.<\/p>\n<p>Bravo donc pour cette saison \u00e0 <strong>Captain Olive<\/strong>\u00a0pour son investissement, et \u00e0 l&rsquo;ensemble de ses 25 joueurs, avec, dans l&rsquo;ordre alphab\u00e9tique:<\/p>\n<p><strong>Aur\u00e9lie<\/strong>, <strong>M\u00e9lanie<\/strong>, <strong>Taline<\/strong>, <strong>Vatsarinh<\/strong>, <strong>Laure<\/strong>, <strong>Claire<\/strong>, <strong>Coralie<\/strong>, <strong>C\u00e9line<\/strong> et <strong>Christelle<\/strong> chez les femmes<\/p>\n<p>Et chez les hommes <strong>Mathias, Vincent, Florian, J\u00e9r\u00e9my C, Alex, Charles, Franck, Thomas, Fran\u00e7ois, Fred, S\u00e9bastien, Valentin, J\u00e9r\u00e9my M, Nathan, Laurent <\/strong>et<strong> David.<\/strong><\/p>\n<p>Rendez vous la saison prochaine pour de nouvelles aventures\u00a0 \ud83d\ude09<\/p>\n<p>&nbsp;<\/p>\n<p>&nbsp;<\/p>\n","protected":false},"excerpt":{"rendered":"<p>La promobad du Captain Olive, leader de sa poule avant cette ultime journ\u00e9e, se d\u00e9pla\u00e7ait \u00e0 Mallemort, avec son\u00a0destin en main: une\u00a0victoire signifiant le gain de ce tout premier championnat Promobad. N\u00e9anmoins, il \u00e9tait \u00e9crit qu&rsquo;il ne faudrait pas se fier au match aller, remport\u00e9 9-3 \u00e0 Donadieu, pour se faire une id\u00e9e de l&rsquo;opposition &hellip; <a href=\"https:\/\/istressportsbadminton.com\/?page_id=1535\" class=\"more-link\">Continuer la lecture<span class=\"screen-reader-text\"> de &laquo;&nbsp;Compte Rendu J10&nbsp;&raquo;<\/span><\/a><\/p>\n","protected":false},"author":3,"featured_media":0,"parent":0,"menu_order":0,"comment_status":"closed","ping_status":"closed","template":"","meta":{"sfsi_plus_gutenberg_text_before_share":"","sfsi_plus_gutenberg_show_text_before_share":"","sfsi_plus_gutenberg_icon_type":"","sfsi_plus_gutenberg_icon_alignemt":"","sfsi_plus_gutenburg_max_per_row":""},"_links":{"self":[{"href":"https:\/\/istressportsbadminton.com\/index.php?rest_route=\/wp\/v2\/pages\/1535"}],"collection":[{"href":"https:\/\/istressportsbadminton.com\/index.php?rest_route=\/wp\/v2\/pages"}],"about":[{"href":"https:\/\/istressportsbadminton.com\/index.php?rest_route=\/wp\/v2\/types\/page"}],"author":[{"embeddable":true,"href":"https:\/\/istressportsbadminton.com\/index.php?rest_route=\/wp\/v2\/users\/3"}],"replies":[{"embeddable":true,"href":"https:\/\/istressportsbadminton.com\/index.php?rest_route=%2Fwp%2Fv2%2Fcomments&post=1535"}],"version-history":[{"count":6,"href":"https:\/\/istressportsbadminton.com\/index.php?rest_route=\/wp\/v2\/pages\/1535\/revisions"}],"predecessor-version":[{"id":1543,"href":"https:\/\/istressportsbadminton.com\/index.php?rest_route=\/wp\/v2\/pages\/1535\/revisions\/1543"}],"wp:attachment":[{"href":"https:\/\/istressportsbadminton.com\/index.php?rest_route=%2Fwp%2Fv2%2Fmedia&parent=1535"}],"curies":[{"name":"wp","href":"https:\/\/api.w.org\/{rel}","templated":true}]}}