{"id":1576,"date":"2016-05-27T12:36:10","date_gmt":"2016-05-27T11:36:10","guid":{"rendered":"http:\/\/istressportsbadminton.com\/?page_id=1576"},"modified":"2016-05-27T12:43:48","modified_gmt":"2016-05-27T11:43:48","slug":"tournoi-du-calisson-aix","status":"publish","type":"page","link":"https:\/\/istressportsbadminton.com\/?page_id=1576","title":{"rendered":"Tournoi du Calisson (Aix)"},"content":{"rendered":"<p style=\"text-align: justify;\">Aix accueillait son 4\u00e8me tournoi du Calisson aux gymnases Bobet et Yvan Gros les samedi 21 et dimanche 22 mai auquel 8 istr\u00e9ens participaient.<\/p>\n<h4 style=\"text-align: justify;\"><span style=\"color: #800080;\"><strong>Double Dame<\/strong><\/span><\/h4>\n<p style=\"text-align: justify;\"><strong><span style=\"text-decoration: underline;\">Tableau R4<\/span><\/strong><\/p>\n<p style=\"text-align: justify;\"><strong>Marie<\/strong> (R5) faisait \u00e9quipe avec Ath\u00e9nais HADJ RABAH (R4, Carnoux). Et dans une\u00a0poule unique, un match gagn\u00e9 et deux perdus,\u00a0elles\u00a0finissent 3\u00e8me&#8230;. Des matchs qui \u00e9taient \u00e0 leurs\u00a0port\u00e9es mais pas beaucoup de r\u00e9ussite,dommage.<\/p>\n<h4 style=\"text-align: justify;\"><strong><span style=\"color: #800080;\">Double Homme<\/span><\/strong><\/h4>\n<p style=\"text-align: justify;\"><span style=\"text-decoration: underline;\"><strong>Tableau P2\/P3<\/strong><\/span><\/p>\n<p style=\"text-align: justify;\">2\u00e8me association pour<strong> J\u00e9r\u00e9my M<\/strong> et <strong>Alex D<\/strong>, dans un tableau dans lequel\u00a0ils se pr\u00e9sentent en tant que t\u00eate de s\u00e9rie 2. Apr\u00e8s un premier match de poule gagn\u00e9\u00a0sans la mani\u00e8re, ils \u00e9l\u00e8vent leurs niveau pour remporter leur deuxi\u00e8me match en 3 sets acharn\u00e9s contre une paire de Pernes. Qualifi\u00e9s en demi, ils ne tremblent pas pour leur premi\u00e8re \u00e0 ce stade, et passent l&rsquo;obstacle assez sereinement pour retrouver en finale les Pernois battus pr\u00e9c\u00e9demment.<\/p>\n<p style=\"text-align: justify;\">Et \u00e0 l&rsquo;image de la rencontre\u00a0de poule entre ces 2 paires, le match est engag\u00e9. <strong>Alex<\/strong> et <strong>J\u00e9r\u00e9my<\/strong>\u00a0d\u00e9marent mal et se retrouvent distanc\u00e9s \u00e0 la pause. Mais ils vont se\u00a0ressaisir et reviennent bien dans la 2\u00e8me moiti\u00e9 de set, grappillant petit \u00e0 petit leur retard&#8230; mais pas suffisamment et ils \u00e9chouent finalement 21-19.<\/p>\n<figure id=\"attachment_1573\" aria-describedby=\"caption-attachment-1573\" style=\"width: 300px\" class=\"wp-caption alignright\"><a href=\"http:\/\/istressportsbadminton.com\/wp-content\/uploads\/2016\/05\/Calisson-J\u00e9r\u00e9my_AlexD.jpg\"><img loading=\"lazy\" class=\"wp-image-1573 size-medium\" src=\"http:\/\/istressportsbadminton.com\/wp-content\/uploads\/2016\/05\/Calisson-J\u00e9r\u00e9my_AlexD-300x180.jpg\" alt=\"Calisson J\u00e9r\u00e9my_AlexD\" width=\"300\" height=\"180\" srcset=\"https:\/\/istressportsbadminton.com\/wp-content\/uploads\/2016\/05\/Calisson-J\u00e9r\u00e9my_AlexD-300x180.jpg 300w, https:\/\/istressportsbadminton.com\/wp-content\/uploads\/2016\/05\/Calisson-J\u00e9r\u00e9my_AlexD-150x90.jpg 150w, https:\/\/istressportsbadminton.com\/wp-content\/uploads\/2016\/05\/Calisson-J\u00e9r\u00e9my_AlexD-2x1.jpg 2w, https:\/\/istressportsbadminton.com\/wp-content\/uploads\/2016\/05\/Calisson-J\u00e9r\u00e9my_AlexD.jpg 960w\" sizes=\"(max-width: 300px) 85vw, 300px\" \/><\/a><figcaption id=\"caption-attachment-1573\" class=\"wp-caption-text\">J\u00e9r\u00e9my et Alex \u00e9chouent en finale!<\/figcaption><\/figure>\n<p style=\"text-align: justify;\">Ils restent n\u00e9anmoins sur\u00a0la m\u00eame bonne\u00a0dynamique dans la seconde manche qu&rsquo;ils m\u00e8nent tout le long&#8230; jusqu\u2019\u00e0 ce que leurs adversaires ne recollent \u00e0 18 partout, et que nos istr\u00e9ens craquent finalement sur les ultimes point 21-19 ! Rageant surtout que la physionomie de la rencontre semblait petit \u00e0 petit tourner en leur faveur. Belle performance malgr\u00e8 tout\u00a0pour <strong>J\u00e9r\u00e9my<\/strong> et <strong>Alex<\/strong> qui go\u00fbtaient pour la premi\u00e8re fois \u00e0 une finale.\u00a0Encourageant!<\/p>\n<p style=\"text-align: justify;\"><span style=\"text-decoration: underline;\"><strong>Tableau R5\/R6<\/strong><\/span><\/p>\n<p style=\"text-align: justify;\"><strong>Franck<\/strong> et <strong>Thibaud<\/strong> (R6, R6), dans une poule \u00e0 quatre, ne connaissent pas une grande r\u00e9ussite et \u00e9chouent lors de cette premi\u00e8re phase avec 2 d\u00e9faites et 1 victoire, victoire acquise&#8230; contre la t\u00eate de poule. Dommage.<\/p>\n<p style=\"text-align: justify;\"><span style=\"text-decoration: underline;\"><strong>Tableau R4<\/strong><\/span><\/p>\n<p style=\"text-align: justify;\"><strong>Alex LD<\/strong> (R5) et <strong>Maxence<\/strong> (R4), pour une association in\u00e9dite, se pr\u00e9sentaient \u00e9galement dans une poule de 4&#8230; pour un r\u00e9sultat identique de 2 d\u00e9faites et d&rsquo;1 victoire, et une aventure stopp\u00e9e pr\u00e9matur\u00e9ment.<\/p>\n<h4 style=\"text-align: justify;\"><span style=\"color: #800080;\"><strong>Mixte<\/strong><\/span><\/h4>\n<p><span style=\"text-decoration: underline;\"><strong>Tableau R5\/R6<\/strong><\/span><\/p>\n<p>Cinq\u00a0istr\u00e9ens participaient en mixte, et tous dans ce m\u00eame et tr\u00e8s peupl\u00e9\u00a0tableau R5\/R6.<\/p>\n<p><strong>Agn\u00e8s<\/strong> (R5) avec Flavien CHAPPE (R6, Ensu\u00e8s), apr\u00e8s une victoire inaugurale, n&rsquo;avaient besoin que de remporter un petit set face \u00e0 la t\u00eate de poule, d\u00e9faite lors de son match inaugural, pour acc\u00e9der au tour suivant. Mais malheureusement ils s&rsquo;inclinent en deux manches et passent tout tout pr\u00e8s de ce set gagn\u00e9, ne perdant la seconde manche que 25-23!! Rageant.<\/p>\n<p><strong>Marie<\/strong> (R5) et <strong>Maxence<\/strong> (R5) de leurs cot\u00e9 d\u00e9marrent bien avec un premier match facile. Le second va \u00eatre\u00a0tr\u00e8s accroch\u00e9 contre les futurs finalistes du tournoi, mais\u00a0ils s&rsquo;inclinent finalement au\u00a03\u00e8me set en ayant men\u00e9\u00a0tout le long. Ils acc\u00e8dent n\u00e9anmoins aux\u00a01\/8 qu&rsquo;ils parviennent \u00e0 passer non sans serrer les dents (ou autre chose&#8230;)\u00a0en 3 sets tr\u00e8s accroch\u00e9s. Ils tomberont finalement en quart de finale\u00a0contre Jeremy VIDAL\/ Sabrina PUTORTI (Port de Bouc\/ Vitrolles) en deux manches et\u00a0en menant 14-6 lors de la seconde&#8230; Au final beaucoup de regrets avec \u00a0la sensation de pas avoir jouer leur\u00a0meilleur bad.<\/p>\n<p>Enfin, <strong>Aur\u00e9<\/strong> (R5) et\u00a0<strong>Alex LD<\/strong> (R6) se baladent dans leurs poules avec 3 victoires et ne laissant que des miettes \u00e0 leurs adversaires. En tr\u00e8s grande forme, ils continuent sur la m\u00eame lanc\u00e9e\u00a0en exp\u00e9diant les 1\/8\u00e8me, quart et la demi avec la m\u00eame impressionnante ma\u00eetrise.<\/p>\n<figure id=\"attachment_1574\" aria-describedby=\"caption-attachment-1574\" style=\"width: 300px\" class=\"wp-caption alignright\"><a href=\"http:\/\/istressportsbadminton.com\/wp-content\/uploads\/2016\/05\/Calisson-AlexLD_Aur\u00e9.jpg\"><img loading=\"lazy\" class=\"wp-image-1574 size-medium\" src=\"http:\/\/istressportsbadminton.com\/wp-content\/uploads\/2016\/05\/Calisson-AlexLD_Aur\u00e9-300x180.jpg\" alt=\"Calisson AlexLD_Aur\u00e9\" width=\"300\" height=\"180\" \/><\/a><figcaption id=\"caption-attachment-1574\" class=\"wp-caption-text\">Aur\u00e9 et Alex en mode rouleau compresseur!!!<\/figcaption><\/figure>\n<p>Il \u00e9tait \u00e9crit que rien ne pouvait les arr\u00eater en ce dimanche, leurs adversaire en finale Charl\u00e8ne BRUET (D7, Vitrolles)\/ Benjamin POMMIER (R5, Lyon) subissent eux aussi la d\u00e9ferlante d&rsquo;un <strong>Alex<\/strong> et d&rsquo;une <strong>Aur\u00e9<\/strong> marchant litt\u00e9ralement sur l&rsquo;eau 21-17\/ 21-11. 7 victoires, aucun set de conc\u00e9d\u00e9, jamais plus de 17 points laiss\u00e9 \u00e0 l&rsquo;adversaire, \u00e9norme perf pour ramener cette<strong>\u00a033\u00e8me victoire de la saison pour ISB<\/strong>. Bravo!!!<a href=\"http:\/\/istressportsbadminton.com\/wp-content\/uploads\/2016\/04\/emoji_u1f3c6.png\"><img loading=\"lazy\" class=\"alignnone size-full wp-image-1322\" src=\"http:\/\/istressportsbadminton.com\/wp-content\/uploads\/2016\/04\/emoji_u1f3c6.png\" alt=\"Victoire\" width=\"25\" height=\"25\" srcset=\"https:\/\/istressportsbadminton.com\/wp-content\/uploads\/2016\/04\/emoji_u1f3c6.png 25w, https:\/\/istressportsbadminton.com\/wp-content\/uploads\/2016\/04\/emoji_u1f3c6-1x1.png 1w\" sizes=\"(max-width: 25px) 85vw, 25px\" \/><\/a><\/p>\n<p>&nbsp;<\/p>\n<p style=\"text-align: justify;\">\n","protected":false},"excerpt":{"rendered":"<p>Aix accueillait son 4\u00e8me tournoi du Calisson aux gymnases Bobet et Yvan Gros les samedi 21 et dimanche 22 mai auquel 8 istr\u00e9ens participaient. Double Dame Tableau R4 Marie (R5) faisait \u00e9quipe avec Ath\u00e9nais HADJ RABAH (R4, Carnoux). Et dans une\u00a0poule unique, un match gagn\u00e9 et deux perdus,\u00a0elles\u00a0finissent 3\u00e8me&#8230;. Des matchs qui \u00e9taient \u00e0 leurs\u00a0port\u00e9es &hellip; <a href=\"https:\/\/istressportsbadminton.com\/?page_id=1576\" class=\"more-link\">Continuer la lecture<span class=\"screen-reader-text\"> de &laquo;&nbsp;Tournoi du Calisson (Aix)&nbsp;&raquo;<\/span><\/a><\/p>\n","protected":false},"author":3,"featured_media":1574,"parent":0,"menu_order":0,"comment_status":"closed","ping_status":"closed","template":"","meta":{"sfsi_plus_gutenberg_text_before_share":"","sfsi_plus_gutenberg_show_text_before_share":"","sfsi_plus_gutenberg_icon_type":"","sfsi_plus_gutenberg_icon_alignemt":"","sfsi_plus_gutenburg_max_per_row":""},"_links":{"self":[{"href":"https:\/\/istressportsbadminton.com\/index.php?rest_route=\/wp\/v2\/pages\/1576"}],"collection":[{"href":"https:\/\/istressportsbadminton.com\/index.php?rest_route=\/wp\/v2\/pages"}],"about":[{"href":"https:\/\/istressportsbadminton.com\/index.php?rest_route=\/wp\/v2\/types\/page"}],"author":[{"embeddable":true,"href":"https:\/\/istressportsbadminton.com\/index.php?rest_route=\/wp\/v2\/users\/3"}],"replies":[{"embeddable":true,"href":"https:\/\/istressportsbadminton.com\/index.php?rest_route=%2Fwp%2Fv2%2Fcomments&post=1576"}],"version-history":[{"count":11,"href":"https:\/\/istressportsbadminton.com\/index.php?rest_route=\/wp\/v2\/pages\/1576\/revisions"}],"predecessor-version":[{"id":1591,"href":"https:\/\/istressportsbadminton.com\/index.php?rest_route=\/wp\/v2\/pages\/1576\/revisions\/1591"}],"wp:featuredmedia":[{"embeddable":true,"href":"https:\/\/istressportsbadminton.com\/index.php?rest_route=\/wp\/v2\/media\/1574"}],"wp:attachment":[{"href":"https:\/\/istressportsbadminton.com\/index.php?rest_route=%2Fwp%2Fv2%2Fmedia&parent=1576"}],"curies":[{"name":"wp","href":"https:\/\/api.w.org\/{rel}","templated":true}]}}