{"id":1592,"date":"2016-05-27T14:12:07","date_gmt":"2016-05-27T13:12:07","guid":{"rendered":"http:\/\/istressportsbadminton.com\/?page_id=1592"},"modified":"2016-05-27T14:12:07","modified_gmt":"2016-05-27T13:12:07","slug":"compte-rendu-j10-2","status":"publish","type":"page","link":"https:\/\/istressportsbadminton.com\/?page_id=1592","title":{"rendered":"Compte Rendu J10"},"content":{"rendered":"<p>L&rsquo;\u00e9quipe 3 du capitaine <strong>Thibaud<\/strong> devait conclure sa saison r\u00e9guli\u00e8re de D\u00e9partementale 4 en accueillant le Boucain Badminton Club avec l&rsquo;opportunit\u00e9 pour le capitaine de faire tourner l&rsquo;effectif et de donner du temps de jeu \u00e0 ceux qui ont moins jouer ces derni\u00e8res semaines.<br \/>\nMalheureusement, faute de fille, le club de Bouc Bel Air a pr\u00e9f\u00e9r\u00e9 d\u00e9clarer forfait privant les istr\u00e9ens de leur dernier match. Dommage. <strong>Victoire donc par forfait<\/strong> qui conforte la <strong>2e place de la poule B<\/strong> et de totaliser 16 pts avec <strong>8 victoires et 2 d\u00e9faites<\/strong>.<\/p>\n<p><strong>La encore la 1\/2 finale se jouera \u00e0 Aix, 1er de la poule A, le vendredi 27 mai \u00e0 partir de 20h.<\/strong><\/p>\n<p><a href=\"http:\/\/istressportsbadminton.com\/wp-content\/uploads\/2015\/11\/D4-J10.jpg\"><img loading=\"lazy\" class=\"alignnone size-full wp-image-1546\" src=\"http:\/\/istressportsbadminton.com\/wp-content\/uploads\/2015\/11\/D4-J10.jpg\" alt=\"D4 J10\" width=\"1256\" height=\"224\" srcset=\"https:\/\/istressportsbadminton.com\/wp-content\/uploads\/2015\/11\/D4-J10.jpg 1256w, https:\/\/istressportsbadminton.com\/wp-content\/uploads\/2015\/11\/D4-J10-150x27.jpg 150w, https:\/\/istressportsbadminton.com\/wp-content\/uploads\/2015\/11\/D4-J10-300x54.jpg 300w, https:\/\/istressportsbadminton.com\/wp-content\/uploads\/2015\/11\/D4-J10-1024x183.jpg 1024w, https:\/\/istressportsbadminton.com\/wp-content\/uploads\/2015\/11\/D4-J10-6x1.jpg 6w\" sizes=\"(max-width: 709px) 85vw, (max-width: 909px) 67vw, (max-width: 1362px) 62vw, 840px\" \/><\/a><\/p>\n","protected":false},"excerpt":{"rendered":"<p>L&rsquo;\u00e9quipe 3 du capitaine Thibaud devait conclure sa saison r\u00e9guli\u00e8re de D\u00e9partementale 4 en accueillant le Boucain Badminton Club avec l&rsquo;opportunit\u00e9 pour le capitaine de faire tourner l&rsquo;effectif et de donner du temps de jeu \u00e0 ceux qui ont moins jouer ces derni\u00e8res semaines. Malheureusement, faute de fille, le club de Bouc Bel Air a &hellip; <a href=\"https:\/\/istressportsbadminton.com\/?page_id=1592\" class=\"more-link\">Continuer la lecture<span class=\"screen-reader-text\"> de &laquo;&nbsp;Compte Rendu J10&nbsp;&raquo;<\/span><\/a><\/p>\n","protected":false},"author":3,"featured_media":0,"parent":0,"menu_order":0,"comment_status":"closed","ping_status":"closed","template":"","meta":{"sfsi_plus_gutenberg_text_before_share":"","sfsi_plus_gutenberg_show_text_before_share":"","sfsi_plus_gutenberg_icon_type":"","sfsi_plus_gutenberg_icon_alignemt":"","sfsi_plus_gutenburg_max_per_row":""},"_links":{"self":[{"href":"https:\/\/istressportsbadminton.com\/index.php?rest_route=\/wp\/v2\/pages\/1592"}],"collection":[{"href":"https:\/\/istressportsbadminton.com\/index.php?rest_route=\/wp\/v2\/pages"}],"about":[{"href":"https:\/\/istressportsbadminton.com\/index.php?rest_route=\/wp\/v2\/types\/page"}],"author":[{"embeddable":true,"href":"https:\/\/istressportsbadminton.com\/index.php?rest_route=\/wp\/v2\/users\/3"}],"replies":[{"embeddable":true,"href":"https:\/\/istressportsbadminton.com\/index.php?rest_route=%2Fwp%2Fv2%2Fcomments&post=1592"}],"version-history":[{"count":1,"href":"https:\/\/istressportsbadminton.com\/index.php?rest_route=\/wp\/v2\/pages\/1592\/revisions"}],"predecessor-version":[{"id":1594,"href":"https:\/\/istressportsbadminton.com\/index.php?rest_route=\/wp\/v2\/pages\/1592\/revisions\/1594"}],"wp:attachment":[{"href":"https:\/\/istressportsbadminton.com\/index.php?rest_route=%2Fwp%2Fv2%2Fmedia&parent=1592"}],"curies":[{"name":"wp","href":"https:\/\/api.w.org\/{rel}","templated":true}]}}