{"id":1596,"date":"2016-05-27T14:18:50","date_gmt":"2016-05-27T13:18:50","guid":{"rendered":"http:\/\/istressportsbadminton.com\/?page_id=1596"},"modified":"2016-05-27T14:18:50","modified_gmt":"2016-05-27T13:18:50","slug":"compte-rendu-j10-3","status":"publish","type":"page","link":"https:\/\/istressportsbadminton.com\/?page_id=1596","title":{"rendered":"Compte Rendu J10"},"content":{"rendered":"<p>Le mardi 10 mai se jouait la 10e et derni\u00e8re journ\u00e9e des interclubs d\u00e9partementaux. A cette occasion, l&rsquo;\u00e9quipe 2 du capitaine <strong>Greg<\/strong>, d\u00e9j\u00e0 assur\u00e9 de la 2e place, recevait <strong>Arles<\/strong>, 3e au g\u00e9n\u00e9ral, dans l&rsquo;espoir d&rsquo;un faux pas du leader <strong>aubagnais<\/strong> qui lui permettrait de chiper la 1ere place de la poule (et donc de jouer la 1\/2 finale \u00e0 domicile).<\/p>\n<p>Confront\u00e9 \u00e0 l&rsquo;absence de <strong>Quentin<\/strong>, bless\u00e9, et de <strong>Geoffrey<\/strong>, <strong>Greg<\/strong> avait peu de solution pour composer son \u00e9quipe. Habituellem<span class=\"text_exposed_show\">ent align\u00e9s en simple, <strong>Jean Pierre<\/strong> et <strong>Maxence<\/strong> vont tenir leurs rangs face respectivement \u00e0 Loic Barraud et Manuel Boyer. <strong>Greg<\/strong> en revanche va s&rsquo;incliner face \u00e0 Nicolas Derderian malgr\u00e9 le gain du premier set. Le double homme, quant \u00e0 lui, va donner lieu \u00e0 un match tr\u00e8s spectaculaire et accroch\u00e9 entre <strong>Greg<\/strong> et <strong>JP<\/strong> d&rsquo;un cot\u00e9 et Loic et Manuel de l&rsquo;autre. C&rsquo;est finalement les arlesiens qui vont l&#8217;emporter en 3 sets 21-19 18-21 19-21. Beaucoup moins de suspense lors d&rsquo;un double dame facilement remport\u00e9 par <strong>Agn\u00e8s<\/strong> et <strong>R\u00e9gine<\/strong>. Enfin pour le dernier match de la soir\u00e9e, <strong>Maxence<\/strong> et <strong>R\u00e9gine<\/strong> vont malheureusement rendre les armes au bout du bout du 3e set (21-13 21-23 19-21). Victoire finale 4\/3 d&rsquo;ISB face \u00e0 une belle \u00e9quipe d&rsquo;Arles!<br \/>\nMalheureusement pas de surprise dans l&rsquo;autre match ou <strong>Aubagne<\/strong> n&rsquo;a fait qu&rsquo;une bouch\u00e9e de Vitrolles (7-0). <strong>Istres termine donc 2e<\/strong> de la poule B de d\u00e9partementale 1 avec un bilan de <strong>9 victoires et 1 d\u00e9faite<\/strong> (seulement devanc\u00e9 par Aubagne au match average) et jouera donc la<strong> 1\/2 finale \u00e0 Aix, 1er de la poule A, le mardi 24 mai<\/strong>.<\/span><\/p>\n<p><a href=\"http:\/\/istressportsbadminton.com\/wp-content\/uploads\/2016\/05\/D1-J10.jpg\"><img loading=\"lazy\" class=\"alignnone size-full wp-image-1597\" src=\"http:\/\/istressportsbadminton.com\/wp-content\/uploads\/2016\/05\/D1-J10.jpg\" alt=\"D1 J10\" width=\"1074\" height=\"199\" srcset=\"https:\/\/istressportsbadminton.com\/wp-content\/uploads\/2016\/05\/D1-J10.jpg 1074w, https:\/\/istressportsbadminton.com\/wp-content\/uploads\/2016\/05\/D1-J10-150x28.jpg 150w, https:\/\/istressportsbadminton.com\/wp-content\/uploads\/2016\/05\/D1-J10-300x56.jpg 300w, https:\/\/istressportsbadminton.com\/wp-content\/uploads\/2016\/05\/D1-J10-1024x190.jpg 1024w, https:\/\/istressportsbadminton.com\/wp-content\/uploads\/2016\/05\/D1-J10-5x1.jpg 5w\" sizes=\"(max-width: 709px) 85vw, (max-width: 909px) 67vw, (max-width: 1362px) 62vw, 840px\" \/><\/a><\/p>\n","protected":false},"excerpt":{"rendered":"<p>Le mardi 10 mai se jouait la 10e et derni\u00e8re journ\u00e9e des interclubs d\u00e9partementaux. A cette occasion, l&rsquo;\u00e9quipe 2 du capitaine Greg, d\u00e9j\u00e0 assur\u00e9 de la 2e place, recevait Arles, 3e au g\u00e9n\u00e9ral, dans l&rsquo;espoir d&rsquo;un faux pas du leader aubagnais qui lui permettrait de chiper la 1ere place de la poule (et donc de &hellip; <a href=\"https:\/\/istressportsbadminton.com\/?page_id=1596\" class=\"more-link\">Continuer la lecture<span class=\"screen-reader-text\"> de &laquo;&nbsp;Compte Rendu J10&nbsp;&raquo;<\/span><\/a><\/p>\n","protected":false},"author":3,"featured_media":0,"parent":0,"menu_order":0,"comment_status":"closed","ping_status":"closed","template":"","meta":{"sfsi_plus_gutenberg_text_before_share":"","sfsi_plus_gutenberg_show_text_before_share":"","sfsi_plus_gutenberg_icon_type":"","sfsi_plus_gutenberg_icon_alignemt":"","sfsi_plus_gutenburg_max_per_row":""},"_links":{"self":[{"href":"https:\/\/istressportsbadminton.com\/index.php?rest_route=\/wp\/v2\/pages\/1596"}],"collection":[{"href":"https:\/\/istressportsbadminton.com\/index.php?rest_route=\/wp\/v2\/pages"}],"about":[{"href":"https:\/\/istressportsbadminton.com\/index.php?rest_route=\/wp\/v2\/types\/page"}],"author":[{"embeddable":true,"href":"https:\/\/istressportsbadminton.com\/index.php?rest_route=\/wp\/v2\/users\/3"}],"replies":[{"embeddable":true,"href":"https:\/\/istressportsbadminton.com\/index.php?rest_route=%2Fwp%2Fv2%2Fcomments&post=1596"}],"version-history":[{"count":1,"href":"https:\/\/istressportsbadminton.com\/index.php?rest_route=\/wp\/v2\/pages\/1596\/revisions"}],"predecessor-version":[{"id":1598,"href":"https:\/\/istressportsbadminton.com\/index.php?rest_route=\/wp\/v2\/pages\/1596\/revisions\/1598"}],"wp:attachment":[{"href":"https:\/\/istressportsbadminton.com\/index.php?rest_route=%2Fwp%2Fv2%2Fmedia&parent=1596"}],"curies":[{"name":"wp","href":"https:\/\/api.w.org\/{rel}","templated":true}]}}