{"id":1605,"date":"2016-05-30T12:13:58","date_gmt":"2016-05-30T11:13:58","guid":{"rendered":"http:\/\/istressportsbadminton.com\/?page_id=1605"},"modified":"2016-05-30T12:15:46","modified_gmt":"2016-05-30T11:15:46","slug":"fz-forza-sengage-aupres-de-solibad","status":"publish","type":"page","link":"https:\/\/istressportsbadminton.com\/?page_id=1605","title":{"rendered":"FZ Forza s&rsquo;engage aupr\u00e8s de Solibad"},"content":{"rendered":"<p style=\"text-align: center;\"><span style=\"font-size: 18pt;\"><strong>1% pour Solibad<\/strong><\/span><\/p>\n<p>Paris, le 22 Mai 2016<\/p>\n<p><strong>COMMUNIQU\u00c9 DE PRESSE \u2013 FZ FORZA France s\u2019engage aupr\u00e8s de Solibad<\/strong><\/p>\n<p>La branche fran\u00e7aise de l\u2019\u00e9quipementier Danois FZ FORZA <span style=\"text-decoration: underline;\">va reverser 1% de son chiffre d\u2019affaires annuel<\/span> pour aider les programmes caritatifs de l\u2019Association Solibad, Badminton Sans Fronti\u00e8res, d\u00e8s cette ann\u00e9e.<\/p>\n<p>\u00ab Nous sommes tr\u00e8s heureux de pouvoir soutenir et accompagner Solibad dans leur d\u00e9veloppement en signant ce <a href=\"http:\/\/istressportsbadminton.com\/wp-content\/uploads\/2016\/05\/unnamed1.jpg\"><img loading=\"lazy\" class=\"wp-image-1607 size-thumbnail alignright\" src=\"http:\/\/istressportsbadminton.com\/wp-content\/uploads\/2016\/05\/unnamed1-150x150.jpg\" alt=\"unnamed1\" width=\"150\" height=\"150\" srcset=\"https:\/\/istressportsbadminton.com\/wp-content\/uploads\/2016\/05\/unnamed1-150x150.jpg 150w, https:\/\/istressportsbadminton.com\/wp-content\/uploads\/2016\/05\/unnamed1-300x300.jpg 300w, https:\/\/istressportsbadminton.com\/wp-content\/uploads\/2016\/05\/unnamed1-1x1.jpg 1w, https:\/\/istressportsbadminton.com\/wp-content\/uploads\/2016\/05\/unnamed1.jpg 562w\" sizes=\"(max-width: 150px) 85vw, 150px\" \/><\/a>partenariat fort. Cette association est en parfaite coh\u00e9rence avec l&rsquo;ADN de notre marque, qui est non seulement d&rsquo;\u00eatre un \u00e9quipementier de qualit\u00e9, mais aussi un acteur du d\u00e9veloppement de la communaut\u00e9 badiste \u00bb commente Bruno Galent, Directeur de FZ FORZA France.<\/p>\n<p>L\u2019Association, soutenue par de nombreux clubs, ligues et F\u00e9d\u00e9rations en France et \u00e0 l\u2019\u00e9tranger signe ici un partenariat fort avec une marque de badminton reconnue dans le milieu. Ce partenariat montre la vocation \u00e9co-responsable de la marque Danoise, qui se distingue comme \u00e9tant le premier acteur majeur dans le monde du badminton \u00e0 signer un partenariat avec Solibad.<\/p>\n<p><a href=\"http:\/\/istressportsbadminton.com\/wp-content\/uploads\/2016\/05\/unnamed2.jpg\"><img loading=\"lazy\" class=\"wp-image-1608 size-thumbnail alignleft\" src=\"http:\/\/istressportsbadminton.com\/wp-content\/uploads\/2016\/05\/unnamed2-150x150.jpg\" alt=\"unnamed2\" width=\"150\" height=\"150\" srcset=\"https:\/\/istressportsbadminton.com\/wp-content\/uploads\/2016\/05\/unnamed2-150x150.jpg 150w, https:\/\/istressportsbadminton.com\/wp-content\/uploads\/2016\/05\/unnamed2-300x300.jpg 300w, https:\/\/istressportsbadminton.com\/wp-content\/uploads\/2016\/05\/unnamed2-1x1.jpg 1w, https:\/\/istressportsbadminton.com\/wp-content\/uploads\/2016\/05\/unnamed2.jpg 700w\" sizes=\"(max-width: 150px) 85vw, 150px\" \/><\/a>\u00ab Nous sommes ravis de recevoir ce soutien de FZ FORZA France, avec qui nous esp\u00e9rons travailler sur le long terme, pour r\u00e9aliser de belles actions pour nos programmes. C\u2019est une belle marque de confiance que de nous r\u00e9troc\u00e9der 1% du chiffre d\u2019affaires annuel. De notre c\u00f4t\u00e9, nous nous engageons \u00e0 ce que cet argent soit envoy\u00e9 int\u00e9gralement sur le terrain, comme pour tous les dons des clubs et particuliers \u00bb explique le Pr\u00e9sident de Solibad, Raphael Sachetat.<\/p>\n<p><a href=\"http:\/\/istressportsbadminton.com\/wp-content\/uploads\/2016\/05\/unnamed.png\"><img loading=\"lazy\" class=\"wp-image-1606 size-thumbnail alignright\" src=\"http:\/\/istressportsbadminton.com\/wp-content\/uploads\/2016\/05\/unnamed-150x150.png\" alt=\"unnamed\" width=\"150\" height=\"150\" srcset=\"https:\/\/istressportsbadminton.com\/wp-content\/uploads\/2016\/05\/unnamed-150x150.png 150w, https:\/\/istressportsbadminton.com\/wp-content\/uploads\/2016\/05\/unnamed-300x300.png 300w, https:\/\/istressportsbadminton.com\/wp-content\/uploads\/2016\/05\/unnamed-1x1.png 1w, https:\/\/istressportsbadminton.com\/wp-content\/uploads\/2016\/05\/unnamed.png 700w\" sizes=\"(max-width: 150px) 85vw, 150px\" \/><\/a>Les produits FZ FORZA distribu\u00e9s en France se verront estampill\u00e9s au fur et \u00e0 mesure du logo \u00ab 1% pour Solibad \u00bb, assurant ainsi une visibilit\u00e9 suppl\u00e9mentaire \u00e0 l\u2019Association.<\/p>\n<p>&nbsp;<\/p>\n<p>&nbsp;<\/p>\n<p>Contacts presse :<br \/>\nRaphael Sachetat (Pr\u00e9sident Solibad) : 06 60 68 25 04 raphael@solibad.net<br \/>\nBruno Galent (Directeur FZ FORZA France) : 06 50 55 39 31 bruno.galent@fzforza.fr<\/p>\n","protected":false},"excerpt":{"rendered":"<p>1% pour Solibad Paris, le 22 Mai 2016 COMMUNIQU\u00c9 DE PRESSE \u2013 FZ FORZA France s\u2019engage aupr\u00e8s de Solibad La branche fran\u00e7aise de l\u2019\u00e9quipementier Danois FZ FORZA va reverser 1% de son chiffre d\u2019affaires annuel pour aider les programmes caritatifs de l\u2019Association Solibad, Badminton Sans Fronti\u00e8res, d\u00e8s cette ann\u00e9e. \u00ab Nous sommes tr\u00e8s heureux de &hellip; <a href=\"https:\/\/istressportsbadminton.com\/?page_id=1605\" class=\"more-link\">Continuer la lecture<span class=\"screen-reader-text\"> de &laquo;&nbsp;FZ Forza s&rsquo;engage aupr\u00e8s de Solibad&nbsp;&raquo;<\/span><\/a><\/p>\n","protected":false},"author":3,"featured_media":1606,"parent":0,"menu_order":0,"comment_status":"closed","ping_status":"closed","template":"","meta":{"sfsi_plus_gutenberg_text_before_share":"","sfsi_plus_gutenberg_show_text_before_share":"","sfsi_plus_gutenberg_icon_type":"","sfsi_plus_gutenberg_icon_alignemt":"","sfsi_plus_gutenburg_max_per_row":""},"_links":{"self":[{"href":"https:\/\/istressportsbadminton.com\/index.php?rest_route=\/wp\/v2\/pages\/1605"}],"collection":[{"href":"https:\/\/istressportsbadminton.com\/index.php?rest_route=\/wp\/v2\/pages"}],"about":[{"href":"https:\/\/istressportsbadminton.com\/index.php?rest_route=\/wp\/v2\/types\/page"}],"author":[{"embeddable":true,"href":"https:\/\/istressportsbadminton.com\/index.php?rest_route=\/wp\/v2\/users\/3"}],"replies":[{"embeddable":true,"href":"https:\/\/istressportsbadminton.com\/index.php?rest_route=%2Fwp%2Fv2%2Fcomments&post=1605"}],"version-history":[{"count":3,"href":"https:\/\/istressportsbadminton.com\/index.php?rest_route=\/wp\/v2\/pages\/1605\/revisions"}],"predecessor-version":[{"id":1611,"href":"https:\/\/istressportsbadminton.com\/index.php?rest_route=\/wp\/v2\/pages\/1605\/revisions\/1611"}],"wp:featuredmedia":[{"embeddable":true,"href":"https:\/\/istressportsbadminton.com\/index.php?rest_route=\/wp\/v2\/media\/1606"}],"wp:attachment":[{"href":"https:\/\/istressportsbadminton.com\/index.php?rest_route=%2Fwp%2Fv2%2Fmedia&parent=1605"}],"curies":[{"name":"wp","href":"https:\/\/api.w.org\/{rel}","templated":true}]}}