{"id":171,"date":"2015-11-10T15:05:23","date_gmt":"2015-11-10T15:05:23","guid":{"rendered":"http:\/\/istressportsbadminton.com\/?page_id=171"},"modified":"2015-11-27T00:25:09","modified_gmt":"2015-11-27T00:25:09","slug":"compte-rendu-j1-d1d4","status":"publish","type":"page","link":"https:\/\/istressportsbadminton.com\/?page_id=171","title":{"rendered":"Compte&nbsp;rendu&nbsp;J1&nbsp;D1, D4"},"content":{"rendered":"<p>Salut tout le monde!<\/p>\n<p>D\u00e9but des interclubs la semaine derni\u00e8re pour les \u00e9quipes d&rsquo;ISB avec les 1eres journ\u00e9es de D1 et de D4:<\/p>\n<p>Mardi, et pour sa premi\u00e8re en tant que capitaine, la D1 de Greg recevait l&rsquo;\u00e9quipe d&rsquo;Aubagne qui avait atteint les 1\/2 finale la saison derni\u00e8re seulement \u00e9limin\u00e9 par l&rsquo;\u00e9quipe 1 d&rsquo;ISB future laur\u00e9ate. C&rsquo;est donc avec un sentiment de revanche qu&rsquo;Aubagne se pr\u00e9sentait \u00e0 Donadieu renforc\u00e9e par ses recrues Thibault PASSANANTE et L\u00e9o BALLONGUE. Du c\u00f4t\u00e9 istr\u00e9en aussi on pouvait compter sur les nouveaux Teddy, Maxence, Jean Pierre, Agn\u00e8s et Marine, associ\u00e9s pour ce match aux \u00ab\u00a0anciens\u00a0\u00bb Aur\u00e9lie et Greg pour tenter d&rsquo;offrir une premi\u00e8re victoire \u00e0 leur nouveau club.<br \/>\nEt le d\u00e9but de la rencontre fut laborieux avec une d\u00e9faite, surprise, en 3 sets de Maxence lors du SH2 face \u00e0 l&rsquo;\u00e9tonnant Johan BUSO, 19 ans, d\u00e9j\u00e0 vainqueur de Robert lors des play off de la saison derni\u00e8re.<br \/>\nDans le m\u00eame temps, Agn\u00e8s s&rsquo;incline, \u00e9galement en 3 sets, au terme d&rsquo;un simple dame extr\u00eamement accroch\u00e9 22-20 18-21 17-21 avec quelques regrets \u00e0 la clef.<br \/>\nTeddy quant \u00e0 lui, et malgr\u00e9 quelques frayeurs, fini par remporter le SH1, lui aussi en 3 sets, face \u00e0 Thibault pour porter la marque \u00e0 2-1 en faveur d&rsquo;Aubagne apr\u00e8s les 3 premiers matchs.<br \/>\nEt les affaires ne s&rsquo;arrangent pas vraiment pour ISB dans le SH3 ou l&rsquo;impressionnant L\u00e9o, 17 ans, domine Jean Pierre malgr\u00e9 une belle r\u00e9sistance de notre v\u00e9t\u00e9ran dans le 2e set pour un score final de 21-10 24-22. 3-1 \u00e0 ce moment l\u00e0 pour Aubagne qui se retrouve \u00e0 seulement un point de la victoire&#8230;<br \/>\nMais c&rsquo;\u00e9tait sans compter sur le sursaut d&rsquo;orgueil de nos istreens. Mieux class\u00e9s que leurs adversaires les paires Teddy\/Maxence (visiblement plus \u00e0 l&rsquo;aise en double qu&rsquo;en simple lol) et Marine\/Aur\u00e9lie font respecter la logique en s&rsquo;imposant chacun en 2 sets pour le compte des doubles homme et dame. 3-3 avant le mixte d\u00e9cisif !<br \/>\nEt quelle plus belle entr\u00e9e en mati\u00e8re pour un nouveau capitaine que d&rsquo;avoir l&rsquo;opportunit\u00e9 de rapporter le point d\u00e9cisif \u00e0 son \u00e9quipe ? C&rsquo;est donc le mixte compos\u00e9 d&rsquo;Aurelie et de Greg qui se pr\u00e9sente sur le terrain face \u00e0 Thibault associ\u00e9 \u00e0 Natacha GERAL, peu exp\u00e9riment\u00e9e dans cette cat\u00e9gorie. Malheureusement pour Aubagne, ce manque d&rsquo;exp\u00e9rience va s&rsquo;av\u00e9rer r\u00e9dhibitoire dans un match parfaitement ma\u00eetris\u00e9 par les istreens qui l&#8217;emporte sur le score de 21-16 21-17. C&rsquo;est donc le point de la victoire pour ISB qui remporte ce premier match 4 points \u00e0 3! Bravo \u00e0 Greg et son \u00e9quipe et bravo \u00e9galement \u00e0 l&rsquo;\u00e9quipe d&rsquo;Aubagne que l&rsquo;on risque de retrouver en play off en fin de saison&#8230;<\/p>\n<p>Le lendemain, la d\u00e9partementale 4 du Capitaine Thibaud se d\u00e9pla\u00e7ait \u00e0 Saint Martin de Crau pour l&rsquo;ouverture de sa saison. Oppos\u00e9 \u00e0 l&rsquo;une des plus fortes \u00e9quipes de sa poule, Thibaud avait d\u00e9cid\u00e9 de blinder sa compo lors de ce premier match. Ce sont donc pas moins de 9 joueurs (dont 1 rempla\u00e7ant) qui avaient fait le d\u00e9placement \u00e0 l&rsquo;occasion de cette 1ere journ\u00e9e. Et comme la veille, que ce fut dur !<br \/>\nPourtant oppos\u00e9 \u00e0 un joueur qu&rsquo;il avait d\u00e9j\u00e0 battu, Thibaud s&rsquo;incline des le premier simple homme dans le match l&rsquo;opposant au capitaine adverse Geoffroy MORRA (SH2).<br \/>\nHeureusement que Dorian, align\u00e9 en SH1 contre Marc OLIBER, le sympathique pr\u00e9sident du club, assure et remporte le match en 3 sets 21-13 15-21 21-17. 1-1 apr\u00e8s les deux premiers matchs.<br \/>\nPuis c&rsquo;est au tour de Phil, le capitaine de la R3, de rentrer sur le terrain pour rencontrer en SH3 Vieng LO VAN dont le classement ne refl\u00e8te pas du tout le niveau&#8230; Et apr\u00e8s avoir \u00e9t\u00e9 men\u00e9 1 set \u00e0 0 et 15-10, c&rsquo;est finalement Phil qui l&#8217;emporte au terme d&rsquo;un match \u00e0 rallonge que son adversaire finira sur les rotules.<br \/>\nDans la foul\u00e9e, Am\u00e9lie s&rsquo;incline logiquement en 2 sets contre une Johanna DELMAS plus exp\u00e9riment\u00e9 non sans un sursaut d&rsquo;orgueil de la part de l&rsquo;istreenne dans le 2e set. 2-2 avant les doubles!<br \/>\nPeu de suspense en double homme ou Thibaud, exceptionnellement associ\u00e9 \u00e0 Alex L pour cette rencontre, n&rsquo;ont fait qu&rsquo;une bouch\u00e9e de Marc et de Vieng, visiblement pas tout \u00e0 fait remis de son simple contre Phil.<br \/>\nSc\u00e9nario inverse en DD o\u00f9 Fanny et Tiphaine, associ\u00e9es pour la premi\u00e8re fois, rentrent difficilement dans le match et perdent le 1er set sur le score sans appel de 21-08. Le d\u00e9but du 2e set est nettement plus accroch\u00e9, la pause se faisant sur le score de 11-8 quand, \u00e0 la reprise&#8230; Sur un volant court de leurs adversaires et voulant se projeter au filet, Fanny s&rsquo;effondra au sol se tordant de douleur tout en se tenant la cheville droite. Verdict: Rupture totale du tendon d&rsquo;Achille ! Gros coup dur pour notre Istr\u00e9enne d\u00e9cid\u00e9ment peu \u00e9pargn\u00e9e par les blessures ces derni\u00e8res ann\u00e9es&#8230; Et c&rsquo;est avec tristesse que Fanny quitta ses co\u00e9quipiers sous le choc pour rejoindre l&rsquo;h\u00f4pital d&rsquo;Arles en compagnie des pompiers afin de recevoir les premiers soins. Apr\u00e8s cet \u00e9v\u00e9nement tragique et la perte par abandon du DD les deux \u00e9quipes se retrouvent donc dos \u00e0 dos 3-3 avant le mixte d\u00e9cisif qui se jouera dans une atmosph\u00e8re particuli\u00e8re au vue des circonstances&#8230;<br \/>\nDifficile pour Am\u00e9lie et Franck de se remobiliser apr\u00e8s ce coup du sort, ce qui explique s\u00fbrement leur d\u00e9but de match rat\u00e9. Mais emmen\u00e9 par l&rsquo;exp\u00e9riment\u00e9 Francky, la paire Istr\u00e9enne se r\u00e9veilla et remporta finalement le 1er set 21-19 avant de d\u00e9rouler litt\u00e9ralement dans le second set, malgr\u00e9 une belle r\u00e9sistance de leur adversaire sur la fin du match, 21-17. 4-3. Victoire am\u00e8re pour ISB qui remporte ce premier match mais perd pour une grande partie de la saison une joueuse pleine d&rsquo;humour et de bonne humeur, appr\u00e9ci\u00e9e de tous malgr\u00e9 le peu de temps pass\u00e9 au club. Nous souhaitons \u00e0 Fanny un prompt r\u00e9tablissement en esp\u00e9rant revoir tr\u00e8s vite son sourire sur les terrains.<\/p>\n<p>Bon bilan sportif pour cette premi\u00e8re journ\u00e9e avec 2 victoires au compteur en 2 rencontres pour les \u00e9quipes d&rsquo;Istres Sports Badminton.<br \/>\nOn se retrouve le mardi 17 novembre pour la 2e journ\u00e9e de la D1, de la D4 et le d\u00e9but de la saison pour l&rsquo;\u00e9quipe Promobad qui accueillent respectivement Salon, Simiane et Sausset \u00e0 Donadieu.<\/p>\n<p>Biz!<\/p>\n<p>&nbsp;<\/p>\n<p><a href=\"http:\/\/istressportsbadminton.com\/wp-content\/uploads\/2015\/11\/fanny.jpg\"><img loading=\"lazy\" class=\"alignnone size-medium wp-image-137\" src=\"http:\/\/istressportsbadminton.com\/wp-content\/uploads\/2015\/11\/fanny-300x300.jpg\" alt=\"fanny\" width=\"300\" height=\"300\" srcset=\"https:\/\/istressportsbadminton.com\/wp-content\/uploads\/2015\/11\/fanny-300x300.jpg 300w, https:\/\/istressportsbadminton.com\/wp-content\/uploads\/2015\/11\/fanny-150x150.jpg 150w, https:\/\/istressportsbadminton.com\/wp-content\/uploads\/2015\/11\/fanny-1x1.jpg 1w, https:\/\/istressportsbadminton.com\/wp-content\/uploads\/2015\/11\/fanny.jpg 936w\" sizes=\"(max-width: 300px) 85vw, 300px\" \/><\/a><\/p>\n","protected":false},"excerpt":{"rendered":"<p>Salut tout le monde! D\u00e9but des interclubs la semaine derni\u00e8re pour les \u00e9quipes d&rsquo;ISB avec les 1eres journ\u00e9es de D1 et de D4: Mardi, et pour sa premi\u00e8re en tant que capitaine, la D1 de Greg recevait l&rsquo;\u00e9quipe d&rsquo;Aubagne qui avait atteint les 1\/2 finale la saison derni\u00e8re seulement \u00e9limin\u00e9 par l&rsquo;\u00e9quipe 1 d&rsquo;ISB future &hellip; <a href=\"https:\/\/istressportsbadminton.com\/?page_id=171\" class=\"more-link\">Continuer la lecture<span class=\"screen-reader-text\"> de &laquo;&nbsp;Compte&nbsp;rendu&nbsp;J1&nbsp;D1, D4&nbsp;&raquo;<\/span><\/a><\/p>\n","protected":false},"author":2,"featured_media":0,"parent":0,"menu_order":0,"comment_status":"closed","ping_status":"open","template":"","meta":{"sfsi_plus_gutenberg_text_before_share":"","sfsi_plus_gutenberg_show_text_before_share":"","sfsi_plus_gutenberg_icon_type":"","sfsi_plus_gutenberg_icon_alignemt":"","sfsi_plus_gutenburg_max_per_row":""},"_links":{"self":[{"href":"https:\/\/istressportsbadminton.com\/index.php?rest_route=\/wp\/v2\/pages\/171"}],"collection":[{"href":"https:\/\/istressportsbadminton.com\/index.php?rest_route=\/wp\/v2\/pages"}],"about":[{"href":"https:\/\/istressportsbadminton.com\/index.php?rest_route=\/wp\/v2\/types\/page"}],"author":[{"embeddable":true,"href":"https:\/\/istressportsbadminton.com\/index.php?rest_route=\/wp\/v2\/users\/2"}],"replies":[{"embeddable":true,"href":"https:\/\/istressportsbadminton.com\/index.php?rest_route=%2Fwp%2Fv2%2Fcomments&post=171"}],"version-history":[{"count":5,"href":"https:\/\/istressportsbadminton.com\/index.php?rest_route=\/wp\/v2\/pages\/171\/revisions"}],"predecessor-version":[{"id":267,"href":"https:\/\/istressportsbadminton.com\/index.php?rest_route=\/wp\/v2\/pages\/171\/revisions\/267"}],"wp:attachment":[{"href":"https:\/\/istressportsbadminton.com\/index.php?rest_route=%2Fwp%2Fv2%2Fmedia&parent=171"}],"curies":[{"name":"wp","href":"https:\/\/api.w.org\/{rel}","templated":true}]}}