{"id":174,"date":"2015-11-10T15:27:57","date_gmt":"2015-11-10T15:27:57","guid":{"rendered":"http:\/\/istressportsbadminton.com\/?page_id=174"},"modified":"2016-04-27T14:51:43","modified_gmt":"2016-04-27T13:51:43","slug":"calendrier-r3","status":"publish","type":"page","link":"https:\/\/istressportsbadminton.com\/?page_id=174","title":{"rendered":"Calendrier&nbsp;R3&nbsp;"},"content":{"rendered":"<h3><strong>R\u00e9gionale 3<\/strong><\/h3>\n<p><strong><a href=\"http:\/\/istressportsbadminton.com\/wp-content\/uploads\/2015\/11\/classement-R3.jpg\"><img loading=\"lazy\" class=\"alignnone size-full wp-image-1120\" src=\"http:\/\/istressportsbadminton.com\/wp-content\/uploads\/2015\/11\/classement-R3.jpg\" alt=\"classement R3\" width=\"1260\" height=\"282\" srcset=\"https:\/\/istressportsbadminton.com\/wp-content\/uploads\/2015\/11\/classement-R3.jpg 1260w, https:\/\/istressportsbadminton.com\/wp-content\/uploads\/2015\/11\/classement-R3-300x67.jpg 300w, https:\/\/istressportsbadminton.com\/wp-content\/uploads\/2015\/11\/classement-R3-768x172.jpg 768w, https:\/\/istressportsbadminton.com\/wp-content\/uploads\/2015\/11\/classement-R3-1024x229.jpg 1024w, https:\/\/istressportsbadminton.com\/wp-content\/uploads\/2015\/11\/classement-R3-4x1.jpg 4w\" sizes=\"(max-width: 709px) 85vw, (max-width: 909px) 67vw, (max-width: 1362px) 62vw, 840px\" \/><\/a><\/strong>\u00a0<strong>L&rsquo;\u00e9quipe 1\u00e8re est promue en R2, les 3 derni\u00e8res rel\u00e9gu\u00e9es en D1<\/strong><\/p>\n<p><span style=\"color: #33cccc;\"><strong>J1- Dimanche 22 novembre 2015 \u00e0 Avignon<\/strong><\/span><\/p>\n<ul style=\"list-style-type: disc;\">\n<li>Pernes &#8211; <strong>Istres \u00a0 <span style=\"color: #99cc00;\">0-8\u00a0<a href=\"http:\/\/istressportsbadminton.com\/wp-content\/uploads\/2016\/04\/emoji_u1f3c6.png\"><img loading=\"lazy\" class=\"alignnone size-full wp-image-1322\" src=\"http:\/\/istressportsbadminton.com\/wp-content\/uploads\/2016\/04\/emoji_u1f3c6.png\" alt=\"emoji_u1f3c6\" width=\"25\" height=\"25\" srcset=\"https:\/\/istressportsbadminton.com\/wp-content\/uploads\/2016\/04\/emoji_u1f3c6.png 25w, https:\/\/istressportsbadminton.com\/wp-content\/uploads\/2016\/04\/emoji_u1f3c6-1x1.png 1w\" sizes=\"(max-width: 25px) 85vw, 25px\" \/><\/a><\/span><\/strong><\/li>\n<li>Avignon &#8211; <strong>Istres\u00a0 <span style=\"color: #99cc00;\">1-7\u00a0<a href=\"http:\/\/istressportsbadminton.com\/wp-content\/uploads\/2016\/04\/emoji_u1f3c6.png\"><img loading=\"lazy\" class=\"alignnone size-full wp-image-1322\" src=\"http:\/\/istressportsbadminton.com\/wp-content\/uploads\/2016\/04\/emoji_u1f3c6.png\" alt=\"emoji_u1f3c6\" width=\"25\" height=\"25\" srcset=\"https:\/\/istressportsbadminton.com\/wp-content\/uploads\/2016\/04\/emoji_u1f3c6.png 25w, https:\/\/istressportsbadminton.com\/wp-content\/uploads\/2016\/04\/emoji_u1f3c6-1x1.png 1w\" sizes=\"(max-width: 25px) 85vw, 25px\" \/><\/a><\/span><\/strong><strong><br \/>\n<\/strong><\/li>\n<\/ul>\n<p><strong><span style=\"color: #33cccc;\">J2- Dimanche 12 d\u00e9cembre 2015 \u00e0 Port de Bouc<\/span><\/strong><\/p>\n<ul style=\"list-style-type: disc;\">\n<li>Port de Bouc &#8211; <strong>Istres\u00a0 4-4 \u00a0<\/strong><a href=\"http:\/\/istressportsbadminton.com\/wp-content\/uploads\/2015\/11\/balance-justice.jpg\"><img loading=\"lazy\" class=\"alignnone wp-image-431\" src=\"http:\/\/istressportsbadminton.com\/wp-content\/uploads\/2015\/11\/balance-justice.jpg\" alt=\"balance-justice\" width=\"28\" height=\"22\" srcset=\"https:\/\/istressportsbadminton.com\/wp-content\/uploads\/2015\/11\/balance-justice.jpg 45w, https:\/\/istressportsbadminton.com\/wp-content\/uploads\/2015\/11\/balance-justice-1x1.jpg 1w\" sizes=\"(max-width: 28px) 85vw, 28px\" \/><\/a><strong><br \/>\n<\/strong><\/li>\n<li>Martigues &#8211; <strong>Istres\u00a0 <span style=\"color: #99cc00;\">3-5<\/span><\/strong>\u00a0<strong><span style=\"color: #99cc00;\"><a href=\"http:\/\/istressportsbadminton.com\/wp-content\/uploads\/2016\/04\/emoji_u1f3c6.png\"><img loading=\"lazy\" class=\"alignnone size-full wp-image-1322\" src=\"http:\/\/istressportsbadminton.com\/wp-content\/uploads\/2016\/04\/emoji_u1f3c6.png\" alt=\"emoji_u1f3c6\" width=\"25\" height=\"25\" srcset=\"https:\/\/istressportsbadminton.com\/wp-content\/uploads\/2016\/04\/emoji_u1f3c6.png 25w, https:\/\/istressportsbadminton.com\/wp-content\/uploads\/2016\/04\/emoji_u1f3c6-1x1.png 1w\" sizes=\"(max-width: 25px) 85vw, 25px\" \/><\/a><\/span><\/strong><strong><br \/>\n<\/strong><\/li>\n<\/ul>\n<p><span style=\"color: #33cccc;\"><strong>J3- Dimanche 31 janvier 2016 \u00e0 Istres<\/strong><\/span><\/p>\n<ul style=\"list-style-type: disc;\">\n<li><strong>Istres<\/strong> &#8211; Digne <strong><span style=\"color: #99cc00;\">7-1<a href=\"http:\/\/istressportsbadminton.com\/wp-content\/uploads\/2016\/04\/emoji_u1f3c6.png\"><img loading=\"lazy\" class=\"alignnone size-full wp-image-1322\" src=\"http:\/\/istressportsbadminton.com\/wp-content\/uploads\/2016\/04\/emoji_u1f3c6.png\" alt=\"emoji_u1f3c6\" width=\"25\" height=\"25\" srcset=\"https:\/\/istressportsbadminton.com\/wp-content\/uploads\/2016\/04\/emoji_u1f3c6.png 25w, https:\/\/istressportsbadminton.com\/wp-content\/uploads\/2016\/04\/emoji_u1f3c6-1x1.png 1w\" sizes=\"(max-width: 25px) 85vw, 25px\" \/><\/a><\/span><\/strong><\/li>\n<li><strong>Istres<\/strong> &#8211; Pertuis <strong>4-4\u00a0<a href=\"http:\/\/istressportsbadminton.com\/wp-content\/uploads\/2015\/11\/balance-justice.jpg\"><img loading=\"lazy\" class=\"alignnone wp-image-431\" src=\"http:\/\/istressportsbadminton.com\/wp-content\/uploads\/2015\/11\/balance-justice.jpg\" alt=\"balance-justice\" width=\"28\" height=\"22\" srcset=\"https:\/\/istressportsbadminton.com\/wp-content\/uploads\/2015\/11\/balance-justice.jpg 45w, https:\/\/istressportsbadminton.com\/wp-content\/uploads\/2015\/11\/balance-justice-1x1.jpg 1w\" sizes=\"(max-width: 28px) 85vw, 28px\" \/><\/a><\/strong><\/li>\n<li>Eygui\u00e8res &#8211; <strong>Istres <span style=\"color: #99cc00;\">2-6<\/span>\u00a0<span style=\"color: #99cc00;\"><a href=\"http:\/\/istressportsbadminton.com\/wp-content\/uploads\/2016\/04\/emoji_u1f3c6.png\"><img loading=\"lazy\" class=\"alignnone size-full wp-image-1322\" src=\"http:\/\/istressportsbadminton.com\/wp-content\/uploads\/2016\/04\/emoji_u1f3c6.png\" alt=\"emoji_u1f3c6\" width=\"25\" height=\"25\" srcset=\"https:\/\/istressportsbadminton.com\/wp-content\/uploads\/2016\/04\/emoji_u1f3c6.png 25w, https:\/\/istressportsbadminton.com\/wp-content\/uploads\/2016\/04\/emoji_u1f3c6-1x1.png 1w\" sizes=\"(max-width: 25px) 85vw, 25px\" \/><\/a><\/span><\/strong><\/li>\n<\/ul>\n<p><span style=\"color: #33cccc;\"><strong>J4- Dimanche 28 f\u00e9vrier 2016 \u00e0 Istres<\/strong><\/span><\/p>\n<ul style=\"list-style-type: disc;\">\n<li><strong>Istres<\/strong> &#8211; Pernes \u00a0\u00a0<span style=\"color: #99cc00;\"><strong>7-1<a href=\"http:\/\/istressportsbadminton.com\/wp-content\/uploads\/2016\/04\/emoji_u1f3c6.png\"><img loading=\"lazy\" class=\"alignnone size-full wp-image-1322\" src=\"http:\/\/istressportsbadminton.com\/wp-content\/uploads\/2016\/04\/emoji_u1f3c6.png\" alt=\"emoji_u1f3c6\" width=\"25\" height=\"25\" srcset=\"https:\/\/istressportsbadminton.com\/wp-content\/uploads\/2016\/04\/emoji_u1f3c6.png 25w, https:\/\/istressportsbadminton.com\/wp-content\/uploads\/2016\/04\/emoji_u1f3c6-1x1.png 1w\" sizes=\"(max-width: 25px) 85vw, 25px\" \/><\/a><\/strong><\/span><\/li>\n<li><strong>Istres<\/strong> &#8211; Avignon <span style=\"color: #99cc00;\"><strong>6-2<a href=\"http:\/\/istressportsbadminton.com\/wp-content\/uploads\/2016\/04\/emoji_u1f3c6.png\"><img loading=\"lazy\" class=\"alignnone size-full wp-image-1322\" src=\"http:\/\/istressportsbadminton.com\/wp-content\/uploads\/2016\/04\/emoji_u1f3c6.png\" alt=\"emoji_u1f3c6\" width=\"25\" height=\"25\" srcset=\"https:\/\/istressportsbadminton.com\/wp-content\/uploads\/2016\/04\/emoji_u1f3c6.png 25w, https:\/\/istressportsbadminton.com\/wp-content\/uploads\/2016\/04\/emoji_u1f3c6-1x1.png 1w\" sizes=\"(max-width: 25px) 85vw, 25px\" \/><\/a><\/strong><\/span><\/li>\n<\/ul>\n<p><span style=\"color: #33cccc;\"><strong>J5- Dimanche 20 mars 2016 \u00e0 Eygui\u00e8res<\/strong><\/span><\/p>\n<ul style=\"list-style-type: disc;\">\n<li><strong>Istres<\/strong> &#8211; Port de Bouc <span style=\"color: #99cc00;\"><strong>7-1<a href=\"http:\/\/istressportsbadminton.com\/wp-content\/uploads\/2016\/04\/emoji_u1f3c6.png\"><img loading=\"lazy\" class=\"alignnone size-full wp-image-1322\" src=\"http:\/\/istressportsbadminton.com\/wp-content\/uploads\/2016\/04\/emoji_u1f3c6.png\" alt=\"emoji_u1f3c6\" width=\"25\" height=\"25\" srcset=\"https:\/\/istressportsbadminton.com\/wp-content\/uploads\/2016\/04\/emoji_u1f3c6.png 25w, https:\/\/istressportsbadminton.com\/wp-content\/uploads\/2016\/04\/emoji_u1f3c6-1x1.png 1w\" sizes=\"(max-width: 25px) 85vw, 25px\" \/><\/a><\/strong><\/span><\/li>\n<li><strong>Istres<\/strong> &#8211; Martigues <span style=\"color: #99cc00;\"><strong>7-1<a href=\"http:\/\/istressportsbadminton.com\/wp-content\/uploads\/2016\/04\/emoji_u1f3c6.png\"><img loading=\"lazy\" class=\"alignnone size-full wp-image-1322\" src=\"http:\/\/istressportsbadminton.com\/wp-content\/uploads\/2016\/04\/emoji_u1f3c6.png\" alt=\"emoji_u1f3c6\" width=\"25\" height=\"25\" srcset=\"https:\/\/istressportsbadminton.com\/wp-content\/uploads\/2016\/04\/emoji_u1f3c6.png 25w, https:\/\/istressportsbadminton.com\/wp-content\/uploads\/2016\/04\/emoji_u1f3c6-1x1.png 1w\" sizes=\"(max-width: 25px) 85vw, 25px\" \/><\/a><\/strong><\/span><\/li>\n<\/ul>\n<p><span style=\"color: #33cccc;\"><strong>J6- Dimanche 10 avril 2016 \u00e0 Digne<\/strong><\/span><\/p>\n<ul style=\"list-style-type: disc;\">\n<li>Digne &#8211; <strong>Istres <span style=\"color: #99cc00;\">1-7<a href=\"http:\/\/istressportsbadminton.com\/wp-content\/uploads\/2016\/04\/emoji_u1f3c6.png\"><img loading=\"lazy\" class=\"alignnone size-full wp-image-1322\" src=\"http:\/\/istressportsbadminton.com\/wp-content\/uploads\/2016\/04\/emoji_u1f3c6.png\" alt=\"emoji_u1f3c6\" width=\"25\" height=\"25\" srcset=\"https:\/\/istressportsbadminton.com\/wp-content\/uploads\/2016\/04\/emoji_u1f3c6.png 25w, https:\/\/istressportsbadminton.com\/wp-content\/uploads\/2016\/04\/emoji_u1f3c6-1x1.png 1w\" sizes=\"(max-width: 25px) 85vw, 25px\" \/><\/a><\/span><\/strong><\/li>\n<li>Pertuis &#8211; <strong>Istres <span style=\"color: #99cc00;\">2-6\u00a0<a href=\"http:\/\/istressportsbadminton.com\/wp-content\/uploads\/2016\/04\/emoji_u1f3c6.png\"><img loading=\"lazy\" class=\"alignnone size-full wp-image-1322\" src=\"http:\/\/istressportsbadminton.com\/wp-content\/uploads\/2016\/04\/emoji_u1f3c6.png\" alt=\"emoji_u1f3c6\" width=\"25\" height=\"25\" srcset=\"https:\/\/istressportsbadminton.com\/wp-content\/uploads\/2016\/04\/emoji_u1f3c6.png 25w, https:\/\/istressportsbadminton.com\/wp-content\/uploads\/2016\/04\/emoji_u1f3c6-1x1.png 1w\" sizes=\"(max-width: 25px) 85vw, 25px\" \/><\/a><\/span><\/strong><\/li>\n<li><strong>Istres<\/strong> &#8211; Eygui\u00e8res <span style=\"color: #99cc00;\"><strong>6-2\u00a0<a href=\"http:\/\/istressportsbadminton.com\/wp-content\/uploads\/2016\/04\/emoji_u1f3c6.png\"><img loading=\"lazy\" class=\"alignnone size-full wp-image-1322\" src=\"http:\/\/istressportsbadminton.com\/wp-content\/uploads\/2016\/04\/emoji_u1f3c6.png\" alt=\"emoji_u1f3c6\" width=\"25\" height=\"25\" srcset=\"https:\/\/istressportsbadminton.com\/wp-content\/uploads\/2016\/04\/emoji_u1f3c6.png 25w, https:\/\/istressportsbadminton.com\/wp-content\/uploads\/2016\/04\/emoji_u1f3c6-1x1.png 1w\" sizes=\"(max-width: 25px) 85vw, 25px\" \/><\/a><\/strong><\/span><\/li>\n<\/ul>\n<p style=\"text-align: center;\"><span style=\"color: #993366;\"><strong><span style=\"font-size: 18pt;\">ISTRES promue en R\u00e9gionale 2 !!!<\/span><\/strong><\/span><\/p>\n<p><span style=\"text-decoration: underline;\"><strong><a href=\"http:\/\/www.badnet.org\/badnet\/src\/index.php?ic_a=656385&amp;cb=updateMenu&amp;eventId=5806&amp;action=page:656386;drawId:92006\" target=\"_blank\">Retrouvez tous les r\u00e9sultats et matchs de la saison sur Badnet en cliquant ici<\/a><\/strong><\/span><\/p>\n\n<!-- iframe plugin v.5.1 wordpress.org\/plugins\/iframe\/ -->\n<iframe src=\"http:\/\/www.badnet.org\/badnet\/src\/index.php?ic_a=656385&#038;cb=updateMenu&#038;eventId=5806&#038;action=page:656386;drawId:92006\" width=\"100%\" height=\"500\" scrolling=\"yes\" class=\"iframe-class\" frameborder=\"0\"><\/iframe>\n\n<p>&nbsp;<\/p>\n","protected":false},"excerpt":{"rendered":"<p>R\u00e9gionale 3 \u00a0L&rsquo;\u00e9quipe 1\u00e8re est promue en R2, les 3 derni\u00e8res rel\u00e9gu\u00e9es en D1 J1- Dimanche 22 novembre 2015 \u00e0 Avignon Pernes &#8211; Istres \u00a0 0-8\u00a0 Avignon &#8211; Istres\u00a0 1-7\u00a0 J2- Dimanche 12 d\u00e9cembre 2015 \u00e0 Port de Bouc Port de Bouc &#8211; Istres\u00a0 4-4 \u00a0 Martigues &#8211; Istres\u00a0 3-5\u00a0 J3- Dimanche 31 janvier 2016 &hellip; <a href=\"https:\/\/istressportsbadminton.com\/?page_id=174\" class=\"more-link\">Continuer la lecture<span class=\"screen-reader-text\"> de &laquo;&nbsp;Calendrier&nbsp;R3&nbsp;&nbsp;&raquo;<\/span><\/a><\/p>\n","protected":false},"author":2,"featured_media":0,"parent":0,"menu_order":0,"comment_status":"closed","ping_status":"closed","template":"","meta":{"sfsi_plus_gutenberg_text_before_share":"","sfsi_plus_gutenberg_show_text_before_share":"","sfsi_plus_gutenberg_icon_type":"","sfsi_plus_gutenberg_icon_alignemt":"","sfsi_plus_gutenburg_max_per_row":""},"_links":{"self":[{"href":"https:\/\/istressportsbadminton.com\/index.php?rest_route=\/wp\/v2\/pages\/174"}],"collection":[{"href":"https:\/\/istressportsbadminton.com\/index.php?rest_route=\/wp\/v2\/pages"}],"about":[{"href":"https:\/\/istressportsbadminton.com\/index.php?rest_route=\/wp\/v2\/types\/page"}],"author":[{"embeddable":true,"href":"https:\/\/istressportsbadminton.com\/index.php?rest_route=\/wp\/v2\/users\/2"}],"replies":[{"embeddable":true,"href":"https:\/\/istressportsbadminton.com\/index.php?rest_route=%2Fwp%2Fv2%2Fcomments&post=174"}],"version-history":[{"count":24,"href":"https:\/\/istressportsbadminton.com\/index.php?rest_route=\/wp\/v2\/pages\/174\/revisions"}],"predecessor-version":[{"id":428,"href":"https:\/\/istressportsbadminton.com\/index.php?rest_route=\/wp\/v2\/pages\/174\/revisions\/428"}],"wp:attachment":[{"href":"https:\/\/istressportsbadminton.com\/index.php?rest_route=%2Fwp%2Fv2%2Fmedia&parent=174"}],"curies":[{"name":"wp","href":"https:\/\/api.w.org\/{rel}","templated":true}]}}