{"id":1785,"date":"2016-09-24T16:09:57","date_gmt":"2016-09-24T15:09:57","guid":{"rendered":"http:\/\/istressportsbadminton.com\/?page_id=1785"},"modified":"2016-09-24T16:09:57","modified_gmt":"2016-09-24T15:09:57","slug":"trj-1-pertuis","status":"publish","type":"page","link":"https:\/\/istressportsbadminton.com\/?page_id=1785","title":{"rendered":"TRJ 1 Pertuis"},"content":{"rendered":"<p>Apr\u00e9s <span style=\"color: #33cccc;\"><strong><span style=\"text-decoration: underline;\"><a style=\"color: #33cccc; text-decoration: underline;\" href=\"http:\/\/istressportsbadminton.com\/?p=1766\" target=\"_blank\">le stage du mois d&rsquo;ao\u00fbt<\/a><\/span><\/strong><\/span>, les choses s\u00e9rieuses pouvaient d\u00e9marrer pour le petit\u00a0<strong>Swann Hardi,<\/strong>\u00a0avec un d\u00e9placement le\u00a0weekend des 17 et 18 septembre \u00e0 Pertuis pour le TRJ 1 (Troph\u00e9 R\u00e9gional Jeune).<br \/>\nCe 1er TRJ etait la premi\u00e8re manche d&rsquo;un championnat qui en compte au total 7, r\u00e9partis tout au long de la saison et rapportant des points aux joueurs selon le stade atteint a chaque manche.<\/p>\n<p>Dans sa cat\u00e9gorie Poussin Top A, et suite \u00e0 ses exploits de la saison pass\u00e9e, <strong>Swann<\/strong> avait le redoutable honneur de se pr\u00e9senter comme t\u00eate de s\u00e9rie numero 1\u00a0pour le tournoi de simple. Et il allait rapidement faire\u00a0honneur \u00e0 son statut d\u00e9s la phase de poule avec 3 victoires bien maitris\u00e9es en autant de match, et une belle aggressivit\u00e9 malgr\u00e9 quelques fautes d&rsquo;inattention et parfois quelques mauvais choix.<br \/>\n\u00c7a passe donc pour Swann qui \u00e0 rendez vous en demi finale contre le petit Nathan Peters du SMUC. Et m\u00eame si quelques fautes au service et des revers qui ne passent pas le handicapent, <strong>Swann<\/strong>, gr\u00e2ce \u00e0\u00a0un bon jeu de jambes et une entame r\u00e9ussie, passe l&rsquo;obstacle 21-13 \/ 21-13, et se qualifie ainsi pour la finale.<\/p>\n<p><a href=\"http:\/\/istressportsbadminton.com\/wp-content\/uploads\/2016\/09\/Swann-TRJ1.jpg\"><img loading=\"lazy\" class=\"alignleft wp-image-1787 size-medium\" src=\"http:\/\/istressportsbadminton.com\/wp-content\/uploads\/2016\/09\/Swann-TRJ1-169x300.jpg\" alt=\"Swann TRJ1\" width=\"169\" height=\"300\" srcset=\"https:\/\/istressportsbadminton.com\/wp-content\/uploads\/2016\/09\/Swann-TRJ1-169x300.jpg 169w, https:\/\/istressportsbadminton.com\/wp-content\/uploads\/2016\/09\/Swann-TRJ1-84x150.jpg 84w, https:\/\/istressportsbadminton.com\/wp-content\/uploads\/2016\/09\/Swann-TRJ1-576x1024.jpg 576w, https:\/\/istressportsbadminton.com\/wp-content\/uploads\/2016\/09\/Swann-TRJ1-1x1.jpg 1w, https:\/\/istressportsbadminton.com\/wp-content\/uploads\/2016\/09\/Swann-TRJ1.jpg 1152w\" sizes=\"(max-width: 169px) 85vw, 169px\" \/><\/a><\/p>\n<p>Il y retrouve Tao Lambert d&rsquo;Aix qu&rsquo;il a battu quelques heures plus t\u00f4t lors du dernier match de poule. Et pour cette premi\u00e8re finale de l&rsquo;ann\u00e9e, <strong>Swann<\/strong> r\u00e9pond pr\u00e9sent et fait preuve d&rsquo;un beau sens tactique construisant\u00a0tr\u00e9s bien ses points, d\u00e9bordant r\u00e9guli\u00e8rement Tao. Et contrairement \u00e0 leur affrontement des poules lors duquel l&rsquo;istr\u00e9en avait \u00e9t\u00e9 f\u00e9brile, cette fois-ci <strong>Swann<\/strong> ne tremble pas et remporte le match 21-11 \/ 21-13 , son premier tournoi de l&rsquo;ann\u00e9e, et ram\u00e8ne <strong>le premier titre pour ISB<\/strong>.\u00a0<a href=\"http:\/\/istressportsbadminton.com\/wp-content\/uploads\/2016\/04\/emoji_u1f3c6.png\"><img loading=\"lazy\" class=\"alignnone size-full wp-image-1322\" src=\"http:\/\/istressportsbadminton.com\/wp-content\/uploads\/2016\/04\/emoji_u1f3c6.png\" alt=\"Victoire\" width=\"25\" height=\"25\" srcset=\"https:\/\/istressportsbadminton.com\/wp-content\/uploads\/2016\/04\/emoji_u1f3c6.png 25w, https:\/\/istressportsbadminton.com\/wp-content\/uploads\/2016\/04\/emoji_u1f3c6-1x1.png 1w\" sizes=\"(max-width: 25px) 85vw, 25px\" \/><\/a>\u00a0Bravo!!!!!!<\/p>\n<p>&nbsp;<\/p>\n<p>Mais le weekend \u00e9tait loin d&rsquo;\u00eatre\u00a0fini,\u00a0d&rsquo;autres exploits \u00e9taient a attendre d\u00e8s le lendemain en double.<\/p>\n<p>&nbsp;<\/p>\n<p>&nbsp;<\/p>\n<p>Swann faisait donc \u00e9quipe avec Tim\u00e9o Lacour (Brian\u00e7on) pour une premi\u00e8re association qui promettait entre les deux meilleurs Poussins de la r\u00e9gion PACA. Et dans une poule unique \u00e0 4 \u00e9quipes, Swan et Tim\u00e9o vont parfaitement assumer leur rang et survoler la comp\u00e9tition, les 3 matchs remport\u00e9s\u00a0ais\u00e9ment pour\u00a0s&rsquo;adjuger le titre, une premi\u00e8re\u00a0sans doute d&rsquo;une longue s\u00e9rie? \u00a0<a href=\"http:\/\/istressportsbadminton.com\/wp-content\/uploads\/2016\/04\/emoji_u1f3c6.png\"><img loading=\"lazy\" class=\"alignnone size-full wp-image-1322\" src=\"http:\/\/istressportsbadminton.com\/wp-content\/uploads\/2016\/04\/emoji_u1f3c6.png\" alt=\"Victoire\" width=\"25\" height=\"25\" srcset=\"https:\/\/istressportsbadminton.com\/wp-content\/uploads\/2016\/04\/emoji_u1f3c6.png 25w, https:\/\/istressportsbadminton.com\/wp-content\/uploads\/2016\/04\/emoji_u1f3c6-1x1.png 1w\" sizes=\"(max-width: 25px) 85vw, 25px\" \/><\/a><\/p>\n<p>La conclusion d&rsquo;un weekend parfait pour <strong>Swann<\/strong>, qui offre par la m\u00eame <strong>les deux premier titres pour ISB\u00a0<\/strong>pour une saison qui d\u00e9bute ainsi sur les chapeaux de roues! Bravo!!<a href=\"http:\/\/istressportsbadminton.com\/wp-content\/uploads\/2016\/09\/Swann-TRJ1-2.jpg\"><img loading=\"lazy\" class=\"wp-image-1788 aligncenter\" src=\"http:\/\/istressportsbadminton.com\/wp-content\/uploads\/2016\/09\/Swann-TRJ1-2-169x300.jpg\" alt=\"Swann TRJ1 (2)\" width=\"293\" height=\"520\" srcset=\"https:\/\/istressportsbadminton.com\/wp-content\/uploads\/2016\/09\/Swann-TRJ1-2-169x300.jpg 169w, https:\/\/istressportsbadminton.com\/wp-content\/uploads\/2016\/09\/Swann-TRJ1-2-84x150.jpg 84w, https:\/\/istressportsbadminton.com\/wp-content\/uploads\/2016\/09\/Swann-TRJ1-2-576x1024.jpg 576w, https:\/\/istressportsbadminton.com\/wp-content\/uploads\/2016\/09\/Swann-TRJ1-2-1x1.jpg 1w, https:\/\/istressportsbadminton.com\/wp-content\/uploads\/2016\/09\/Swann-TRJ1-2.jpg 1152w\" sizes=\"(max-width: 293px) 85vw, 293px\" \/><\/a><\/p>\n<p>&nbsp;<\/p>\n<p>&nbsp;<\/p>\n<p>&nbsp;<\/p>\n<p>&nbsp;<\/p>\n","protected":false},"excerpt":{"rendered":"<p>Apr\u00e9s le stage du mois d&rsquo;ao\u00fbt, les choses s\u00e9rieuses pouvaient d\u00e9marrer pour le petit\u00a0Swann Hardi,\u00a0avec un d\u00e9placement le\u00a0weekend des 17 et 18 septembre \u00e0 Pertuis pour le TRJ 1 (Troph\u00e9 R\u00e9gional Jeune). Ce 1er TRJ etait la premi\u00e8re manche d&rsquo;un championnat qui en compte au total 7, r\u00e9partis tout au long de la saison et &hellip; <a href=\"https:\/\/istressportsbadminton.com\/?page_id=1785\" class=\"more-link\">Continuer la lecture<span class=\"screen-reader-text\"> de &laquo;&nbsp;TRJ 1 Pertuis&nbsp;&raquo;<\/span><\/a><\/p>\n","protected":false},"author":3,"featured_media":0,"parent":0,"menu_order":0,"comment_status":"closed","ping_status":"closed","template":"","meta":{"sfsi_plus_gutenberg_text_before_share":"","sfsi_plus_gutenberg_show_text_before_share":"","sfsi_plus_gutenberg_icon_type":"","sfsi_plus_gutenberg_icon_alignemt":"","sfsi_plus_gutenburg_max_per_row":""},"_links":{"self":[{"href":"https:\/\/istressportsbadminton.com\/index.php?rest_route=\/wp\/v2\/pages\/1785"}],"collection":[{"href":"https:\/\/istressportsbadminton.com\/index.php?rest_route=\/wp\/v2\/pages"}],"about":[{"href":"https:\/\/istressportsbadminton.com\/index.php?rest_route=\/wp\/v2\/types\/page"}],"author":[{"embeddable":true,"href":"https:\/\/istressportsbadminton.com\/index.php?rest_route=\/wp\/v2\/users\/3"}],"replies":[{"embeddable":true,"href":"https:\/\/istressportsbadminton.com\/index.php?rest_route=%2Fwp%2Fv2%2Fcomments&post=1785"}],"version-history":[{"count":17,"href":"https:\/\/istressportsbadminton.com\/index.php?rest_route=\/wp\/v2\/pages\/1785\/revisions"}],"predecessor-version":[{"id":1805,"href":"https:\/\/istressportsbadminton.com\/index.php?rest_route=\/wp\/v2\/pages\/1785\/revisions\/1805"}],"wp:attachment":[{"href":"https:\/\/istressportsbadminton.com\/index.php?rest_route=%2Fwp%2Fv2%2Fmedia&parent=1785"}],"curies":[{"name":"wp","href":"https:\/\/api.w.org\/{rel}","templated":true}]}}