{"id":180,"date":"2015-11-10T15:42:29","date_gmt":"2015-11-10T15:42:29","guid":{"rendered":"http:\/\/istressportsbadminton.com\/?page_id=180"},"modified":"2016-10-27T10:55:51","modified_gmt":"2016-10-27T09:55:51","slug":"calendrier-d1-2","status":"publish","type":"page","link":"https:\/\/istressportsbadminton.com\/?page_id=180","title":{"rendered":"Calendrier\/Classement&nbsp;D1&nbsp;&nbsp;&nbsp;"},"content":{"rendered":"<h3><strong>D\u00e9partementale 1 &#8211; Poule B<\/strong><\/h3>\n<h5><a href=\"http:\/\/istressportsbadminton.com\/wp-content\/uploads\/2016\/05\/D1-J10.jpg\"><img loading=\"lazy\" class=\"alignnone size-full wp-image-1597\" src=\"http:\/\/istressportsbadminton.com\/wp-content\/uploads\/2016\/05\/D1-J10.jpg\" alt=\"D1 J10\" width=\"1074\" height=\"199\" srcset=\"https:\/\/istressportsbadminton.com\/wp-content\/uploads\/2016\/05\/D1-J10.jpg 1074w, https:\/\/istressportsbadminton.com\/wp-content\/uploads\/2016\/05\/D1-J10-150x28.jpg 150w, https:\/\/istressportsbadminton.com\/wp-content\/uploads\/2016\/05\/D1-J10-300x56.jpg 300w, https:\/\/istressportsbadminton.com\/wp-content\/uploads\/2016\/05\/D1-J10-1024x190.jpg 1024w, https:\/\/istressportsbadminton.com\/wp-content\/uploads\/2016\/05\/D1-J10-5x1.jpg 5w\" sizes=\"(max-width: 709px) 85vw, (max-width: 909px) 67vw, (max-width: 1362px) 62vw, 840px\" \/><\/a><\/h5>\n<p><span style=\"font-size: 10pt;\"><strong>Les 2 premi\u00e8res \u00e9quipes qualifi\u00e9es pour les demi-finales de play-off, seule le vainqueur des play-off acc\u00e8de en R3<\/strong><\/span><\/p>\n<p><strong><span style=\"color: #33cccc;\">&#8211; J1<\/span><\/strong>\u00a0<strong><span style=\"color: #33cccc;\">Mardi 3 novembre 2015:<\/span>\u00a0\u00a0<\/strong><strong>Istres<\/strong> &#8211; Aubagne\u00a0 <span style=\"color: #99cc00;\"><strong>4-3<\/strong><\/span> \u00a0<a href=\"http:\/\/istressportsbadminton.com\/wp-content\/uploads\/2016\/04\/emoji_u1f3c6.png\"><img loading=\"lazy\" class=\"alignnone size-full wp-image-1322\" src=\"http:\/\/istressportsbadminton.com\/wp-content\/uploads\/2016\/04\/emoji_u1f3c6.png\" alt=\"emoji_u1f3c6\" width=\"25\" height=\"25\" srcset=\"https:\/\/istressportsbadminton.com\/wp-content\/uploads\/2016\/04\/emoji_u1f3c6.png 25w, https:\/\/istressportsbadminton.com\/wp-content\/uploads\/2016\/04\/emoji_u1f3c6-1x1.png 1w\" sizes=\"(max-width: 25px) 85vw, 25px\" \/><\/a><br \/>\n<strong><span style=\"color: #33cccc;\">&#8211; J2 Mardi 17 novembre 2015:<\/span><\/strong>\u00a0\u00a0<strong>Istres<\/strong> &#8211; Salon\u00a0 <span style=\"color: #99cc00;\"><strong>5-2<\/strong><\/span>\u00a0<a href=\"http:\/\/istressportsbadminton.com\/wp-content\/uploads\/2016\/04\/emoji_u1f3c6.png\"><img loading=\"lazy\" class=\"alignnone size-full wp-image-1322\" src=\"http:\/\/istressportsbadminton.com\/wp-content\/uploads\/2016\/04\/emoji_u1f3c6.png\" alt=\"emoji_u1f3c6\" width=\"25\" height=\"25\" srcset=\"https:\/\/istressportsbadminton.com\/wp-content\/uploads\/2016\/04\/emoji_u1f3c6.png 25w, https:\/\/istressportsbadminton.com\/wp-content\/uploads\/2016\/04\/emoji_u1f3c6-1x1.png 1w\" sizes=\"(max-width: 25px) 85vw, 25px\" \/><\/a><br \/>\n<strong><span style=\"color: #33cccc;\">&#8211; J3 Mardi 8 d\u00e9cembre 2015:<\/span><\/strong>\u00a0\u00a0<strong>Istres<\/strong> &#8211; Vitrolles\u00a0 <strong><span style=\"color: #99cc00;\">6-1<\/span>\u00a0<a href=\"http:\/\/istressportsbadminton.com\/wp-content\/uploads\/2016\/04\/emoji_u1f3c6.png\"><img loading=\"lazy\" class=\"alignnone size-full wp-image-1322\" src=\"http:\/\/istressportsbadminton.com\/wp-content\/uploads\/2016\/04\/emoji_u1f3c6.png\" alt=\"emoji_u1f3c6\" width=\"25\" height=\"25\" srcset=\"https:\/\/istressportsbadminton.com\/wp-content\/uploads\/2016\/04\/emoji_u1f3c6.png 25w, https:\/\/istressportsbadminton.com\/wp-content\/uploads\/2016\/04\/emoji_u1f3c6-1x1.png 1w\" sizes=\"(max-width: 25px) 85vw, 25px\" \/><\/a><\/strong><br \/>\n<strong><span style=\"color: #33cccc;\">&#8211; J4 Lundi 11 janvier 2016:<\/span><\/strong>\u00a0 Port de Bouc &#8211; <strong>Istres \u00a0<span style=\"color: #99cc00;\">0-7<\/span><\/strong>\u00a0<a href=\"http:\/\/istressportsbadminton.com\/wp-content\/uploads\/2016\/04\/emoji_u1f3c6.png\"><img loading=\"lazy\" class=\"alignnone size-full wp-image-1322\" src=\"http:\/\/istressportsbadminton.com\/wp-content\/uploads\/2016\/04\/emoji_u1f3c6.png\" alt=\"emoji_u1f3c6\" width=\"25\" height=\"25\" srcset=\"https:\/\/istressportsbadminton.com\/wp-content\/uploads\/2016\/04\/emoji_u1f3c6.png 25w, https:\/\/istressportsbadminton.com\/wp-content\/uploads\/2016\/04\/emoji_u1f3c6-1x1.png 1w\" sizes=\"(max-width: 25px) 85vw, 25px\" \/><\/a><br \/>\n<strong><span style=\"color: #33cccc;\">&#8211; J5 Mardi 26 janvier 2016:<\/span><\/strong>\u00a0 Arles &#8211; <strong>Istres <span style=\"color: #99cc00;\">2-5<\/span><\/strong>\u00a0<a href=\"http:\/\/istressportsbadminton.com\/wp-content\/uploads\/2016\/04\/emoji_u1f3c6.png\"><img loading=\"lazy\" class=\"alignnone size-full wp-image-1322\" src=\"http:\/\/istressportsbadminton.com\/wp-content\/uploads\/2016\/04\/emoji_u1f3c6.png\" alt=\"emoji_u1f3c6\" width=\"25\" height=\"25\" srcset=\"https:\/\/istressportsbadminton.com\/wp-content\/uploads\/2016\/04\/emoji_u1f3c6.png 25w, https:\/\/istressportsbadminton.com\/wp-content\/uploads\/2016\/04\/emoji_u1f3c6-1x1.png 1w\" sizes=\"(max-width: 25px) 85vw, 25px\" \/><\/a><br \/>\n<strong><span style=\"color: #33cccc;\">&#8211; J6 Mercredi 24 f\u00e9vrier 2016:<\/span>\u00a0\u00a0<\/strong>Aubagne &#8211; <strong>Istres \u00a0<span style=\"color: #ff0000;\">4-3\u00a0<a href=\"http:\/\/istressportsbadminton.com\/wp-content\/uploads\/2016\/04\/defaite.png\"><img loading=\"lazy\" class=\"alignnone size-full wp-image-1373\" src=\"http:\/\/istressportsbadminton.com\/wp-content\/uploads\/2016\/04\/defaite.png\" alt=\"defaite\" width=\"25\" height=\"25\" srcset=\"https:\/\/istressportsbadminton.com\/wp-content\/uploads\/2016\/04\/defaite.png 25w, https:\/\/istressportsbadminton.com\/wp-content\/uploads\/2016\/04\/defaite-1x1.png 1w\" sizes=\"(max-width: 25px) 85vw, 25px\" \/><\/a><\/span>\u00a0<\/strong><br \/>\n<strong><span style=\"color: #33cccc;\">&#8211; J7 Lundi 7 mars 2016:<\/span>\u00a0\u00a0<\/strong>Salon &#8211; <strong>Istres <span style=\"color: #99cc00;\">2-4<\/span>\u00a0<a href=\"http:\/\/istressportsbadminton.com\/wp-content\/uploads\/2016\/04\/emoji_u1f3c6.png\"><img loading=\"lazy\" class=\"alignnone size-full wp-image-1322\" src=\"http:\/\/istressportsbadminton.com\/wp-content\/uploads\/2016\/04\/emoji_u1f3c6.png\" alt=\"emoji_u1f3c6\" width=\"25\" height=\"25\" srcset=\"https:\/\/istressportsbadminton.com\/wp-content\/uploads\/2016\/04\/emoji_u1f3c6.png 25w, https:\/\/istressportsbadminton.com\/wp-content\/uploads\/2016\/04\/emoji_u1f3c6-1x1.png 1w\" sizes=\"(max-width: 25px) 85vw, 25px\" \/><\/a><\/strong><br \/>\n<strong><span style=\"color: #33cccc;\">&#8211; J8 Mardi 22 mars 2016:<\/span><\/strong>\u00a0 Vitrolles &#8211; <strong>Istres \u00a0<span style=\"color: #99cc00;\">2-5<\/span>\u00a0<a href=\"http:\/\/istressportsbadminton.com\/wp-content\/uploads\/2016\/04\/emoji_u1f3c6.png\"><img loading=\"lazy\" class=\"alignnone size-full wp-image-1322\" src=\"http:\/\/istressportsbadminton.com\/wp-content\/uploads\/2016\/04\/emoji_u1f3c6.png\" alt=\"emoji_u1f3c6\" width=\"25\" height=\"25\" srcset=\"https:\/\/istressportsbadminton.com\/wp-content\/uploads\/2016\/04\/emoji_u1f3c6.png 25w, https:\/\/istressportsbadminton.com\/wp-content\/uploads\/2016\/04\/emoji_u1f3c6-1x1.png 1w\" sizes=\"(max-width: 25px) 85vw, 25px\" \/><\/a><\/strong><br \/>\n<strong><span style=\"color: #33cccc;\">&#8211; J9 Mardi 19 avril 2016:<\/span><\/strong>\u00a0\u00a0<strong>Istres<\/strong> &#8211; Port de Bouc <span style=\"color: #99cc00;\"><strong>7-0\u00a0<a href=\"http:\/\/istressportsbadminton.com\/wp-content\/uploads\/2016\/04\/emoji_u1f3c6.png\"><img loading=\"lazy\" class=\"alignnone size-full wp-image-1322\" src=\"http:\/\/istressportsbadminton.com\/wp-content\/uploads\/2016\/04\/emoji_u1f3c6.png\" alt=\"emoji_u1f3c6\" width=\"25\" height=\"25\" srcset=\"https:\/\/istressportsbadminton.com\/wp-content\/uploads\/2016\/04\/emoji_u1f3c6.png 25w, https:\/\/istressportsbadminton.com\/wp-content\/uploads\/2016\/04\/emoji_u1f3c6-1x1.png 1w\" sizes=\"(max-width: 25px) 85vw, 25px\" \/><\/a><\/strong><\/span><br \/>\n<strong><span style=\"color: #33cccc;\">&#8211; J10 Mardi 10 mai 2016:<\/span><\/strong>\u00a0\u00a0<strong>Istres<\/strong> &#8211; Arles <strong><span style=\"color: #99cc00;\">4-3\u00a0<a href=\"http:\/\/istressportsbadminton.com\/wp-content\/uploads\/2016\/04\/emoji_u1f3c6.png\"><img loading=\"lazy\" class=\"alignnone size-full wp-image-1322\" src=\"http:\/\/istressportsbadminton.com\/wp-content\/uploads\/2016\/04\/emoji_u1f3c6.png\" alt=\"Victoire\" width=\"25\" height=\"25\" srcset=\"https:\/\/istressportsbadminton.com\/wp-content\/uploads\/2016\/04\/emoji_u1f3c6.png 25w, https:\/\/istressportsbadminton.com\/wp-content\/uploads\/2016\/04\/emoji_u1f3c6-1x1.png 1w\" sizes=\"(max-width: 25px) 85vw, 25px\" \/><\/a><\/span><\/strong><\/p>\n<p><span style=\"color: #33cccc;\"><strong>-Playoff:<\/strong><\/span><strong><br \/>\n<span style=\"color: #33cccc;\">1\/2 finale : Mardi 24 mai, \u00e0 Aix: \u00a0 \u00a0 \u00a0<\/span><\/strong>Aix &#8211; <strong>Istres<\/strong> <span style=\"color: #ff0000;\"><strong>5-2\u00a0<a href=\"http:\/\/istressportsbadminton.com\/wp-content\/uploads\/2016\/04\/defaite.png\"><img loading=\"lazy\" class=\"alignnone size-full wp-image-1373\" src=\"http:\/\/istressportsbadminton.com\/wp-content\/uploads\/2016\/04\/defaite.png\" alt=\"defaite\" width=\"25\" height=\"25\" srcset=\"https:\/\/istressportsbadminton.com\/wp-content\/uploads\/2016\/04\/defaite.png 25w, https:\/\/istressportsbadminton.com\/wp-content\/uploads\/2016\/04\/defaite-1x1.png 1w\" sizes=\"(max-width: 25px) 85vw, 25px\" \/><\/a><\/strong><\/span><\/p>\n<p><strong><span style=\"color: #33cccc;\">Match 3\u00e8me place: samedi\u00a011 Juin, \u00e0 Sausset: \u00a0 \u00a0 \u00a0 \u00a0<\/span><\/strong><strong>Istres<\/strong> &#8211; Trets\u00a0<strong>\u00a0<span style=\"color: #ff0000;\">5-0\u00a0<a href=\"http:\/\/istressportsbadminton.com\/wp-content\/uploads\/2016\/04\/defaite.png\"><img loading=\"lazy\" class=\"alignnone size-full wp-image-1373\" src=\"http:\/\/istressportsbadminton.com\/wp-content\/uploads\/2016\/04\/defaite.png\" alt=\"defaite\" width=\"25\" height=\"25\" srcset=\"https:\/\/istressportsbadminton.com\/wp-content\/uploads\/2016\/04\/defaite.png 25w, https:\/\/istressportsbadminton.com\/wp-content\/uploads\/2016\/04\/defaite-1x1.png 1w\" sizes=\"(max-width: 25px) 85vw, 25px\" \/><\/a><\/span><\/strong><\/p>\n<p><span style=\"color: #ff9900;\"><strong><span style=\"font-size: 14pt;\">\u21d2 ISB 2 fini 4\u00e8me de D\u00e9partemental 1 !<\/span><\/strong><\/span><\/p>\n<p><span style=\"color: #ff9900;\">Bilan de la saison, 9V 3D, 54 Matchs gagn\u00e9s, 29 Matchs perdus<\/span><\/p>\n<p><span style=\"text-decoration: underline;\"><span style=\"color: #00ccff;\"><strong><a style=\"color: #00ccff; text-decoration: underline;\" href=\"http:\/\/www.badnet.org\/badnet\/src\/index.php?ic_a=656385&amp;cb=updateMenu&amp;eventId=5926&amp;action=page:656386;drawId:93354\" target=\"_blank\">Retrouvez tous les r\u00e9sultats des matchs de la saison sur Badnet en cliquant ici<\/a><\/strong><\/span><\/span><\/p>\n\n<!-- iframe plugin v.5.1 wordpress.org\/plugins\/iframe\/ -->\n<iframe src=\"http:\/\/www.badnet.org\/badnet\/src\/index.php?ic_a=656385&#038;cb=updateMenu&#038;eventId=5926&#038;action=page:656386;drawId:93354\" width=\"100%\" height=\"500\" scrolling=\"yes\" class=\"iframe-class\" frameborder=\"0\"><\/iframe>\n\n","protected":false},"excerpt":{"rendered":"<p>D\u00e9partementale 1 &#8211; Poule B Les 2 premi\u00e8res \u00e9quipes qualifi\u00e9es pour les demi-finales de play-off, seule le vainqueur des play-off acc\u00e8de en R3 &#8211; J1\u00a0Mardi 3 novembre 2015:\u00a0\u00a0Istres &#8211; Aubagne\u00a0 4-3 \u00a0 &#8211; J2 Mardi 17 novembre 2015:\u00a0\u00a0Istres &#8211; Salon\u00a0 5-2\u00a0 &#8211; J3 Mardi 8 d\u00e9cembre 2015:\u00a0\u00a0Istres &#8211; Vitrolles\u00a0 6-1\u00a0 &#8211; J4 Lundi 11 janvier &hellip; <a href=\"https:\/\/istressportsbadminton.com\/?page_id=180\" class=\"more-link\">Continuer la lecture<span class=\"screen-reader-text\"> de &laquo;&nbsp;Calendrier\/Classement&nbsp;D1&nbsp;&nbsp;&nbsp;&nbsp;&raquo;<\/span><\/a><\/p>\n","protected":false},"author":2,"featured_media":0,"parent":0,"menu_order":0,"comment_status":"closed","ping_status":"open","template":"","meta":{"sfsi_plus_gutenberg_text_before_share":"","sfsi_plus_gutenberg_show_text_before_share":"","sfsi_plus_gutenberg_icon_type":"","sfsi_plus_gutenberg_icon_alignemt":"","sfsi_plus_gutenburg_max_per_row":""},"_links":{"self":[{"href":"https:\/\/istressportsbadminton.com\/index.php?rest_route=\/wp\/v2\/pages\/180"}],"collection":[{"href":"https:\/\/istressportsbadminton.com\/index.php?rest_route=\/wp\/v2\/pages"}],"about":[{"href":"https:\/\/istressportsbadminton.com\/index.php?rest_route=\/wp\/v2\/types\/page"}],"author":[{"embeddable":true,"href":"https:\/\/istressportsbadminton.com\/index.php?rest_route=\/wp\/v2\/users\/2"}],"replies":[{"embeddable":true,"href":"https:\/\/istressportsbadminton.com\/index.php?rest_route=%2Fwp%2Fv2%2Fcomments&post=180"}],"version-history":[{"count":35,"href":"https:\/\/istressportsbadminton.com\/index.php?rest_route=\/wp\/v2\/pages\/180\/revisions"}],"predecessor-version":[{"id":1890,"href":"https:\/\/istressportsbadminton.com\/index.php?rest_route=\/wp\/v2\/pages\/180\/revisions\/1890"}],"wp:attachment":[{"href":"https:\/\/istressportsbadminton.com\/index.php?rest_route=%2Fwp%2Fv2%2Fmedia&parent=180"}],"curies":[{"name":"wp","href":"https:\/\/api.w.org\/{rel}","templated":true}]}}