{"id":1831,"date":"2016-09-30T11:20:50","date_gmt":"2016-09-30T10:20:50","guid":{"rendered":"http:\/\/istressportsbadminton.com\/?page_id=1831"},"modified":"2017-04-19T11:46:39","modified_gmt":"2017-04-19T10:46:39","slug":"calendrier-r1","status":"publish","type":"page","link":"https:\/\/istressportsbadminton.com\/?page_id=1831","title":{"rendered":"Calendrier&nbsp;R1&nbsp;"},"content":{"rendered":"<h3><strong>R\u00e9gionale\u00a01 <\/strong><\/h3>\n<h3><span style=\"font-size: 10pt;\">Retrouvez le classement actualis\u00e9 en bas de page<\/span><\/h3>\n<p>A l&rsquo;issue de la saison, les <strong>2 premi\u00e8res<\/strong> \u00e9quipes de R1 sont<strong> promues en Pr\u00e9-National (PN)<\/strong>. Les <strong>2 derni\u00e8res<\/strong> \u00e9quipes de R1 sont <strong>rel\u00e9gu\u00e9es en R2<\/strong>.<\/p>\n<p><span style=\"font-size: 12pt; color: #99cc00;\"><strong>Istres promu en Pr\u00e9-national !!!\u00a0<\/strong><\/span><\/p>\n<p><span style=\"color: #33cccc;\"><strong>J1- Dimanche 6\u00a0novembre 2016, \u00e0 Vitrolles:\u00a0<\/strong><\/span><\/p>\n<p>Pernes &#8211; <strong>Istres \u00a0<span style=\"color: #99cc00;\">2-6<\/span>\u00a0<a href=\"http:\/\/istressportsbadminton.com\/wp-content\/uploads\/2016\/04\/emoji_u1f3c6.png\"><img loading=\"lazy\" class=\"alignnone size-full wp-image-1322\" src=\"http:\/\/istressportsbadminton.com\/wp-content\/uploads\/2016\/04\/emoji_u1f3c6.png\" alt=\"Victoire\" width=\"25\" height=\"25\" srcset=\"https:\/\/istressportsbadminton.com\/wp-content\/uploads\/2016\/04\/emoji_u1f3c6.png 25w, https:\/\/istressportsbadminton.com\/wp-content\/uploads\/2016\/04\/emoji_u1f3c6-1x1.png 1w\" sizes=\"(max-width: 25px) 85vw, 25px\" \/><\/a><\/strong><br \/>\nSalon &#8211; <strong>Istres<\/strong> <strong>4-4<\/strong>\u00a0<a href=\"http:\/\/istressportsbadminton.com\/wp-content\/uploads\/2015\/11\/balance-justice.jpg\"><img loading=\"lazy\" class=\"alignnone size-full wp-image-431\" src=\"http:\/\/istressportsbadminton.com\/wp-content\/uploads\/2015\/11\/balance-justice.jpg\" alt=\"Egallit\u00e9\" width=\"45\" height=\"35\" srcset=\"https:\/\/istressportsbadminton.com\/wp-content\/uploads\/2015\/11\/balance-justice.jpg 45w, https:\/\/istressportsbadminton.com\/wp-content\/uploads\/2015\/11\/balance-justice-1x1.jpg 1w\" sizes=\"(max-width: 45px) 85vw, 45px\" \/><\/a><br \/>\nVitrolles &#8211; <strong>Istres<\/strong> <strong>4-4<\/strong>\u00a0<a href=\"http:\/\/istressportsbadminton.com\/wp-content\/uploads\/2015\/11\/balance-justice.jpg\"><img loading=\"lazy\" class=\"alignnone size-full wp-image-431\" src=\"http:\/\/istressportsbadminton.com\/wp-content\/uploads\/2015\/11\/balance-justice.jpg\" alt=\"Egallit\u00e9\" width=\"45\" height=\"35\" srcset=\"https:\/\/istressportsbadminton.com\/wp-content\/uploads\/2015\/11\/balance-justice.jpg 45w, https:\/\/istressportsbadminton.com\/wp-content\/uploads\/2015\/11\/balance-justice-1x1.jpg 1w\" sizes=\"(max-width: 45px) 85vw, 45px\" \/><\/a><\/p>\n<p><strong><span style=\"color: #33cccc;\">J2- Dimanche 27 novembre 2016, \u00e0 Antibes:<\/span><\/strong><\/p>\n<p>Antibes &#8211; <strong>Istres <span style=\"color: #ff0000;\">5-3<\/span>\u00a0<a href=\"http:\/\/istressportsbadminton.com\/wp-content\/uploads\/2016\/04\/defaite.png\"><img loading=\"lazy\" class=\"alignnone size-full wp-image-1373\" src=\"http:\/\/istressportsbadminton.com\/wp-content\/uploads\/2016\/04\/defaite.png\" alt=\"defaite\" width=\"25\" height=\"25\" srcset=\"https:\/\/istressportsbadminton.com\/wp-content\/uploads\/2016\/04\/defaite.png 25w, https:\/\/istressportsbadminton.com\/wp-content\/uploads\/2016\/04\/defaite-1x1.png 1w\" sizes=\"(max-width: 25px) 85vw, 25px\" \/><\/a><\/strong><br \/>\nNice &#8211; <strong>Istres <span style=\"color: #99cc00;\">2-6<\/span>\u00a0<a href=\"http:\/\/istressportsbadminton.com\/wp-content\/uploads\/2016\/04\/emoji_u1f3c6.png\"><img loading=\"lazy\" class=\"alignnone size-full wp-image-1322\" src=\"http:\/\/istressportsbadminton.com\/wp-content\/uploads\/2016\/04\/emoji_u1f3c6.png\" alt=\"Victoire\" width=\"25\" height=\"25\" srcset=\"https:\/\/istressportsbadminton.com\/wp-content\/uploads\/2016\/04\/emoji_u1f3c6.png 25w, https:\/\/istressportsbadminton.com\/wp-content\/uploads\/2016\/04\/emoji_u1f3c6-1x1.png 1w\" sizes=\"(max-width: 25px) 85vw, 25px\" \/><\/a><\/strong><\/p>\n<p><span style=\"color: #33cccc;\"><strong>J3- Dimanche 18 decembre\u00a02016, \u00e0 Vitrolles:<\/strong><\/span><\/p>\n<p><strong>Istres<\/strong> &#8211; Aix \u00a0<strong>4-4<\/strong>\u00a0<a href=\"http:\/\/istressportsbadminton.com\/wp-content\/uploads\/2015\/11\/balance-justice.jpg\"><img loading=\"lazy\" class=\"alignnone size-full wp-image-431\" src=\"http:\/\/istressportsbadminton.com\/wp-content\/uploads\/2015\/11\/balance-justice.jpg\" alt=\"Egallit\u00e9\" width=\"45\" height=\"35\" srcset=\"https:\/\/istressportsbadminton.com\/wp-content\/uploads\/2015\/11\/balance-justice.jpg 45w, https:\/\/istressportsbadminton.com\/wp-content\/uploads\/2015\/11\/balance-justice-1x1.jpg 1w\" sizes=\"(max-width: 45px) 85vw, 45px\" \/><\/a><br \/>\nCannes &#8211; <strong>Istres\u00a0 <span style=\"color: #99cc00;\">2-6<\/span>\u00a0<a href=\"http:\/\/istressportsbadminton.com\/wp-content\/uploads\/2016\/04\/emoji_u1f3c6.png\"><img loading=\"lazy\" class=\"alignnone size-full wp-image-1322\" src=\"http:\/\/istressportsbadminton.com\/wp-content\/uploads\/2016\/04\/emoji_u1f3c6.png\" alt=\"Victoire\" width=\"25\" height=\"25\" srcset=\"https:\/\/istressportsbadminton.com\/wp-content\/uploads\/2016\/04\/emoji_u1f3c6.png 25w, https:\/\/istressportsbadminton.com\/wp-content\/uploads\/2016\/04\/emoji_u1f3c6-1x1.png 1w\" sizes=\"(max-width: 25px) 85vw, 25px\" \/><\/a><\/strong><\/p>\n<p><span style=\"color: #33cccc;\"><strong>J4- Dimanche 29 janvier 2017, \u00e0 Salon:<\/strong><\/span><\/p>\n<p><strong>Istres<\/strong> &#8211; Pernes <strong>4-4\u00a0<a href=\"http:\/\/istressportsbadminton.com\/wp-content\/uploads\/2015\/11\/balance-justice.jpg\"><img loading=\"lazy\" class=\"alignnone size-full wp-image-431\" src=\"http:\/\/istressportsbadminton.com\/wp-content\/uploads\/2015\/11\/balance-justice.jpg\" alt=\"Egallit\u00e9\" width=\"45\" height=\"35\" srcset=\"https:\/\/istressportsbadminton.com\/wp-content\/uploads\/2015\/11\/balance-justice.jpg 45w, https:\/\/istressportsbadminton.com\/wp-content\/uploads\/2015\/11\/balance-justice-1x1.jpg 1w\" sizes=\"(max-width: 45px) 85vw, 45px\" \/><\/a><\/strong><br \/>\n<strong>Istres<\/strong> &#8211; Salon <span style=\"color: #99cc00;\"><strong>7-1<a href=\"http:\/\/istressportsbadminton.com\/wp-content\/uploads\/2016\/04\/emoji_u1f3c6.png\"><img loading=\"lazy\" class=\"alignnone size-full wp-image-1322\" src=\"http:\/\/istressportsbadminton.com\/wp-content\/uploads\/2016\/04\/emoji_u1f3c6.png\" alt=\"Victoire\" width=\"25\" height=\"25\" srcset=\"https:\/\/istressportsbadminton.com\/wp-content\/uploads\/2016\/04\/emoji_u1f3c6.png 25w, https:\/\/istressportsbadminton.com\/wp-content\/uploads\/2016\/04\/emoji_u1f3c6-1x1.png 1w\" sizes=\"(max-width: 25px) 85vw, 25px\" \/><\/a><\/strong><\/span><br \/>\n<strong>Istres<\/strong> &#8211; Vitrolles\u00a0 <span style=\"color: #99cc00;\"><strong>6-2<\/strong><strong><a href=\"http:\/\/istressportsbadminton.com\/wp-content\/uploads\/2016\/04\/emoji_u1f3c6.png\"><img loading=\"lazy\" class=\"alignnone size-full wp-image-1322\" src=\"http:\/\/istressportsbadminton.com\/wp-content\/uploads\/2016\/04\/emoji_u1f3c6.png\" alt=\"Victoire\" width=\"25\" height=\"25\" srcset=\"https:\/\/istressportsbadminton.com\/wp-content\/uploads\/2016\/04\/emoji_u1f3c6.png 25w, https:\/\/istressportsbadminton.com\/wp-content\/uploads\/2016\/04\/emoji_u1f3c6-1x1.png 1w\" sizes=\"(max-width: 25px) 85vw, 25px\" \/><\/a><\/strong><\/span><\/p>\n<p><span style=\"color: #33cccc;\"><strong>J5- Dimanche 19 mars 2017, \u00e0 Istres:<br \/>\n<\/strong><\/span><\/p>\n<p><strong>Istres<\/strong> &#8211; Antibes\u00a0<span style=\"color: #99cc00;\"><strong>6-2<\/strong><\/span><strong><a href=\"http:\/\/istressportsbadminton.com\/wp-content\/uploads\/2016\/04\/emoji_u1f3c6.png\"><img loading=\"lazy\" class=\"alignnone size-full wp-image-1322\" src=\"http:\/\/istressportsbadminton.com\/wp-content\/uploads\/2016\/04\/emoji_u1f3c6.png\" alt=\"Victoire\" width=\"25\" height=\"25\" srcset=\"https:\/\/istressportsbadminton.com\/wp-content\/uploads\/2016\/04\/emoji_u1f3c6.png 25w, https:\/\/istressportsbadminton.com\/wp-content\/uploads\/2016\/04\/emoji_u1f3c6-1x1.png 1w\" sizes=\"(max-width: 25px) 85vw, 25px\" \/><\/a><\/strong><br \/>\n<strong>Istres<\/strong> &#8211; Nice <span style=\"color: #99cc00;\"><strong>7-1<\/strong><\/span>\u00a0<strong><a href=\"http:\/\/istressportsbadminton.com\/wp-content\/uploads\/2016\/04\/emoji_u1f3c6.png\"><img loading=\"lazy\" class=\"alignnone size-full wp-image-1322\" src=\"http:\/\/istressportsbadminton.com\/wp-content\/uploads\/2016\/04\/emoji_u1f3c6.png\" alt=\"Victoire\" width=\"25\" height=\"25\" srcset=\"https:\/\/istressportsbadminton.com\/wp-content\/uploads\/2016\/04\/emoji_u1f3c6.png 25w, https:\/\/istressportsbadminton.com\/wp-content\/uploads\/2016\/04\/emoji_u1f3c6-1x1.png 1w\" sizes=\"(max-width: 25px) 85vw, 25px\" \/><\/a><\/strong><\/p>\n<p><span style=\"color: #33cccc;\"><strong>J6-\u00a0Dimanche 9 avril 2017, \u00e0 Aix:<\/strong><\/span><\/p>\n<p>Aix &#8211; <strong>Istres<span style=\"color: #ff0000;\"> 5-3\u00a0<a href=\"http:\/\/istressportsbadminton.com\/wp-content\/uploads\/2016\/04\/defaite.png\"><img loading=\"lazy\" class=\"alignnone size-full wp-image-1373\" src=\"http:\/\/istressportsbadminton.com\/wp-content\/uploads\/2016\/04\/defaite.png\" alt=\"defaite\" width=\"25\" height=\"25\" srcset=\"https:\/\/istressportsbadminton.com\/wp-content\/uploads\/2016\/04\/defaite.png 25w, https:\/\/istressportsbadminton.com\/wp-content\/uploads\/2016\/04\/defaite-1x1.png 1w\" sizes=\"(max-width: 25px) 85vw, 25px\" \/><\/a><\/span><\/strong><br \/>\n<strong>Istres<\/strong> &#8211; Cannes <strong><span style=\"color: #99cc00;\">5-3\u00a0<a href=\"http:\/\/istressportsbadminton.com\/wp-content\/uploads\/2016\/04\/emoji_u1f3c6.png\"><img loading=\"lazy\" class=\"alignnone size-full wp-image-1322\" src=\"http:\/\/istressportsbadminton.com\/wp-content\/uploads\/2016\/04\/emoji_u1f3c6.png\" alt=\"Victoire\" width=\"25\" height=\"25\" srcset=\"https:\/\/istressportsbadminton.com\/wp-content\/uploads\/2016\/04\/emoji_u1f3c6.png 25w, https:\/\/istressportsbadminton.com\/wp-content\/uploads\/2016\/04\/emoji_u1f3c6-1x1.png 1w\" sizes=\"(max-width: 25px) 85vw, 25px\" \/><\/a><\/span><\/strong><\/p>\n<p><span style=\"text-decoration: underline;\"><strong><a href=\"http:\/\/www.badnet.org\/badnet\/src\/index.php?ic_a=656385&amp;cb=updateMenu&amp;eventId=6835&amp;action=page:656386;drawId:110431\" target=\"_blank\">Retrouvez tous les r\u00e9sultats et matchs de la saison sur Badnet en cliquant ici<\/a><\/strong><\/span><\/p>\n\n<!-- iframe plugin v.5.1 wordpress.org\/plugins\/iframe\/ -->\n<iframe src=\"http:\/\/www.badnet.org\/badnet\/src\/index.php?ic_a=656385&#038;cb=updateMenu&#038;eventId=6835&#038;action=page:656386;drawId:110431\" width=\"100%\" height=\"500\" scrolling=\"yes\" class=\"iframe-class\" frameborder=\"0\"><\/iframe>\n\n","protected":false},"excerpt":{"rendered":"<p>R\u00e9gionale\u00a01 Retrouvez le classement actualis\u00e9 en bas de page A l&rsquo;issue de la saison, les 2 premi\u00e8res \u00e9quipes de R1 sont promues en Pr\u00e9-National (PN). Les 2 derni\u00e8res \u00e9quipes de R1 sont rel\u00e9gu\u00e9es en R2. Istres promu en Pr\u00e9-national !!!\u00a0 J1- Dimanche 6\u00a0novembre 2016, \u00e0 Vitrolles:\u00a0 Pernes &#8211; Istres \u00a02-6\u00a0 Salon &#8211; Istres 4-4\u00a0 Vitrolles &hellip; <a href=\"https:\/\/istressportsbadminton.com\/?page_id=1831\" class=\"more-link\">Continuer la lecture<span class=\"screen-reader-text\"> de &laquo;&nbsp;Calendrier&nbsp;R1&nbsp;&nbsp;&raquo;<\/span><\/a><\/p>\n","protected":false},"author":3,"featured_media":0,"parent":0,"menu_order":0,"comment_status":"closed","ping_status":"closed","template":"","meta":{"sfsi_plus_gutenberg_text_before_share":"","sfsi_plus_gutenberg_show_text_before_share":"","sfsi_plus_gutenberg_icon_type":"","sfsi_plus_gutenberg_icon_alignemt":"","sfsi_plus_gutenburg_max_per_row":""},"_links":{"self":[{"href":"https:\/\/istressportsbadminton.com\/index.php?rest_route=\/wp\/v2\/pages\/1831"}],"collection":[{"href":"https:\/\/istressportsbadminton.com\/index.php?rest_route=\/wp\/v2\/pages"}],"about":[{"href":"https:\/\/istressportsbadminton.com\/index.php?rest_route=\/wp\/v2\/types\/page"}],"author":[{"embeddable":true,"href":"https:\/\/istressportsbadminton.com\/index.php?rest_route=\/wp\/v2\/users\/3"}],"replies":[{"embeddable":true,"href":"https:\/\/istressportsbadminton.com\/index.php?rest_route=%2Fwp%2Fv2%2Fcomments&post=1831"}],"version-history":[{"count":12,"href":"https:\/\/istressportsbadminton.com\/index.php?rest_route=\/wp\/v2\/pages\/1831\/revisions"}],"predecessor-version":[{"id":1836,"href":"https:\/\/istressportsbadminton.com\/index.php?rest_route=\/wp\/v2\/pages\/1831\/revisions\/1836"}],"wp:attachment":[{"href":"https:\/\/istressportsbadminton.com\/index.php?rest_route=%2Fwp%2Fv2%2Fmedia&parent=1831"}],"curies":[{"name":"wp","href":"https:\/\/api.w.org\/{rel}","templated":true}]}}