{"id":1834,"date":"2016-09-30T11:29:40","date_gmt":"2016-09-30T10:29:40","guid":{"rendered":"http:\/\/istressportsbadminton.com\/?page_id=1834"},"modified":"2017-04-26T14:47:35","modified_gmt":"2017-04-26T13:47:35","slug":"calendrier-r2","status":"publish","type":"page","link":"https:\/\/istressportsbadminton.com\/?page_id=1834","title":{"rendered":"Calendrier&nbsp;R2&nbsp;"},"content":{"rendered":"<h3><strong>R\u00e9gionale\u00a02, Alpes<\/strong><\/h3>\n<p>Retrouvez le classement actualis\u00e9 en bas de page<br \/>\nA l&rsquo;issue de la saison, <strong>l&rsquo;\u00e9quipe premi\u00e8re<\/strong>\u00a0est <strong>promue<\/strong> en R1, les <strong>3 derni\u00e8res<\/strong> sont <strong>rel\u00e9gu\u00e9es<\/strong> en D\u00e9partemental 1.<\/p>\n<p><span style=\"font-size: 14pt; color: #ff0000;\"><strong>Istres, champion de R\u00e9gionale 2 et promu en R\u00e9gionale 1!!<\/strong><\/span><\/p>\n<p><span style=\"color: #33cccc;\"><strong>J1- Dimanche 6 novembre 2016, \u00e0 Istres:<\/strong><\/span><\/p>\n<p>Batie Neuve &#8211; Istres <span style=\"color: #99cc00;\"><strong>3-5\u00a0<a href=\"http:\/\/istressportsbadminton.com\/wp-content\/uploads\/2016\/04\/emoji_u1f3c6.png\"><img loading=\"lazy\" class=\"alignnone size-full wp-image-1322\" src=\"http:\/\/istressportsbadminton.com\/wp-content\/uploads\/2016\/04\/emoji_u1f3c6.png\" alt=\"Victoire\" width=\"25\" height=\"25\" srcset=\"https:\/\/istressportsbadminton.com\/wp-content\/uploads\/2016\/04\/emoji_u1f3c6.png 25w, https:\/\/istressportsbadminton.com\/wp-content\/uploads\/2016\/04\/emoji_u1f3c6-1x1.png 1w\" sizes=\"(max-width: 25px) 85vw, 25px\" \/><\/a><\/strong><\/span><\/p>\n<p>Manosque &#8211; Istres <span style=\"color: #99cc00;\"><strong>1-7<\/strong><\/span>\u00a0<strong><a href=\"http:\/\/istressportsbadminton.com\/wp-content\/uploads\/2016\/04\/emoji_u1f3c6.png\"><img loading=\"lazy\" class=\"alignnone size-full wp-image-1322\" src=\"http:\/\/istressportsbadminton.com\/wp-content\/uploads\/2016\/04\/emoji_u1f3c6.png\" alt=\"Victoire\" width=\"25\" height=\"25\" srcset=\"https:\/\/istressportsbadminton.com\/wp-content\/uploads\/2016\/04\/emoji_u1f3c6.png 25w, https:\/\/istressportsbadminton.com\/wp-content\/uploads\/2016\/04\/emoji_u1f3c6-1x1.png 1w\" sizes=\"(max-width: 25px) 85vw, 25px\" \/><\/a><\/strong><\/p>\n<p><strong><span style=\"color: #33cccc;\">J2- Dimanche 27 novembre 2016, \u00e0 Martigues:<\/span><\/strong><\/p>\n<p><strong>Istres<\/strong> &#8211; SMUC <span style=\"color: #99cc00;\"><strong>5-3<\/strong><\/span>\u00a0<img src=\"http:\/\/istressportsbadminton.com\/wp-content\/uploads\/2016\/04\/emoji_u1f3c6.png\" alt=\"Victoire\" \/><br \/>\nEygui\u00e8res &#8211; <strong>Istres <span style=\"color: #99cc00;\">3-5<\/span>\u00a0<img src=\"http:\/\/istressportsbadminton.com\/wp-content\/uploads\/2016\/04\/emoji_u1f3c6.png\" alt=\"Victoire\" \/><\/strong><\/p>\n<p><span style=\"color: #33cccc;\"><strong>J3- Dimanche 18 decembre\u00a02016, \u00e0 L&rsquo;Isle sur la Sorgue:<\/strong><\/span><\/p>\n<p>Isle sur la \u00a0Sorgue &#8211; <strong>Istres\u00a0<span style=\"color: #99cc00;\">3-5<\/span>\u00a0<img src=\"http:\/\/istressportsbadminton.com\/wp-content\/uploads\/2016\/04\/emoji_u1f3c6.png\" alt=\"Victoire\" \/><\/strong><br \/>\nPernes &#8211; <strong>Istres\u00a0<span style=\"color: #99cc00;\">3-5<\/span>\u00a0<img src=\"http:\/\/istressportsbadminton.com\/wp-content\/uploads\/2016\/04\/emoji_u1f3c6.png\" alt=\"Victoire\" \/><\/strong><br \/>\n<strong>Istres<\/strong> &#8211; Martigues\u00a0<strong><span style=\"color: #99cc00;\">5<\/span><span style=\"color: #99cc00;\">-3<\/span>\u00a0<img src=\"http:\/\/istressportsbadminton.com\/wp-content\/uploads\/2016\/04\/emoji_u1f3c6.png\" alt=\"Victoire\" \/><\/strong><\/p>\n<p><span style=\"color: #33cccc;\"><strong>J4- Dimanche 29 janvier 2017 :<\/strong><\/span><\/p>\n<p><strong>Istres &#8211; <\/strong>Batie Neuve<span style=\"color: #99cc00;\"><strong> 5-3\u00a0<img src=\"http:\/\/istressportsbadminton.com\/wp-content\/uploads\/2016\/04\/emoji_u1f3c6.png\" alt=\"Victoire\" \/><\/strong><\/span><\/p>\n<p><strong>Istres<\/strong> &#8211; Manosque <span style=\"color: #99cc00;\"><strong>6-2\u00a0<img src=\"http:\/\/istressportsbadminton.com\/wp-content\/uploads\/2016\/04\/emoji_u1f3c6.png\" alt=\"Victoire\" \/><\/strong><\/span><\/p>\n<p><span style=\"color: #33cccc;\"><strong>J5- Dimanche 19 mars 2017, \u00e0 Eygui\u00e8res:<br \/>\n<\/strong><\/span><\/p>\n<p>SMUC &#8211; <strong>Istres 4-4\u00a0<a href=\"http:\/\/istressportsbadminton.com\/wp-content\/uploads\/2015\/11\/balance-justice.jpg\"><img loading=\"lazy\" class=\"alignnone  wp-image-431\" src=\"http:\/\/istressportsbadminton.com\/wp-content\/uploads\/2015\/11\/balance-justice.jpg\" alt=\"Egallit\u00e9\" width=\"32\" height=\"25\" srcset=\"https:\/\/istressportsbadminton.com\/wp-content\/uploads\/2015\/11\/balance-justice.jpg 45w, https:\/\/istressportsbadminton.com\/wp-content\/uploads\/2015\/11\/balance-justice-1x1.jpg 1w\" sizes=\"(max-width: 32px) 85vw, 32px\" \/><\/a><\/strong><br \/>\n<strong>Istres<\/strong> &#8211; Eygui\u00e8res <span style=\"color: #99cc00;\"><strong>5-3 <strong><img src=\"http:\/\/istressportsbadminton.com\/wp-content\/uploads\/2016\/04\/emoji_u1f3c6.png\" alt=\"Victoire\" \/><\/strong><\/strong><\/span><\/p>\n<p><span style=\"color: #33cccc;\"><strong>J6-\u00a0Dimanche 9 avril 2017, \u00e0 Pernes:<\/strong><\/span><\/p>\n<p><strong>Istres<\/strong> &#8211; Isles sur la Sorgues <span style=\"color: #99cc00;\"><strong>6-2\u00a0<img src=\"http:\/\/istressportsbadminton.com\/wp-content\/uploads\/2016\/04\/emoji_u1f3c6.png\" alt=\"Victoire\" \/><\/strong><\/span><br \/>\n<strong>Istres<\/strong> &#8211; Pernes <span style=\"color: #99cc00;\"><strong>7-1<\/strong><\/span>\u00a0<strong><img src=\"http:\/\/istressportsbadminton.com\/wp-content\/uploads\/2016\/04\/emoji_u1f3c6.png\" alt=\"Victoire\" \/><\/strong><br \/>\nMartigues &#8211; <strong>Istres <span style=\"color: #99cc00;\">1-7<img src=\"http:\/\/istressportsbadminton.com\/wp-content\/uploads\/2016\/04\/emoji_u1f3c6.png\" alt=\"Victoire\" \/><\/span><\/strong><\/p>\n<p><span style=\"text-decoration: underline;\"><strong><a href=\"http:\/\/www.badnet.org\/badnet\/src\/index.php?ic_a=656385&amp;cb=updateMenu&amp;eventId=6835&amp;action=page:656386;drawId:110433\" target=\"_blank\">Retrouvez tous les r\u00e9sultats et matchs de la saison sur Badnet en cliquant ici<\/a><\/strong><\/span><\/p>\n\n<!-- iframe plugin v.5.1 wordpress.org\/plugins\/iframe\/ -->\n<iframe src=\"http:\/\/www.badnet.org\/badnet\/src\/index.php?ic_a=656385&#038;cb=updateMenu&#038;eventId=6835&#038;action=page:656386;drawId:110433\" width=\"100%\" height=\"500\" scrolling=\"yes\" class=\"iframe-class\" frameborder=\"0\"><\/iframe>\n\n","protected":false},"excerpt":{"rendered":"<p>R\u00e9gionale\u00a02, Alpes Retrouvez le classement actualis\u00e9 en bas de page A l&rsquo;issue de la saison, l&rsquo;\u00e9quipe premi\u00e8re\u00a0est promue en R1, les 3 derni\u00e8res sont rel\u00e9gu\u00e9es en D\u00e9partemental 1. Istres, champion de R\u00e9gionale 2 et promu en R\u00e9gionale 1!! J1- Dimanche 6 novembre 2016, \u00e0 Istres: Batie Neuve &#8211; Istres 3-5\u00a0 Manosque &#8211; Istres 1-7\u00a0 J2- &hellip; <a href=\"https:\/\/istressportsbadminton.com\/?page_id=1834\" class=\"more-link\">Continuer la lecture<span class=\"screen-reader-text\"> de &laquo;&nbsp;Calendrier&nbsp;R2&nbsp;&nbsp;&raquo;<\/span><\/a><\/p>\n","protected":false},"author":3,"featured_media":0,"parent":0,"menu_order":0,"comment_status":"closed","ping_status":"closed","template":"","meta":{"sfsi_plus_gutenberg_text_before_share":"","sfsi_plus_gutenberg_show_text_before_share":"","sfsi_plus_gutenberg_icon_type":"","sfsi_plus_gutenberg_icon_alignemt":"","sfsi_plus_gutenburg_max_per_row":""},"_links":{"self":[{"href":"https:\/\/istressportsbadminton.com\/index.php?rest_route=\/wp\/v2\/pages\/1834"}],"collection":[{"href":"https:\/\/istressportsbadminton.com\/index.php?rest_route=\/wp\/v2\/pages"}],"about":[{"href":"https:\/\/istressportsbadminton.com\/index.php?rest_route=\/wp\/v2\/types\/page"}],"author":[{"embeddable":true,"href":"https:\/\/istressportsbadminton.com\/index.php?rest_route=\/wp\/v2\/users\/3"}],"replies":[{"embeddable":true,"href":"https:\/\/istressportsbadminton.com\/index.php?rest_route=%2Fwp%2Fv2%2Fcomments&post=1834"}],"version-history":[{"count":10,"href":"https:\/\/istressportsbadminton.com\/index.php?rest_route=\/wp\/v2\/pages\/1834\/revisions"}],"predecessor-version":[{"id":2671,"href":"https:\/\/istressportsbadminton.com\/index.php?rest_route=\/wp\/v2\/pages\/1834\/revisions\/2671"}],"wp:attachment":[{"href":"https:\/\/istressportsbadminton.com\/index.php?rest_route=%2Fwp%2Fv2%2Fmedia&parent=1834"}],"curies":[{"name":"wp","href":"https:\/\/api.w.org\/{rel}","templated":true}]}}