{"id":1889,"date":"2016-10-27T11:11:25","date_gmt":"2016-10-27T10:11:25","guid":{"rendered":"http:\/\/istressportsbadminton.com\/?page_id=1889"},"modified":"2017-04-26T15:00:53","modified_gmt":"2017-04-26T14:00:53","slug":"calendrier-d3","status":"publish","type":"page","link":"https:\/\/istressportsbadminton.com\/?page_id=1889","title":{"rendered":"Calendrier&nbsp;D3&nbsp;"},"content":{"rendered":"<h3><strong>D\u00e9partementale 3\u00a0&#8211; Poule B<\/strong><\/h3>\n<p>Retrouvez le classement actualis\u00e9 en bas de page.<\/p>\n<h5><span style=\"font-size: 10pt;\"><strong>Les 2 premi\u00e8res \u00e9quipes qualifi\u00e9es pour les demi-finales de play-off contre les 2 premi\u00e8res de l&rsquo;autre poule. Les 2 finalistes sont promus en D2.<\/strong><\/span><br \/>\n<span style=\"font-size: 10pt;\"><strong>L&rsquo;\u00e9quipe derniere de la poule est rel\u00e9gu\u00e9e en D4.<\/strong><\/span><\/h5>\n<p><span style=\"color: #ff0000; font-size: 12pt;\"><strong>Istres termine 3\u00e8me de D\u00e9partementale 3 et n&rsquo;acc\u00e9de pas aux playoff<\/strong><\/span><\/p>\n<p><strong><span style=\"color: #33cccc;\">&#8211; J1<\/span><\/strong>\u00a0<strong><span style=\"color: #33cccc;\">Mardi 15\u00a0novembre 2016:<\/span>\u00a0\u00a0<\/strong><strong>Istres<\/strong> &#8211;\u00a0Salon <span style=\"color: #99cc00;\"><strong>4-2\u00a0<a href=\"http:\/\/istressportsbadminton.com\/wp-content\/uploads\/2016\/04\/emoji_u1f3c6.png\"><img loading=\"lazy\" class=\"alignnone size-full wp-image-1322\" src=\"http:\/\/istressportsbadminton.com\/wp-content\/uploads\/2016\/04\/emoji_u1f3c6.png\" alt=\"Victoire\" width=\"25\" height=\"25\" srcset=\"https:\/\/istressportsbadminton.com\/wp-content\/uploads\/2016\/04\/emoji_u1f3c6.png 25w, https:\/\/istressportsbadminton.com\/wp-content\/uploads\/2016\/04\/emoji_u1f3c6-1x1.png 1w\" sizes=\"(max-width: 25px) 85vw, 25px\" \/><\/a><\/strong><\/span><br \/>\n<strong><span style=\"color: #33cccc;\">&#8211; J2 Mardi 29\u00a0novembre 2016:<\/span><\/strong>\u00a0\u00a0<strong>Istres<\/strong> &#8211;\u00a0Aix <span style=\"color: #ff0000;\"><strong>3-4<\/strong><\/span>\u00a0<a href=\"http:\/\/istressportsbadminton.com\/wp-content\/uploads\/2016\/04\/defaite.png\"><img loading=\"lazy\" class=\"alignnone size-full wp-image-1373\" src=\"http:\/\/istressportsbadminton.com\/wp-content\/uploads\/2016\/04\/defaite.png\" alt=\"defaite\" width=\"25\" height=\"25\" srcset=\"https:\/\/istressportsbadminton.com\/wp-content\/uploads\/2016\/04\/defaite.png 25w, https:\/\/istressportsbadminton.com\/wp-content\/uploads\/2016\/04\/defaite-1x1.png 1w\" sizes=\"(max-width: 25px) 85vw, 25px\" \/><\/a><br \/>\n<strong><span style=\"color: #33cccc;\">&#8211; J3 Mardi 13\u00a0d\u00e9cembre 2016:<\/span><\/strong>\u00a0\u00a0<strong>Istres<\/strong> &#8211;\u00a0Simiane\u00a0<strong><span style=\"color: #99cc00;\">4-3<\/span>\u00a0<a href=\"http:\/\/istressportsbadminton.com\/wp-content\/uploads\/2016\/04\/emoji_u1f3c6.png\"><img loading=\"lazy\" class=\"alignnone size-full wp-image-1322\" src=\"http:\/\/istressportsbadminton.com\/wp-content\/uploads\/2016\/04\/emoji_u1f3c6.png\" alt=\"Victoire\" width=\"25\" height=\"25\" srcset=\"https:\/\/istressportsbadminton.com\/wp-content\/uploads\/2016\/04\/emoji_u1f3c6.png 25w, https:\/\/istressportsbadminton.com\/wp-content\/uploads\/2016\/04\/emoji_u1f3c6-1x1.png 1w\" sizes=\"(max-width: 25px) 85vw, 25px\" \/><\/a><\/strong><br \/>\n<strong><span style=\"color: #33cccc;\">&#8211; J4 Mardi 10\u00a0janvier 2017:<\/span><\/strong>\u00a0 <strong>Istres <\/strong>&#8211; Ventabren\u00a0<strong><span style=\"color: #99cc00;\">6-1<\/span>\u00a0<a href=\"http:\/\/istressportsbadminton.com\/wp-content\/uploads\/2016\/04\/emoji_u1f3c6.png\"><img loading=\"lazy\" class=\"alignnone size-full wp-image-1322\" src=\"http:\/\/istressportsbadminton.com\/wp-content\/uploads\/2016\/04\/emoji_u1f3c6.png\" alt=\"Victoire\" width=\"25\" height=\"25\" srcset=\"https:\/\/istressportsbadminton.com\/wp-content\/uploads\/2016\/04\/emoji_u1f3c6.png 25w, https:\/\/istressportsbadminton.com\/wp-content\/uploads\/2016\/04\/emoji_u1f3c6-1x1.png 1w\" sizes=\"(max-width: 25px) 85vw, 25px\" \/><\/a><\/strong><br \/>\n<strong><span style=\"color: #33cccc;\">&#8211; J5 Mercredi 25\u00a0janvier 2017:<\/span><\/strong>\u00a0 Bouc Bel Air\u00a0&#8211; <strong>Istres <span style=\"color: #99cc00;\">2-5<\/span>\u00a0<img src=\"http:\/\/istressportsbadminton.com\/wp-content\/uploads\/2016\/04\/emoji_u1f3c6.png\" alt=\"Victoire\" \/><\/strong><br \/>\n<strong><span style=\"color: #33cccc;\">&#8211; J6 Lundi 6\u00a0f\u00e9vrier 2017:<\/span>\u00a0\u00a0<\/strong>Salon\u00a0&#8211; <strong>Istres <span style=\"color: #99cc00;\">1-6\u00a0<img src=\"http:\/\/istressportsbadminton.com\/wp-content\/uploads\/2016\/04\/emoji_u1f3c6.png\" alt=\"Victoire\" \/><\/span><\/strong><br \/>\n<strong><span style=\"color: #33cccc;\">&#8211; J7 Mardi\u00a07 mars 2017:<\/span>\u00a0\u00a0<\/strong>Aix\u00a0&#8211; <strong>Istres <span style=\"color: #ff0000;\">5-2<\/span>\u00a0<a href=\"http:\/\/istressportsbadminton.com\/wp-content\/uploads\/2016\/04\/defaite.png\"><img loading=\"lazy\" class=\"alignnone size-full wp-image-1373\" src=\"http:\/\/istressportsbadminton.com\/wp-content\/uploads\/2016\/04\/defaite.png\" alt=\"defaite\" width=\"25\" height=\"25\" srcset=\"https:\/\/istressportsbadminton.com\/wp-content\/uploads\/2016\/04\/defaite.png 25w, https:\/\/istressportsbadminton.com\/wp-content\/uploads\/2016\/04\/defaite-1x1.png 1w\" sizes=\"(max-width: 25px) 85vw, 25px\" \/><\/a><\/strong><br \/>\n<strong><span style=\"color: #33cccc;\">&#8211; J8 Lundi 20\u00a0mars 2017:<\/span><\/strong>\u00a0 Simiane &#8211; <strong>Istres \u00a0<span style=\"color: #ff0000;\">3-1<\/span>\u00a0<a href=\"http:\/\/istressportsbadminton.com\/wp-content\/uploads\/2016\/04\/defaite.png\"><img loading=\"lazy\" class=\"alignnone size-full wp-image-1373\" src=\"http:\/\/istressportsbadminton.com\/wp-content\/uploads\/2016\/04\/defaite.png\" alt=\"defaite\" width=\"25\" height=\"25\" srcset=\"https:\/\/istressportsbadminton.com\/wp-content\/uploads\/2016\/04\/defaite.png 25w, https:\/\/istressportsbadminton.com\/wp-content\/uploads\/2016\/04\/defaite-1x1.png 1w\" sizes=\"(max-width: 25px) 85vw, 25px\" \/><\/a><\/strong><br \/>\n<strong><span style=\"color: #33cccc;\">&#8211; J9 Mardi 4\u00a0avril 2017:<\/span><\/strong>\u00a0 Ventabren &#8211;\u00a0<strong>Istres <span style=\"color: #99cc00;\">3-4\u00a0<img src=\"http:\/\/istressportsbadminton.com\/wp-content\/uploads\/2016\/04\/emoji_u1f3c6.png\" alt=\"Victoire\" \/><\/span><\/strong><br \/>\n<strong><span style=\"color: #33cccc;\">&#8211; J10 Mardi 25 avril 2017:<\/span><\/strong>\u00a0\u00a0<strong>Istres<\/strong> &#8211;\u00a0Bouc Bel Air <span style=\"color: #ff0000;\"><strong>3-4<\/strong>\u00a0<strong><a href=\"http:\/\/istressportsbadminton.com\/wp-content\/uploads\/2016\/04\/defaite.png\"><img loading=\"lazy\" class=\"alignnone size-full wp-image-1373\" src=\"http:\/\/istressportsbadminton.com\/wp-content\/uploads\/2016\/04\/defaite.png\" alt=\"defaite\" width=\"25\" height=\"25\" srcset=\"https:\/\/istressportsbadminton.com\/wp-content\/uploads\/2016\/04\/defaite.png 25w, https:\/\/istressportsbadminton.com\/wp-content\/uploads\/2016\/04\/defaite-1x1.png 1w\" sizes=\"(max-width: 25px) 85vw, 25px\" \/><\/a><\/strong><\/span><\/p>\n<p><span style=\"color: #33cccc;\"><strong>-Playoff:<\/strong><\/span><strong><br \/>\n<span style=\"color: #33cccc;\">1\/2 finale :\u00a0Semaine du 15 au 19 mai<\/span><\/strong><\/p>\n<p><strong><span style=\"color: #33cccc;\">finales\u00a0: Weekend du 20\/21 mai\u00a0<\/span><\/strong><br \/>\n<strong><a style=\"color: #00ccff; text-decoration: underline;\" href=\"https:\/\/www.badnet.org\/badnet\/src\/index.php?ic_a=656385&amp;cb=updateMenu&amp;eventId=6898&amp;action=page:656386;drawId:111983\" target=\"_blank\">Retrouvez tous les r\u00e9sultats des matchs de la saison sur Badnet en cliquant ici<\/a><\/strong><\/p>\n\n<!-- iframe plugin v.5.1 wordpress.org\/plugins\/iframe\/ -->\n<iframe src=\"https:\/\/www.badnet.org\/badnet\/src\/index.php?ic_a=656385&#038;cb=updateMenu&#038;eventId=6898&#038;action=page:656386;drawId:111983\" width=\"100%\" height=\"500\" scrolling=\"yes\" class=\"iframe-class\" frameborder=\"0\"><\/iframe>\n\n","protected":false},"excerpt":{"rendered":"<p>D\u00e9partementale 3\u00a0&#8211; Poule B Retrouvez le classement actualis\u00e9 en bas de page. Les 2 premi\u00e8res \u00e9quipes qualifi\u00e9es pour les demi-finales de play-off contre les 2 premi\u00e8res de l&rsquo;autre poule. Les 2 finalistes sont promus en D2. L&rsquo;\u00e9quipe derniere de la poule est rel\u00e9gu\u00e9e en D4. Istres termine 3\u00e8me de D\u00e9partementale 3 et n&rsquo;acc\u00e9de pas aux &hellip; <a href=\"https:\/\/istressportsbadminton.com\/?page_id=1889\" class=\"more-link\">Continuer la lecture<span class=\"screen-reader-text\"> de &laquo;&nbsp;Calendrier&nbsp;D3&nbsp;&nbsp;&raquo;<\/span><\/a><\/p>\n","protected":false},"author":3,"featured_media":0,"parent":0,"menu_order":0,"comment_status":"closed","ping_status":"closed","template":"","meta":{"sfsi_plus_gutenberg_text_before_share":"","sfsi_plus_gutenberg_show_text_before_share":"","sfsi_plus_gutenberg_icon_type":"","sfsi_plus_gutenberg_icon_alignemt":"","sfsi_plus_gutenburg_max_per_row":""},"_links":{"self":[{"href":"https:\/\/istressportsbadminton.com\/index.php?rest_route=\/wp\/v2\/pages\/1889"}],"collection":[{"href":"https:\/\/istressportsbadminton.com\/index.php?rest_route=\/wp\/v2\/pages"}],"about":[{"href":"https:\/\/istressportsbadminton.com\/index.php?rest_route=\/wp\/v2\/types\/page"}],"author":[{"embeddable":true,"href":"https:\/\/istressportsbadminton.com\/index.php?rest_route=\/wp\/v2\/users\/3"}],"replies":[{"embeddable":true,"href":"https:\/\/istressportsbadminton.com\/index.php?rest_route=%2Fwp%2Fv2%2Fcomments&post=1889"}],"version-history":[{"count":15,"href":"https:\/\/istressportsbadminton.com\/index.php?rest_route=\/wp\/v2\/pages\/1889\/revisions"}],"predecessor-version":[{"id":2685,"href":"https:\/\/istressportsbadminton.com\/index.php?rest_route=\/wp\/v2\/pages\/1889\/revisions\/2685"}],"wp:attachment":[{"href":"https:\/\/istressportsbadminton.com\/index.php?rest_route=%2Fwp%2Fv2%2Fmedia&parent=1889"}],"curies":[{"name":"wp","href":"https:\/\/api.w.org\/{rel}","templated":true}]}}