{"id":1911,"date":"2016-11-10T12:54:00","date_gmt":"2016-11-10T11:54:00","guid":{"rendered":"http:\/\/istressportsbadminton.com\/?page_id=1911"},"modified":"2016-11-10T12:54:00","modified_gmt":"2016-11-10T11:54:00","slug":"compte-rendu-j1-2","status":"publish","type":"page","link":"https:\/\/istressportsbadminton.com\/?page_id=1911","title":{"rendered":"Compte Rendu J1"},"content":{"rendered":"<p>La R2A du nouveau capitaine <strong>Francky<\/strong>\u00a0avait le privil\u00e8ge d&rsquo;accueillir la 1ere journ\u00e9e au gymnase Donadieu ce dimanche 6 novembre. Perturb\u00e9 par un probl\u00e8me administratif qui a touch\u00e9\u00a0l&rsquo;\u00e9quipe 1, Franck a vu 3 de ses joueurs mis \u00e0 disposition de la R1 la veille du match. Difficult\u00e9 parfaitement g\u00e9r\u00e9 par le nouveau capitaine qui a su mobiliser une \u00e9quipe comp\u00e9titive au dernier moment pour aligner la compo suivante: <strong>Eric, Fabrice, Mickey, et Robert<\/strong> cot\u00e9 gar\u00e7on et <strong>Am\u00e9lie, R\u00e9gine<\/strong> (arriv\u00e9e en renfort de la D3), et <strong>L\u00e6titia<\/strong> toute nouvelle venue au club.<\/p>\n<p>Je rappelle le principe d&rsquo;une rencontre d&rsquo;interclubs r\u00e9gionale. 8 matchs au programme: 2 simples homme, 2 simples dame, 1 double homme, 1 double dame, 2 doubles mixte. Chaque match rapporte 1 point. Une rencontre remport\u00e9 rapporte 5 pts, un match nul 3 pts, une d\u00e9faite 1 pt, un forfait 0 pts.<\/p>\n<p>Pour son premier match de la journ\u00e9e, ISB \u00e9tait oppos\u00e9 \u00e0 l&rsquo;\u00e9quipe de la <strong>B\u00e2tie Neuve<\/strong>:<\/p>\n<p>La rencontre d\u00e9butait par les doubles homme et dame. Aucun probl\u00e8me pour les ex foss\u00e9ens <strong>Eric<\/strong> et <strong>Fabrice<\/strong> qui viennent \u00e0 bout 21-15 21-18 des jeunes et prometteurs Aur\u00e9lien Gros et Ga\u00ebtan Sicard pourtant mieux class\u00e9s qu&rsquo;eux. Pour le double dame en revanche \u00e7a n&rsquo;a pas \u00e9t\u00e9 de tout repos. Compos\u00e9 de <strong>R\u00e9gine<\/strong>, appel\u00e9 en catastrophe la veille, et de <strong>L\u00e6titia<\/strong>, qui a repris le bad tout r\u00e9cemment, le double istr\u00e9en va parfaitement rentr\u00e9 dans le match en remportant le 1er set face la encore \u00e0 une prometteuse paire bastidonne (R5 et R6) sur le score de 21-16. Malheureusement <strong>R\u00e9gine<\/strong> et <strong>L\u00e6titia<\/strong> vont avoir du mal \u00e0 tenir la distance et vont finalement perdre les deux set suivants non sans lutter 21-19 21-10. D\u00e9faite deux set \u00e0 un qui permet \u00e0 la B\u00e2tie Neuve d&rsquo;\u00e9galiser \u00e0 1-1. Les deux simples homme remport\u00e9s brillamment par <strong>Eric<\/strong> (21-6 21-9) et <strong>Mickey<\/strong> (21-17 21-17) vont permettre \u00e0 Istres de reprendre les devants dans la rencontre et de mener 3-1. Align\u00e9 en simple dame pour son premier match officiel depuis sa grave blessure de la saison derni\u00e8re (rupture des ligaments crois\u00e9s), <strong>Am\u00e9lie<\/strong> va \u00eatre oppos\u00e9 \u00e0 une joueuse bien mieux class\u00e9 qu&rsquo;elle (P10 contre D8). Mais il en faut plus pour effrayer notre volleyeuse pr\u00e9f\u00e9r\u00e9e qui ne s&rsquo;incline que 21-19 au premier set avant de surclasser son adversaire lors du seconde 21-13. Malheureusement le 3e set va \u00eatre \u00e0 sens unique pour une victoire de la joueuse de la B\u00e2tie Neuve 21-7. Quelques regrets pour <strong>Am\u00e9lie<\/strong> mais la satisfaction d&rsquo;avoir, comme d&rsquo;habitude, donn\u00e9 le maximum. Dans l&rsquo;autre simple dame, <strong>R\u00e9gine<\/strong> va \u00eatre \u00e0 la hauteur de l&rsquo;\u00e9v\u00e8nement et remporter facilement son match sur le score sans appel de 21-13 21-9. 4-2 pour Istres qui ne se retrouve qu&rsquo;\u00e0 un petit point de la victoire. Le suspense ne va durer que quelques minutes le temps pour <strong>Mickey<\/strong> et <strong>L\u00e6titia<\/strong> de survoler leur match en l&#8217;emportant 21-10 21-14. La d\u00e9faite de la paire <strong>Am\u00e9lie\/Robert<\/strong> dans l&rsquo;autre mixte (21-13 22-20) ne sera donc qu&rsquo;anecdotique puisque <strong>Istres remporte la rencontre sur le score final de 5 \u00e0 3!<a href=\"http:\/\/istressportsbadminton.com\/wp-content\/uploads\/2016\/04\/emoji_u1f3c6.png\"><img loading=\"lazy\" class=\"alignnone size-full wp-image-1322\" src=\"http:\/\/istressportsbadminton.com\/wp-content\/uploads\/2016\/04\/emoji_u1f3c6.png\" alt=\"Victoire\" width=\"25\" height=\"25\" srcset=\"https:\/\/istressportsbadminton.com\/wp-content\/uploads\/2016\/04\/emoji_u1f3c6.png 25w, https:\/\/istressportsbadminton.com\/wp-content\/uploads\/2016\/04\/emoji_u1f3c6-1x1.png 1w\" sizes=\"(max-width: 25px) 85vw, 25px\" \/><\/a><\/strong><\/p>\n<p>C&rsquo;est au tour de l&rsquo;\u00e9quipe de <strong>Manosque<\/strong>, d\u00e9faite 7-1 face \u00e0 Martigues un peu plus t\u00f4t, d&rsquo;\u00eatre oppos\u00e9e \u00e0 Istres pour la 2e et derni\u00e8re rencontre de la journ\u00e9e:<\/p>\n<p>Apr\u00e8s ses deux d\u00e9faites de la matin\u00e9e, <strong>Am\u00e9lie<\/strong> va relever la t\u00eate et s&rsquo;imposer avec autorit\u00e9 dans son simple dame 21-19 21-13 tandis qu&rsquo;\u00e0 l&rsquo;inverse, <strong>R\u00e9gine<\/strong> va subir la loi de Ketty Levallet 21-15 21-15 pourtant NC. <strong>Eric<\/strong>, d\u00e9cid\u00e9ment intraitable ce dimanche, ne va faire qu&rsquo;une bouch\u00e9e de son adversaire 21-9 21-3 de m\u00eame que la paire <strong>Fabrice\/L\u00e6titia<\/strong> pour le mixte 2 (21-12 21-16). 3-1 pour Istres \u00e0 ce stade de la rencontre. D\u00e9fait le matin, <strong>Robert<\/strong>, tout juste remis de son probl\u00e8me de m\u00e9nisque, va, associ\u00e9 \u00e0 <strong>R\u00e9gine<\/strong>, de nouveau avoir du mal \u00e0 rentrer dans le match en perdant le 1er set 21-14. Mais la perte de ce set va r\u00e9veiller nos v\u00e9t\u00e9rans qui vont l&#8217;emporter 21-10 dans les deux sets suivant! Aucun probl\u00e8me dans le 2e simple homme pour <strong>Fabrice<\/strong> qui remporte son match sur le score sans appel de 21-12 21-10 pour le 5e point d&rsquo;Istres qui assure la victoire dans la rencontre avant les deux derniers doubles! Belle perf d&rsquo;<strong>Am\u00e9lie<\/strong> et <strong>L\u00e6titia<\/strong>, oppos\u00e9es \u00e0 la tr\u00e8s accrocheuse nouvelle pr\u00e9sidente de la ligue, qui vont l&#8217;emporter 21-15 21-13 avant que <strong>Eric<\/strong> et <strong>Mickey<\/strong> ne concluent, non sans mal (18-21 21-13 21-17), cette rencontre sur le score de 7 \u00e0 1.\u00a0<a href=\"http:\/\/istressportsbadminton.com\/wp-content\/uploads\/2016\/04\/emoji_u1f3c6.png\"><img loading=\"lazy\" class=\"alignnone size-full wp-image-1322\" src=\"http:\/\/istressportsbadminton.com\/wp-content\/uploads\/2016\/04\/emoji_u1f3c6.png\" alt=\"Victoire\" width=\"25\" height=\"25\" srcset=\"https:\/\/istressportsbadminton.com\/wp-content\/uploads\/2016\/04\/emoji_u1f3c6.png 25w, https:\/\/istressportsbadminton.com\/wp-content\/uploads\/2016\/04\/emoji_u1f3c6-1x1.png 1w\" sizes=\"(max-width: 25px) 85vw, 25px\" \/><\/a><\/p>\n<p>Quelle premi\u00e8re pour <strong>Francky<\/strong> qui d\u00e9bute son mandat de capitaine par 2 belles victoires qui positionne Istres \u00e0 la 2e place du classement (seul le 1er monte en R1).<\/p>\n<p>Prochaine journ\u00e9e le dimanche 27 novembre \u00e0 Martigues contre le SMUC et Eygui\u00e8res!<\/p>\n","protected":false},"excerpt":{"rendered":"<p>La R2A du nouveau capitaine Francky\u00a0avait le privil\u00e8ge d&rsquo;accueillir la 1ere journ\u00e9e au gymnase Donadieu ce dimanche 6 novembre. Perturb\u00e9 par un probl\u00e8me administratif qui a touch\u00e9\u00a0l&rsquo;\u00e9quipe 1, Franck a vu 3 de ses joueurs mis \u00e0 disposition de la R1 la veille du match. Difficult\u00e9 parfaitement g\u00e9r\u00e9 par le nouveau capitaine qui a su &hellip; <a href=\"https:\/\/istressportsbadminton.com\/?page_id=1911\" class=\"more-link\">Continuer la lecture<span class=\"screen-reader-text\"> de &laquo;&nbsp;Compte Rendu J1&nbsp;&raquo;<\/span><\/a><\/p>\n","protected":false},"author":3,"featured_media":0,"parent":0,"menu_order":0,"comment_status":"closed","ping_status":"closed","template":"","meta":{"sfsi_plus_gutenberg_text_before_share":"","sfsi_plus_gutenberg_show_text_before_share":"","sfsi_plus_gutenberg_icon_type":"","sfsi_plus_gutenberg_icon_alignemt":"","sfsi_plus_gutenburg_max_per_row":""},"_links":{"self":[{"href":"https:\/\/istressportsbadminton.com\/index.php?rest_route=\/wp\/v2\/pages\/1911"}],"collection":[{"href":"https:\/\/istressportsbadminton.com\/index.php?rest_route=\/wp\/v2\/pages"}],"about":[{"href":"https:\/\/istressportsbadminton.com\/index.php?rest_route=\/wp\/v2\/types\/page"}],"author":[{"embeddable":true,"href":"https:\/\/istressportsbadminton.com\/index.php?rest_route=\/wp\/v2\/users\/3"}],"replies":[{"embeddable":true,"href":"https:\/\/istressportsbadminton.com\/index.php?rest_route=%2Fwp%2Fv2%2Fcomments&post=1911"}],"version-history":[{"count":1,"href":"https:\/\/istressportsbadminton.com\/index.php?rest_route=\/wp\/v2\/pages\/1911\/revisions"}],"predecessor-version":[{"id":1912,"href":"https:\/\/istressportsbadminton.com\/index.php?rest_route=\/wp\/v2\/pages\/1911\/revisions\/1912"}],"wp:attachment":[{"href":"https:\/\/istressportsbadminton.com\/index.php?rest_route=%2Fwp%2Fv2%2Fmedia&parent=1911"}],"curies":[{"name":"wp","href":"https:\/\/api.w.org\/{rel}","templated":true}]}}