{"id":1917,"date":"2016-11-10T13:36:21","date_gmt":"2016-11-10T12:36:21","guid":{"rendered":"http:\/\/istressportsbadminton.com\/?page_id=1917"},"modified":"2016-12-05T11:23:51","modified_gmt":"2016-12-05T10:23:51","slug":"regionale-3-saison-2015-2016","status":"publish","type":"page","link":"https:\/\/istressportsbadminton.com\/?page_id=1917","title":{"rendered":"R\u00e9gionale 3 Saison 2015-2016"},"content":{"rendered":"<p>Revivez la saison 2015-2016 \u00e9pique de notre \u00e9quipe de R\u00e9gionale 3:<\/p>\n<p><span style=\"text-decoration: underline; color: #008080;\"><strong><a style=\"color: #008080; text-decoration: underline;\" href=\"http:\/\/istressportsbadminton.com\/?page_id=1101\">ISB 1, champion de R\u00e9gionale 3!!!!!!<\/a>.<\/strong><\/span><\/p>\n<p><span style=\"text-decoration: underline; color: #008080;\"><strong><a style=\"color: #008080; text-decoration: underline;\" href=\"http:\/\/istressportsbadminton.com\/?page_id=174\">Calendrier\u00a0R3\u00a0<\/a>saison 15-16<\/strong><\/span><\/p>\n<p><span style=\"text-decoration: underline; color: #008080;\"><strong><a style=\"color: #008080; text-decoration: underline;\" href=\"http:\/\/istressportsbadminton.com\/?page_id=240\">Compte rendu J1<\/a><\/strong><\/span><\/p>\n<p><span style=\"text-decoration: underline; color: #008080;\"><strong><a style=\"color: #008080; text-decoration: underline;\" href=\"http:\/\/istressportsbadminton.com\/?page_id=499\">Compte rendu J2<\/a><\/strong><\/span><\/p>\n<p><span style=\"text-decoration: underline; color: #008080;\"><strong><a style=\"color: #008080; text-decoration: underline;\" href=\"http:\/\/istressportsbadminton.com\/?page_id=953\">Compte Rendu J3<\/a><\/strong><\/span><\/p>\n<p><span style=\"text-decoration: underline; color: #008080;\"><strong><a style=\"color: #008080; text-decoration: underline;\" href=\"http:\/\/istressportsbadminton.com\/?page_id=955\">Compte Rendu J4<\/a><\/strong><\/span><\/p>\n<p><span style=\"text-decoration: underline; color: #008080;\"><strong><a style=\"color: #008080; text-decoration: underline;\" href=\"http:\/\/istressportsbadminton.com\/?page_id=911\">Compte Rendu J5<\/a><\/strong><\/span><\/p>\n<p><span style=\"text-decoration: underline; color: #008080;\"><strong><a style=\"color: #008080; text-decoration: underline;\" href=\"http:\/\/istressportsbadminton.com\/?page_id=1235\">Compte Rendu J6<\/a><\/strong><\/span><\/p>\n<p>&nbsp;<\/p>\n","protected":false},"excerpt":{"rendered":"<p>Revivez la saison 2015-2016 \u00e9pique de notre \u00e9quipe de R\u00e9gionale 3: ISB 1, champion de R\u00e9gionale 3!!!!!!. Calendrier\u00a0R3\u00a0saison 15-16 Compte rendu J1 Compte rendu J2 Compte Rendu J3 Compte Rendu J4 Compte Rendu J5 Compte Rendu J6 &nbsp;<\/p>\n","protected":false},"author":3,"featured_media":0,"parent":0,"menu_order":0,"comment_status":"closed","ping_status":"closed","template":"","meta":{"sfsi_plus_gutenberg_text_before_share":"","sfsi_plus_gutenberg_show_text_before_share":"","sfsi_plus_gutenberg_icon_type":"","sfsi_plus_gutenberg_icon_alignemt":"","sfsi_plus_gutenburg_max_per_row":""},"_links":{"self":[{"href":"https:\/\/istressportsbadminton.com\/index.php?rest_route=\/wp\/v2\/pages\/1917"}],"collection":[{"href":"https:\/\/istressportsbadminton.com\/index.php?rest_route=\/wp\/v2\/pages"}],"about":[{"href":"https:\/\/istressportsbadminton.com\/index.php?rest_route=\/wp\/v2\/types\/page"}],"author":[{"embeddable":true,"href":"https:\/\/istressportsbadminton.com\/index.php?rest_route=\/wp\/v2\/users\/3"}],"replies":[{"embeddable":true,"href":"https:\/\/istressportsbadminton.com\/index.php?rest_route=%2Fwp%2Fv2%2Fcomments&post=1917"}],"version-history":[{"count":8,"href":"https:\/\/istressportsbadminton.com\/index.php?rest_route=\/wp\/v2\/pages\/1917\/revisions"}],"predecessor-version":[{"id":2113,"href":"https:\/\/istressportsbadminton.com\/index.php?rest_route=\/wp\/v2\/pages\/1917\/revisions\/2113"}],"wp:attachment":[{"href":"https:\/\/istressportsbadminton.com\/index.php?rest_route=%2Fwp%2Fv2%2Fmedia&parent=1917"}],"curies":[{"name":"wp","href":"https:\/\/api.w.org\/{rel}","templated":true}]}}