{"id":1931,"date":"2016-11-10T15:35:47","date_gmt":"2016-11-10T14:35:47","guid":{"rendered":"http:\/\/istressportsbadminton.com\/?page_id=1931"},"modified":"2016-11-10T15:35:47","modified_gmt":"2016-11-10T14:35:47","slug":"departementale-1-saison-2015-2016","status":"publish","type":"page","link":"https:\/\/istressportsbadminton.com\/?page_id=1931","title":{"rendered":"D\u00e9partementale 1, saison 2015-2016"},"content":{"rendered":"<p>Retrouvez le r\u00e9sum\u00e9 de la belle saison 2015-2016 de l&rsquo;\u00e9quipe 2 d&rsquo;ISB qui \u00e9voluait en D\u00e9partementale 1<\/p>\n<p><a href=\"http:\/\/istressportsbadminton.com\/?page_id=180\">Calendrier\/Classement\u00a0D1\u00a0\u00a0\u00a0<\/a><\/p>\n<p><a href=\"http:\/\/istressportsbadminton.com\/?page_id=171\">Compte\u00a0rendu\u00a0J1<\/a><\/p>\n<p><a href=\"http:\/\/istressportsbadminton.com\/?page_id=246\">Compte rendu J2<\/a><\/p>\n<p><a href=\"http:\/\/istressportsbadminton.com\/?page_id=506\">Compte rendu J3<\/a><\/p>\n<p><a href=\"http:\/\/istressportsbadminton.com\/?page_id=607\">Compte rendu J4<\/a><\/p>\n<p><a href=\"http:\/\/istressportsbadminton.com\/?page_id=944\">Compte Rendu J5<\/a><\/p>\n<p><a href=\"http:\/\/istressportsbadminton.com\/?page_id=946\">Compte Rendu J6<\/a><\/p>\n<p><a href=\"http:\/\/istressportsbadminton.com\/?page_id=948\">Compte Rendu J7<\/a><\/p>\n<p><a href=\"http:\/\/istressportsbadminton.com\/?page_id=961\">Compte Rendu J8<\/a><\/p>\n<p><a href=\"http:\/\/istressportsbadminton.com\/?page_id=1301\">Compte Rendu J9<\/a><\/p>\n<p><a href=\"http:\/\/istressportsbadminton.com\/?page_id=1596\">Compte Rendu J10<\/a><\/p>\n","protected":false},"excerpt":{"rendered":"<p>Retrouvez le r\u00e9sum\u00e9 de la belle saison 2015-2016 de l&rsquo;\u00e9quipe 2 d&rsquo;ISB qui \u00e9voluait en D\u00e9partementale 1 Calendrier\/Classement\u00a0D1\u00a0\u00a0\u00a0 Compte\u00a0rendu\u00a0J1 Compte rendu J2 Compte rendu J3 Compte rendu J4 Compte Rendu J5 Compte Rendu J6 Compte Rendu J7 Compte Rendu J8 Compte Rendu J9 Compte Rendu J10<\/p>\n","protected":false},"author":3,"featured_media":0,"parent":0,"menu_order":0,"comment_status":"closed","ping_status":"closed","template":"","meta":{"sfsi_plus_gutenberg_text_before_share":"","sfsi_plus_gutenberg_show_text_before_share":"","sfsi_plus_gutenberg_icon_type":"","sfsi_plus_gutenberg_icon_alignemt":"","sfsi_plus_gutenburg_max_per_row":""},"_links":{"self":[{"href":"https:\/\/istressportsbadminton.com\/index.php?rest_route=\/wp\/v2\/pages\/1931"}],"collection":[{"href":"https:\/\/istressportsbadminton.com\/index.php?rest_route=\/wp\/v2\/pages"}],"about":[{"href":"https:\/\/istressportsbadminton.com\/index.php?rest_route=\/wp\/v2\/types\/page"}],"author":[{"embeddable":true,"href":"https:\/\/istressportsbadminton.com\/index.php?rest_route=\/wp\/v2\/users\/3"}],"replies":[{"embeddable":true,"href":"https:\/\/istressportsbadminton.com\/index.php?rest_route=%2Fwp%2Fv2%2Fcomments&post=1931"}],"version-history":[{"count":2,"href":"https:\/\/istressportsbadminton.com\/index.php?rest_route=\/wp\/v2\/pages\/1931\/revisions"}],"predecessor-version":[{"id":1933,"href":"https:\/\/istressportsbadminton.com\/index.php?rest_route=\/wp\/v2\/pages\/1931\/revisions\/1933"}],"wp:attachment":[{"href":"https:\/\/istressportsbadminton.com\/index.php?rest_route=%2Fwp%2Fv2%2Fmedia&parent=1931"}],"curies":[{"name":"wp","href":"https:\/\/api.w.org\/{rel}","templated":true}]}}