{"id":1935,"date":"2016-11-10T15:43:17","date_gmt":"2016-11-10T14:43:17","guid":{"rendered":"http:\/\/istressportsbadminton.com\/?page_id=1935"},"modified":"2016-11-10T16:10:03","modified_gmt":"2016-11-10T15:10:03","slug":"departementale-4-saison-2015-2016","status":"publish","type":"page","link":"https:\/\/istressportsbadminton.com\/?page_id=1935","title":{"rendered":"D\u00e9partementale 4, saison 2015-2016"},"content":{"rendered":"<p>Retrouvez tout le r\u00e9sum\u00e9 des aventures 2015-2016 de ISB 3 en d\u00e9partementale 4.<\/p>\n<figure id=\"attachment_965\" aria-describedby=\"caption-attachment-965\" style=\"width: 953px\" class=\"wp-caption alignnone\"><a href=\"http:\/\/istressportsbadminton.com\/wp-content\/uploads\/2016\/03\/D4-Pelissanne.jpg\"><img loading=\"lazy\" class=\"wp-image-965\" src=\"http:\/\/istressportsbadminton.com\/wp-content\/uploads\/2016\/03\/D4-Pelissanne.jpg\" alt=\"D4 Pelissanne\" width=\"953\" height=\"536\" srcset=\"https:\/\/istressportsbadminton.com\/wp-content\/uploads\/2016\/03\/D4-Pelissanne.jpg 4096w, https:\/\/istressportsbadminton.com\/wp-content\/uploads\/2016\/03\/D4-Pelissanne-300x169.jpg 300w, https:\/\/istressportsbadminton.com\/wp-content\/uploads\/2016\/03\/D4-Pelissanne-768x432.jpg 768w, https:\/\/istressportsbadminton.com\/wp-content\/uploads\/2016\/03\/D4-Pelissanne-1024x576.jpg 1024w, https:\/\/istressportsbadminton.com\/wp-content\/uploads\/2016\/03\/D4-Pelissanne-2x1.jpg 2w\" sizes=\"(max-width: 709px) 85vw, (max-width: 909px) 67vw, (max-width: 1362px) 62vw, 840px\" \/><\/a><figcaption id=\"caption-attachment-965\" class=\"wp-caption-text\">Une partie de la D4 2015-2016: Annie, St\u00e9ph, Dorian, Thibaud, David et Christine. Sans oublier Tiphaine, Fanny, Am\u00e9lie, Marie-Laure, Franck, Phil, Alex LD, J\u00e9r\u00e9my, et Alex P<\/figcaption><\/figure>\n<p><a href=\"http:\/\/istressportsbadminton.com\/?page_id=176\">Calendrier\u00a0D4\u00a0<\/a><\/p>\n<p><a href=\"http:\/\/istressportsbadminton.com\/?page_id=171\">Compte\u00a0rendu\u00a0J1<\/a><\/p>\n<p><a href=\"http:\/\/istressportsbadminton.com\/?page_id=246\">Compte rendu J2<\/a><\/p>\n<p><a href=\"http:\/\/istressportsbadminton.com\/?page_id=509\">Compte rendu J3<\/a><\/p>\n<p><a href=\"http:\/\/istressportsbadminton.com\/?page_id=610\">Compte rendu J4<\/a><\/p>\n<p><a href=\"http:\/\/istressportsbadminton.com\/?page_id=935\">Compte Rendu J5<\/a><\/p>\n<p><a href=\"http:\/\/istressportsbadminton.com\/?page_id=937\">Compte Rendu J6<\/a><\/p>\n<p><a href=\"http:\/\/istressportsbadminton.com\/?page_id=939\">Compte Rendu J7<\/a><\/p>\n<p><a href=\"http:\/\/istressportsbadminton.com\/?page_id=969\">Compte Rendu J8<\/a><\/p>\n<p><a href=\"http:\/\/istressportsbadminton.com\/?page_id=1296\">Compte Rendu J9<\/a><\/p>\n<p><a href=\"http:\/\/istressportsbadminton.com\/?page_id=1592\">Compte Rendu J10<\/a><\/p>\n","protected":false},"excerpt":{"rendered":"<p>Retrouvez tout le r\u00e9sum\u00e9 des aventures 2015-2016 de ISB 3 en d\u00e9partementale 4. Calendrier\u00a0D4\u00a0 Compte\u00a0rendu\u00a0J1 Compte rendu J2 Compte rendu J3 Compte rendu J4 Compte Rendu J5 Compte Rendu J6 Compte Rendu J7 Compte Rendu J8 Compte Rendu J9 Compte Rendu J10<\/p>\n","protected":false},"author":3,"featured_media":0,"parent":0,"menu_order":0,"comment_status":"closed","ping_status":"closed","template":"","meta":{"sfsi_plus_gutenberg_text_before_share":"","sfsi_plus_gutenberg_show_text_before_share":"","sfsi_plus_gutenberg_icon_type":"","sfsi_plus_gutenberg_icon_alignemt":"","sfsi_plus_gutenburg_max_per_row":""},"_links":{"self":[{"href":"https:\/\/istressportsbadminton.com\/index.php?rest_route=\/wp\/v2\/pages\/1935"}],"collection":[{"href":"https:\/\/istressportsbadminton.com\/index.php?rest_route=\/wp\/v2\/pages"}],"about":[{"href":"https:\/\/istressportsbadminton.com\/index.php?rest_route=\/wp\/v2\/types\/page"}],"author":[{"embeddable":true,"href":"https:\/\/istressportsbadminton.com\/index.php?rest_route=\/wp\/v2\/users\/3"}],"replies":[{"embeddable":true,"href":"https:\/\/istressportsbadminton.com\/index.php?rest_route=%2Fwp%2Fv2%2Fcomments&post=1935"}],"version-history":[{"count":3,"href":"https:\/\/istressportsbadminton.com\/index.php?rest_route=\/wp\/v2\/pages\/1935\/revisions"}],"predecessor-version":[{"id":1946,"href":"https:\/\/istressportsbadminton.com\/index.php?rest_route=\/wp\/v2\/pages\/1935\/revisions\/1946"}],"wp:attachment":[{"href":"https:\/\/istressportsbadminton.com\/index.php?rest_route=%2Fwp%2Fv2%2Fmedia&parent=1935"}],"curies":[{"name":"wp","href":"https:\/\/api.w.org\/{rel}","templated":true}]}}