{"id":1939,"date":"2016-11-10T15:58:48","date_gmt":"2016-11-10T14:58:48","guid":{"rendered":"http:\/\/istressportsbadminton.com\/?page_id=1939"},"modified":"2016-11-10T15:58:48","modified_gmt":"2016-11-10T14:58:48","slug":"promobad-saison-2015-2016","status":"publish","type":"page","link":"https:\/\/istressportsbadminton.com\/?page_id=1939","title":{"rendered":"Promobad, saison 2015-2016"},"content":{"rendered":"<p>Retrouvez sur cette page les exploits de l&rsquo;equipe 4 d&rsquo;ISB engag\u00e9e dans\u00a0la saison 2015-2016, saison inaugurale du championat Promobad<\/p>\n<figure id=\"attachment_1025\" aria-describedby=\"caption-attachment-1025\" style=\"width: 1099px\" class=\"wp-caption alignnone\"><a href=\"http:\/\/istressportsbadminton.com\/wp-content\/uploads\/2016\/04\/Promobad-Vs-StCanat-30Mars.jpg\"><img loading=\"lazy\" class=\"wp-image-1025\" src=\"http:\/\/istressportsbadminton.com\/wp-content\/uploads\/2016\/04\/Promobad-Vs-StCanat-30Mars.jpg\" alt=\"Promobad Vs StCanat 30Mars\" width=\"1099\" height=\"824\" srcset=\"https:\/\/istressportsbadminton.com\/wp-content\/uploads\/2016\/04\/Promobad-Vs-StCanat-30Mars.jpg 1280w, https:\/\/istressportsbadminton.com\/wp-content\/uploads\/2016\/04\/Promobad-Vs-StCanat-30Mars-300x225.jpg 300w, https:\/\/istressportsbadminton.com\/wp-content\/uploads\/2016\/04\/Promobad-Vs-StCanat-30Mars-768x576.jpg 768w, https:\/\/istressportsbadminton.com\/wp-content\/uploads\/2016\/04\/Promobad-Vs-StCanat-30Mars-1024x768.jpg 1024w, https:\/\/istressportsbadminton.com\/wp-content\/uploads\/2016\/04\/Promobad-Vs-StCanat-30Mars-1x1.jpg 1w\" sizes=\"(max-width: 709px) 85vw, (max-width: 909px) 67vw, (max-width: 1362px) 62vw, 840px\" \/><\/a><figcaption id=\"caption-attachment-1025\" class=\"wp-caption-text\">Une partie de la troupe des Promobad d&rsquo;ISB 2015-2016 1er rang: Seb, Vince, Fran\u00e7ois 2eme rang: Charles, M\u00e9lanie, Lolo, David, C\u00e9line 3eme rang: Mathias Valentin, Captain Olive, Aur\u00e9, J\u00e9r\u00e9my, Florian 4eme rang: Alex<\/figcaption><\/figure>\n<p><a href=\"http:\/\/istressportsbadminton.com\/?page_id=190\">Calendrier\/R\u00e9sultats Promobad<\/a><\/p>\n<p><a href=\"http:\/\/istressportsbadminton.com\/?page_id=246\">Compte rendu J2<\/a><\/p>\n<p><a href=\"http:\/\/istressportsbadminton.com\/?page_id=502\">Compte rendu J3<\/a><\/p>\n<p><a href=\"http:\/\/istressportsbadminton.com\/?page_id=613\">Compte rendu J4<\/a><\/p>\n<p><a href=\"http:\/\/istressportsbadminton.com\/?page_id=932\">Compte Rendu J5<\/a><\/p>\n<p><a href=\"http:\/\/istressportsbadminton.com\/?page_id=927\">Compte Rendu J7<\/a><\/p>\n<p><a href=\"http:\/\/istressportsbadminton.com\/?page_id=1015\">Compte Rendu J8<\/a><\/p>\n<p><a href=\"http:\/\/istressportsbadminton.com\/?page_id=1291\">Compte Rendu J9<\/a><\/p>\n<p><a href=\"http:\/\/istressportsbadminton.com\/?page_id=1535\">Compte Rendu J10<\/a><\/p>\n<p>&nbsp;<\/p>\n","protected":false},"excerpt":{"rendered":"<p>Retrouvez sur cette page les exploits de l&rsquo;equipe 4 d&rsquo;ISB engag\u00e9e dans\u00a0la saison 2015-2016, saison inaugurale du championat Promobad Calendrier\/R\u00e9sultats Promobad Compte rendu J2 Compte rendu J3 Compte rendu J4 Compte Rendu J5 Compte Rendu J7 Compte Rendu J8 Compte Rendu J9 Compte Rendu J10 &nbsp;<\/p>\n","protected":false},"author":3,"featured_media":0,"parent":0,"menu_order":0,"comment_status":"closed","ping_status":"closed","template":"","meta":{"sfsi_plus_gutenberg_text_before_share":"","sfsi_plus_gutenberg_show_text_before_share":"","sfsi_plus_gutenberg_icon_type":"","sfsi_plus_gutenberg_icon_alignemt":"","sfsi_plus_gutenburg_max_per_row":""},"_links":{"self":[{"href":"https:\/\/istressportsbadminton.com\/index.php?rest_route=\/wp\/v2\/pages\/1939"}],"collection":[{"href":"https:\/\/istressportsbadminton.com\/index.php?rest_route=\/wp\/v2\/pages"}],"about":[{"href":"https:\/\/istressportsbadminton.com\/index.php?rest_route=\/wp\/v2\/types\/page"}],"author":[{"embeddable":true,"href":"https:\/\/istressportsbadminton.com\/index.php?rest_route=\/wp\/v2\/users\/3"}],"replies":[{"embeddable":true,"href":"https:\/\/istressportsbadminton.com\/index.php?rest_route=%2Fwp%2Fv2%2Fcomments&post=1939"}],"version-history":[{"count":4,"href":"https:\/\/istressportsbadminton.com\/index.php?rest_route=\/wp\/v2\/pages\/1939\/revisions"}],"predecessor-version":[{"id":1943,"href":"https:\/\/istressportsbadminton.com\/index.php?rest_route=\/wp\/v2\/pages\/1939\/revisions\/1943"}],"wp:attachment":[{"href":"https:\/\/istressportsbadminton.com\/index.php?rest_route=%2Fwp%2Fv2%2Fmedia&parent=1939"}],"curies":[{"name":"wp","href":"https:\/\/api.w.org\/{rel}","templated":true}]}}