{"id":2007,"date":"2016-11-21T16:53:28","date_gmt":"2016-11-21T15:53:28","guid":{"rendered":"http:\/\/istressportsbadminton.com\/?page_id=2007"},"modified":"2016-11-21T16:53:28","modified_gmt":"2016-11-21T15:53:28","slug":"compte-rendu-j1-3","status":"publish","type":"page","link":"https:\/\/istressportsbadminton.com\/?page_id=2007","title":{"rendered":"Compte Rendu J1"},"content":{"rendered":"<p>Ce mardi 15 novembre 2016, le gymnase Donadieu \u00e9tait le th\u00e9\u00e2tre du coup d\u2019envoi de la saison d\u2019interclubs d\u00e9partemental et promobad!<\/p>\n<p>Suite \u00e0 sa 3e place en d\u00e9partemental 4 l\u2019an dernier, l\u2019\u00e9quipe 3 d\u2019Istres Sports Badminton du capitaine Thibaud seretrouve cette saison engag\u00e9e en D3. Je rappelle le principe pour les nouveaux: 6 divisions en interclubs d\u00e9partemental (D1 \u00e0 D6) compos\u00e9es chacune de 2 poules de 6 \u00e9quipes. Les \u00e9quipes s\u2019affrontent toute la saison en match aller retour (7 matchs par rencontre: 3 simples homme, 1 simple dame, 1 double homme, 1 double dame et 1 double mixte). A l\u2019issu des 10 matchs de la saison r\u00e9guli\u00e8re, les 2 premiers de chaque poule s\u2019affrontent en play off (1er poule A vs 2e poule B et 1er poule B vs 2e poule A). Les 2 premiers de chaque division sont promus dans la division sup\u00e9rieure.<\/p>\n<p>Pour cette 1ere journ\u00e9e, Istres recevait nos meilleurs ennemis salonnais avec la compo suivante: SH1: St\u00e9phane, SH2: Dorian, SH3: Nico, SD: R\u00e9gine, DH: Thibaud\/Franck, DD: R\u00e9gine\/Annie et Dmx: Lucie\/Dorian. Et la rencontre ne va pas d\u00e9buter de la meilleure des mani\u00e8res avec la d\u00e9faite un peu surprise de R\u00e9gine en SD face \u00e0 une accrocheuse Cecile Chastagnier pourtant moins bien class\u00e9 (21-11 21-14). Dans le m\u00eame temps Steph va \u00e9prouver toutes les peines du monde \u00e0 se d\u00e9faire du capitaine adverse Mathieu Constantin au bout de 3 sets tr\u00e8s serr\u00e9s (21-16 15-21 21-16). Heureusement que Dorian et Nico vont quant \u00e0 eux ne faire qu\u2019une bouch\u00e9e de leur adversaire pour porter le score \u00e0 3-1 pour ISB apr\u00e8s les 4 premiers matchs. L\u2019honneur de marquer le point de la victoire va revenir \u00e0 Annie et R\u00e9gine qui l\u2019emportent 21-15 24-22 tout \u00e0 l\u2019exp\u00e9rience au bout d\u2019un 2e set acharn\u00e9. 4-1 la victoire est dores et d\u00e9j\u00e0 acquise! La victoire, non sans mal, de Thibaud et Francky 21-14 19-21 21-13 et celle, plus simple, de Lucie, pour son 1er match sous ses nouvelles couleurs, et Dorian 21-06 21-13 apportent un peu plus de poids \u00e0 la victoire istr\u00e9ene: 6-1! Victoire<\/p>\n<p>Une erreur dans la composition de l\u2019\u00e9quipe (Nico, mieux class\u00e9 que Dorian au 1er septembre, aurait du jouer le simple 2 au lieu du 3) donne finalement match perdu + p\u00e9nalit\u00e9 \u00e0 Nico (+1\/-1) ce qui donne un score final de 4-2 pour ISB. L\u2019essentiel est donc pr\u00e9serv\u00e9 avec une victoire qui positionne Istres \u00e0 la 2e place du classement en compagnie de Bouc Bel Air et d\u2019Aix, tous deux vainqueurs de leur premier match \u00e9galement.<\/p>\n<p>Rendez vous le 29 novembre, toujours \u00e0 Donadieu, pour la r\u00e9ception des redoutables aixois \u00e0 l\u2019occasion de la 2e journ\u00e9e.<\/p>\n","protected":false},"excerpt":{"rendered":"<p>Ce mardi 15 novembre 2016, le gymnase Donadieu \u00e9tait le th\u00e9\u00e2tre du coup d\u2019envoi de la saison d\u2019interclubs d\u00e9partemental et promobad! Suite \u00e0 sa 3e place en d\u00e9partemental 4 l\u2019an dernier, l\u2019\u00e9quipe 3 d\u2019Istres Sports Badminton du capitaine Thibaud seretrouve cette saison engag\u00e9e en D3. Je rappelle le principe pour les nouveaux: 6 divisions en &hellip; <a href=\"https:\/\/istressportsbadminton.com\/?page_id=2007\" class=\"more-link\">Continuer la lecture<span class=\"screen-reader-text\"> de &laquo;&nbsp;Compte Rendu J1&nbsp;&raquo;<\/span><\/a><\/p>\n","protected":false},"author":3,"featured_media":0,"parent":0,"menu_order":0,"comment_status":"closed","ping_status":"closed","template":"","meta":{"sfsi_plus_gutenberg_text_before_share":"","sfsi_plus_gutenberg_show_text_before_share":"","sfsi_plus_gutenberg_icon_type":"","sfsi_plus_gutenberg_icon_alignemt":"","sfsi_plus_gutenburg_max_per_row":""},"_links":{"self":[{"href":"https:\/\/istressportsbadminton.com\/index.php?rest_route=\/wp\/v2\/pages\/2007"}],"collection":[{"href":"https:\/\/istressportsbadminton.com\/index.php?rest_route=\/wp\/v2\/pages"}],"about":[{"href":"https:\/\/istressportsbadminton.com\/index.php?rest_route=\/wp\/v2\/types\/page"}],"author":[{"embeddable":true,"href":"https:\/\/istressportsbadminton.com\/index.php?rest_route=\/wp\/v2\/users\/3"}],"replies":[{"embeddable":true,"href":"https:\/\/istressportsbadminton.com\/index.php?rest_route=%2Fwp%2Fv2%2Fcomments&post=2007"}],"version-history":[{"count":1,"href":"https:\/\/istressportsbadminton.com\/index.php?rest_route=\/wp\/v2\/pages\/2007\/revisions"}],"predecessor-version":[{"id":2008,"href":"https:\/\/istressportsbadminton.com\/index.php?rest_route=\/wp\/v2\/pages\/2007\/revisions\/2008"}],"wp:attachment":[{"href":"https:\/\/istressportsbadminton.com\/index.php?rest_route=%2Fwp%2Fv2%2Fmedia&parent=2007"}],"curies":[{"name":"wp","href":"https:\/\/api.w.org\/{rel}","templated":true}]}}