{"id":2010,"date":"2016-11-21T16:54:56","date_gmt":"2016-11-21T15:54:56","guid":{"rendered":"http:\/\/istressportsbadminton.com\/?page_id=2010"},"modified":"2016-11-21T16:54:56","modified_gmt":"2016-11-21T15:54:56","slug":"compte-rendu-j1-4","status":"publish","type":"page","link":"https:\/\/istressportsbadminton.com\/?page_id=2010","title":{"rendered":"Compte Rendu J1"},"content":{"rendered":"<p>Dans le m\u00eame temps, l\u2019\u00e9quipe 4 d\u2019ISB du Captain Olive lan\u00e7ait \u00e9galement sa saison du championnat Promobad.<br \/>\nPour rappel, l\u2019interclub Promobad (ICP), cr\u00e9e la saison pass\u00e9e par le Comit\u00e9 13, a pour but premier de permettre aux licenci\u00e9s loisirs de d\u00e9couvrir la comp\u00e9tition d\u2019interclubs sans pression du r\u00e9sultat, o\u00f9 convivialit\u00e9 et plaisir sont les maitres mots, via cette formule qui poss\u00e8de l\u2019avantage de la souplesse quand au nombre et au type de match jou\u00e9s.<br \/>\nIstres se retrouve cette ann\u00e9e dans une poule avec 5 autres \u00e9quipes, Ensu\u00e8s, Sausset, Ventabren, Rognes et St Cannat, qui seront affront\u00e9es en aller-retour au cours de la saison lors de 10 journ\u00e9es r\u00e9parties jusqu\u2019en mai prochain.<br \/>\nCe mardi, ISB 4 recevait donc la sympatique \u00e9quipe d\u2019Ensu\u00e8s, et Captain Olive avait fait appel a un effectif compos\u00e9, \u00e0 l\u2019exception de J\u00e9r\u00e9my et du Captain, de joueuses et joueurs qui d\u00e9couvraient la compet. Etaient de la partie M\u00e9lody, Jade, St\u00e9phanie, Oriane A, Orianne F, et Audrey c\u00f4t\u00e9 filles, et Romain, Cyril, Didier, J\u00e9r\u00e9my et Captain Olive chez les gar\u00e7ons.<\/p>\n<p>Et le premier match de Double Dame allait tout de suite poser les bases de la soir\u00e9e. Il voyait l\u2019association de M\u00e9lody et Orianne F. Un premier set pour se r\u00e9gler, remport\u00e9 21-16, un second set pour mettre en applications les conseils de coaching, 21-08, pour une victoire pleine d\u2019autorit\u00e9 digne de vieux briscards des terrains! Bluffant pour une premi\u00e8re ! Le second Double Dame sera de la m\u00eame trempe, Jade et St\u00e9phanie maitrisant elles aussi leur sujet de fa\u00e7on impressionnante (21-15\/21-18). Les femmes aux top, chez les hommes aussi on se mettait au diapason. D\u2019abord avec 2 simples hommes remport\u00e9s par l\u2019exp\u00e9riment\u00e9 J\u00e9r\u00e9my, et par Romain. Puis le Double Homme, Cyril\/Romain portait le score \u00e0 5-0 pour ISB! Quels d\u00e9buts!<br \/>\nEt ce n\u2019\u00e9tait pas fini. Les filles, d\u00e9cid\u00e9ment d\u00e9chain\u00e9es, se lan\u00e7aient aussi en simple. Jade, puis Orianne F, et enfin M\u00e9lody l\u2019emportaient chacune solidement pour leurs premi\u00e8res \u00e0 chaque fois en 2 sets, tandis que Captain Olive assurait le job en simple contre Jean-Pierre, le sympathique capitaine adverse. Restaient donc les 3 mixtes qui connaitrons eux un peu moins de succ\u00e8s. Si la paire Oriane A (pour sa premi\u00e8re) associ\u00e9e \u00e0 J\u00e9r\u00e9my va l\u2019emporter (difficilement apr\u00e8s 3 sets au couteau 15-21\/21-17\/21-19), ce ne sera pas le cas de St\u00e9phanie et Cyril, puis d\u2019Audrey et Didier eux aussi pour leur premier match. Mais ces 2 d\u00e9faites ne viennent pas ternir la superbe soir\u00e9e de toute l\u2019\u00e9quipe, qui se termine par un score final de 10-2 pour ISB!! Victoire<\/p>\n<p>La performance de l\u2019\u00e9quipe, port\u00e9e notamment par des filles de gala, vient valider de la plus belle des mani\u00e8re le b\u00e9n\u00e9fice de la mise en place cette saison des 2 entrainements loisirs dirig\u00e9s par Dorian.<\/p>\n<p>Prochain rendez-vous pour la Promobad, mardi 29 novembre toujours \u00e0 Donadieu, pour la r\u00e9ception de Sausset.<\/p>\n<p>F\u00e9licitations \u00e0 tous ! Superbe soir\u00e9e qui peut se conclure par la c\u00e9l\u00e9bration des anniversaires de Lucie (35 ans) et du Captain Olive (50 ans). Merci au vice capitaine de la promobad Alex D qui a une nouvelle fois superbement g\u00e9r\u00e9 les courses &#x1f609;<\/p>\n<p>Allez ISB!!!!<\/p>\n","protected":false},"excerpt":{"rendered":"<p>Dans le m\u00eame temps, l\u2019\u00e9quipe 4 d\u2019ISB du Captain Olive lan\u00e7ait \u00e9galement sa saison du championnat Promobad. Pour rappel, l\u2019interclub Promobad (ICP), cr\u00e9e la saison pass\u00e9e par le Comit\u00e9 13, a pour but premier de permettre aux licenci\u00e9s loisirs de d\u00e9couvrir la comp\u00e9tition d\u2019interclubs sans pression du r\u00e9sultat, o\u00f9 convivialit\u00e9 et plaisir sont les maitres &hellip; <a href=\"https:\/\/istressportsbadminton.com\/?page_id=2010\" class=\"more-link\">Continuer la lecture<span class=\"screen-reader-text\"> de &laquo;&nbsp;Compte Rendu J1&nbsp;&raquo;<\/span><\/a><\/p>\n","protected":false},"author":3,"featured_media":0,"parent":0,"menu_order":0,"comment_status":"closed","ping_status":"closed","template":"","meta":{"sfsi_plus_gutenberg_text_before_share":"","sfsi_plus_gutenberg_show_text_before_share":"","sfsi_plus_gutenberg_icon_type":"","sfsi_plus_gutenberg_icon_alignemt":"","sfsi_plus_gutenburg_max_per_row":""},"_links":{"self":[{"href":"https:\/\/istressportsbadminton.com\/index.php?rest_route=\/wp\/v2\/pages\/2010"}],"collection":[{"href":"https:\/\/istressportsbadminton.com\/index.php?rest_route=\/wp\/v2\/pages"}],"about":[{"href":"https:\/\/istressportsbadminton.com\/index.php?rest_route=\/wp\/v2\/types\/page"}],"author":[{"embeddable":true,"href":"https:\/\/istressportsbadminton.com\/index.php?rest_route=\/wp\/v2\/users\/3"}],"replies":[{"embeddable":true,"href":"https:\/\/istressportsbadminton.com\/index.php?rest_route=%2Fwp%2Fv2%2Fcomments&post=2010"}],"version-history":[{"count":1,"href":"https:\/\/istressportsbadminton.com\/index.php?rest_route=\/wp\/v2\/pages\/2010\/revisions"}],"predecessor-version":[{"id":2011,"href":"https:\/\/istressportsbadminton.com\/index.php?rest_route=\/wp\/v2\/pages\/2010\/revisions\/2011"}],"wp:attachment":[{"href":"https:\/\/istressportsbadminton.com\/index.php?rest_route=%2Fwp%2Fv2%2Fmedia&parent=2010"}],"curies":[{"name":"wp","href":"https:\/\/api.w.org\/{rel}","templated":true}]}}