{"id":2032,"date":"2016-11-29T16:38:56","date_gmt":"2016-11-29T15:38:56","guid":{"rendered":"http:\/\/istressportsbadminton.com\/?page_id=2032"},"modified":"2016-11-29T16:38:56","modified_gmt":"2016-11-29T15:38:56","slug":"raquette-en-bois-sausset","status":"publish","type":"page","link":"https:\/\/istressportsbadminton.com\/?page_id=2032","title":{"rendered":"Raquette en Bois (Sausset)"},"content":{"rendered":"<p>Les 5 et 6 novembre se d\u00e9roulait \u00e0 Sausset le tournoi de la Raquette en Bois, en double et Mixte, avec 8 istr\u00e9ens sur le front.<\/p>\n<p>En <strong>Double Homme<\/strong>, dans un <strong>tableau P<\/strong> tr\u00e8s dense, on retrouvaient <strong>J\u00e9r\u00e9my<\/strong> (P10) avec <strong>Alex D<\/strong> (P10), et <strong>Valentin<\/strong> ( P10) avec Adrien Debono (NC, Pierrelate).<br \/>\nPour ces derniers, et pour leur premi\u00e8re association, apr\u00e8s une poule domin\u00e9es avec 2 victoires et une qualif directe en <strong>quart de finale<\/strong>, ils vont \u00e9chouer \u00e0 ce stade au terme d&rsquo;un match acharn\u00e9 perdu en 3 sets.<br \/>\nAlex et J\u00e9r\u00e9my de leur cot\u00e9, sortent de leur poule de 4 avec 2V et 1D. Deux victoire de plus en 1\/8\u00e8me et 1\/4, les voila en <strong>demi-finale<\/strong> contre une paire locale et la pression du public contre eux. Malgr\u00e9 un premier set accroch\u00e9 perdu 21-18, ils s&rsquo;inclinent finalement (21-12) contre ceux qui seront les futurs vainqueurs.<\/p>\n<p>En R5\/R6, <strong>St\u00e9ph<\/strong> et <strong>Dorian<\/strong> (R6) vont connaitre un mauvais jour. 2 matchs au couteau (1 victoire 26-24\/ 22-20 et 1 d\u00e9faite 21-16\/ 22-20) et 3 paires \u00e0 une victoire chacune, la d\u00e9cision se jouant au point-average&#8230; et une \u00e9limination de nos istr\u00e9ens pour 2 mis\u00e9rables petits points. Rageant!<br \/>\nDans le m\u00eame tableau, l&rsquo;aventure sera plus sereine pour <strong>Thibaud<\/strong> et <strong>Francky<\/strong> (R5). Une seconde place de poule conquise apr\u00e8s 2 victoires et 1 d\u00e9faite, ils progressent en 1\/4 puis en <strong>demi finale<\/strong> o\u00f9 ils s&rsquo;inclinent contre les futurs vainqueurs saussetois Darragon\/Palermo, en passant \u00e0 cot\u00e9 de leur match.<\/p>\n<p>Enfin, le lendemain, en <strong>Mixte tableau D9<\/strong>, la n\u00e9o Istr\u00e9enne <strong>Lucie<\/strong> (D9) faisait \u00e9quipe avec son partenaire habituel Antony D&rsquo;Angelo (La M\u00e8de, D9). 2V et 1D en poule, ils se qualifient en <strong>Huiti\u00e8me de finale<\/strong> o\u00f9 ils vont finalement\u00a0devoir rendre les armes.<\/p>\n<p>Au final, malgr\u00e9 2 demi-finales, pas de nouveaux troph\u00e9s pour ISB ce weekend.<\/p>\n","protected":false},"excerpt":{"rendered":"<p>Les 5 et 6 novembre se d\u00e9roulait \u00e0 Sausset le tournoi de la Raquette en Bois, en double et Mixte, avec 8 istr\u00e9ens sur le front. En Double Homme, dans un tableau P tr\u00e8s dense, on retrouvaient J\u00e9r\u00e9my (P10) avec Alex D (P10), et Valentin ( P10) avec Adrien Debono (NC, Pierrelate). Pour ces derniers, &hellip; <a href=\"https:\/\/istressportsbadminton.com\/?page_id=2032\" class=\"more-link\">Continuer la lecture<span class=\"screen-reader-text\"> de &laquo;&nbsp;Raquette en Bois (Sausset)&nbsp;&raquo;<\/span><\/a><\/p>\n","protected":false},"author":3,"featured_media":0,"parent":0,"menu_order":0,"comment_status":"closed","ping_status":"closed","template":"","meta":{"sfsi_plus_gutenberg_text_before_share":"","sfsi_plus_gutenberg_show_text_before_share":"","sfsi_plus_gutenberg_icon_type":"","sfsi_plus_gutenberg_icon_alignemt":"","sfsi_plus_gutenburg_max_per_row":""},"_links":{"self":[{"href":"https:\/\/istressportsbadminton.com\/index.php?rest_route=\/wp\/v2\/pages\/2032"}],"collection":[{"href":"https:\/\/istressportsbadminton.com\/index.php?rest_route=\/wp\/v2\/pages"}],"about":[{"href":"https:\/\/istressportsbadminton.com\/index.php?rest_route=\/wp\/v2\/types\/page"}],"author":[{"embeddable":true,"href":"https:\/\/istressportsbadminton.com\/index.php?rest_route=\/wp\/v2\/users\/3"}],"replies":[{"embeddable":true,"href":"https:\/\/istressportsbadminton.com\/index.php?rest_route=%2Fwp%2Fv2%2Fcomments&post=2032"}],"version-history":[{"count":1,"href":"https:\/\/istressportsbadminton.com\/index.php?rest_route=\/wp\/v2\/pages\/2032\/revisions"}],"predecessor-version":[{"id":2034,"href":"https:\/\/istressportsbadminton.com\/index.php?rest_route=\/wp\/v2\/pages\/2032\/revisions\/2034"}],"wp:attachment":[{"href":"https:\/\/istressportsbadminton.com\/index.php?rest_route=%2Fwp%2Fv2%2Fmedia&parent=2032"}],"curies":[{"name":"wp","href":"https:\/\/api.w.org\/{rel}","templated":true}]}}