{"id":2048,"date":"2016-11-30T15:28:10","date_gmt":"2016-11-30T14:28:10","guid":{"rendered":"http:\/\/istressportsbadminton.com\/?page_id=2048"},"modified":"2016-12-02T14:56:57","modified_gmt":"2016-12-02T13:56:57","slug":"championnats-regionaux-seniors-et-veterans","status":"publish","type":"page","link":"https:\/\/istressportsbadminton.com\/?page_id=2048","title":{"rendered":"Championnats R\u00e9gionaux S\u00e9niors et V\u00e9t\u00e9rans"},"content":{"rendered":"<p>En ce long weekend du 11 Novembre, la Ligue PACA organisait les championnats R\u00e9gionaux S\u00e9niors et V\u00e9t\u00e9rans \u00e0 Auriol et Roquevaire, pour lesquels 6 istr\u00e9ens avaient r\u00e9pondus \u00e0 l&rsquo;appel.<\/p>\n<p>En <strong>Simple Homme<\/strong>, <strong>Dorian<\/strong> en <strong>tableau D7<\/strong> <strong>s&rsquo;incline en finale<\/strong> apr\u00e8s un joli parcours, 2V 1D en poule, une belle victoire en demi-finale contre Antony Monello (Aix) 21-13\/ 17-21\/ 21-19. Au final, seul lui aura r\u00e9sist\u00e9 Gaetan Sicard (Batie-Neuves) contre qui il perd\u00a0en finale, le m\u00eame adversaire qui lui avait fait subir sa d\u00e9faite en poule.<br \/>\nEn tableau <strong>V\u00e9t\u00e9ran 2\/3<\/strong>, <strong>Eric<\/strong> <strong>(R6) \u00e9choue \u00e9galement en finale<\/strong>\u00a0apr\u00e8s un sans faute et 5 victoires, dont notamment une belle demi-finale remport\u00e9e contre un joueur mieux class\u00e9 que lui (R5). Il s&rsquo;inclinera uniquement pour la victoire finale contre Vincent Groff (Trets, R5) au terme d&rsquo;un match en 3 sets 11-21\/ 21-11\/ 21-14.<br \/>\nDommage pour nos 2 joueurs de simple qui ne seront pas pass\u00e9 loin du graal.<\/p>\n<p>En <strong>Mixte<\/strong>, <strong>Dorian<\/strong> avec sa partenaire habituelle Pauline Alamercery d&rsquo;Aix en <strong>tableau D7<\/strong> r\u00e9alisent un beau parcours qui s&rsquo;ach\u00e8ve malheureusement en <strong>demi-finale<\/strong>, apr\u00e8s 4 belles victoires<\/p>\n<p>En <strong>Double Homme tableau V\u00e9t\u00e9ran<\/strong>, 3 istr\u00e9ens \u00e9taient engag\u00e9s: <strong>Eric<\/strong> (D7) avec <strong>Fabrice<\/strong> (R6), tandis que <strong>Bobby<\/strong> (R4), de retour \u00e0 la compet apr\u00e8s sa blessure, \u00e9tait associ\u00e9 \u00e0 Herv\u00e9 Biletta (Airbus, D7). Les 2 paires sortent sans encombre de leurs poules respectives avec 2 victoires. <strong>L&rsquo;aventure s\u2019arr\u00eate en 1\/4 de finale pour Bobby<\/strong> et son partenaire.<br \/>\n<strong>Eric\/Fabrice<\/strong>, quant \u00e0 eux,\u00a0franchissent deux tours suppl\u00e9mentaires pour se <strong>hisser jusqu&rsquo;en finale<\/strong>&#8230; qu&rsquo;ils vont finalement perdre contre Jimmy Leblet (Eygui\u00e8res, R4) et &#8230; Vincent Groff (R4), encore lui, d\u00e9cid\u00e9ment bourreau d&rsquo;Eric en ce weekend. \u00a03\u00e8me d\u00e9faite en finale pour ISB, d\u00e9cid\u00e9ment quand \u00e7a veut pas!<\/p>\n<p><a href=\"http:\/\/istressportsbadminton.com\/wp-content\/uploads\/2016\/11\/image2.jpg\"><img loading=\"lazy\" class=\"alignright wp-image-2051 size-medium\" src=\"http:\/\/istressportsbadminton.com\/wp-content\/uploads\/2016\/11\/image2-225x300.jpg\" alt=\"image2\" width=\"225\" height=\"300\" srcset=\"https:\/\/istressportsbadminton.com\/wp-content\/uploads\/2016\/11\/image2-225x300.jpg 225w, https:\/\/istressportsbadminton.com\/wp-content\/uploads\/2016\/11\/image2-113x150.jpg 113w, https:\/\/istressportsbadminton.com\/wp-content\/uploads\/2016\/11\/image2-768x1024.jpg 768w, https:\/\/istressportsbadminton.com\/wp-content\/uploads\/2016\/11\/image2-1x1.jpg 1w, https:\/\/istressportsbadminton.com\/wp-content\/uploads\/2016\/11\/image2.jpg 960w\" sizes=\"(max-width: 225px) 85vw, 225px\" \/><\/a>Pour esp\u00e9rer un troph\u00e9e, l&rsquo;ultime chance en double reposait alors sur la paire <strong>Teddy\/ Seb<\/strong> (N2), t\u00eate de s\u00e9rie 1 du <strong>tableau N2<\/strong>. Et ils vont assurer leur rang et <strong>remporter le tournoi<\/strong> au bout d&rsquo;un parcours sans faute et 4 victoires en autant de match.\u00a0Apr\u00e8s 2 matchs sereinement gagn\u00e9 en poule, ils doivent s&#8217;employer en demi-finale contre les vitrollais Loic Blois\/Yann Bordes ( N3) pour l&#8217;emporter au bout du suspense 21-23\/ 23-21\/ 21-19. La finale contre Thibaud Passanante\/Dorian Daout (Aubagne, N3-R4) sera plus facilement g\u00e9r\u00e9e et remport\u00e9e en 2 sets pour <strong>apporter le 5\u00e8me troph\u00e9e pour ISB<\/strong>, seulement le second chez les adultes. \u00a0Bravo !!<a href=\"http:\/\/istressportsbadminton.com\/wp-content\/uploads\/2016\/04\/emoji_u1f3c6.png\"><img loading=\"lazy\" class=\"alignnone size-full wp-image-1322\" src=\"http:\/\/istressportsbadminton.com\/wp-content\/uploads\/2016\/04\/emoji_u1f3c6.png\" alt=\"Victoire\" width=\"25\" height=\"25\" srcset=\"https:\/\/istressportsbadminton.com\/wp-content\/uploads\/2016\/04\/emoji_u1f3c6.png 25w, https:\/\/istressportsbadminton.com\/wp-content\/uploads\/2016\/04\/emoji_u1f3c6-1x1.png 1w\" sizes=\"(max-width: 25px) 85vw, 25px\" \/><\/a><a href=\"http:\/\/istressportsbadminton.com\/wp-content\/uploads\/2016\/11\/image1-1.jpg\"><img loading=\"lazy\" class=\"aligncenter wp-image-2050 size-large\" src=\"http:\/\/istressportsbadminton.com\/wp-content\/uploads\/2016\/11\/image1-1-768x1024.jpg\" alt=\"image1 (1)\" width=\"654\" height=\"872\" srcset=\"https:\/\/istressportsbadminton.com\/wp-content\/uploads\/2016\/11\/image1-1-768x1024.jpg 768w, https:\/\/istressportsbadminton.com\/wp-content\/uploads\/2016\/11\/image1-1-113x150.jpg 113w, https:\/\/istressportsbadminton.com\/wp-content\/uploads\/2016\/11\/image1-1-225x300.jpg 225w, https:\/\/istressportsbadminton.com\/wp-content\/uploads\/2016\/11\/image1-1-1x1.jpg 1w\" sizes=\"(max-width: 654px) 85vw, 654px\" \/><\/a><\/p>\n<p>&nbsp;<\/p>\n<p>&nbsp;<\/p>\n","protected":false},"excerpt":{"rendered":"<p>En ce long weekend du 11 Novembre, la Ligue PACA organisait les championnats R\u00e9gionaux S\u00e9niors et V\u00e9t\u00e9rans \u00e0 Auriol et Roquevaire, pour lesquels 6 istr\u00e9ens avaient r\u00e9pondus \u00e0 l&rsquo;appel. En Simple Homme, Dorian en tableau D7 s&rsquo;incline en finale apr\u00e8s un joli parcours, 2V 1D en poule, une belle victoire en demi-finale contre Antony Monello &hellip; <a href=\"https:\/\/istressportsbadminton.com\/?page_id=2048\" class=\"more-link\">Continuer la lecture<span class=\"screen-reader-text\"> de &laquo;&nbsp;Championnats R\u00e9gionaux S\u00e9niors et V\u00e9t\u00e9rans&nbsp;&raquo;<\/span><\/a><\/p>\n","protected":false},"author":3,"featured_media":0,"parent":0,"menu_order":0,"comment_status":"closed","ping_status":"closed","template":"","meta":{"sfsi_plus_gutenberg_text_before_share":"","sfsi_plus_gutenberg_show_text_before_share":"","sfsi_plus_gutenberg_icon_type":"","sfsi_plus_gutenberg_icon_alignemt":"","sfsi_plus_gutenburg_max_per_row":""},"_links":{"self":[{"href":"https:\/\/istressportsbadminton.com\/index.php?rest_route=\/wp\/v2\/pages\/2048"}],"collection":[{"href":"https:\/\/istressportsbadminton.com\/index.php?rest_route=\/wp\/v2\/pages"}],"about":[{"href":"https:\/\/istressportsbadminton.com\/index.php?rest_route=\/wp\/v2\/types\/page"}],"author":[{"embeddable":true,"href":"https:\/\/istressportsbadminton.com\/index.php?rest_route=\/wp\/v2\/users\/3"}],"replies":[{"embeddable":true,"href":"https:\/\/istressportsbadminton.com\/index.php?rest_route=%2Fwp%2Fv2%2Fcomments&post=2048"}],"version-history":[{"count":5,"href":"https:\/\/istressportsbadminton.com\/index.php?rest_route=\/wp\/v2\/pages\/2048\/revisions"}],"predecessor-version":[{"id":2064,"href":"https:\/\/istressportsbadminton.com\/index.php?rest_route=\/wp\/v2\/pages\/2048\/revisions\/2064"}],"wp:attachment":[{"href":"https:\/\/istressportsbadminton.com\/index.php?rest_route=%2Fwp%2Fv2%2Fmedia&parent=2048"}],"curies":[{"name":"wp","href":"https:\/\/api.w.org\/{rel}","templated":true}]}}