{"id":2070,"date":"2016-12-02T18:53:44","date_gmt":"2016-12-02T17:53:44","guid":{"rendered":"http:\/\/istressportsbadminton.com\/?page_id=2070"},"modified":"2016-12-02T22:46:10","modified_gmt":"2016-12-02T21:46:10","slug":"bowling-novembre-2016","status":"publish","type":"page","link":"https:\/\/istressportsbadminton.com\/?page_id=2070","title":{"rendered":"Bowling Novembre 2016"},"content":{"rendered":"<p>Sympathique soir\u00e9e organis\u00e9e au bowling d&rsquo;Istres en ce lundi 28 novembre, bonne ambiance, bon buffet, de bonnes rigolades pour les 25 licenci\u00e9s ayant pu se lib\u00e9rer.\u00a0<a href=\"http:\/\/istressportsbadminton.com\/wp-content\/uploads\/2016\/12\/photo-2-5.jpg\"><img loading=\"lazy\" class=\"aligncenter wp-image-2071 size-medium\" src=\"http:\/\/istressportsbadminton.com\/wp-content\/uploads\/2016\/12\/photo-2-5-300x224.jpg\" alt=\"photo 2 (5)\" width=\"300\" height=\"224\" srcset=\"https:\/\/istressportsbadminton.com\/wp-content\/uploads\/2016\/12\/photo-2-5-300x224.jpg 300w, https:\/\/istressportsbadminton.com\/wp-content\/uploads\/2016\/12\/photo-2-5-150x112.jpg 150w, https:\/\/istressportsbadminton.com\/wp-content\/uploads\/2016\/12\/photo-2-5-1024x765.jpg 1024w, https:\/\/istressportsbadminton.com\/wp-content\/uploads\/2016\/12\/photo-2-5-1x1.jpg 1w\" sizes=\"(max-width: 300px) 85vw, 300px\" \/><\/a><\/p>\n<p>Le prix du meilleur titilleur de boule pour un Seb en folie, encha\u00eenant strike sur strike ( les r\u00e9sultats des contr\u00f4les antidopage ne nous sont pas encore parvenus, mais de s\u00e9rieux doutes existent \ud83d\ude06 ).<\/p>\n<p><a href=\"http:\/\/istressportsbadminton.com\/wp-content\/uploads\/2016\/12\/photo-1-2.jpg\"><img loading=\"lazy\" class=\"alignright wp-image-2072 size-medium\" src=\"http:\/\/istressportsbadminton.com\/wp-content\/uploads\/2016\/12\/photo-1-2-300x224.jpg\" alt=\"photo 1 (2)\" width=\"300\" height=\"224\" srcset=\"https:\/\/istressportsbadminton.com\/wp-content\/uploads\/2016\/12\/photo-1-2-300x224.jpg 300w, https:\/\/istressportsbadminton.com\/wp-content\/uploads\/2016\/12\/photo-1-2-150x112.jpg 150w, https:\/\/istressportsbadminton.com\/wp-content\/uploads\/2016\/12\/photo-1-2-1024x765.jpg 1024w, https:\/\/istressportsbadminton.com\/wp-content\/uploads\/2016\/12\/photo-1-2-1x1.jpg 1w\" sizes=\"(max-width: 300px) 85vw, 300px\" \/><\/a>Par contre, aucune suspicion de dopage pour l&rsquo;\u00e9quipe des Quichettes, vainqueur haut la main de l&rsquo;\u00e9quipe la plus sympathique, et que le patron du bowling a vivement remerci\u00e9 pour ne pas avoir ab\u00eem\u00e9e les quilles\u00a0 <img src=\"https:\/\/istressportsbadminton.com\/wp-includes\/images\/smilies\/mrgreen.png\" alt=\":mrgreen:\" class=\"wp-smiley\" style=\"height: 1em; max-height: 1em;\" \/><\/p>\n<p>Merci \u00e0 tous pour votre bonne humeur!<\/p>\n<p>Vous pouvez retrouver quelques photos de la soir\u00e9e sur ce lien:<\/p>\n<p><a href=\"https:\/\/www.dropbox.com\/sh\/4uzpvulu6knxizj\/AADOpog23d2ogwkblnZn0pJ1a?dl=0\" target=\"_blank\">https:\/\/www.dropbox.com\/sh\/4uzpvulu6knxizj\/AADOpog23d2ogwkblnZn0pJ1a?dl=0<\/a><\/p>\n<p>Si vous en avez d&rsquo;autres que vous souhaitez\u00a0faire partager, envoyez les nous \u00e0 \u00a0isb.eventz@gmail.com<\/p>\n<p>La Team EVENTZ<\/p>\n<p><a href=\"http:\/\/istressportsbadminton.com\/wp-content\/uploads\/2016\/12\/tof-10.jpg\"><img loading=\"lazy\" class=\"aligncenter wp-image-2077 size-large\" src=\"http:\/\/istressportsbadminton.com\/wp-content\/uploads\/2016\/12\/tof-10-1024x765.jpg\" alt=\"tof 10\" width=\"654\" height=\"489\" srcset=\"https:\/\/istressportsbadminton.com\/wp-content\/uploads\/2016\/12\/tof-10-1024x765.jpg 1024w, https:\/\/istressportsbadminton.com\/wp-content\/uploads\/2016\/12\/tof-10-150x112.jpg 150w, https:\/\/istressportsbadminton.com\/wp-content\/uploads\/2016\/12\/tof-10-300x224.jpg 300w, https:\/\/istressportsbadminton.com\/wp-content\/uploads\/2016\/12\/tof-10-1x1.jpg 1w\" sizes=\"(max-width: 654px) 85vw, 654px\" \/><\/a><\/p>\n","protected":false},"excerpt":{"rendered":"<p>Sympathique soir\u00e9e organis\u00e9e au bowling d&rsquo;Istres en ce lundi 28 novembre, bonne ambiance, bon buffet, de bonnes rigolades pour les 25 licenci\u00e9s ayant pu se lib\u00e9rer.\u00a0 Le prix du meilleur titilleur de boule pour un Seb en folie, encha\u00eenant strike sur strike ( les r\u00e9sultats des contr\u00f4les antidopage ne nous sont pas encore parvenus, mais &hellip; <a href=\"https:\/\/istressportsbadminton.com\/?page_id=2070\" class=\"more-link\">Continuer la lecture<span class=\"screen-reader-text\"> de &laquo;&nbsp;Bowling Novembre 2016&nbsp;&raquo;<\/span><\/a><\/p>\n","protected":false},"author":3,"featured_media":0,"parent":0,"menu_order":0,"comment_status":"closed","ping_status":"closed","template":"","meta":{"sfsi_plus_gutenberg_text_before_share":"","sfsi_plus_gutenberg_show_text_before_share":"","sfsi_plus_gutenberg_icon_type":"","sfsi_plus_gutenberg_icon_alignemt":"","sfsi_plus_gutenburg_max_per_row":""},"_links":{"self":[{"href":"https:\/\/istressportsbadminton.com\/index.php?rest_route=\/wp\/v2\/pages\/2070"}],"collection":[{"href":"https:\/\/istressportsbadminton.com\/index.php?rest_route=\/wp\/v2\/pages"}],"about":[{"href":"https:\/\/istressportsbadminton.com\/index.php?rest_route=\/wp\/v2\/types\/page"}],"author":[{"embeddable":true,"href":"https:\/\/istressportsbadminton.com\/index.php?rest_route=\/wp\/v2\/users\/3"}],"replies":[{"embeddable":true,"href":"https:\/\/istressportsbadminton.com\/index.php?rest_route=%2Fwp%2Fv2%2Fcomments&post=2070"}],"version-history":[{"count":7,"href":"https:\/\/istressportsbadminton.com\/index.php?rest_route=\/wp\/v2\/pages\/2070\/revisions"}],"predecessor-version":[{"id":2081,"href":"https:\/\/istressportsbadminton.com\/index.php?rest_route=\/wp\/v2\/pages\/2070\/revisions\/2081"}],"wp:attachment":[{"href":"https:\/\/istressportsbadminton.com\/index.php?rest_route=%2Fwp%2Fv2%2Fmedia&parent=2070"}],"curies":[{"name":"wp","href":"https:\/\/api.w.org\/{rel}","templated":true}]}}