{"id":208,"date":"2015-11-16T18:14:10","date_gmt":"2015-11-16T18:14:10","guid":{"rendered":"http:\/\/istressportsbadminton.com\/?page_id=208"},"modified":"2016-12-05T11:43:18","modified_gmt":"2016-12-05T10:43:18","slug":"gpj-auriol-et-tdj-vaucluse","status":"publish","type":"page","link":"https:\/\/istressportsbadminton.com\/?page_id=208","title":{"rendered":"GPJ Auriol et TDJ Vaucluse"},"content":{"rendered":"<p>Samedi 10 octobre 2015, notre petit champion <strong>Swann Hardi<\/strong>, 8 ans, participait \u00e0 sa toute premi\u00e8re comp\u00e9tition au <strong>Grand Prix Jeune d&rsquo;Auriol<\/strong>:<\/p>\n<p>Bilan<strong> deux victoires et deux d\u00e9faites<\/strong> dans la cat\u00e9gorie Poussin avec beaucoup de fautes mais \u00e9norm\u00e9ment de potentiel puisque Swann \u00e9tait le plus jeune joueur de sa cat\u00e9gorie.<\/p>\n<p>Le lendemain lors du <strong>TDJ du Vaucluse<\/strong>, Swann voit son parcours s\u2019arr\u00eater en <strong>1\/4 de finale<\/strong> apr\u00e8s 3 belles victoires en 3 matchs en poule.<\/p>\n<p>Au final bilan tr\u00e8s positif de 5 victoires sur les 8 matchs jou\u00e9s ce week end! Bravo!<\/p>\n","protected":false},"excerpt":{"rendered":"<p>Samedi 10 octobre 2015, notre petit champion Swann Hardi, 8 ans, participait \u00e0 sa toute premi\u00e8re comp\u00e9tition au Grand Prix Jeune d&rsquo;Auriol: Bilan deux victoires et deux d\u00e9faites dans la cat\u00e9gorie Poussin avec beaucoup de fautes mais \u00e9norm\u00e9ment de potentiel puisque Swann \u00e9tait le plus jeune joueur de sa cat\u00e9gorie. Le lendemain lors du TDJ &hellip; <a href=\"https:\/\/istressportsbadminton.com\/?page_id=208\" class=\"more-link\">Continuer la lecture<span class=\"screen-reader-text\"> de &laquo;&nbsp;GPJ Auriol et TDJ Vaucluse&nbsp;&raquo;<\/span><\/a><\/p>\n","protected":false},"author":2,"featured_media":0,"parent":0,"menu_order":0,"comment_status":"closed","ping_status":"open","template":"","meta":{"sfsi_plus_gutenberg_text_before_share":"","sfsi_plus_gutenberg_show_text_before_share":"","sfsi_plus_gutenberg_icon_type":"","sfsi_plus_gutenberg_icon_alignemt":"","sfsi_plus_gutenburg_max_per_row":""},"_links":{"self":[{"href":"https:\/\/istressportsbadminton.com\/index.php?rest_route=\/wp\/v2\/pages\/208"}],"collection":[{"href":"https:\/\/istressportsbadminton.com\/index.php?rest_route=\/wp\/v2\/pages"}],"about":[{"href":"https:\/\/istressportsbadminton.com\/index.php?rest_route=\/wp\/v2\/types\/page"}],"author":[{"embeddable":true,"href":"https:\/\/istressportsbadminton.com\/index.php?rest_route=\/wp\/v2\/users\/2"}],"replies":[{"embeddable":true,"href":"https:\/\/istressportsbadminton.com\/index.php?rest_route=%2Fwp%2Fv2%2Fcomments&post=208"}],"version-history":[{"count":3,"href":"https:\/\/istressportsbadminton.com\/index.php?rest_route=\/wp\/v2\/pages\/208\/revisions"}],"predecessor-version":[{"id":2117,"href":"https:\/\/istressportsbadminton.com\/index.php?rest_route=\/wp\/v2\/pages\/208\/revisions\/2117"}],"wp:attachment":[{"href":"https:\/\/istressportsbadminton.com\/index.php?rest_route=%2Fwp%2Fv2%2Fmedia&parent=208"}],"curies":[{"name":"wp","href":"https:\/\/api.w.org\/{rel}","templated":true}]}}