{"id":2085,"date":"2016-12-03T13:34:16","date_gmt":"2016-12-03T12:34:16","guid":{"rendered":"http:\/\/istressportsbadminton.com\/?page_id=2085"},"modified":"2016-12-03T17:48:24","modified_gmt":"2016-12-03T16:48:24","slug":"gpa-mixte-marignane","status":"publish","type":"page","link":"https:\/\/istressportsbadminton.com\/?page_id=2085","title":{"rendered":"GP Mixte Marignane, Double Valentinois, Tournoi d&rsquo;Apt"},"content":{"rendered":"<p>En ce samedi 19 novembre, de nombreux Istr\u00e9ens \u00e9taient engag\u00e9s dans diff\u00e9rents tournois \u00e0 Marignane, Valence et Apt avec pour ambition de ramener un nouveau troph\u00e9e dans l&rsquo;armoire du club.<\/p>\n<p><span style=\"text-decoration: underline;\"><strong>GP Mixte Marignane<\/strong><\/span><\/p>\n<p>Le plus gros de la d\u00e9l\u00e9gation \u00e9tait de sortie au\u00a0complexe sportif d&rsquo;Airbus Helicopters pour du Mixte, avec 10 joueurs d&rsquo;engag\u00e9s.<\/p>\n<p>En <strong>tableau D8\/D9<\/strong>, <strong>Lucie<\/strong> (D9), en \u00e9quipe avec Julien Terrasson (Airbus, D8), bloque d\u00e8s <strong>la phase de poule<\/strong> apr\u00e8s 1 victoire et 2 d\u00e9faites.<\/p>\n<p>En <strong>R6\/D7<\/strong>, \u00a0<strong>R\u00e9gine<\/strong> (D7) \u00e9tait associ\u00e9e \u00e0 <strong>Francky<\/strong> (D7) pour peu de r\u00e9ussite et 3 d\u00e9faites. Meilleur parcours pour <strong>Am\u00e9lie<\/strong> (D8) et <strong>St\u00e9ph<\/strong> (D8), 2 victoires et 1 d\u00e9faite pour sortir 2\u00e8me de leur poule. Ils chuteront n\u00e9anmoins au tour suivant des <strong>quarts de finale<\/strong>.<\/p>\n<p>Enfin, en s\u00e9rie <strong>R4\/R5<\/strong>, beaucoup de petits duels entre amis, le tableau n&rsquo;\u00e9tant compos\u00e9 que de 2 poules de 5. Dans la poule A, on retrouvait ainsi <strong>Agn\u00e8s<\/strong> (R5) avec Cyril Borg (Airbus, R6) face \u00e0\u00a0son <strong>JP<\/strong> (R5) avec Tania Hernandez (Airbus, R5). Et dans la poule B, <strong>Marie<\/strong> et <strong>Max<\/strong> (R4,R5) devaient affronter notamment <strong>M\u00e9lanie<\/strong> et <strong>Thibaud<\/strong> (R5, D7).<\/p>\n<p>Dans la poule A, le match fratricide avait lieu d&rsquo;entr\u00e9, \u00a0et la paire la mieux class\u00e9e l&#8217;emporte finalement avec une victoire de <strong>JP<\/strong>\/Tania contre <strong>Agn\u00e8s<\/strong>\/Cyril apr\u00e8s un premier set accroch\u00e9 27-25\/ 21-10. Mais au\u00a0final, les 2 \u00e9quipes vont truster les 2 premi\u00e8res places en remportant chacune ses 2 matchs suivants, et se qualifient pour les demi-finales en attendant\u00a0de pourquoi pas d&rsquo;y\u00a0retrouver les istr\u00e9ens de l&rsquo;autre poule.<br \/>\nDans cette poule B justement, l&rsquo;histoire ne sera pas aussi belle. <strong>Thibaud<\/strong> et <strong>M\u00e9lanie<\/strong> s&rsquo;attendaient a souffrir face \u00e0 des paires mieux class\u00e9es, mais ils vont n\u00e9anmoins bien se d\u00e9fendre avec au final une quatri\u00e8me place avec 1 victoire pour 3 d\u00e9faites&#8230; dont une contre <strong>Max<\/strong> et <strong>Marie<\/strong> au terme d&rsquo;un match dont ils remporteront le premier set 21-23\/ 21-9\/ 21-12. Pour Max et Marie, malgr\u00e9 cette victoire, la d\u00e9ception pr\u00e9dominera puisqu&rsquo;ils ne sortiront pas de la poule, avec un bilan final de 2 victoires mais 2 d\u00e9faites et une 3\u00e8me place, et laisseront ainsi leurs comp\u00e8re de l&rsquo;autre poule seuls en demi-finale.<\/p>\n<p>Et malheureusement pour <strong>JP<\/strong> et <strong>Agn\u00e8s<\/strong>, l&rsquo;aventure s\u2019arr\u00eatera lors de ces <strong>demi-finales<\/strong>, battus chacun au terme de match acharn\u00e9s: JP et Tania chutent contre Caroline et Laurent Morente 22-20\/ 17-21\/ 21-19!! Quant \u00e0 Agn\u00e8s\/Cyril, ils baissent les armes face \u00e0 Elodie Th\u00e9ry\/Flavien Chappe 21-11\/ 12-21\/ 24-22 !! Dommage.<\/p>\n<p><span style=\"text-decoration: underline;\"><strong>Tournoi de Doubles Valentinois<\/strong><\/span><\/p>\n<p><strong>Seb<\/strong> et <strong>Teddy<\/strong> \u00e9taient eux en d\u00e9placement \u00e0 Valence (Dr\u00f4me) pour y disputer le Tournoi de Doubles Valentinois en cat\u00e9gorie N2-N3. Ils finissent second de leur poule apr\u00e8s 2 victoires et 1 d\u00e9faite. \u00a0Ils s&rsquo;inclinent ensuite en <strong>quart de finale<\/strong> contre 2 joueurs de Bron (69), futurs vainqueurs de la comp\u00e9tition.<\/p>\n<p><span style=\"text-decoration: underline;\"><strong>Tournoi de la ville d&rsquo;Apt<\/strong><\/span><\/p>\n<p><strong>Eric<\/strong>, quant \u00e0 lui, \u00e9tait \u00e0 Apt pour y disputer un tournoi en simple tableau R6. Dans une poule unique de 5, Eric va totalement survoler la concurrence et <strong>s&rsquo;adjuger le troph\u00e9e<\/strong> apr\u00e8s 4 victoires en autant de match, et z\u00e9ro set conc\u00e9d\u00e9!<\/p>\n<p>Et c&rsquo;est une <strong>6\u00e8me coupe\u00a0<\/strong>qui vient garnir l&rsquo;armoire du club cette saison. Bravo !\u00a0<a href=\"http:\/\/istressportsbadminton.com\/wp-content\/uploads\/2016\/04\/emoji_u1f3c6.png\"><img loading=\"lazy\" class=\"alignnone size-full wp-image-1322\" src=\"http:\/\/istressportsbadminton.com\/wp-content\/uploads\/2016\/04\/emoji_u1f3c6.png\" alt=\"Victoire\" width=\"25\" height=\"25\" srcset=\"https:\/\/istressportsbadminton.com\/wp-content\/uploads\/2016\/04\/emoji_u1f3c6.png 25w, https:\/\/istressportsbadminton.com\/wp-content\/uploads\/2016\/04\/emoji_u1f3c6-1x1.png 1w\" sizes=\"(max-width: 25px) 85vw, 25px\" \/><\/a><\/p>\n<p>&nbsp;<\/p>\n","protected":false},"excerpt":{"rendered":"<p>En ce samedi 19 novembre, de nombreux Istr\u00e9ens \u00e9taient engag\u00e9s dans diff\u00e9rents tournois \u00e0 Marignane, Valence et Apt avec pour ambition de ramener un nouveau troph\u00e9e dans l&rsquo;armoire du club. GP Mixte Marignane Le plus gros de la d\u00e9l\u00e9gation \u00e9tait de sortie au\u00a0complexe sportif d&rsquo;Airbus Helicopters pour du Mixte, avec 10 joueurs d&rsquo;engag\u00e9s. En tableau &hellip; <a href=\"https:\/\/istressportsbadminton.com\/?page_id=2085\" class=\"more-link\">Continuer la lecture<span class=\"screen-reader-text\"> de &laquo;&nbsp;GP Mixte Marignane, Double Valentinois, Tournoi d&rsquo;Apt&nbsp;&raquo;<\/span><\/a><\/p>\n","protected":false},"author":3,"featured_media":0,"parent":0,"menu_order":0,"comment_status":"closed","ping_status":"closed","template":"","meta":{"sfsi_plus_gutenberg_text_before_share":"","sfsi_plus_gutenberg_show_text_before_share":"","sfsi_plus_gutenberg_icon_type":"","sfsi_plus_gutenberg_icon_alignemt":"","sfsi_plus_gutenburg_max_per_row":""},"_links":{"self":[{"href":"https:\/\/istressportsbadminton.com\/index.php?rest_route=\/wp\/v2\/pages\/2085"}],"collection":[{"href":"https:\/\/istressportsbadminton.com\/index.php?rest_route=\/wp\/v2\/pages"}],"about":[{"href":"https:\/\/istressportsbadminton.com\/index.php?rest_route=\/wp\/v2\/types\/page"}],"author":[{"embeddable":true,"href":"https:\/\/istressportsbadminton.com\/index.php?rest_route=\/wp\/v2\/users\/3"}],"replies":[{"embeddable":true,"href":"https:\/\/istressportsbadminton.com\/index.php?rest_route=%2Fwp%2Fv2%2Fcomments&post=2085"}],"version-history":[{"count":5,"href":"https:\/\/istressportsbadminton.com\/index.php?rest_route=\/wp\/v2\/pages\/2085\/revisions"}],"predecessor-version":[{"id":2108,"href":"https:\/\/istressportsbadminton.com\/index.php?rest_route=\/wp\/v2\/pages\/2085\/revisions\/2108"}],"wp:attachment":[{"href":"https:\/\/istressportsbadminton.com\/index.php?rest_route=%2Fwp%2Fv2%2Fmedia&parent=2085"}],"curies":[{"name":"wp","href":"https:\/\/api.w.org\/{rel}","templated":true}]}}