{"id":2099,"date":"2016-12-03T17:07:59","date_gmt":"2016-12-03T16:07:59","guid":{"rendered":"http:\/\/istressportsbadminton.com\/?page_id=2099"},"modified":"2016-12-03T17:07:59","modified_gmt":"2016-12-03T16:07:59","slug":"gp-double-densues","status":"publish","type":"page","link":"https:\/\/istressportsbadminton.com\/?page_id=2099","title":{"rendered":"GP Double d&rsquo;Ensu\u00e8s"},"content":{"rendered":"<p>Ensu\u00e8s accueillait un GP de double le dimanche 20 novembre, avec 5 istr\u00e9ens partis sur la c\u00f4te Bleue avec l&rsquo;objectif d&rsquo;apporter un 7\u00e8me troph\u00e9e \u00e0 ISB .<\/p>\n<p>En <strong>tableau D9\/P<\/strong>, grands d\u00e9buts en comp\u00e9tition pour <strong>Dilan <\/strong>(NC), associ\u00e9 pour occasion \u00e0 <strong>David<\/strong> (P10). Dur apprentissage qui se conclue sur une derni\u00e8re place de poule avec 3 d\u00e9faites, mais quelques passages tr\u00e8s int\u00e9ressant.<br \/>\nDans cette m\u00eame s\u00e9rie, <strong>Valentin<\/strong> \u00e9tait \u00e0 nouveau associ\u00e9 \u00e0 son coll\u00e8gue Adrien Debono (Pierrelate). Ils sortent 2\u00e8me de leur poule (1 victoire, 1 d\u00e9faite), et sont finalement \u00e9limin\u00e9 au tour suivant des <strong>huiti\u00e8mes de finale<\/strong>.<\/p>\n<p>Une poule unique de 5 \u00e9tait propos\u00e9e \u00e0 <strong>Francky<\/strong> et <strong>Thibaud<\/strong> en <strong>tableau R5\/R6.<\/strong> \u00a0Apr\u00e8s 3 victoires, les 2 istr\u00e9ens chuteront uniquement sur Romain Darragon (Sausset)\/Thibaut Zypinoglou (Smuc) 21-16\/ 21-19 et <strong>finissent second<\/strong>.<\/p>\n","protected":false},"excerpt":{"rendered":"<p>Ensu\u00e8s accueillait un GP de double le dimanche 20 novembre, avec 5 istr\u00e9ens partis sur la c\u00f4te Bleue avec l&rsquo;objectif d&rsquo;apporter un 7\u00e8me troph\u00e9e \u00e0 ISB . En tableau D9\/P, grands d\u00e9buts en comp\u00e9tition pour Dilan (NC), associ\u00e9 pour occasion \u00e0 David (P10). Dur apprentissage qui se conclue sur une derni\u00e8re place de poule avec &hellip; <a href=\"https:\/\/istressportsbadminton.com\/?page_id=2099\" class=\"more-link\">Continuer la lecture<span class=\"screen-reader-text\"> de &laquo;&nbsp;GP Double d&rsquo;Ensu\u00e8s&nbsp;&raquo;<\/span><\/a><\/p>\n","protected":false},"author":3,"featured_media":0,"parent":0,"menu_order":0,"comment_status":"closed","ping_status":"closed","template":"","meta":{"sfsi_plus_gutenberg_text_before_share":"","sfsi_plus_gutenberg_show_text_before_share":"","sfsi_plus_gutenberg_icon_type":"","sfsi_plus_gutenberg_icon_alignemt":"","sfsi_plus_gutenburg_max_per_row":""},"_links":{"self":[{"href":"https:\/\/istressportsbadminton.com\/index.php?rest_route=\/wp\/v2\/pages\/2099"}],"collection":[{"href":"https:\/\/istressportsbadminton.com\/index.php?rest_route=\/wp\/v2\/pages"}],"about":[{"href":"https:\/\/istressportsbadminton.com\/index.php?rest_route=\/wp\/v2\/types\/page"}],"author":[{"embeddable":true,"href":"https:\/\/istressportsbadminton.com\/index.php?rest_route=\/wp\/v2\/users\/3"}],"replies":[{"embeddable":true,"href":"https:\/\/istressportsbadminton.com\/index.php?rest_route=%2Fwp%2Fv2%2Fcomments&post=2099"}],"version-history":[{"count":1,"href":"https:\/\/istressportsbadminton.com\/index.php?rest_route=\/wp\/v2\/pages\/2099\/revisions"}],"predecessor-version":[{"id":2100,"href":"https:\/\/istressportsbadminton.com\/index.php?rest_route=\/wp\/v2\/pages\/2099\/revisions\/2100"}],"wp:attachment":[{"href":"https:\/\/istressportsbadminton.com\/index.php?rest_route=%2Fwp%2Fv2%2Fmedia&parent=2099"}],"curies":[{"name":"wp","href":"https:\/\/api.w.org\/{rel}","templated":true}]}}