{"id":2102,"date":"2016-12-03T17:45:39","date_gmt":"2016-12-03T16:45:39","guid":{"rendered":"http:\/\/istressportsbadminton.com\/?page_id=2102"},"modified":"2016-12-03T17:45:39","modified_gmt":"2016-12-03T16:45:39","slug":"gpj-deyguieres","status":"publish","type":"page","link":"https:\/\/istressportsbadminton.com\/?page_id=2102","title":{"rendered":"GPJ d&rsquo;Eygui\u00e8res"},"content":{"rendered":"<p>Dimanche 20 novembre, Eygui\u00e8res accueillait un Grand Prix jeune ou pour la premi\u00e8re fois, en plus de l&rsquo;habituel Swann, 2 jeunes d&rsquo;ISB \u00e9taient engag\u00e9s pour leurs d\u00e9couvertes de la comp\u00e9tition.<\/p>\n<p>En cat\u00e9gorie minime, <strong>Eva Degioanni<\/strong> s&rsquo;incline dans ses 3 matchs, non sans combattre, conc\u00e9dant m\u00eame 2 d\u00e9faites au terme de 3 sets extr\u00eamement accroch\u00e9s contre des jeunes filles mieux class\u00e9es.<\/p>\n<p>Et en cat\u00e9gorie cadet, c&rsquo;est <strong>Marjolaine Montaner<\/strong> qui se lan\u00e7ait dans le grand bain.\u00a0Et m\u00eame si pour elle non plus il n&rsquo;y aura pas de victoire (2 d\u00e9faites dont une en 3 sets), comme Eva elle aura pris de l&rsquo;exp\u00e9rience et se sera rendu compte que la marche de la comp\u00e9tition n&rsquo;est pas si haute. Bravo \u00e0 toutes les deux, en esp\u00e9rant que d&rsquo;autres jeunes du club leur embo\u00eetent le pas!<\/p>\n<p><img loading=\"lazy\" class=\"wp-image-2104 size-medium alignright\" src=\"http:\/\/istressportsbadminton.com\/wp-content\/uploads\/2016\/12\/15128712_136216866858034_2038898744_n-225x300.jpg\" alt=\"15128712_136216866858034_2038898744_n\" width=\"225\" height=\"300\" srcset=\"https:\/\/istressportsbadminton.com\/wp-content\/uploads\/2016\/12\/15128712_136216866858034_2038898744_n-225x300.jpg 225w, https:\/\/istressportsbadminton.com\/wp-content\/uploads\/2016\/12\/15128712_136216866858034_2038898744_n-113x150.jpg 113w, https:\/\/istressportsbadminton.com\/wp-content\/uploads\/2016\/12\/15128712_136216866858034_2038898744_n-1x1.jpg 1w, https:\/\/istressportsbadminton.com\/wp-content\/uploads\/2016\/12\/15128712_136216866858034_2038898744_n.jpg 720w\" sizes=\"(max-width: 225px) 85vw, 225px\" \/>Quant \u00e0 <strong>Swann<\/strong>, comme \u00e0 P\u00e9lissanne 2 semaines plus t\u00f4t, il \u00e9tait \u00e0 nouveau surclass\u00e9 en cat\u00e9gorie Benjamin. Et comme \u00e0 P\u00e9lissanne, il va faire une d\u00e9monstration ne laissant pas grand chose \u00e0 ses adversaires pourtant plus grand que lui, et remporte sans trembler son 4\u00e8me troph\u00e9e de la saison !! et\u00a0le 7\u00e8me d&rsquo;ISB cette saison. Un grand Bravo!\u00a0<a href=\"http:\/\/istressportsbadminton.com\/wp-content\/uploads\/2016\/04\/emoji_u1f3c6.png\"><img loading=\"lazy\" class=\"alignnone size-full wp-image-1322\" src=\"http:\/\/istressportsbadminton.com\/wp-content\/uploads\/2016\/04\/emoji_u1f3c6.png\" alt=\"Victoire\" width=\"25\" height=\"25\" srcset=\"https:\/\/istressportsbadminton.com\/wp-content\/uploads\/2016\/04\/emoji_u1f3c6.png 25w, https:\/\/istressportsbadminton.com\/wp-content\/uploads\/2016\/04\/emoji_u1f3c6-1x1.png 1w\" sizes=\"(max-width: 25px) 85vw, 25px\" \/><\/a><\/p>\n<p><a href=\"http:\/\/istressportsbadminton.com\/wp-content\/uploads\/2016\/12\/Sans-titre2.jpg\"><img loading=\"lazy\" class=\"alignnone wp-image-2103 \" src=\"http:\/\/istressportsbadminton.com\/wp-content\/uploads\/2016\/12\/Sans-titre2-1024x279.jpg\" alt=\"Sans titre2\" width=\"559\" height=\"152\" srcset=\"https:\/\/istressportsbadminton.com\/wp-content\/uploads\/2016\/12\/Sans-titre2-1024x279.jpg 1024w, https:\/\/istressportsbadminton.com\/wp-content\/uploads\/2016\/12\/Sans-titre2-150x41.jpg 150w, https:\/\/istressportsbadminton.com\/wp-content\/uploads\/2016\/12\/Sans-titre2-300x82.jpg 300w, https:\/\/istressportsbadminton.com\/wp-content\/uploads\/2016\/12\/Sans-titre2-4x1.jpg 4w, https:\/\/istressportsbadminton.com\/wp-content\/uploads\/2016\/12\/Sans-titre2.jpg 1206w\" sizes=\"(max-width: 559px) 85vw, 559px\" \/><\/a><a href=\"http:\/\/istressportsbadminton.com\/wp-content\/uploads\/2016\/12\/15139743_136216860191368_728378835_n.jpg\"><img loading=\"lazy\" class=\"wp-image-2105 size-medium aligncenter\" src=\"http:\/\/istressportsbadminton.com\/wp-content\/uploads\/2016\/12\/15139743_136216860191368_728378835_n-225x300.jpg\" alt=\"15139743_136216860191368_728378835_n\" width=\"225\" height=\"300\" srcset=\"https:\/\/istressportsbadminton.com\/wp-content\/uploads\/2016\/12\/15139743_136216860191368_728378835_n-225x300.jpg 225w, https:\/\/istressportsbadminton.com\/wp-content\/uploads\/2016\/12\/15139743_136216860191368_728378835_n-113x150.jpg 113w, https:\/\/istressportsbadminton.com\/wp-content\/uploads\/2016\/12\/15139743_136216860191368_728378835_n-1x1.jpg 1w, https:\/\/istressportsbadminton.com\/wp-content\/uploads\/2016\/12\/15139743_136216860191368_728378835_n.jpg 720w\" sizes=\"(max-width: 225px) 85vw, 225px\" \/><\/a><\/p>\n","protected":false},"excerpt":{"rendered":"<p>Dimanche 20 novembre, Eygui\u00e8res accueillait un Grand Prix jeune ou pour la premi\u00e8re fois, en plus de l&rsquo;habituel Swann, 2 jeunes d&rsquo;ISB \u00e9taient engag\u00e9s pour leurs d\u00e9couvertes de la comp\u00e9tition. En cat\u00e9gorie minime, Eva Degioanni s&rsquo;incline dans ses 3 matchs, non sans combattre, conc\u00e9dant m\u00eame 2 d\u00e9faites au terme de 3 sets extr\u00eamement accroch\u00e9s contre &hellip; <a href=\"https:\/\/istressportsbadminton.com\/?page_id=2102\" class=\"more-link\">Continuer la lecture<span class=\"screen-reader-text\"> de &laquo;&nbsp;GPJ d&rsquo;Eygui\u00e8res&nbsp;&raquo;<\/span><\/a><\/p>\n","protected":false},"author":3,"featured_media":0,"parent":0,"menu_order":0,"comment_status":"closed","ping_status":"closed","template":"","meta":{"sfsi_plus_gutenberg_text_before_share":"","sfsi_plus_gutenberg_show_text_before_share":"","sfsi_plus_gutenberg_icon_type":"","sfsi_plus_gutenberg_icon_alignemt":"","sfsi_plus_gutenburg_max_per_row":""},"_links":{"self":[{"href":"https:\/\/istressportsbadminton.com\/index.php?rest_route=\/wp\/v2\/pages\/2102"}],"collection":[{"href":"https:\/\/istressportsbadminton.com\/index.php?rest_route=\/wp\/v2\/pages"}],"about":[{"href":"https:\/\/istressportsbadminton.com\/index.php?rest_route=\/wp\/v2\/types\/page"}],"author":[{"embeddable":true,"href":"https:\/\/istressportsbadminton.com\/index.php?rest_route=\/wp\/v2\/users\/3"}],"replies":[{"embeddable":true,"href":"https:\/\/istressportsbadminton.com\/index.php?rest_route=%2Fwp%2Fv2%2Fcomments&post=2102"}],"version-history":[{"count":1,"href":"https:\/\/istressportsbadminton.com\/index.php?rest_route=\/wp\/v2\/pages\/2102\/revisions"}],"predecessor-version":[{"id":2106,"href":"https:\/\/istressportsbadminton.com\/index.php?rest_route=\/wp\/v2\/pages\/2102\/revisions\/2106"}],"wp:attachment":[{"href":"https:\/\/istressportsbadminton.com\/index.php?rest_route=%2Fwp%2Fv2%2Fmedia&parent=2102"}],"curies":[{"name":"wp","href":"https:\/\/api.w.org\/{rel}","templated":true}]}}