{"id":2109,"date":"2016-12-03T19:33:36","date_gmt":"2016-12-03T18:33:36","guid":{"rendered":"http:\/\/istressportsbadminton.com\/?page_id=2109"},"modified":"2016-12-03T19:33:36","modified_gmt":"2016-12-03T18:33:36","slug":"gp-mixte-rognes","status":"publish","type":"page","link":"https:\/\/istressportsbadminton.com\/?page_id=2109","title":{"rendered":"GP Mixte Rognes"},"content":{"rendered":"<p>Le dimanche 27 novembre avait lieu le premier Grand Prix de Mixte organis\u00e9 \u00e0 Rognes.<\/p>\n<p>4 Istr\u00e9ens \u00e9taient engag\u00e9s, tous dans le m\u00eame <strong>tableau D8\/D9<\/strong>. <strong>Lucie<\/strong> (D9), et\u00a0son partenaire habituel Antony D&rsquo;Angelo (La M\u00e8de), ne vont pas \u00eatre dans un grand jour et <strong>finissent 4\u00e8me<\/strong> de leur poule de 5 apr\u00e8s 1V et 3 D. \u00a0A la 3\u00e8me place de cette poule, on retrouve\u00a0<strong>Vincent Hernande<\/strong>z (D9) et sa partenaire foss\u00e9enne \u00a0avec 2V et 2D.<\/p>\n<p>Enfin, derni\u00e8re paire istr\u00e9enne, premi\u00e8re association pour <strong>Christine<\/strong> (D9), habitu\u00e9e des mixtes, avec <strong>Valentin<\/strong> (P12) pour sa premi\u00e8re dans cette discipline. Et l&rsquo;essai se r\u00e9v\u00e9lera concluant puisque Valentin et Christine, pourtant les moins bien class\u00e9s de leur poule, bouclent cette phase\u00a0avec 2V pour 2 D. A \u00e9galit\u00e9 avec 2 autres paires, ils finissent finalement 4\u00e8me \u00e0 la diff\u00e9rence du nombre de set! Dommage!<\/p>\n","protected":false},"excerpt":{"rendered":"<p>Le dimanche 27 novembre avait lieu le premier Grand Prix de Mixte organis\u00e9 \u00e0 Rognes. 4 Istr\u00e9ens \u00e9taient engag\u00e9s, tous dans le m\u00eame tableau D8\/D9. Lucie (D9), et\u00a0son partenaire habituel Antony D&rsquo;Angelo (La M\u00e8de), ne vont pas \u00eatre dans un grand jour et finissent 4\u00e8me de leur poule de 5 apr\u00e8s 1V et 3 D. &hellip; <a href=\"https:\/\/istressportsbadminton.com\/?page_id=2109\" class=\"more-link\">Continuer la lecture<span class=\"screen-reader-text\"> de &laquo;&nbsp;GP Mixte Rognes&nbsp;&raquo;<\/span><\/a><\/p>\n","protected":false},"author":3,"featured_media":0,"parent":0,"menu_order":0,"comment_status":"closed","ping_status":"closed","template":"","meta":{"sfsi_plus_gutenberg_text_before_share":"","sfsi_plus_gutenberg_show_text_before_share":"","sfsi_plus_gutenberg_icon_type":"","sfsi_plus_gutenberg_icon_alignemt":"","sfsi_plus_gutenburg_max_per_row":""},"_links":{"self":[{"href":"https:\/\/istressportsbadminton.com\/index.php?rest_route=\/wp\/v2\/pages\/2109"}],"collection":[{"href":"https:\/\/istressportsbadminton.com\/index.php?rest_route=\/wp\/v2\/pages"}],"about":[{"href":"https:\/\/istressportsbadminton.com\/index.php?rest_route=\/wp\/v2\/types\/page"}],"author":[{"embeddable":true,"href":"https:\/\/istressportsbadminton.com\/index.php?rest_route=\/wp\/v2\/users\/3"}],"replies":[{"embeddable":true,"href":"https:\/\/istressportsbadminton.com\/index.php?rest_route=%2Fwp%2Fv2%2Fcomments&post=2109"}],"version-history":[{"count":1,"href":"https:\/\/istressportsbadminton.com\/index.php?rest_route=\/wp\/v2\/pages\/2109\/revisions"}],"predecessor-version":[{"id":2110,"href":"https:\/\/istressportsbadminton.com\/index.php?rest_route=\/wp\/v2\/pages\/2109\/revisions\/2110"}],"wp:attachment":[{"href":"https:\/\/istressportsbadminton.com\/index.php?rest_route=%2Fwp%2Fv2%2Fmedia&parent=2109"}],"curies":[{"name":"wp","href":"https:\/\/api.w.org\/{rel}","templated":true}]}}