{"id":2182,"date":"2016-12-09T15:55:58","date_gmt":"2016-12-09T14:55:58","guid":{"rendered":"http:\/\/istressportsbadminton.com\/?page_id=2182"},"modified":"2016-12-22T20:52:45","modified_gmt":"2016-12-22T19:52:45","slug":"compte-rendu-j2-3","status":"publish","type":"page","link":"https:\/\/istressportsbadminton.com\/?page_id=2182","title":{"rendered":"Compte Rendu J2"},"content":{"rendered":"<p>Salut tout le monde!<\/p>\n<p>2e journ\u00e9e de cette saison 2016\/2017 pour la R2 de <b>Francky <\/b>qui, apr\u00e8s ces 2 victoires lors de la 1ere journ\u00e9e, effectuait le cours d\u00e9placement \u00e0 Martigues pour y affronter dans l&rsquo;ordre le SMUC et Eygui\u00e8res.<\/p>\n<p>\u00c9galement auteur d&rsquo;un bon d\u00e9but de saison (1 victoire 1 nul), le SMUC n\u2019\u00e9tait pas une \u00e9quipe \u00e0 prendre \u00e0 la l\u00e9g\u00e8re pour <b>Francky <\/b>qui alignait pour la premi\u00e8re fois <b>Thomas Clemen\u00e7on <\/b>au cot\u00e9 des joueurs d\u00e9j\u00e0 pr\u00e9sents lors de la 1ere journ\u00e9e: <b>Eric<\/b>, <b>Fabrice<\/b>, <b>Mickey<\/b>, <b>L\u00e6titia<\/b>, et <b>Am\u00e9lie<\/b>, ainsi que <b>JP<\/b>, <b>Marine<\/b>, et <b>Agn\u00e8s\u00a0<\/b>redescendus de R1.<\/p>\n<p>La rencontre d\u00e9bute avec 2 belles victoires pour <b>Agn\u00e8s <\/b>et <b>L\u00e6titia <\/b>en double dame (21-18 21-11) d&rsquo;un cot\u00e9 et pour <b>Marine <\/b>et <b>JP <\/b>en mixte 1 de l&rsquo;autre malgr\u00e9 un set de perdu (21-11 15-21 21-10). Dans la foul\u00e9e, <b>Eric<\/b>, impitoyable lors de la 1ere journ\u00e9e, va avoir un peu plus de mal face \u00e0 Nicolas Di Piazza mais va finir par l&#8217;emporter 23-21 21-13. Sur l&rsquo;autre terrain, le couple Clemen\u00e7on (<b>L\u00e6titia <\/b>et <b>Thomas<\/b>) va rapidement retrouver les bonnes vieilles habitudes pour surclasser leur adversaire 21-15 21-09. 4-0 pour ISB! Plus qu&rsquo;un point pour assurer la victoire. Moins de r\u00e9ussite pour nos plongeuses pr\u00e9f\u00e9r\u00e9es <b>Am\u00e9lie <\/b>et <b>Agn\u00e8s <\/b>en simple dame qui s&rsquo;inclinent tous les deux respectivement en 2 et 3 sets de m\u00eame que <b>JP <\/b>et <b>Mickey <\/b>qui vont c\u00e9der au bout du 3e set 21-12 22-24 21-19 apr\u00e8s une lutte acharn\u00e9e. Apr\u00e8s avoir parfaitement entam\u00e9 la rencontre, ce petit fl\u00e9chissement permet au SMUC de revenir \u00e0 4-3 et d\u2019esp\u00e9rer le point du match nul en cas de victoire dans le dernier simple homme. Malheureusement pour les marseillais, c&rsquo;est le moment choisi par <b>Francky <\/b>pour sortir sa carte maitresse en la personne de <b>Thomas<\/b>. Et l&rsquo;espoir des joueurs du SMUC va rapidement s&rsquo;\u00e9vanouir tant la domination de l&rsquo;ex foss\u00e9en va \u00eatre criante: 21-11 21-12 pour une victoire sans trembler pour celui qui viendra sans aucun doute renforcer l&rsquo;\u00e9quipe 1 dans les semaines \u00e0 venir. Victoire finale <b>5-3<\/b> qui permet tout de m\u00eame au SMUC de r\u00e9cup\u00e9rer le point de bonus d\u00e9fensif (+1 pt en cas de d\u00e9faite par la plus petite des marges).<\/p>\n<p>Puis vint au tour d&rsquo;Eygui\u00e8res de se frotter au leader invaincu istr\u00e9en: S\u00e9v\u00e8rement d\u00e9fait un peu plus t\u00f4t dans la matin\u00e9e par le club h\u00f4te de Martigues, Eygui\u00e8res, qui comptait 2 victoires en 2 matchs apr\u00e8s la premi\u00e8re journ\u00e9e, comptait bien relever la t\u00eate. Mais une nouvelle fois ce sont les istr\u00e9ens qui vont prendre un meilleur d\u00e9part avec les victoires de <b>Thomas <\/b>et <b>Am\u00e9lie <\/b>en mixte 2, 21-8 21-12, et de <b>Marine <\/b>et <b>L\u00e6titia <\/b>en double dame, 21-13 21-10. Mais le BCAE va \u00e9galiser dans la foul\u00e9e avec les d\u00e9faites, surprenantes, d&rsquo;<b>Eric <\/b>(21-19 21-19) et de <b>Mickey <\/b>(21-13 21-13) en simple homme 1 et 2. Et quand les hommes n&rsquo;assurent pas, ce sont les femmes qui prennent le relais et <b>Agn\u00e8s<\/b>et <b>Am\u00e9lie <\/b>en simple dame 1 et 2 vont redonner 2 pts d&rsquo;avance \u00e0 leur \u00e9quipe avec deux belles victoires respectivement 21-12 21-14 et 21-16 21-13. 4-2 pour ISB avant le mixte 1et le double homme. Et comme lors de la rencontre pr\u00e9c\u00e9dente, c&rsquo;est <b>Thomas<\/b>, associ\u00e9 \u00e0 <b>Eric<\/b>, qui va avoir l&rsquo;honneur de marquer le point de la victoire face \u00e0 la paire Goncalves\/Vaur 21-19 21-12. Une victoire bienvenue vu que sur l&rsquo;autre terrain, <b>JP <\/b>et <b>Marine <\/b>vont s&rsquo;incliner en 2 sets (21-15 21-18) contre \u00c9milie et Jimmy Leblet. <b>5-3<\/b> donc pour ISB qui continue son sans faute avec 4 victoires en 4 matchs!! Istres est donc en t\u00eate \u00e0 l&rsquo;issu de cette 2e journ\u00e9e avec 20 points, avec 4 points d&rsquo;avance sur Martigues et le SMUC, 16 pts. Bravo \u00e0 <b>Francky <\/b>et \u00e0 toute son \u00e9quipe que l&rsquo;on retrouvera le 18 d\u00e9cembre \u00e0 l&rsquo;Isle sur la sorgues pour les 3 derniers matchs de la phase aller.<\/p>\n<figure id=\"attachment_2254\" aria-describedby=\"caption-attachment-2254\" style=\"width: 654px\" class=\"wp-caption alignnone\"><a href=\"http:\/\/istressportsbadminton.com\/wp-content\/uploads\/2016\/12\/15224616_10154758045916528_1594240747_o-1.jpg\"><img loading=\"lazy\" class=\"wp-image-2254 size-large\" src=\"http:\/\/istressportsbadminton.com\/wp-content\/uploads\/2016\/12\/15224616_10154758045916528_1594240747_o-1-1024x768.jpg\" alt=\"15224616_10154758045916528_1594240747_o (1)\" width=\"654\" height=\"491\" srcset=\"https:\/\/istressportsbadminton.com\/wp-content\/uploads\/2016\/12\/15224616_10154758045916528_1594240747_o-1-1024x768.jpg 1024w, https:\/\/istressportsbadminton.com\/wp-content\/uploads\/2016\/12\/15224616_10154758045916528_1594240747_o-1-150x113.jpg 150w, https:\/\/istressportsbadminton.com\/wp-content\/uploads\/2016\/12\/15224616_10154758045916528_1594240747_o-1-300x225.jpg 300w, https:\/\/istressportsbadminton.com\/wp-content\/uploads\/2016\/12\/15224616_10154758045916528_1594240747_o-1-1x1.jpg 1w, https:\/\/istressportsbadminton.com\/wp-content\/uploads\/2016\/12\/15224616_10154758045916528_1594240747_o-1.jpg 2048w\" sizes=\"(max-width: 654px) 85vw, 654px\" \/><\/a><figcaption id=\"caption-attachment-2254\" class=\"wp-caption-text\">L&rsquo;\u00e9quipe victorieuse. Au 1er rang Mickey, Am\u00e9lie, JP, Laeticia. Et 2\u00e8 rang Eric, Captain Francky, Agn\u00e8s, Marine et Thomas<\/figcaption><\/figure>\n","protected":false},"excerpt":{"rendered":"<p>Salut tout le monde! 2e journ\u00e9e de cette saison 2016\/2017 pour la R2 de Francky qui, apr\u00e8s ces 2 victoires lors de la 1ere journ\u00e9e, effectuait le cours d\u00e9placement \u00e0 Martigues pour y affronter dans l&rsquo;ordre le SMUC et Eygui\u00e8res. \u00c9galement auteur d&rsquo;un bon d\u00e9but de saison (1 victoire 1 nul), le SMUC n\u2019\u00e9tait pas &hellip; <a href=\"https:\/\/istressportsbadminton.com\/?page_id=2182\" class=\"more-link\">Continuer la lecture<span class=\"screen-reader-text\"> de &laquo;&nbsp;Compte Rendu J2&nbsp;&raquo;<\/span><\/a><\/p>\n","protected":false},"author":3,"featured_media":0,"parent":0,"menu_order":0,"comment_status":"closed","ping_status":"closed","template":"","meta":{"sfsi_plus_gutenberg_text_before_share":"","sfsi_plus_gutenberg_show_text_before_share":"","sfsi_plus_gutenberg_icon_type":"","sfsi_plus_gutenberg_icon_alignemt":"","sfsi_plus_gutenburg_max_per_row":""},"_links":{"self":[{"href":"https:\/\/istressportsbadminton.com\/index.php?rest_route=\/wp\/v2\/pages\/2182"}],"collection":[{"href":"https:\/\/istressportsbadminton.com\/index.php?rest_route=\/wp\/v2\/pages"}],"about":[{"href":"https:\/\/istressportsbadminton.com\/index.php?rest_route=\/wp\/v2\/types\/page"}],"author":[{"embeddable":true,"href":"https:\/\/istressportsbadminton.com\/index.php?rest_route=\/wp\/v2\/users\/3"}],"replies":[{"embeddable":true,"href":"https:\/\/istressportsbadminton.com\/index.php?rest_route=%2Fwp%2Fv2%2Fcomments&post=2182"}],"version-history":[{"count":3,"href":"https:\/\/istressportsbadminton.com\/index.php?rest_route=\/wp\/v2\/pages\/2182\/revisions"}],"predecessor-version":[{"id":2257,"href":"https:\/\/istressportsbadminton.com\/index.php?rest_route=\/wp\/v2\/pages\/2182\/revisions\/2257"}],"wp:attachment":[{"href":"https:\/\/istressportsbadminton.com\/index.php?rest_route=%2Fwp%2Fv2%2Fmedia&parent=2182"}],"curies":[{"name":"wp","href":"https:\/\/api.w.org\/{rel}","templated":true}]}}