{"id":2198,"date":"2016-12-09T16:36:41","date_gmt":"2016-12-09T15:36:41","guid":{"rendered":"http:\/\/istressportsbadminton.com\/?page_id=2198"},"modified":"2016-12-09T16:36:41","modified_gmt":"2016-12-09T15:36:41","slug":"compte-rendu-j2-6","status":"publish","type":"page","link":"https:\/\/istressportsbadminton.com\/?page_id=2198","title":{"rendered":"Compte Rendu J2"},"content":{"rendered":"<p>Apr\u00e8s sa victoire inaugurale 10-2 contre Ensu\u00e8s, la\u00a0<strong>Promobad du Captain Olive<\/strong>\u00a0accueillait quant \u00e0 elle\u00a0<strong>Sausset<\/strong>\u00a0pour la seconde journ\u00e9e de son championnat.<\/p>\n<p>Toujours en phase avec la politique\u00a0premi\u00e8re qui est de faire go\u00fbter la comp\u00e9tition \u00e0 un maximum de joueurs loisirs, Olivier avait ainsi convoqu\u00e9 un effectif largement renouvel\u00e9 par rapport \u00e0 la J1. \u00c9taient donc de la partie\u00a0<strong>Claire, Laurence, Vatsarinh et Taline<\/strong>\u00a0chez les filles,\u00a0<strong>Romain, Laurent D, Laurent T, Dilan, Damien, Charles, Alex D et Olive<\/strong>\u00a0chez les hommes. 12 matchs avaient \u00e9t\u00e9 programm\u00e9s par les 2 coachs, 3 SH, 4DH, 2DD et 3Mx.<\/p>\n<p>Et comme il y a deux semaines, ce sont les filles qui vont donner le ton de la soir\u00e9e avec un premier Double Dame joliment remport\u00e9 par\u00a0<strong>Taline<\/strong>\u00a0et\u00a0<strong>Claire,<\/strong>\u00a0<wbr \/>surmontant leurs appr\u00e9hensions 21-16\/ 21-11.\u00a0<strong>Vatsarinh\u00a0<\/strong>et\u00a0<strong>Laurence<\/strong>, \u00a0pour ses d\u00e9buts en compet, suivent la cadence et l&#8217;emporte \u00e9galement 21-17\/ 21-13.<br \/>\n<strong>Dilan<\/strong>,\u00a0<strong>Charles<\/strong>\u00a0et\u00a0<strong>Laurent D<\/strong>\u00a0assurent en SH, de m\u00eame que les paires\u00a0<strong>Romain\/Dilan<\/strong>,\u00a0<strong>Charle<wbr \/>s\/Laurent T<\/strong>,\u00a0<strong>Olive\/Laurent D<\/strong>\u00a0et\u00a0<strong>Olive\/Laurent T<\/strong>\u00a0en DH. 9-0, la victoire \u00e9tait dans la poche avant les Mixtes, discipline dans laquelle l&rsquo;\u00e9quipe a l&rsquo;habitude de p\u00e9cher.<br \/>\nEt le premier Mx compos\u00e9 de\u00a0<strong>Taline<\/strong>\u00a0et\u00a0<strong>Damien,<\/strong>\u00a0lui aussi pour ses d\u00e9but, semble confirmer la tendance puisque les istr\u00e9ens abandonnent la premier manche. Mais suivant les conseils de coaching, ils se reprennent et l&#8217;emporte en 3 sets 16-21\/ 21-16\/ 21-11! Sur la lanc\u00e9e,\u00a0<strong>Laurence<\/strong>\u00a0et\u00a0<strong>Romain<\/strong>, puis\u00a0<strong>Claire<\/strong>\u00a0et\u00a0<strong>Alex<\/strong>\u00a0viendront rapporter les deux derniers points et conclure cette belle perf.<br \/>\n<strong>12-0 au final<\/strong>\u00a0pour ISB. Mais plus que le score, la satisfaction de voir des nouveaux en comp\u00e9tition au niveau (Laurence, Damien, Laurent D), et des filles prendre confiance en elle (<b>Taline<\/b>, <b>Claire<\/b>, <b>Vatsarinh <\/b>\ud83d\ude09 )<br \/>\nEt comme d&rsquo;habitude, une soir\u00e9e conclue par un agr\u00e9able buffet partag\u00e9 avec les sympathiques joueurs de Sausset. Bravo \u00e0 toutes et \u00e0 tous.<a href=\"http:\/\/istressportsbadminton.com\/wp-content\/uploads\/2016\/12\/20161129_220906-ANIMATION.gif\"><img loading=\"lazy\" class=\"aligncenter wp-image-2062 size-medium\" src=\"http:\/\/istressportsbadminton.com\/wp-content\/uploads\/2016\/12\/20161129_220906-ANIMATION-300x225.gif\" alt=\"20161129_220906-ANIMATION\" width=\"300\" height=\"225\" srcset=\"https:\/\/istressportsbadminton.com\/wp-content\/uploads\/2016\/12\/20161129_220906-ANIMATION-300x225.gif 300w, https:\/\/istressportsbadminton.com\/wp-content\/uploads\/2016\/12\/20161129_220906-ANIMATION-150x113.gif 150w, https:\/\/istressportsbadminton.com\/wp-content\/uploads\/2016\/12\/20161129_220906-ANIMATION-1x1.gif 1w\" sizes=\"(max-width: 300px) 85vw, 300px\" \/><\/a><\/p>\n<p>La suite au prochain num\u00e9ro \ud83d\ude09<\/p>\n<p>Allez ISB!!<\/p>\n","protected":false},"excerpt":{"rendered":"<p>Apr\u00e8s sa victoire inaugurale 10-2 contre Ensu\u00e8s, la\u00a0Promobad du Captain Olive\u00a0accueillait quant \u00e0 elle\u00a0Sausset\u00a0pour la seconde journ\u00e9e de son championnat. Toujours en phase avec la politique\u00a0premi\u00e8re qui est de faire go\u00fbter la comp\u00e9tition \u00e0 un maximum de joueurs loisirs, Olivier avait ainsi convoqu\u00e9 un effectif largement renouvel\u00e9 par rapport \u00e0 la J1. \u00c9taient donc de &hellip; <a href=\"https:\/\/istressportsbadminton.com\/?page_id=2198\" class=\"more-link\">Continuer la lecture<span class=\"screen-reader-text\"> de &laquo;&nbsp;Compte Rendu J2&nbsp;&raquo;<\/span><\/a><\/p>\n","protected":false},"author":3,"featured_media":0,"parent":0,"menu_order":0,"comment_status":"closed","ping_status":"closed","template":"","meta":{"sfsi_plus_gutenberg_text_before_share":"","sfsi_plus_gutenberg_show_text_before_share":"","sfsi_plus_gutenberg_icon_type":"","sfsi_plus_gutenberg_icon_alignemt":"","sfsi_plus_gutenburg_max_per_row":""},"_links":{"self":[{"href":"https:\/\/istressportsbadminton.com\/index.php?rest_route=\/wp\/v2\/pages\/2198"}],"collection":[{"href":"https:\/\/istressportsbadminton.com\/index.php?rest_route=\/wp\/v2\/pages"}],"about":[{"href":"https:\/\/istressportsbadminton.com\/index.php?rest_route=\/wp\/v2\/types\/page"}],"author":[{"embeddable":true,"href":"https:\/\/istressportsbadminton.com\/index.php?rest_route=\/wp\/v2\/users\/3"}],"replies":[{"embeddable":true,"href":"https:\/\/istressportsbadminton.com\/index.php?rest_route=%2Fwp%2Fv2%2Fcomments&post=2198"}],"version-history":[{"count":1,"href":"https:\/\/istressportsbadminton.com\/index.php?rest_route=\/wp\/v2\/pages\/2198\/revisions"}],"predecessor-version":[{"id":2199,"href":"https:\/\/istressportsbadminton.com\/index.php?rest_route=\/wp\/v2\/pages\/2198\/revisions\/2199"}],"wp:attachment":[{"href":"https:\/\/istressportsbadminton.com\/index.php?rest_route=%2Fwp%2Fv2%2Fmedia&parent=2198"}],"curies":[{"name":"wp","href":"https:\/\/api.w.org\/{rel}","templated":true}]}}