{"id":2212,"date":"2016-12-12T10:45:50","date_gmt":"2016-12-12T09:45:50","guid":{"rendered":"http:\/\/istressportsbadminton.com\/?page_id=2212"},"modified":"2016-12-12T13:10:28","modified_gmt":"2016-12-12T12:10:28","slug":"challenge-surprise-de-noel-mercredi-21-decembre","status":"publish","type":"page","link":"https:\/\/istressportsbadminton.com\/?page_id=2212","title":{"rendered":"<span style=\"color: #ff0000;\"><strong>Challenge Surprise de Noel, Mercredi 21 Decembre !!<\/strong><\/span>"},"content":{"rendered":"<p>Chers licenci\u00e9s.<\/p>\n<div>Le hasard fait d\u00e9cid\u00e9ment bien les choses puisque, cette ann\u00e9e encore, No\u00ebl tombe le 25 d\u00e9cembre (incroyable!!). Du coup, pour f\u00eater cette impensable co\u00efncidence, et comme l&rsquo;an dernier l&rsquo;\u00e9v\u00e9nement avait \u00e9t\u00e9 une r\u00e9ussite, la Team ISB Eventz vient de passer d\u2019\u00e9prouvantes soir\u00e9es et nuits de dur labeur pour vous concocter &#8230;<\/div>\n<div><span style=\"color: #cc0000; font-size: large;\"><b>\u00a0<\/b><\/span><\/div>\n<div><span style=\"color: #cc0000; font-size: large;\"><b><img class=\"CToWUd\" src=\"https:\/\/mail.google.com\/mail\/e\/1f389\" alt=\"&#x1f389;\" data-goomoji=\"1f389\" \/>Le Challenge Surprise de No\u00ebl, Episode II !<img class=\"CToWUd\" src=\"https:\/\/mail.google.com\/mail\/e\/1f381\" alt=\"&#x1f381;\" data-goomoji=\"1f381\" \/><img class=\"CToWUd\" src=\"https:\/\/mail.google.com\/mail\/e\/1f389\" alt=\"&#x1f389;\" data-goomoji=\"1f389\" \/><\/b><\/span><\/div>\n<div><\/div>\n<div>Alors vous tous, <b><span style=\"color: #6aa84f;\">Jeunes <\/span><\/b>et <b><span style=\"color: #6aa84f;\">Adultes licenci\u00e9s<\/span> (parents, compagnes et compagnons \u00e9tant les bienvenus),\u00a0<\/b>nous vous donnons rendez vous<b> <\/b>au gymnase<b>\u00a0<\/b><\/div>\n<div><\/div>\n<div><b><span style=\"font-size: large;\"><span style=\"color: #cc0000;\">mercredi 21 d\u00e9cembre, \u00e0 partir de 19H<\/span><\/span><\/b><\/div>\n<div><b><span style=\"font-size: large;\">\u00a0<\/span><\/b><\/div>\n<div><img class=\"CToWUd\" src=\"https:\/\/mail.google.com\/mail\/e\/1f3b6\" alt=\"&#x1f3b6;\" data-goomoji=\"1f3b6\" \/>Au menu pour cette deuxi\u00e8me \u00e9dition, et comme dans toute bonne suite Hollywoodienne qui se respecte, encore plus d&rsquo;effets sp\u00e9ciaux, de surprises, de suspense, de musique, de jeux autour du bad, d&rsquo;actions, de bonne humeur&#8230; !!\u00a0Bref&#8230; On vous pr\u00e9pare quelque chose aux petits oignions !!\u00a0<img class=\"CToWUd\" src=\"https:\/\/mail.google.com\/mail\/e\/1f384\" alt=\"&#x1f384;\" data-goomoji=\"1f384\" \/><\/div>\n<div><\/div>\n<div><\/div>\n<div>Nous vous demanderons deux chose:\u00a0<img class=\"CToWUd\" src=\"https:\/\/mail.google.com\/mail\/e\/1f386\" alt=\"&#x1f386;\" data-goomoji=\"1f386\" \/><\/div>\n<div><\/div>\n<div><b><span style=\"color: #cc0000; font-size: large;\">-venir d\u00e9guis\u00e9 !!<\/span><\/b>\u00a0C&rsquo;est No\u00ebl, faites vous et faites nous plaisir, des r\u00e9compenses seront attribu\u00e9s aux meilleurs d\u00e9guisements jeunes et adultes, alors pas de honte, on se l\u00e2che!!<\/div>\n<div><\/div>\n<div><b><span style=\"color: #cc0000; font-size: large;\">-apporter un petit cadeau de moins de 5 Euros<\/span><\/b>,\u00a0<img class=\"CToWUd\" src=\"https:\/\/mail.google.com\/mail\/e\/1f381\" alt=\"&#x1f381;\" data-goomoji=\"1f381\" \/>qui sera \u00e9chang\u00e9 avec une autre personne de l&rsquo;audience. N&rsquo;allez pas vous ruiner, c&rsquo;est pour le fun!<\/div>\n<div><\/div>\n<div>De plus une petite participation culinaire au buffet sera \u00e9galement vivement appr\u00e9ci\u00e9e (Sal\u00e9, sucr\u00e9e, boisson).<\/div>\n<div><\/div>\n<div>Et n&rsquo;oubliez pas vos raquettes pour jouer!\u00a0<img class=\"CToWUd\" src=\"https:\/\/mail.google.com\/mail\/e\/1f3f8\" alt=\"&#x1f3f8;\" data-goomoji=\"1f3f8\" \/>Il y en aura en pr\u00eat pour les accompagnants non \u00e9quip\u00e9\u00a0<img class=\"CToWUd\" src=\"https:\/\/mail.google.com\/mail\/e\/1f609\" alt=\"&#x1f609;\" data-goomoji=\"1f609\" \/><\/div>\n<div><\/div>\n<div><\/div>\n<p>&nbsp;<br \/>\n&nbsp;<\/p>\n<div>Merci de nous faire part<span style=\"font-size: large;\">\u00a0<\/span><b><u><span style=\"font-size: large;\">en nous r\u00e9pondant \u00e0 l&rsquo;adresse <span style=\"color: #ff0000;\">isb.eventz@gmail.com<\/span><\/span><\/u>\u00a0<\/b>de votre participation (ou pas) \u00e0 la soir\u00e9e (nombre de personnes, si vous comptez amener quelque chose pour le buffet)\u00a0\u00a0pour que l&rsquo;on puisse s&rsquo;organiser en cons\u00e9quence.<\/div>\n<div><img class=\"CToWUd\" src=\"https:\/\/mail.google.com\/mail\/e\/1f386\" alt=\"&#x1f386;\" data-goomoji=\"1f386\" \/><\/div>\n<div>En esp\u00e9rant tous vous y voir extr\u00eamement nombreux!! Nous \u00e9tions 71 l&rsquo;an pass\u00e9, record \u00e0 battre!!<\/div>\n<div><\/div>\n<p>&nbsp;<br \/>\n&nbsp;<\/p>\n<div>Sportivement et Festivement,<\/div>\n<div><\/div>\n<p>&nbsp;<\/p>\n<div>La Team ISB \u00a0Eventz,<\/div>\n<div>charg\u00e9e des \u00e9v\u00e9nements de Istres Sports Badminton<\/div>\n","protected":false},"excerpt":{"rendered":"<p>Chers licenci\u00e9s. Le hasard fait d\u00e9cid\u00e9ment bien les choses puisque, cette ann\u00e9e encore, No\u00ebl tombe le 25 d\u00e9cembre (incroyable!!). Du coup, pour f\u00eater cette impensable co\u00efncidence, et comme l&rsquo;an dernier l&rsquo;\u00e9v\u00e9nement avait \u00e9t\u00e9 une r\u00e9ussite, la Team ISB Eventz vient de passer d\u2019\u00e9prouvantes soir\u00e9es et nuits de dur labeur pour vous concocter &#8230; \u00a0 Le &hellip; <a href=\"https:\/\/istressportsbadminton.com\/?page_id=2212\" class=\"more-link\">Continuer la lecture<span class=\"screen-reader-text\"> de &laquo;&nbsp;<span style=\"color: #ff0000;\"><strong>Challenge Surprise de Noel, Mercredi 21 Decembre !!<\/strong><\/span>&nbsp;&raquo;<\/span><\/a><\/p>\n","protected":false},"author":3,"featured_media":2215,"parent":0,"menu_order":0,"comment_status":"closed","ping_status":"closed","template":"","meta":{"sfsi_plus_gutenberg_text_before_share":"","sfsi_plus_gutenberg_show_text_before_share":"","sfsi_plus_gutenberg_icon_type":"","sfsi_plus_gutenberg_icon_alignemt":"","sfsi_plus_gutenburg_max_per_row":""},"_links":{"self":[{"href":"https:\/\/istressportsbadminton.com\/index.php?rest_route=\/wp\/v2\/pages\/2212"}],"collection":[{"href":"https:\/\/istressportsbadminton.com\/index.php?rest_route=\/wp\/v2\/pages"}],"about":[{"href":"https:\/\/istressportsbadminton.com\/index.php?rest_route=\/wp\/v2\/types\/page"}],"author":[{"embeddable":true,"href":"https:\/\/istressportsbadminton.com\/index.php?rest_route=\/wp\/v2\/users\/3"}],"replies":[{"embeddable":true,"href":"https:\/\/istressportsbadminton.com\/index.php?rest_route=%2Fwp%2Fv2%2Fcomments&post=2212"}],"version-history":[{"count":5,"href":"https:\/\/istressportsbadminton.com\/index.php?rest_route=\/wp\/v2\/pages\/2212\/revisions"}],"predecessor-version":[{"id":2224,"href":"https:\/\/istressportsbadminton.com\/index.php?rest_route=\/wp\/v2\/pages\/2212\/revisions\/2224"}],"wp:featuredmedia":[{"embeddable":true,"href":"https:\/\/istressportsbadminton.com\/index.php?rest_route=\/wp\/v2\/media\/2215"}],"wp:attachment":[{"href":"https:\/\/istressportsbadminton.com\/index.php?rest_route=%2Fwp%2Fv2%2Fmedia&parent=2212"}],"curies":[{"name":"wp","href":"https:\/\/api.w.org\/{rel}","templated":true}]}}