{"id":2236,"date":"2016-12-27T15:09:26","date_gmt":"2016-12-27T14:09:26","guid":{"rendered":"http:\/\/istressportsbadminton.com\/?page_id=2236"},"modified":"2016-12-29T13:58:30","modified_gmt":"2016-12-29T12:58:30","slug":"2e-tournoi-du-pelican-pelissanne","status":"publish","type":"page","link":"https:\/\/istressportsbadminton.com\/?page_id=2236","title":{"rendered":"2e Tournoi du P\u00e9lican (P\u00e9lissanne)"},"content":{"rendered":"<p>Le weekend des 10 et 11 decembre 2016, P\u00e9lissanne accueillait son\u00a02\u00e8me tournoi du P\u00e9lican dans les 3 disciplines. ISB \u00e9tait repr\u00e9sent\u00e9 en force avec pas moins de 11 joueuses et joueurs engag\u00e9s, et o\u00f9 B &amp; C se sont r\u00e9v\u00e9l\u00e9s \u00eatre les rois du weekend.<\/p>\n<p>Honneur aux dames pour commencer, <strong>R\u00e9gine<\/strong> (D9) et <strong>Am\u00e9lie<\/strong> (P10) participaient toutes les deux au <strong>Simple Dame<\/strong> en <strong>s\u00e9rie D9<\/strong>. Et un parcours similaire pour nos 2 joueuses qui verront leur aventure <strong>s&rsquo;arr\u00eater en demi-finale<\/strong> avec 3 victoires et 1 d\u00e9faite chacune. Un beau parcours, leurs poules respectives remport\u00e9es, avec 2 victoires, puis des victoires en quarts de finale.\u00a0On retiendra notamment le magnifique courage de R\u00e9gine lors du second match de poule contre Sarah Morra, qui aura puis\u00e9 au fond d&rsquo;elle m\u00eame pour remporter, au 3\u00e8me set, cette bataille acharn\u00e9e apr\u00e8s \u00eatre pass\u00e9 proche de conclure lors de la seconde manche, score final 22-20 \/ 24-26 \/ 21-15 !!!<\/p>\n<p>Chez les\u00a0homme, <strong>Thibaud<\/strong> (D7) en <strong>s\u00e9rie R6\/D7<\/strong> r\u00e9alise\u00a0une bonne prestation avec\u00a02 victoires en poule, il s&rsquo;incline au tour suivant des\u00a0<strong>huiti\u00e8me de finale<\/strong>.<\/p>\n<p><strong>Eric\u00a0<\/strong>(R5)<strong>\u00a0<\/strong>\u00e9tait lui engag\u00e9 en <strong>R4\/R5<\/strong> ou il connait un d\u00e9but difficile s&rsquo;inclinant en 3 sets pour son entr\u00e9e en lice. Il remporte son second match pour arracher quand m\u00eame la 1\u00e8re place de sa poule et continuer l&rsquo;aventure, une aventure qui s\u2019arr\u00eatera 2 matchs plus tard <strong>au terme d&rsquo;une demi-finale<\/strong> s\u00e9r\u00e9e par une d\u00e9faite contre le marseillais <span style=\"color: #000000;\"><a style=\"color: #000000;\">Thibaut ZYPINOGLOU 20-22\/ 21-19\/ 21-12<\/a><\/span>, pour ce qui restera une belle performance<\/p>\n<p>Enfin, dans le <strong>tableau P<\/strong>, 4 Istr\u00e9ens\u00a0\u00e9taient sur le pont. Petite perf pour <strong>Alex D<\/strong>\u00a0(P12) sorti apr\u00e8s 2 d\u00e9faites. Meilleure journ\u00e9e\u00a0pour <strong>Valentin<\/strong>\u00a0(P11) qui est \u00e9limin\u00e9\u00a0sans d\u00e9m\u00e9riter en<strong>\u00a01\/8\u00e8me de finale<\/strong> avec un bilan de 2V et 2D, dont un 1\/16\u00e8me qu&rsquo;il remporte face \u00e0 son coll\u00e8gue Adrien Debono (Pierrelate).<br \/>\nEt on garde le meilleur pour la fin. <strong>Max<\/strong> et <strong>Baptiste<\/strong> vont r\u00e9aliser un superbe parcours dans ce tournoi, qui va se conclure par un affrontement fratricide en finale!<br \/>\n<a href=\"http:\/\/istressportsbadminton.com\/wp-content\/uploads\/2016\/12\/Max-Bat-SH-Pelican.jpg\"><img loading=\"lazy\" class=\"wp-image-2258 size-medium alignright\" src=\"http:\/\/istressportsbadminton.com\/wp-content\/uploads\/2016\/12\/Max-Bat-SH-Pelican-300x225.jpg\" alt=\"Max Bat SH Pelican\" width=\"300\" height=\"225\" srcset=\"https:\/\/istressportsbadminton.com\/wp-content\/uploads\/2016\/12\/Max-Bat-SH-Pelican-300x225.jpg 300w, https:\/\/istressportsbadminton.com\/wp-content\/uploads\/2016\/12\/Max-Bat-SH-Pelican-150x113.jpg 150w, https:\/\/istressportsbadminton.com\/wp-content\/uploads\/2016\/12\/Max-Bat-SH-Pelican-1024x768.jpg 1024w, https:\/\/istressportsbadminton.com\/wp-content\/uploads\/2016\/12\/Max-Bat-SH-Pelican-1x1.jpg 1w\" sizes=\"(max-width: 300px) 85vw, 300px\" \/><\/a>Pour y arriver, alors que Baptiste survole sans trop trembler ses 6 matchs qui le conduise \u00e0 l&rsquo;ultime affrontement, le chemin fut beaucoup plus chaotique pour un Max qui aura eu toutes les peines du monde a s&rsquo;extirper de sa poule (1V de justesse et 1D). 3 victoires plus tard (dont une en 1\/4 de finale arrach\u00e9e 22\/20 au 3\u00e8me set!), voila la finale 100% ISB. Et \u00e0 ce petit jeu entre amis, c&rsquo;est Baptiste qui va triompher au bout de la journ\u00e9e (22H!!) face \u00e0 un Max qui lui aura n\u00e9anmoins donn\u00e9 du fil \u00e0 retordre, victoire 21-16\/ 12-21\/ 21-13.<\/p>\n<p>Et de 8 troph\u00e9es pour ISB, 2\u00e8me victoire de la saison pour Baptiste\u00a0<a href=\"http:\/\/istressportsbadminton.com\/wp-content\/uploads\/2016\/04\/emoji_u1f3c6.png\"><img loading=\"lazy\" class=\"alignnone size-full wp-image-1322\" src=\"http:\/\/istressportsbadminton.com\/wp-content\/uploads\/2016\/04\/emoji_u1f3c6.png\" alt=\"Victoire\" width=\"25\" height=\"25\" srcset=\"https:\/\/istressportsbadminton.com\/wp-content\/uploads\/2016\/04\/emoji_u1f3c6.png 25w, https:\/\/istressportsbadminton.com\/wp-content\/uploads\/2016\/04\/emoji_u1f3c6-1x1.png 1w\" sizes=\"(max-width: 25px) 85vw, 25px\" \/><\/a>Bravo les gars !!!<\/p>\n<p>On remettait \u00e7a le lendemain avec les <strong>Doubles<\/strong>.<br \/>\nDans le Tableau <strong>R4\/R5<\/strong>, <strong>Francky<\/strong> et <strong>Tibo<\/strong> (R5) s&rsquo;attaquaient \u00e0 du tr\u00e8s solide. Ils sont \u00e9limin\u00e9s <strong>d\u00e8s la phase de poule<\/strong>, non sans d\u00e9m\u00e9riter apr\u00e8s 2 d\u00e9faites et 1 victoire.<\/p>\n<figure id=\"attachment_2260\" aria-describedby=\"caption-attachment-2260\" style=\"width: 300px\" class=\"wp-caption alignleft\"><a href=\"http:\/\/istressportsbadminton.com\/wp-content\/uploads\/2016\/12\/Yoann-Vincent-DH-Pelican.jpg\"><img loading=\"lazy\" class=\"wp-image-2260 size-medium\" src=\"http:\/\/istressportsbadminton.com\/wp-content\/uploads\/2016\/12\/Yoann-Vincent-DH-Pelican-300x199.jpg\" width=\"300\" height=\"199\" srcset=\"https:\/\/istressportsbadminton.com\/wp-content\/uploads\/2016\/12\/Yoann-Vincent-DH-Pelican-300x199.jpg 300w, https:\/\/istressportsbadminton.com\/wp-content\/uploads\/2016\/12\/Yoann-Vincent-DH-Pelican-150x100.jpg 150w, https:\/\/istressportsbadminton.com\/wp-content\/uploads\/2016\/12\/Yoann-Vincent-DH-Pelican.jpg 1024w, https:\/\/istressportsbadminton.com\/wp-content\/uploads\/2016\/12\/Yoann-Vincent-DH-Pelican-2x1.jpg 2w\" sizes=\"(max-width: 300px) 85vw, 300px\" \/><\/a><figcaption id=\"caption-attachment-2260\" class=\"wp-caption-text\">Yoann et Vincent seront pass\u00e9s tout pr\u00e9s de la victoire!<\/figcaption><\/figure>\n<p>En <strong>R6\/D7<\/strong>, belle perf de <strong>Vincent<\/strong> associ\u00e9 a Yoann Rohart (Fos), D7 tout les deux, et qui <strong>\u00e9chouent seulement en finale<\/strong> apr\u00e9s 5 belles victoires et quelques R6 battus au passage. Ils s&rsquo;inclinent pour la gagne contre les salonais Richard Boyer\/Valentin Blaison 18-21\/ 21-17\/ 21-17. Dommage!<\/p>\n<p>&nbsp;<\/p>\n<p>&nbsp;<\/p>\n<p>&nbsp;<\/p>\n<p>&nbsp;<\/p>\n<p><strong>Valentin<\/strong> et <strong>Alex D<\/strong> (P10) s&rsquo;attaquaient, eux, au <strong>tableau<\/strong> <strong>P<\/strong>\u00a0et ils\u00a0vont y r\u00e9aliser \u00e9galement un tr\u00e8s beau parcours <strong>butant, l\u00e0 aussi, seulement en finale<\/strong>. Pour l&rsquo;atteindre, le parcours aura \u00e9t\u00e9 solide, avec 2 victoires en poule, dont une, comme la veille pour Valentin, contre son partenaire de double occasionnel Adrien Debono (Pierrelate), lors d&rsquo;un match de haute vol\u00e9e que les istr\u00e9ens vont finalement remporter 23-21\/ 18-21\/ 21-19. Les 2 joueurs d&rsquo;ISB franchiront ensuite les quarts puis demi finale lors de deux matchs<\/p>\n<figure id=\"attachment_2261\" aria-describedby=\"caption-attachment-2261\" style=\"width: 300px\" class=\"wp-caption alignright\"><a href=\"http:\/\/istressportsbadminton.com\/wp-content\/uploads\/2016\/12\/Alex-Val-DH-Pelican.jpg\"><img loading=\"lazy\" class=\"wp-image-2261 size-medium\" src=\"http:\/\/istressportsbadminton.com\/wp-content\/uploads\/2016\/12\/Alex-Val-DH-Pelican-300x199.jpg\" width=\"300\" height=\"199\" srcset=\"https:\/\/istressportsbadminton.com\/wp-content\/uploads\/2016\/12\/Alex-Val-DH-Pelican-300x199.jpg 300w, https:\/\/istressportsbadminton.com\/wp-content\/uploads\/2016\/12\/Alex-Val-DH-Pelican-150x100.jpg 150w, https:\/\/istressportsbadminton.com\/wp-content\/uploads\/2016\/12\/Alex-Val-DH-Pelican.jpg 1024w, https:\/\/istressportsbadminton.com\/wp-content\/uploads\/2016\/12\/Alex-Val-DH-Pelican-2x1.jpg 2w\" sizes=\"(max-width: 300px) 85vw, 300px\" \/><\/a><figcaption id=\"caption-attachment-2261\" class=\"wp-caption-text\">Valentin et Alex \u00e9chouent en finale au terme d&rsquo;un beau combat.<\/figcaption><\/figure>\n<p>bien maitris\u00e9s, pour acc\u00e9der \u00e0\u00a0leur premi\u00e8re finale ensemble. Pour remporter le titre, se dressaient sur leur route la paire mart\u00e9gale Gr\u00e9goire Franc\/Simon Riou (P10). Et cette finale d\u00e9marrait pourtant tr\u00e8s bien\u00a0pour\u00a0Alex et Valentin qui\u00a0remportent sans trembler le premier set. Mais c&rsquo;est une autre histoire lors de la deuxi\u00e8me manche, et nos istr\u00e9ens sont s\u00e8chement men\u00e9s 11-2 \u00e0 la pause et abandonnent la seconde manche 21-10. Comme les sp\u00e9cialistes de l&rsquo;ovalie aiment \u00e0 le dire, desormais les mouches avaient chang\u00e9 d&rsquo;\u00e2ne dans cette rencontre, et malgr\u00e9 quelques belles phases, Valentin et Alex, vont laisser passer leur chance d&rsquo;un premier troph\u00e9, d\u00e9faite finale 15-21\/ 21-10\/ 21-16, pour la conclusion de ce qui restera n\u00e9anmoins un tr\u00e8s beau parcours dans ce tournoi relev\u00e9.<\/p>\n<p>&nbsp;<\/p>\n<p>Enfin, derni\u00e8re s\u00e9rie pr\u00e9sente,<strong> D8\/D9<\/strong>, dans laquelle \u00e9taient inscrits Jonathan et notre c\u00e9l\u00e8bre duo B&amp;C. <strong>Jonathan<\/strong> (P10), n&rsquo;ayant pu \u00eatre associ\u00e9 a son partenaire habituel Florian VanHallewyn pour des raisons de diff\u00e9rence de classement, se retrouvait donc au choix en \u00e9quipe avec Romain Lourdelle (St Martin, D9). <strong>Ils \u00e9chouent en Poule<\/strong> avec 1 V pour 2 D, sans toutefois d\u00e9m\u00e9riter pour une paire ne se connaissant pas.<\/p>\n<p>Au contraire, s&rsquo;il y en a bien 2 qui se connaissent par c\u0153ur, ce sont <strong>Max<\/strong> et <strong>Baptiste<\/strong> (D9), et pour de sacr\u00e9es perf, puisqu&rsquo;ils ont remport\u00e9 ensemble, sur la derni\u00e8re ann\u00e9e, pas moins de 5 tournois, pour un bilan de 30 V pour seulement 5 D!! Et c&rsquo;est peu de dire qu&rsquo;ils avaient la confiance au sommet apr\u00e8s leur finale en simple de la veille. \u00a0Et \u00e7a se confirme d\u00e9s l&rsquo;entame, avec une phase de poule r\u00e9gl\u00e9e sans trembler, ce qui les propulse directement en demi-finale, qu&rsquo;ils franchissent aussi tr\u00e8s solidement. Et les voila donc de nouveau en finale, 3\u00e8me finale de la journ\u00e9e pour des istr\u00e9ens d\u00e9cid\u00e9ment en grande forme lors de\u00a0ces doubles hommes. Apr\u00e8s les d\u00e9faites de Vincent et Valentin\/Alex, le fameux\u00a0dicton \u00ab\u00a0jamais 2 sans 3\u00a0\u00bb semble refaire surface alors que Max et Baptiste perdent la premi\u00e8re manche contre Christophe et Florian Lefevre (Aubagne, D8-D9). Ce set perdu les pique alors au vif, et les 2 coll\u00e8gues vont vite remettre l&rsquo;\u00e8glise au centre du village, et remporter de belle mani\u00e8re les 2 suivants 19-21\/ 21-18\/ 21-19 et <strong>s&rsquo;adjuger le tournoi<\/strong>, leur second depuis octobre apr\u00e8s leur succ\u00e8s \u00e0 Aix, et un magnifique doubl\u00e9 pour Baptiste !!\u00a0<a href=\"http:\/\/istressportsbadminton.com\/wp-content\/uploads\/2016\/04\/emoji_u1f3c6.png\"><img loading=\"lazy\" class=\"alignnone size-full wp-image-1322\" src=\"http:\/\/istressportsbadminton.com\/wp-content\/uploads\/2016\/04\/emoji_u1f3c6.png\" alt=\"Victoire\" width=\"25\" height=\"25\" srcset=\"https:\/\/istressportsbadminton.com\/wp-content\/uploads\/2016\/04\/emoji_u1f3c6.png 25w, https:\/\/istressportsbadminton.com\/wp-content\/uploads\/2016\/04\/emoji_u1f3c6-1x1.png 1w\" sizes=\"(max-width: 25px) 85vw, 25px\" \/><\/a><\/p>\n<p>Au terme d&rsquo;un superbe weekend,\u00a0le <strong>total d&rsquo;ISB s&rsquo;\u00e9tablit d\u00e9sormais \u00e0 9 troph\u00e9es<\/strong>.<\/p>\n<p>Bravo \u00e0 tous<\/p>\n<p>&nbsp;<\/p>\n<figure id=\"attachment_2259\" aria-describedby=\"caption-attachment-2259\" style=\"width: 654px\" class=\"wp-caption aligncenter\"><a href=\"http:\/\/istressportsbadminton.com\/wp-content\/uploads\/2016\/12\/MaxBat-DH-Pelican.jpg\"><img loading=\"lazy\" class=\"wp-image-2259 size-large\" src=\"http:\/\/istressportsbadminton.com\/wp-content\/uploads\/2016\/12\/MaxBat-DH-Pelican-1024x680.jpg\" width=\"654\" height=\"434\" srcset=\"https:\/\/istressportsbadminton.com\/wp-content\/uploads\/2016\/12\/MaxBat-DH-Pelican.jpg 1024w, https:\/\/istressportsbadminton.com\/wp-content\/uploads\/2016\/12\/MaxBat-DH-Pelican-150x100.jpg 150w, https:\/\/istressportsbadminton.com\/wp-content\/uploads\/2016\/12\/MaxBat-DH-Pelican-300x199.jpg 300w, https:\/\/istressportsbadminton.com\/wp-content\/uploads\/2016\/12\/MaxBat-DH-Pelican-2x1.jpg 2w\" sizes=\"(max-width: 654px) 85vw, 654px\" \/><\/a><figcaption id=\"caption-attachment-2259\" class=\"wp-caption-text\">Max et Baptiste concluent en beaut\u00e9 un weekend parfait pour eux!<\/figcaption><\/figure>\n","protected":false},"excerpt":{"rendered":"<p>Le weekend des 10 et 11 decembre 2016, P\u00e9lissanne accueillait son\u00a02\u00e8me tournoi du P\u00e9lican dans les 3 disciplines. ISB \u00e9tait repr\u00e9sent\u00e9 en force avec pas moins de 11 joueuses et joueurs engag\u00e9s, et o\u00f9 B &amp; C se sont r\u00e9v\u00e9l\u00e9s \u00eatre les rois du weekend. Honneur aux dames pour commencer, R\u00e9gine (D9) et Am\u00e9lie (P10) &hellip; <a href=\"https:\/\/istressportsbadminton.com\/?page_id=2236\" class=\"more-link\">Continuer la lecture<span class=\"screen-reader-text\"> de &laquo;&nbsp;2e Tournoi du P\u00e9lican (P\u00e9lissanne)&nbsp;&raquo;<\/span><\/a><\/p>\n","protected":false},"author":3,"featured_media":0,"parent":0,"menu_order":0,"comment_status":"closed","ping_status":"closed","template":"","meta":{"sfsi_plus_gutenberg_text_before_share":"","sfsi_plus_gutenberg_show_text_before_share":"","sfsi_plus_gutenberg_icon_type":"","sfsi_plus_gutenberg_icon_alignemt":"","sfsi_plus_gutenburg_max_per_row":""},"_links":{"self":[{"href":"https:\/\/istressportsbadminton.com\/index.php?rest_route=\/wp\/v2\/pages\/2236"}],"collection":[{"href":"https:\/\/istressportsbadminton.com\/index.php?rest_route=\/wp\/v2\/pages"}],"about":[{"href":"https:\/\/istressportsbadminton.com\/index.php?rest_route=\/wp\/v2\/types\/page"}],"author":[{"embeddable":true,"href":"https:\/\/istressportsbadminton.com\/index.php?rest_route=\/wp\/v2\/users\/3"}],"replies":[{"embeddable":true,"href":"https:\/\/istressportsbadminton.com\/index.php?rest_route=%2Fwp%2Fv2%2Fcomments&post=2236"}],"version-history":[{"count":11,"href":"https:\/\/istressportsbadminton.com\/index.php?rest_route=\/wp\/v2\/pages\/2236\/revisions"}],"predecessor-version":[{"id":2297,"href":"https:\/\/istressportsbadminton.com\/index.php?rest_route=\/wp\/v2\/pages\/2236\/revisions\/2297"}],"wp:attachment":[{"href":"https:\/\/istressportsbadminton.com\/index.php?rest_route=%2Fwp%2Fv2%2Fmedia&parent=2236"}],"curies":[{"name":"wp","href":"https:\/\/api.w.org\/{rel}","templated":true}]}}