{"id":2239,"date":"2016-12-22T13:32:26","date_gmt":"2016-12-22T12:32:26","guid":{"rendered":"http:\/\/istressportsbadminton.com\/?page_id=2239"},"modified":"2016-12-22T13:32:26","modified_gmt":"2016-12-22T12:32:26","slug":"challenge-surprise-de-noel-2015","status":"publish","type":"page","link":"https:\/\/istressportsbadminton.com\/?page_id=2239","title":{"rendered":"Challenge Surprise de Noel 2015"},"content":{"rendered":"<p>Le 22 d\u00e9cembre 2015, plus de 70 licenci\u00e9s et leurs famille \u00e9taient r\u00e9uni au gymnase pour le 1er Challenge surprise de No\u00ebl concoct\u00e9 par la Team Event. Et le moins que l&rsquo;on puisse dire, c&rsquo;est qu&rsquo;on a tous pass\u00e9 un bon moment!! Une bien belle famille qu&rsquo;est ISB\u00a0 \ud83d\ude00<\/p>\n<p>Vous pouvez retrouvez photos et vid\u00e9os de cette soir\u00e9e en cliquant sur le lien ci-dessous\u00a0 \ud83d\ude00<\/p>\n<p>Bonnes Fetes de fin d&rsquo;ann\u00e9e \u00e0 tous<\/p>\n<p><span style=\"color: #33cccc;\"><strong>https:\/\/goo.gl\/photos\/61RnUCvq8Po38sTY6<\/strong><\/span><\/p>\n<p><a href=\"http:\/\/istressportsbadminton.com\/wp-content\/uploads\/2015\/12\/imagebis-e1450885095487.png\"><img loading=\"lazy\" class=\"alignnone size-full wp-image-517\" src=\"http:\/\/istressportsbadminton.com\/wp-content\/uploads\/2015\/12\/imagebis-e1450885095487.png\" alt=\"imagebis\" width=\"3255\" height=\"1778\" srcset=\"https:\/\/istressportsbadminton.com\/wp-content\/uploads\/2015\/12\/imagebis-e1450885095487.png 3255w, https:\/\/istressportsbadminton.com\/wp-content\/uploads\/2015\/12\/imagebis-e1450885095487-300x164.png 300w, https:\/\/istressportsbadminton.com\/wp-content\/uploads\/2015\/12\/imagebis-e1450885095487-1024x559.png 1024w, https:\/\/istressportsbadminton.com\/wp-content\/uploads\/2015\/12\/imagebis-e1450885095487-2x1.png 2w\" sizes=\"(max-width: 709px) 85vw, (max-width: 909px) 67vw, (max-width: 1362px) 62vw, 840px\" \/><\/a><\/p>\n","protected":false},"excerpt":{"rendered":"<p>Le 22 d\u00e9cembre 2015, plus de 70 licenci\u00e9s et leurs famille \u00e9taient r\u00e9uni au gymnase pour le 1er Challenge surprise de No\u00ebl concoct\u00e9 par la Team Event. Et le moins que l&rsquo;on puisse dire, c&rsquo;est qu&rsquo;on a tous pass\u00e9 un bon moment!! Une bien belle famille qu&rsquo;est ISB\u00a0 \ud83d\ude00 Vous pouvez retrouvez photos et vid\u00e9os &hellip; <a href=\"https:\/\/istressportsbadminton.com\/?page_id=2239\" class=\"more-link\">Continuer la lecture<span class=\"screen-reader-text\"> de &laquo;&nbsp;Challenge Surprise de Noel 2015&nbsp;&raquo;<\/span><\/a><\/p>\n","protected":false},"author":3,"featured_media":0,"parent":0,"menu_order":0,"comment_status":"closed","ping_status":"closed","template":"","meta":{"sfsi_plus_gutenberg_text_before_share":"","sfsi_plus_gutenberg_show_text_before_share":"","sfsi_plus_gutenberg_icon_type":"","sfsi_plus_gutenberg_icon_alignemt":"","sfsi_plus_gutenburg_max_per_row":""},"_links":{"self":[{"href":"https:\/\/istressportsbadminton.com\/index.php?rest_route=\/wp\/v2\/pages\/2239"}],"collection":[{"href":"https:\/\/istressportsbadminton.com\/index.php?rest_route=\/wp\/v2\/pages"}],"about":[{"href":"https:\/\/istressportsbadminton.com\/index.php?rest_route=\/wp\/v2\/types\/page"}],"author":[{"embeddable":true,"href":"https:\/\/istressportsbadminton.com\/index.php?rest_route=\/wp\/v2\/users\/3"}],"replies":[{"embeddable":true,"href":"https:\/\/istressportsbadminton.com\/index.php?rest_route=%2Fwp%2Fv2%2Fcomments&post=2239"}],"version-history":[{"count":3,"href":"https:\/\/istressportsbadminton.com\/index.php?rest_route=\/wp\/v2\/pages\/2239\/revisions"}],"predecessor-version":[{"id":2242,"href":"https:\/\/istressportsbadminton.com\/index.php?rest_route=\/wp\/v2\/pages\/2239\/revisions\/2242"}],"wp:attachment":[{"href":"https:\/\/istressportsbadminton.com\/index.php?rest_route=%2Fwp%2Fv2%2Fmedia&parent=2239"}],"curies":[{"name":"wp","href":"https:\/\/api.w.org\/{rel}","templated":true}]}}