{"id":2299,"date":"2016-12-30T15:46:33","date_gmt":"2016-12-30T14:46:33","guid":{"rendered":"http:\/\/istressportsbadminton.com\/?page_id=2299"},"modified":"2016-12-31T13:37:38","modified_gmt":"2016-12-31T12:37:38","slug":"tij-2-clermont-ferrand","status":"publish","type":"page","link":"https:\/\/istressportsbadminton.com\/?page_id=2299","title":{"rendered":"TIJ 2 Clermont-Ferrand"},"content":{"rendered":"<p>Le weekend des 10 et 11 d\u00e9cembre, Swann participait au second Troph\u00e9e Interr\u00e9gional Jeune (TIJ) de la saison zone Sud-Est, regroupant les meilleurs jeunes des r\u00e9gions PACA-Corse et Auvergne-Rh\u00f4ne-Alpes, et organis\u00e9 \u00e0 Clermont Ferrand.<\/p>\n<p>Pour rappel, la hi\u00e9rarchie des Troph\u00e9es Jeunes va des TDJ (D pour D\u00e9partemental), puis TRJ (R\u00e9gional), TIJ (Interr\u00e9gional), et enfin TNJ (National) comme dernier \u00e9chelon avant les Championnats de France Jeunes.<\/p>\n<p>Lors de la <a href=\"http:\/\/istressportsbadminton.com\/?page_id=2017\" target=\"_blank\"><strong><span style=\"color: #3366ff;\">premi\u00e8re \u00e9tape\u00a0des TIJ \u00e0 Oullin<\/span><\/strong><\/a><strong><span style=\"color: #3366ff;\">s<\/span><\/strong> en Septembre, et pour sa premi\u00e8re \u00e0 ce niveau, Swann\u00a0avait notamment atteint une belle demi-finale en simple. Pour sa deuxi\u00e8me exp\u00e9rience \u00e0 ce niveau, il \u00e9tait d\u00e9termin\u00e9 \u00e0 faire encore mieux lors de\u00a0ce second \u00e9v\u00e9nement. Et on peut dire qu&rsquo;il n&rsquo;aura pas d\u00e9\u00e7u!<\/p>\n<p>Le samedi matin, il d\u00e9butait les simples, toujours dans sa cat\u00e9gorie poussin. Et notre petit Istr\u00e9ens commence tr\u00e8s solidement avec une poule rondement remport\u00e9e et 3 jolies victoires, faisant preuve d&rsquo;un grand s\u00e9rieux et d&rsquo;une grosse envie. Son quart de finale sera du m\u00eame acabit, remport\u00e9 solidement, et qui conclue sa journ\u00e9e dans la discipline avec une qualif pour la demi-finale, pr\u00e9vue le lendemain, et le tout sans conc\u00e9der le moindre set!<\/p>\n<p><a href=\"http:\/\/istressportsbadminton.com\/wp-content\/uploads\/2016\/12\/Swann-TIJ2_4.jpeg\"><img loading=\"lazy\" class=\"alignright wp-image-2306 size-medium\" src=\"http:\/\/istressportsbadminton.com\/wp-content\/uploads\/2016\/12\/Swann-TIJ2_4-300x225.jpeg\" alt=\"Swann TIJ2_4\" width=\"300\" height=\"225\" srcset=\"https:\/\/istressportsbadminton.com\/wp-content\/uploads\/2016\/12\/Swann-TIJ2_4-300x225.jpeg 300w, https:\/\/istressportsbadminton.com\/wp-content\/uploads\/2016\/12\/Swann-TIJ2_4-150x113.jpeg 150w, https:\/\/istressportsbadminton.com\/wp-content\/uploads\/2016\/12\/Swann-TIJ2_4-1024x768.jpeg 1024w, https:\/\/istressportsbadminton.com\/wp-content\/uploads\/2016\/12\/Swann-TIJ2_4-1x1.jpeg 1w, https:\/\/istressportsbadminton.com\/wp-content\/uploads\/2016\/12\/Swann-TIJ2_4.jpeg 1920w\" sizes=\"(max-width: 300px) 85vw, 300px\" \/><\/a>Le samedi apr\u00e8s-midi, c&rsquo;\u00e9tait place au double, en \u00e9quipe avec son partenaire habituel Tim\u00e9o Lacour (Brian\u00e7on). Et il n&rsquo;y a rien a rajouter de plus que de dire que les deux petites pousses vont r\u00e9aliser une d\u00e9monstration, remportant leurs 4 matchs sans conc\u00e9der plus de 14 pts par set, balayant au passage les t\u00eate de s\u00e9rie 1, pour triompher et s&rsquo;adjuger le troph\u00e9e! Bravo\u00a0<a href=\"http:\/\/istressportsbadminton.com\/wp-content\/uploads\/2016\/04\/emoji_u1f3c6.png\"><img loading=\"lazy\" class=\"alignnone size-full wp-image-1322\" src=\"http:\/\/istressportsbadminton.com\/wp-content\/uploads\/2016\/04\/emoji_u1f3c6.png\" alt=\"Victoire\" width=\"25\" height=\"25\" srcset=\"https:\/\/istressportsbadminton.com\/wp-content\/uploads\/2016\/04\/emoji_u1f3c6.png 25w, https:\/\/istressportsbadminton.com\/wp-content\/uploads\/2016\/04\/emoji_u1f3c6-1x1.png 1w\" sizes=\"(max-width: 25px) 85vw, 25px\" \/><\/a>\u00a0Et\u00a0la 10\u00e8me coupe pour ISB.<\/p>\n<p>Swann pouvait alors sereinement aller se coucher pour r\u00e9cup\u00e9rer de ses 8 matchs de la journ\u00e9e (!!) et pr\u00e9parer sa demi-finale de simple qui l&rsquo;attendait le lendemain.<\/p>\n<p><a href=\"http:\/\/istressportsbadminton.com\/wp-content\/uploads\/2016\/12\/Swann-TIJ2_2.jpg\"><img loading=\"lazy\" class=\"aligncenter wp-image-2304 \" src=\"http:\/\/istressportsbadminton.com\/wp-content\/uploads\/2016\/12\/Swann-TIJ2_2.jpg\" alt=\"Swann TIJ2_2\" width=\"634\" height=\"386\" srcset=\"https:\/\/istressportsbadminton.com\/wp-content\/uploads\/2016\/12\/Swann-TIJ2_2.jpg 879w, https:\/\/istressportsbadminton.com\/wp-content\/uploads\/2016\/12\/Swann-TIJ2_2-150x91.jpg 150w, https:\/\/istressportsbadminton.com\/wp-content\/uploads\/2016\/12\/Swann-TIJ2_2-300x183.jpg 300w, https:\/\/istressportsbadminton.com\/wp-content\/uploads\/2016\/12\/Swann-TIJ2_2-2x1.jpg 2w\" sizes=\"(max-width: 634px) 85vw, 634px\" \/><\/a><\/p>\n<p>Le dimanche apr\u00e8s-midi, c&rsquo;est d\u00e9termin\u00e9 que l&rsquo;on retrouvait notre Istr\u00e9en engag\u00e9 contre le savoyard Aur\u00e9lien Briens (battu la veille en finale), et class\u00e9 dans le top 15 fran\u00e7ais. Et il l&#8217;emporte de tr\u00e8s belle mani\u00e8re, dominant les 2 sets du d\u00e9but \u00e0 la fin, son petit adversaire ne trouvant la solution pour le g\u00eaner que trop tard en fin de chaque\u00a0manches, et Swann l&#8217;emporte 21-15\/ 21-14 pour atteindre la finale!<\/p>\n<p><span style=\"color: #000000;\"><a href=\"http:\/\/istressportsbadminton.com\/wp-content\/uploads\/2016\/12\/Swann-TIJ2_3.jpeg\"><img loading=\"lazy\" class=\"alignleft wp-image-2305 size-medium\" src=\"http:\/\/istressportsbadminton.com\/wp-content\/uploads\/2016\/12\/Swann-TIJ2_3-225x300.jpeg\" alt=\"Swann TIJ2_3\" width=\"225\" height=\"300\" srcset=\"https:\/\/istressportsbadminton.com\/wp-content\/uploads\/2016\/12\/Swann-TIJ2_3-225x300.jpeg 225w, https:\/\/istressportsbadminton.com\/wp-content\/uploads\/2016\/12\/Swann-TIJ2_3-113x150.jpeg 113w, https:\/\/istressportsbadminton.com\/wp-content\/uploads\/2016\/12\/Swann-TIJ2_3-768x1024.jpeg 768w, https:\/\/istressportsbadminton.com\/wp-content\/uploads\/2016\/12\/Swann-TIJ2_3-1x1.jpeg 1w, https:\/\/istressportsbadminton.com\/wp-content\/uploads\/2016\/12\/Swann-TIJ2_3.jpeg 1440w\" sizes=\"(max-width: 225px) 85vw, 225px\" \/><\/a>Et sur sa route se dressait alors\u00a0<a style=\"color: #000000;\">Tahina Ramanana-Rahary, l&rsquo;adversaire qui l&rsquo;avait justement \u00e9limin\u00e9 sur un score serr\u00e9 en demi-finale \u00e0 Oullins. Mais depuis septembre, de l&rsquo;eau a coul\u00e9e sous les ponts,\u00a0et\u00a0la superbe progression de\u00a0Swann va \u00e9clater au grand jour dans ce match. D&rsquo;abord c&rsquo;est en faisant preuve d&rsquo;une belle d\u00e9termination qu&rsquo;il s\u2019adjuge le premier set 21-19, en \u00e9tant pourtant men\u00e9 18-13! Et c&rsquo;est ensuite en patron qu&rsquo;il remporte la seconde manche 21-15 et triomphe de son premier TIJ et r\u00e9alise un superbe doubl\u00e9, et un weekend proche de la perfection: 10 matchs, 10 victoires et aucun set perdu !! \u00a0<\/a><a href=\"http:\/\/istressportsbadminton.com\/wp-content\/uploads\/2016\/04\/emoji_u1f3c6.png\"><img loading=\"lazy\" class=\"alignnone size-full wp-image-1322\" src=\"http:\/\/istressportsbadminton.com\/wp-content\/uploads\/2016\/04\/emoji_u1f3c6.png\" alt=\"Victoire\" width=\"25\" height=\"25\" srcset=\"https:\/\/istressportsbadminton.com\/wp-content\/uploads\/2016\/04\/emoji_u1f3c6.png 25w, https:\/\/istressportsbadminton.com\/wp-content\/uploads\/2016\/04\/emoji_u1f3c6-1x1.png 1w\" sizes=\"(max-width: 25px) 85vw, 25px\" \/><\/a><\/span><\/p>\n<p>Splendide performance pour la petite mascotte d&rsquo;ISB, qui remporte l\u00e0 le <strong>11\u00e8me troph\u00e9e de la saison<\/strong>, et son 6\u00e8me personnel! Bravo!<a href=\"http:\/\/istressportsbadminton.com\/wp-content\/uploads\/2016\/12\/Swann-TIJ2.jpg\"><img loading=\"lazy\" class=\"aligncenter wp-image-2303\" src=\"http:\/\/istressportsbadminton.com\/wp-content\/uploads\/2016\/12\/Swann-TIJ2.jpg\" alt=\"Swann TIJ2\" width=\"634\" height=\"308\" srcset=\"https:\/\/istressportsbadminton.com\/wp-content\/uploads\/2016\/12\/Swann-TIJ2.jpg 875w, https:\/\/istressportsbadminton.com\/wp-content\/uploads\/2016\/12\/Swann-TIJ2-150x73.jpg 150w, https:\/\/istressportsbadminton.com\/wp-content\/uploads\/2016\/12\/Swann-TIJ2-300x146.jpg 300w, https:\/\/istressportsbadminton.com\/wp-content\/uploads\/2016\/12\/Swann-TIJ2-2x1.jpg 2w\" sizes=\"(max-width: 634px) 85vw, 634px\" \/><\/a><\/p>\n<p>Prochaine \u00e9tape, on monte encore d&rsquo;un cran avec le <strong>Troph\u00e9e National Jeune<\/strong> qui se tiendra dans quelques semaines \u00e0 Bourges, le weekend du 13,14 et 15 janvier 2017 !<\/p>\n<p>Les aventures de Swann continuent!!!! Restez connect\u00e9s\u00a0 \ud83d\ude00<\/p>\n","protected":false},"excerpt":{"rendered":"<p>Le weekend des 10 et 11 d\u00e9cembre, Swann participait au second Troph\u00e9e Interr\u00e9gional Jeune (TIJ) de la saison zone Sud-Est, regroupant les meilleurs jeunes des r\u00e9gions PACA-Corse et Auvergne-Rh\u00f4ne-Alpes, et organis\u00e9 \u00e0 Clermont Ferrand. Pour rappel, la hi\u00e9rarchie des Troph\u00e9es Jeunes va des TDJ (D pour D\u00e9partemental), puis TRJ (R\u00e9gional), TIJ (Interr\u00e9gional), et enfin TNJ &hellip; <a href=\"https:\/\/istressportsbadminton.com\/?page_id=2299\" class=\"more-link\">Continuer la lecture<span class=\"screen-reader-text\"> de &laquo;&nbsp;TIJ 2 Clermont-Ferrand&nbsp;&raquo;<\/span><\/a><\/p>\n","protected":false},"author":3,"featured_media":2305,"parent":0,"menu_order":0,"comment_status":"closed","ping_status":"closed","template":"","meta":{"sfsi_plus_gutenberg_text_before_share":"","sfsi_plus_gutenberg_show_text_before_share":"","sfsi_plus_gutenberg_icon_type":"","sfsi_plus_gutenberg_icon_alignemt":"","sfsi_plus_gutenburg_max_per_row":""},"_links":{"self":[{"href":"https:\/\/istressportsbadminton.com\/index.php?rest_route=\/wp\/v2\/pages\/2299"}],"collection":[{"href":"https:\/\/istressportsbadminton.com\/index.php?rest_route=\/wp\/v2\/pages"}],"about":[{"href":"https:\/\/istressportsbadminton.com\/index.php?rest_route=\/wp\/v2\/types\/page"}],"author":[{"embeddable":true,"href":"https:\/\/istressportsbadminton.com\/index.php?rest_route=\/wp\/v2\/users\/3"}],"replies":[{"embeddable":true,"href":"https:\/\/istressportsbadminton.com\/index.php?rest_route=%2Fwp%2Fv2%2Fcomments&post=2299"}],"version-history":[{"count":10,"href":"https:\/\/istressportsbadminton.com\/index.php?rest_route=\/wp\/v2\/pages\/2299\/revisions"}],"predecessor-version":[{"id":2339,"href":"https:\/\/istressportsbadminton.com\/index.php?rest_route=\/wp\/v2\/pages\/2299\/revisions\/2339"}],"wp:featuredmedia":[{"embeddable":true,"href":"https:\/\/istressportsbadminton.com\/index.php?rest_route=\/wp\/v2\/media\/2305"}],"wp:attachment":[{"href":"https:\/\/istressportsbadminton.com\/index.php?rest_route=%2Fwp%2Fv2%2Fmedia&parent=2299"}],"curies":[{"name":"wp","href":"https:\/\/api.w.org\/{rel}","templated":true}]}}