{"id":2319,"date":"2016-12-30T17:02:00","date_gmt":"2016-12-30T16:02:00","guid":{"rendered":"http:\/\/istressportsbadminton.com\/?page_id=2319"},"modified":"2016-12-30T17:02:00","modified_gmt":"2016-12-30T16:02:00","slug":"le-pere-noel-volant-ventabren","status":"publish","type":"page","link":"https:\/\/istressportsbadminton.com\/?page_id=2319","title":{"rendered":"Le p\u00e8re No\u00ebl Volant (Ventabren)"},"content":{"rendered":"<p>Pour conclure l&rsquo;ann\u00e9e civile en beaut\u00e9, le club de Ventabren organisait les 17 et 18 d\u00e9cembre un tournoi de double et mixte dans le joli cadre de leur gymnase de la reine Jeanne.<\/p>\n<p><a href=\"http:\/\/istressportsbadminton.com\/wp-content\/uploads\/2016\/12\/Am\u00e9lie-Regine-Ventabren.jpg\"><img loading=\"lazy\" class=\"alignright wp-image-2320 \" src=\"http:\/\/istressportsbadminton.com\/wp-content\/uploads\/2016\/12\/Am\u00e9lie-Regine-Ventabren-300x165.jpg\" alt=\"Am\u00e9lie Regine Ventabren\" width=\"370\" height=\"203\" srcset=\"https:\/\/istressportsbadminton.com\/wp-content\/uploads\/2016\/12\/Am\u00e9lie-Regine-Ventabren-300x165.jpg 300w, https:\/\/istressportsbadminton.com\/wp-content\/uploads\/2016\/12\/Am\u00e9lie-Regine-Ventabren-150x83.jpg 150w, https:\/\/istressportsbadminton.com\/wp-content\/uploads\/2016\/12\/Am\u00e9lie-Regine-Ventabren-2x1.jpg 2w, https:\/\/istressportsbadminton.com\/wp-content\/uploads\/2016\/12\/Am\u00e9lie-Regine-Ventabren.jpg 960w\" sizes=\"(max-width: 370px) 85vw, 370px\" \/><\/a>En<strong> Double Dame<\/strong>, premi\u00e8re association pour <strong>R\u00e9gine<\/strong> (D8) et <strong>Am\u00e9lie<\/strong> (P10), engag\u00e9es en <strong>s\u00e9rie D8\/D9<\/strong>, et une belle journ\u00e9e qui les voit remporter de belle mani\u00e8re\u00a0leurs 3 matchs de poule. Elles franchissent ensuite leur demi-finale et <strong>\u00e9choueront\u00a0malheureusement en finale<\/strong> contre une paire de Trets, mieux class\u00e9es qu&rsquo;elles, 21-10\/ 21-19. Belle performance de nos 2 joueuses. Bravo !<\/p>\n<p>&nbsp;<\/p>\n<p>&nbsp;<\/p>\n<p>&nbsp;<\/p>\n<p><a href=\"http:\/\/istressportsbadminton.com\/wp-content\/uploads\/2016\/12\/Jonathan-Ventabren.jpg\"><img loading=\"lazy\" class=\"alignleft wp-image-2322 \" src=\"http:\/\/istressportsbadminton.com\/wp-content\/uploads\/2016\/12\/Jonathan-Ventabren-300x165.jpg\" alt=\"Jonathan Ventabren\" width=\"402\" height=\"221\" srcset=\"https:\/\/istressportsbadminton.com\/wp-content\/uploads\/2016\/12\/Jonathan-Ventabren-300x165.jpg 300w, https:\/\/istressportsbadminton.com\/wp-content\/uploads\/2016\/12\/Jonathan-Ventabren-150x83.jpg 150w, https:\/\/istressportsbadminton.com\/wp-content\/uploads\/2016\/12\/Jonathan-Ventabren-2x1.jpg 2w, https:\/\/istressportsbadminton.com\/wp-content\/uploads\/2016\/12\/Jonathan-Ventabren.jpg 960w\" sizes=\"(max-width: 402px) 85vw, 402px\" \/><\/a>En <strong>Double Homme s\u00e9rie D8\/D9<\/strong>, <strong>Jonathan<\/strong> (P10) retrouvait son partenaire habituel Florian VanHallewyn (Digne, D8). Et pour eux aussi la journ\u00e9e va \u00eatre prolifique ! 3 Victoires solides en poule, ils se retrouvent en demi-finale qu&rsquo;ils franchissent sans trembler. 2\u00e8me finale de la journ\u00e9e pour un membre d&rsquo;ISB, et contrairement aux filles, Jonathan et Florian vont eux transformer l&rsquo;essai, battant les Aixois Alexandre Bossette\/Christophe Penot 21-17\/ 21-18! <strong>1\u00e8re victoire pour Jonathan<\/strong> qui apporte ainsi le <strong>12\u00e8me titre de la saison pour le club<\/strong>. F\u00e9licitation aux 3 istr\u00e9ens pour leurs belles perf !!\u00a0<a href=\"http:\/\/istressportsbadminton.com\/wp-content\/uploads\/2016\/04\/emoji_u1f3c6.png\"><img loading=\"lazy\" class=\"alignnone size-full wp-image-1322\" src=\"http:\/\/istressportsbadminton.com\/wp-content\/uploads\/2016\/04\/emoji_u1f3c6.png\" alt=\"Victoire\" width=\"25\" height=\"25\" srcset=\"https:\/\/istressportsbadminton.com\/wp-content\/uploads\/2016\/04\/emoji_u1f3c6.png 25w, https:\/\/istressportsbadminton.com\/wp-content\/uploads\/2016\/04\/emoji_u1f3c6-1x1.png 1w\" sizes=\"(max-width: 25px) 85vw, 25px\" \/><\/a><\/p>\n<p>On se donne rendez vous en 2017 pour on l&rsquo;esp\u00e8re encore plus de titres et de victoires!!<\/p>\n<p>Allez ISB, et bonnes f\u00eates \u00e0 tous!!<\/p>\n","protected":false},"excerpt":{"rendered":"<p>Pour conclure l&rsquo;ann\u00e9e civile en beaut\u00e9, le club de Ventabren organisait les 17 et 18 d\u00e9cembre un tournoi de double et mixte dans le joli cadre de leur gymnase de la reine Jeanne. En Double Dame, premi\u00e8re association pour R\u00e9gine (D8) et Am\u00e9lie (P10), engag\u00e9es en s\u00e9rie D8\/D9, et une belle journ\u00e9e qui les voit &hellip; <a href=\"https:\/\/istressportsbadminton.com\/?page_id=2319\" class=\"more-link\">Continuer la lecture<span class=\"screen-reader-text\"> de &laquo;&nbsp;Le p\u00e8re No\u00ebl Volant (Ventabren)&nbsp;&raquo;<\/span><\/a><\/p>\n","protected":false},"author":3,"featured_media":0,"parent":0,"menu_order":0,"comment_status":"closed","ping_status":"closed","template":"","meta":{"sfsi_plus_gutenberg_text_before_share":"","sfsi_plus_gutenberg_show_text_before_share":"","sfsi_plus_gutenberg_icon_type":"","sfsi_plus_gutenberg_icon_alignemt":"","sfsi_plus_gutenburg_max_per_row":""},"_links":{"self":[{"href":"https:\/\/istressportsbadminton.com\/index.php?rest_route=\/wp\/v2\/pages\/2319"}],"collection":[{"href":"https:\/\/istressportsbadminton.com\/index.php?rest_route=\/wp\/v2\/pages"}],"about":[{"href":"https:\/\/istressportsbadminton.com\/index.php?rest_route=\/wp\/v2\/types\/page"}],"author":[{"embeddable":true,"href":"https:\/\/istressportsbadminton.com\/index.php?rest_route=\/wp\/v2\/users\/3"}],"replies":[{"embeddable":true,"href":"https:\/\/istressportsbadminton.com\/index.php?rest_route=%2Fwp%2Fv2%2Fcomments&post=2319"}],"version-history":[{"count":5,"href":"https:\/\/istressportsbadminton.com\/index.php?rest_route=\/wp\/v2\/pages\/2319\/revisions"}],"predecessor-version":[{"id":2326,"href":"https:\/\/istressportsbadminton.com\/index.php?rest_route=\/wp\/v2\/pages\/2319\/revisions\/2326"}],"wp:attachment":[{"href":"https:\/\/istressportsbadminton.com\/index.php?rest_route=%2Fwp%2Fv2%2Fmedia&parent=2319"}],"curies":[{"name":"wp","href":"https:\/\/api.w.org\/{rel}","templated":true}]}}