{"id":2328,"date":"2016-12-31T13:19:50","date_gmt":"2016-12-31T12:19:50","guid":{"rendered":"http:\/\/istressportsbadminton.com\/?page_id=2328"},"modified":"2016-12-31T13:24:04","modified_gmt":"2016-12-31T12:24:04","slug":"compte-rendu-j3-4","status":"publish","type":"page","link":"https:\/\/istressportsbadminton.com\/?page_id=2328","title":{"rendered":"Compte Rendu J3"},"content":{"rendered":"<p>Salut tout le monde!<\/p>\n<p>Le dimanche 18 d\u00e9cembre 2016 ont eu lieu les 3e et derni\u00e8res journ\u00e9es des matchs aller des championnats r\u00e9gionaux.<\/p>\n<p>En d\u00e9placement \u00e0 l&rsquo;Isle sur Sorgue, notre R2, leader invaincue de sa poule, affrontait dans l&rsquo;ordre: L&rsquo;isle sur Sorgue, Pernes, et Martigues.<\/p>\n<p>Pour cette journ\u00e9e qui s&rsquo;annon\u00e7ait charg\u00e9e, le capitaine <b>Franck <\/b>devait composer avec les absences de <b>Mickey<\/b>, <b>Robert<\/b>,<b> Thomas <\/b>et <b>Laetitia<\/b>. Voici donc l&rsquo;\u00e9quipe align\u00e9e: <b>Eric<\/b>, <b>Fabrice<\/b>, <b>Jean Pierre<\/b>, et <b>Alex <\/b>(de retour de blessure apr\u00e8s son hernie discale) pour les mecs et <b>Marine<\/b>, <b>Am\u00e9lie <\/b>et <b>Agn\u00e8s <\/b>pour les filles.<\/p>\n<p>Oppos\u00e9e au club h\u00f4te, 5e au classement g\u00e9n\u00e9ral, pour le premier match de la journ\u00e9e, notre \u00e9quipe compos\u00e9e essentiellement de v\u00e9t\u00e9ran, devait se m\u00e9fier d&rsquo;une mise en route difficile ;). Et ce sont paradoxalement les jeunes du groupe qui vont avoir le plus de mal \u00e0 rentrer dans la rencontre avec une d\u00e9faite d&rsquo;entr\u00e9e en double dame pour <b>Am\u00e9lie <\/b>et <b>Marine<\/b>, peu habitu\u00e9e a jouer ensemble (21-15 21-17).<\/p>\n<p>Pas de soucis d&rsquo;automatisme en revanche pour <b>Eric <\/b>et <b>Fabrice <\/b>qui vont avoir fort \u00e0 faire face \u00e0 la paire Guichard\/Rivarel. En effet apr\u00e8s la perte du 1er set 21-17, les ex-foss\u00e9ens vont cravacher pour emporter le second 22-20 avant de finalement conclure le match 21-16 au 3e set.<\/p>\n<p>C&rsquo;est au tour de notre couple pr\u00e9f\u00e9r\u00e9 <b>Agn\u00e8s <\/b>et <b>JP <\/b>d&rsquo;entrer sur les terrains respectivement en SD1 et SH1. Aucun soucis pour <b>JP <\/b>qui va facilement l&#8217;emporter 21-9 21-10 tandis qu&rsquo;il faudra une manche, perdue 22-20,\u00a0\u00e0 <b>Agn\u00e8s <\/b>pour prendre la mesure de son adversaire et remporter les deux suivantes 21-17 21-14. 3-1 pour ISB \u00e0 mi-rencontre!<\/p>\n<p>Dr\u00f4le de match pour <b>Am\u00e9lie <\/b>dans le SD2, o\u00f9, apr\u00e8s avoir gal\u00e9r\u00e9 pour enlever le 1er set 23-21, notre volleyeuse va litt\u00e9ralement balayer l&rsquo;isloise 21-4 au 2e!<\/p>\n<p>Le 5e point synonyme de victoire sera remport\u00e9 sans trembler par <b>Eric <\/b>21-10 21-11 toujours aussi impitoyable en simple.<\/p>\n<p>La perte, dans la foul\u00e9e, des deux mixtes (<b>Alex<\/b>\/<b>Agn\u00e8s <\/b>21-12 21-11 et <b>Fabrice<\/b>\/<b>Marine <\/b>23-21 21-19) permettra au CIB de s&rsquo;en sortir avec le bonus d\u00e9fensif. Nouvelle victoire 5-3 (la 4e en 5 matchs sur ce score!) pour l&rsquo;\u00e9quipe 2 d&rsquo;ISB qui continue son sans faute.<\/p>\n<p>En d\u00e9but d&rsquo;apr\u00e8s midi, c&rsquo;est Pernes, 7e et avant dernier du classement avant cette journ\u00e9e, qui se pr\u00e9sentait sur le chemin des istr\u00e9ens.<\/p>\n<p>Et stupeur dans le gymnase: Pourtant largement favori, la rencontre va tr\u00e8s mal d\u00e9buter pour ISB avec les d\u00e9faites en DH pour la paire <b>Alex<\/b>\/<b>JP <\/b>(21-15 10-21 21-10) et en DD pour <b>Marine <\/b>et <b>Am\u00e9lie<\/b> (21-14 22-24 21-15).<\/p>\n<p>Dos au mur, c&rsquo;est <b>Fabrice <\/b>qui va relancer la machine avec une superbe victoire en 3 sets face au junior Florian Rouyer (R5) au terme d&rsquo;un match \u00e2prement disput\u00e9 12-21 21-18 21-19, suivi de deux victoires faciles pour <b>Agn\u00e8s <\/b>et <b>JP <\/b>en mixte 1 (21-7 21-9) et pour <b>Eric <\/b>en SH1 (21-6 21-8). 3-2 pour ISB qui a su renverser la tendance apr\u00e8s un d\u00e9but de rencontre rat\u00e9.<\/p>\n<p>Mais les pernois ne vont pas dire leur dernier mot et \u00e9galisent \u00e0 3-3 gr\u00e2ce au SD2, perdu par <b>Marine <\/b>21-9 21-11. Les deux derniers matchs (Mx2 et SD2) vont s\u2019av\u00e9rer d\u00e9cisifs!<\/p>\n<p>Et apr\u00e8s un d\u00e9but de journ\u00e9e difficile pour son retour \u00e0 la comp\u00e9tition (2 d\u00e9faites en 2 matchs), <b>Alex<\/b>, associ\u00e9 \u00e0 sa ch\u00e9rie <b>Am\u00e9lie<\/b>, va enfin relever la t\u00eate et remporter une belle victoire bien maitris\u00e9 21-16 21-14. Belle victoire pour chou et chou qui assurent au minimum le match nul avant le match d&rsquo;<b>Agn\u00e8s<\/b>. ISB allait-il r\u00e9ussir la passe de 6??<\/p>\n<p>Tout semblait l&rsquo;indiquer apr\u00e8s un premier set survol\u00e9 par notre istr\u00e9enne 21-11. C\u2019\u00e9tait sans compter sur le sursaut d&rsquo;orgueil de la joueuse de Pernes qui \u00e9galise \u00e0 un set partout 21-12. 3e set et tout est a refaire pour l&rsquo;ex joueuse de Vitrolles! Mais malheureusement pour son adversaire, <b>Agn\u00e8s <\/b>n&rsquo;est pas le genre de joueuse \u00e0 perdre le 3e set d&rsquo;un match d\u00e9cisif pour son \u00e9quipe. Et c&rsquo;est sans trembler qu&rsquo;elle remporte la derni\u00e8re manche 21-13 pour donner le 5e point et la 6e victoire de la saison \u00e0 son \u00e9quipe!!! Victoire 5-3 pour ISB qui caracole en t\u00eate apr\u00e8s 6 matchs \ud83d\ude09<\/p>\n<p>La journ\u00e9e marathon se termine par la rencontre au sommet face \u00e0 Martigues, 2e au classement g\u00e9n\u00e9ral avant cette journ\u00e9e derri\u00e8re ISB. Objectif: Conclure cette phase aller invaincus! Et pour se faire les istr\u00e9ens vont taper fort d&rsquo;entr\u00e9e: 3 matchs et 3 victoires en 2 sets pour <b>JP <\/b>et <b>Marine <\/b>en Mx1 (21-17 21-18), pour <b>Eric <\/b>en SH2 (21-16 21-16) et pour <b>Agn\u00e8s <\/b>en SD1 (21-18 21-16) qui portent la marque \u00e0 3-0 en faveur d&rsquo;ISB.<\/p>\n<p>Le 4e point \u00e9tait tout proche pour <b>Am\u00e9lie <\/b>en SD2 qui finit par s&rsquo;incliner 22-20 au 3e set d&rsquo;un match acharn\u00e9 dont elle a le secret (22-24 21-16 22-20).<\/p>\n<p>C&rsquo;est un <b>Jean Pierre<\/b> toujours aussi solide qui aura l&rsquo;honneur de marquer ce 4e point si important en remportant son SH1 22-20 21-16 face \u00e0 Nicolas Simko. 4-1 pour Istres et 3 matchs \u00e0 jouer pour aller chercher une 7e victoire en 7 matchs.<\/p>\n<p>Mals engag\u00e9s dans une rencontre qui pourrait \u00eatre d\u00e9cisive pour la mont\u00e9e en R1, les mart\u00e9gals vont relever la t\u00eate en s&rsquo;adjugeant un DH relev\u00e9 entre la paire Demessine (R4) \/ Felices (R4) et <b>Eric <\/b>et <b>Fabrice <\/b>(R5 tous les deux) sur le score de 21-19 21-19. 4-2 on rentre dans le money time&#8230;<\/p>\n<p>Les deux matchs qui vont d\u00e9terminer l&rsquo;issue de cette rencontre vont mettre en sc\u00e8ne <b>Agn\u00e8s <\/b>et <b>Marine <\/b>en DD et <b>Alex <\/b>et <b>Am\u00e9lie <\/b>en Mx2. Peut \u00eatre inhib\u00e9 par l&rsquo;enjeu, les deux paires istr\u00e9ennes vont l\u00e2cher le premier set \u00e0 leurs adversaires et redonner l&rsquo;espoir \u00e0 Martigues d&rsquo;arracher le match nul. La tendance va se confirmer dans le Mx2 o\u00f9 <b>Alex <\/b>et <b>Am\u00e9lie <\/b>ne vont pas r\u00e9\u00e9diter leur performance du match pr\u00e9c\u00e9dent et s&rsquo;incliner s\u00e8chement 21-11 21-11. Heureusement pour ISB que, dans le m\u00eame temps, <b>Marine <\/b>et <b>Agn\u00e8s <\/b>vont se reprendre et largement dominer le 2e set sur le score de 21-9. Tout se joue donc sur ce dernier set qui va confirmer la sup\u00e9riorit\u00e9, flagrante dans la 2e manche, des joueuses d&rsquo;ISB. <b>Marine <\/b>et <b>Agn\u00e8s <\/b>s&rsquo;imposent finalement 19-21 21-9 21-12 et marquent le dernier point de la rencontre pour la 7e victoire d&rsquo;Istres en 7 matchs!!<\/p>\n<figure id=\"attachment_2329\" aria-describedby=\"caption-attachment-2329\" style=\"width: 654px\" class=\"wp-caption aligncenter\"><a href=\"http:\/\/istressportsbadminton.com\/wp-content\/uploads\/2016\/12\/15595569_10210653496269998_1113882219_o-1.jpg\"><img loading=\"lazy\" class=\"wp-image-2329 size-large\" src=\"http:\/\/istressportsbadminton.com\/wp-content\/uploads\/2016\/12\/15595569_10210653496269998_1113882219_o-1-1024x768.jpg\" alt=\"15595569_10210653496269998_1113882219_o\" width=\"654\" height=\"491\" \/><\/a><figcaption id=\"caption-attachment-2329\" class=\"wp-caption-text\">7\/7, mission accomplie pour Eric, Marine, Fabrice, Alex et JP, Amelie et Agn\u00e8s !!<\/figcaption><\/figure>\n<p><strong>Superbe performance de Francky et son \u00e9quipe qui r\u00e9alisent donc un sans faute lors de la phase aller et confirment leur domination sur cette poule \u00ab\u00a0Alpes\u00a0\u00bb de R2: 1er avec 35 pts, 6 pts devant le SMUC 2e avec 29 pts. Prochain rendez vous le dimanche 29 janvier 2017 \u00e0 Port de Bouc\u00a0pour le d\u00e9but des matchs retour face \u00e0 La Batie Neuve (6e) et Manosque (8e et dernier).<\/strong> <a href=\"http:\/\/istressportsbadminton.com\/wp-content\/uploads\/2016\/12\/15628717_10210653496229997_2083460837_o.jpg\"><img loading=\"lazy\" class=\"aligncenter wp-image-2330 size-large\" src=\"http:\/\/istressportsbadminton.com\/wp-content\/uploads\/2016\/12\/15628717_10210653496229997_2083460837_o-1024x768.jpg\" alt=\"15628717_10210653496229997_2083460837_o\" width=\"654\" height=\"491\" srcset=\"https:\/\/istressportsbadminton.com\/wp-content\/uploads\/2016\/12\/15628717_10210653496229997_2083460837_o-1024x768.jpg 1024w, https:\/\/istressportsbadminton.com\/wp-content\/uploads\/2016\/12\/15628717_10210653496229997_2083460837_o-150x113.jpg 150w, https:\/\/istressportsbadminton.com\/wp-content\/uploads\/2016\/12\/15628717_10210653496229997_2083460837_o-300x225.jpg 300w, https:\/\/istressportsbadminton.com\/wp-content\/uploads\/2016\/12\/15628717_10210653496229997_2083460837_o-1x1.jpg 1w, https:\/\/istressportsbadminton.com\/wp-content\/uploads\/2016\/12\/15628717_10210653496229997_2083460837_o.jpg 2048w\" sizes=\"(max-width: 654px) 85vw, 654px\" \/><\/a><\/p>\n<p>Rendez-vous en 2017 pour la suite des aventures des \u00e9quipes d&rsquo;interclubs d&rsquo;ISB et bon r\u00e9veillon \u00e0 tous!<\/p>\n<p>Alex<\/p>\n","protected":false},"excerpt":{"rendered":"<p>Salut tout le monde! Le dimanche 18 d\u00e9cembre 2016 ont eu lieu les 3e et derni\u00e8res journ\u00e9es des matchs aller des championnats r\u00e9gionaux. En d\u00e9placement \u00e0 l&rsquo;Isle sur Sorgue, notre R2, leader invaincue de sa poule, affrontait dans l&rsquo;ordre: L&rsquo;isle sur Sorgue, Pernes, et Martigues. Pour cette journ\u00e9e qui s&rsquo;annon\u00e7ait charg\u00e9e, le capitaine Franck devait &hellip; <a href=\"https:\/\/istressportsbadminton.com\/?page_id=2328\" class=\"more-link\">Continuer la lecture<span class=\"screen-reader-text\"> de &laquo;&nbsp;Compte Rendu J3&nbsp;&raquo;<\/span><\/a><\/p>\n","protected":false},"author":3,"featured_media":0,"parent":0,"menu_order":0,"comment_status":"closed","ping_status":"closed","template":"","meta":{"sfsi_plus_gutenberg_text_before_share":"","sfsi_plus_gutenberg_show_text_before_share":"","sfsi_plus_gutenberg_icon_type":"","sfsi_plus_gutenberg_icon_alignemt":"","sfsi_plus_gutenburg_max_per_row":""},"_links":{"self":[{"href":"https:\/\/istressportsbadminton.com\/index.php?rest_route=\/wp\/v2\/pages\/2328"}],"collection":[{"href":"https:\/\/istressportsbadminton.com\/index.php?rest_route=\/wp\/v2\/pages"}],"about":[{"href":"https:\/\/istressportsbadminton.com\/index.php?rest_route=\/wp\/v2\/types\/page"}],"author":[{"embeddable":true,"href":"https:\/\/istressportsbadminton.com\/index.php?rest_route=\/wp\/v2\/users\/3"}],"replies":[{"embeddable":true,"href":"https:\/\/istressportsbadminton.com\/index.php?rest_route=%2Fwp%2Fv2%2Fcomments&post=2328"}],"version-history":[{"count":3,"href":"https:\/\/istressportsbadminton.com\/index.php?rest_route=\/wp\/v2\/pages\/2328\/revisions"}],"predecessor-version":[{"id":2336,"href":"https:\/\/istressportsbadminton.com\/index.php?rest_route=\/wp\/v2\/pages\/2328\/revisions\/2336"}],"wp:attachment":[{"href":"https:\/\/istressportsbadminton.com\/index.php?rest_route=%2Fwp%2Fv2%2Fmedia&parent=2328"}],"curies":[{"name":"wp","href":"https:\/\/api.w.org\/{rel}","templated":true}]}}