{"id":2349,"date":"2016-12-31T16:25:02","date_gmt":"2016-12-31T15:25:02","guid":{"rendered":"http:\/\/istressportsbadminton.com\/?page_id=2349"},"modified":"2016-12-31T16:25:02","modified_gmt":"2016-12-31T15:25:02","slug":"challenge-surprise-de-noel-2016","status":"publish","type":"page","link":"https:\/\/istressportsbadminton.com\/?page_id=2349","title":{"rendered":"Challenge Surprise de No\u00ebl 2016"},"content":{"rendered":"<p>Bonjour \u00e0 tous,<\/p>\n<p>Vous \u00e9tiez\u00a0encore une fois tr\u00e8s nombreux en ce mercredi 22 d\u00e9cembre a avoir\u00a0r\u00e9pondu \u00e0 l&rsquo;appel de la Team Eventz pour cette soir\u00e9e de No\u00ebl qui s&rsquo;est r\u00e9v\u00e9l\u00e9 hautement sympathique. Nous vous remercions tous, jeunes, loisirs, comp\u00e9titeurs, et les familles pour votre pr\u00e9sence et votre participation hautement appr\u00e9ci\u00e9e au d\u00e9licieux buffet. De la musique, des jeux et des d\u00e9guisements tous plus d\u00e9lirants les uns que les autres : des papas et des mamans-No\u00ebl\u00a0aux Sapins venus avec boules et guirlandes, un spiderman, un Buzz l&rsquo;Eclair, un flamand rose ( \ud83d\ude2f ), un ange, miss Papillote et Nougat, etc etc&#8230; On a m\u00eame retrouv\u00e9 Charlie, venue avec sa Charline! \u00a0\ud83d\ude00 .<\/p>\n<p>La Team Eventz et l&rsquo;ensemble des dirigeants du club tenaient encore une fois \u00e0 tous vous remercier, du plus jeune des minibads aux plus anciens des licenci\u00e9s, du loisir au comp\u00e9titeur le plus acharn\u00e9, pour votre bonne humeur au quotidien qui contribuent \u00e0 faire d&rsquo;ISB un peu plus qu&rsquo;un simple club de sport, mais une vrai famille!<\/p>\n<p>Nous vous souhaitons \u00e0 toutes et tous d&rsquo;excellentes f\u00eates de fin d&rsquo;ann\u00e9e, et que 2017 soit pleine de joies. Et \u00e0 la Team Eventz, on est par\u00e9 !!<\/p>\n<p>Vive ISB!!<\/p>\n<p>Retrouvez l&rsquo;ensemble des photos de la soir\u00e9e sur ce lien -&gt;\u00a0<strong><span style=\"color: #3366ff;\"><a style=\"color: #3366ff;\" href=\"https:\/\/goo.gl\/photos\/MTqZFCWuAGwdNdHE6\" target=\"_blank\">https:\/\/goo.gl\/photos\/MTqZFCWuAGwdNdHE6<\/a><\/span><\/strong><\/p>\n<figure id=\"attachment_2341\" aria-describedby=\"caption-attachment-2341\" style=\"width: 654px\" class=\"wp-caption aligncenter\"><a href=\"http:\/\/istressportsbadminton.com\/wp-content\/uploads\/2016\/12\/DSCF1527.jpg\"><img loading=\"lazy\" class=\"wp-image-2341 size-large\" src=\"http:\/\/istressportsbadminton.com\/wp-content\/uploads\/2016\/12\/DSCF1527-1024x768.jpg\" alt=\"DSCF1527\" width=\"654\" height=\"491\" srcset=\"https:\/\/istressportsbadminton.com\/wp-content\/uploads\/2016\/12\/DSCF1527-1024x768.jpg 1024w, https:\/\/istressportsbadminton.com\/wp-content\/uploads\/2016\/12\/DSCF1527-150x113.jpg 150w, https:\/\/istressportsbadminton.com\/wp-content\/uploads\/2016\/12\/DSCF1527-300x225.jpg 300w, https:\/\/istressportsbadminton.com\/wp-content\/uploads\/2016\/12\/DSCF1527-1x1.jpg 1w, https:\/\/istressportsbadminton.com\/wp-content\/uploads\/2016\/12\/DSCF1527.jpg 2048w\" sizes=\"(max-width: 654px) 85vw, 654px\" \/><\/a><figcaption id=\"caption-attachment-2341\" class=\"wp-caption-text\">Une belle photo de famille<\/figcaption><\/figure>\n","protected":false},"excerpt":{"rendered":"<p>Bonjour \u00e0 tous, Vous \u00e9tiez\u00a0encore une fois tr\u00e8s nombreux en ce mercredi 22 d\u00e9cembre a avoir\u00a0r\u00e9pondu \u00e0 l&rsquo;appel de la Team Eventz pour cette soir\u00e9e de No\u00ebl qui s&rsquo;est r\u00e9v\u00e9l\u00e9 hautement sympathique. Nous vous remercions tous, jeunes, loisirs, comp\u00e9titeurs, et les familles pour votre pr\u00e9sence et votre participation hautement appr\u00e9ci\u00e9e au d\u00e9licieux buffet. De la &hellip; <a href=\"https:\/\/istressportsbadminton.com\/?page_id=2349\" class=\"more-link\">Continuer la lecture<span class=\"screen-reader-text\"> de &laquo;&nbsp;Challenge Surprise de No\u00ebl 2016&nbsp;&raquo;<\/span><\/a><\/p>\n","protected":false},"author":3,"featured_media":0,"parent":0,"menu_order":0,"comment_status":"closed","ping_status":"closed","template":"","meta":{"sfsi_plus_gutenberg_text_before_share":"","sfsi_plus_gutenberg_show_text_before_share":"","sfsi_plus_gutenberg_icon_type":"","sfsi_plus_gutenberg_icon_alignemt":"","sfsi_plus_gutenburg_max_per_row":""},"_links":{"self":[{"href":"https:\/\/istressportsbadminton.com\/index.php?rest_route=\/wp\/v2\/pages\/2349"}],"collection":[{"href":"https:\/\/istressportsbadminton.com\/index.php?rest_route=\/wp\/v2\/pages"}],"about":[{"href":"https:\/\/istressportsbadminton.com\/index.php?rest_route=\/wp\/v2\/types\/page"}],"author":[{"embeddable":true,"href":"https:\/\/istressportsbadminton.com\/index.php?rest_route=\/wp\/v2\/users\/3"}],"replies":[{"embeddable":true,"href":"https:\/\/istressportsbadminton.com\/index.php?rest_route=%2Fwp%2Fv2%2Fcomments&post=2349"}],"version-history":[{"count":1,"href":"https:\/\/istressportsbadminton.com\/index.php?rest_route=\/wp\/v2\/pages\/2349\/revisions"}],"predecessor-version":[{"id":2350,"href":"https:\/\/istressportsbadminton.com\/index.php?rest_route=\/wp\/v2\/pages\/2349\/revisions\/2350"}],"wp:attachment":[{"href":"https:\/\/istressportsbadminton.com\/index.php?rest_route=%2Fwp%2Fv2%2Fmedia&parent=2349"}],"curies":[{"name":"wp","href":"https:\/\/api.w.org\/{rel}","templated":true}]}}