{"id":2362,"date":"2017-01-11T12:43:26","date_gmt":"2017-01-11T11:43:26","guid":{"rendered":"http:\/\/istressportsbadminton.com\/?page_id=2362"},"modified":"2017-01-11T12:43:26","modified_gmt":"2017-01-11T11:43:26","slug":"compte-rendu-j3-5","status":"publish","type":"page","link":"https:\/\/istressportsbadminton.com\/?page_id=2362","title":{"rendered":"Compte Rendu J3"},"content":{"rendered":"<p>Salut \u00e0 tous!<\/p>\n<p>Ce mardi 13 d\u00e9cembre l&rsquo;\u00e9quipe 3 d&rsquo;Istres Sports Badminton du capitaine Thibaud accueillait le club de Simiane pour le compte de la 3e journ\u00e9e de D3. D\u00e9fait 4-3 face au leader aixois lors de la journ\u00e9e pr\u00e9c\u00e9dente, Istres se devait de rapidement r\u00e9agir face \u00e0 une formation pr\u00e9sentant le m\u00eame bilan qu&rsquo;elle au bout de 2 journ\u00e9es (1v 1d).<\/p>\n<p>Priv\u00e9 de Greg et de Nico, Thibaud alignait la compo suivante: SH1 St\u00e9phane, SH2 Thibaud, SH3 Dorian, SD R\u00e9gine, DH Thibaud\/Franck, DD R\u00e9gine\/Annie, Mx Lucie\/Dorian.<\/p>\n<p>Comme de coutume d\u00e9sormais, c&rsquo;est R\u00e9gine et St\u00e9phane qui ouvrent le bal. Oppos\u00e9e \u00e0 une \u00e9tonnante Laurie Lichiere (NC), vainqueur (apr\u00e8s avoir \u00e9limin\u00e9 Am\u00e9lie en 1\/2!) quelques jours plus t\u00f4t du tournoi de Ventabren dont elle a elle m\u00eame \u00e9tait 1\/2 finaliste, R\u00e9gine avait fort \u00e0 faire. Et malgr\u00e9 un premier set tr\u00e8s accroch\u00e9 perdue 21-19, notre istr\u00e9enne va finalement s&rsquo;incliner en 2 sets (21-16 au 2e). Heureusement que sur le terrain d&rsquo;\u00e0 cot\u00e9 St\u00e9phane va avoir moins de mal \u00e0 se d\u00e9barrasser de son adversaire pour une victoire maitris\u00e9 21-14 21-14. Le 3e match de la premi\u00e8re rotation voyait notre double homme vedette, pourtant bien mieux class\u00e9 que leurs adversaires, mettre un set \u00e0 rentrer dans son match (perdu 21-18) avant de d\u00e9rouler tranquillement dans les deux suivants 21-13 21-14. 2-1 pour ISB donc apr\u00e8s 3 matchs. Malgr\u00e9 une gastro tenace, Dorian, une nouvelle fois contraint de jouer en simple 3, va facilement venir \u00e0 bout de Pascal Boye pour une victoire 21-12 21-14. Moins de r\u00e9ussite pour notre double dame face \u00e0 la paire Legoanvic\/Legrand mieux class\u00e9 qu&rsquo;elles. Annie et R\u00e9gine vont s&rsquo;incliner 21-16 21-17 non sans opposer une belle r\u00e9sistance. 3-2! Et Thibaud, en bon capitaine, va tuer dans l\u2019\u0153uf tout suspense en atomisant litt\u00e9ralement le sympathique C\u00e9dric Brand sur le score de 21-6 21-2. 4-2 pour ISB avant le dernier mixte qui se jouera pour du beurre. Et heureusement pour les istr\u00e9ens! Puis qu\u2019apr\u00e8s un premier set globalement bien maitris\u00e9 par Lucie et Dorian (21-15), les probl\u00e8mes gastriques de ce dernier vont finir par le rattraper et transformer cette fin de match en v\u00e9ritable supplice&#8230; Et c&rsquo;est le visage bl\u00eame et apr\u00e8s un litre de Coca ingurgit\u00e9, que notre mixte va finir par rendre les armes 21-13 21-17 non sans avoir lutter jusqu&rsquo;au bout! Quel courage!<\/p>\n<p>Victoire finale 4-3 pour ISB qui grimpe \u00e0 la 2e place du classement derri\u00e8re les intouchables aixois encore vainqueurs lors de cette journ\u00e9e.<\/p>\n<p>Prochain rendez vous pour la D3, une nouvelle fois \u00e0 Donadieu, le mardi 10 janvier 2017 pour la r\u00e9ception de Ventabren, 5e et avant dernier du classement.<\/p>\n<p>Bravo \u00e0 tous les joueurs!<\/p>\n<p>Allez ISB \ud83d\ude09<\/p>\n","protected":false},"excerpt":{"rendered":"<p>Salut \u00e0 tous! Ce mardi 13 d\u00e9cembre l&rsquo;\u00e9quipe 3 d&rsquo;Istres Sports Badminton du capitaine Thibaud accueillait le club de Simiane pour le compte de la 3e journ\u00e9e de D3. D\u00e9fait 4-3 face au leader aixois lors de la journ\u00e9e pr\u00e9c\u00e9dente, Istres se devait de rapidement r\u00e9agir face \u00e0 une formation pr\u00e9sentant le m\u00eame bilan qu&rsquo;elle &hellip; <a href=\"https:\/\/istressportsbadminton.com\/?page_id=2362\" class=\"more-link\">Continuer la lecture<span class=\"screen-reader-text\"> de &laquo;&nbsp;Compte Rendu J3&nbsp;&raquo;<\/span><\/a><\/p>\n","protected":false},"author":3,"featured_media":0,"parent":0,"menu_order":0,"comment_status":"closed","ping_status":"closed","template":"","meta":{"sfsi_plus_gutenberg_text_before_share":"","sfsi_plus_gutenberg_show_text_before_share":"","sfsi_plus_gutenberg_icon_type":"","sfsi_plus_gutenberg_icon_alignemt":"","sfsi_plus_gutenburg_max_per_row":""},"_links":{"self":[{"href":"https:\/\/istressportsbadminton.com\/index.php?rest_route=\/wp\/v2\/pages\/2362"}],"collection":[{"href":"https:\/\/istressportsbadminton.com\/index.php?rest_route=\/wp\/v2\/pages"}],"about":[{"href":"https:\/\/istressportsbadminton.com\/index.php?rest_route=\/wp\/v2\/types\/page"}],"author":[{"embeddable":true,"href":"https:\/\/istressportsbadminton.com\/index.php?rest_route=\/wp\/v2\/users\/3"}],"replies":[{"embeddable":true,"href":"https:\/\/istressportsbadminton.com\/index.php?rest_route=%2Fwp%2Fv2%2Fcomments&post=2362"}],"version-history":[{"count":1,"href":"https:\/\/istressportsbadminton.com\/index.php?rest_route=\/wp\/v2\/pages\/2362\/revisions"}],"predecessor-version":[{"id":2363,"href":"https:\/\/istressportsbadminton.com\/index.php?rest_route=\/wp\/v2\/pages\/2362\/revisions\/2363"}],"wp:attachment":[{"href":"https:\/\/istressportsbadminton.com\/index.php?rest_route=%2Fwp%2Fv2%2Fmedia&parent=2362"}],"curies":[{"name":"wp","href":"https:\/\/api.w.org\/{rel}","templated":true}]}}