{"id":2377,"date":"2017-01-18T15:39:52","date_gmt":"2017-01-18T14:39:52","guid":{"rendered":"http:\/\/istressportsbadminton.com\/?page_id=2377"},"modified":"2017-01-18T15:39:52","modified_gmt":"2017-01-18T14:39:52","slug":"tournoi-de-double-kimbad-ollioules","status":"publish","type":"page","link":"https:\/\/istressportsbadminton.com\/?page_id=2377","title":{"rendered":"Tournoi de Double Kimbad (Ollioules)"},"content":{"rendered":"<p>Pour le premier tournoi de l&rsquo;ann\u00e9e 2017, c\u2019\u00e9tait un d\u00e9placement dans la jolie ville d&rsquo;Ollioules\u00a0qu&rsquo;ont effectu\u00e9 3 istr\u00e9ens pour participer au 2 \u00e8me tournoi de Doubles du Kimbad le weekend du 7 et 8 janvier.<\/p>\n<p>En<strong> Double Homme<\/strong> le samedi, <strong>Maxence<\/strong> \u00e9tait engag\u00e9 en <strong>R4\/R5<\/strong> avec Damien Ravoux ( P\u00e9lissanne), un Max qui se pr\u00e9sentait avec un \u00e9tat de forme que nous qualifierons de &#8230; pr\u00e9caire, \u00a0la raison restant obscure, mais il se murmurerait dans les milieux autoris\u00e9s qu&rsquo;une partie de poker entre Istripotes la veille au soir en serait la cause&#8230; Simple rumeur? Ragots? Le doute est permis, mais bien sur, cela ne nous regarde pas&#8230;<a href=\"http:\/\/istressportsbadminton.com\/wp-content\/uploads\/2017\/01\/hqdefault.jpg\"><img loading=\"lazy\" class=\"aligncenter wp-image-2378 size-medium\" src=\"http:\/\/istressportsbadminton.com\/wp-content\/uploads\/2017\/01\/hqdefault-300x225.jpg\" alt=\"hqdefault\" width=\"300\" height=\"225\" srcset=\"https:\/\/istressportsbadminton.com\/wp-content\/uploads\/2017\/01\/hqdefault-300x225.jpg 300w, https:\/\/istressportsbadminton.com\/wp-content\/uploads\/2017\/01\/hqdefault-150x113.jpg 150w, https:\/\/istressportsbadminton.com\/wp-content\/uploads\/2017\/01\/hqdefault-1x1.jpg 1w, https:\/\/istressportsbadminton.com\/wp-content\/uploads\/2017\/01\/hqdefault.jpg 480w\" sizes=\"(max-width: 300px) 85vw, 300px\" \/><\/a><\/p>\n<p>Quoi qu&rsquo;il en soit, le bilan sera sans appel, 3 d\u00e9faites dont une 30-28 au 3\u00e8me set&#8230; Quand \u00e7a veut pas!!<\/p>\n<p>Le lendemain, c&rsquo;\u00e9tait place aux <strong>mixte<\/strong>, avec 3 istr\u00e9ens dans le m\u00eame <strong>tableau R4\/R5<\/strong>. <strong>Agn\u00e8s<\/strong> associ\u00e9e \u00e0 Rapha\u00ebl Vannunen (Airbus) vont sortir de leur poule avec 1 victoire et 1 d\u00e9faite, mais <strong>chutent en 1\/8\u00e8me<\/strong> de finale contre&#8230; son JP d&rsquo;amour&#8230;<br \/>\nUn <strong>JP<\/strong> en \u00e9quipe avec Manon Moyroud (Vitrolles) qui auparavant \u00e9taient sortis sans trembler du premier tour en remportant leurs 2 matchs. Suite a leur victoire contre Agn\u00e8s et Rapha\u00ebl au terme d&rsquo;un match accroch\u00e9 21-18\/ 26-24, JP et Manon vont malheureusement chuter au tour suivant en <strong>quart\u00a0de finale<\/strong> contre la jeune Marine Gassion (Gar\u00e9oult) et Jean-Michel Ghio (Draguignan).<br \/>\nEnfin, <strong>Maxence<\/strong> \u00e9tait engag\u00e9 avec Alice R\u00e9gent ( Gar\u00e9oult). Et cette fois-ci, la nuit pr\u00e9c\u00e9dente semble avoir \u00e9t\u00e9 plus compl\u00e8te au vu des performances sur le terrain.\u00a0Max et Alice remportent tranquillement leur poule avec 2 victoires solides, puis leur 1\/8\u00e8me de finale contre les P\u00e9lissannais M\u00e9lanie DaRold\/Damien Ravoux. Ils vont finalement chuter eux aussi en<strong> quart de finale<\/strong> contre les\u00a0futurs vainqueurs, les ni\u00e7ois Bao Le Thanh Nhat\/ Gil Fabre.<\/p>\n<p>&nbsp;<\/p>\n","protected":false},"excerpt":{"rendered":"<p>Pour le premier tournoi de l&rsquo;ann\u00e9e 2017, c\u2019\u00e9tait un d\u00e9placement dans la jolie ville d&rsquo;Ollioules\u00a0qu&rsquo;ont effectu\u00e9 3 istr\u00e9ens pour participer au 2 \u00e8me tournoi de Doubles du Kimbad le weekend du 7 et 8 janvier. En Double Homme le samedi, Maxence \u00e9tait engag\u00e9 en R4\/R5 avec Damien Ravoux ( P\u00e9lissanne), un Max qui se pr\u00e9sentait &hellip; <a href=\"https:\/\/istressportsbadminton.com\/?page_id=2377\" class=\"more-link\">Continuer la lecture<span class=\"screen-reader-text\"> de &laquo;&nbsp;Tournoi de Double Kimbad (Ollioules)&nbsp;&raquo;<\/span><\/a><\/p>\n","protected":false},"author":3,"featured_media":0,"parent":0,"menu_order":0,"comment_status":"closed","ping_status":"closed","template":"","meta":{"sfsi_plus_gutenberg_text_before_share":"","sfsi_plus_gutenberg_show_text_before_share":"","sfsi_plus_gutenberg_icon_type":"","sfsi_plus_gutenberg_icon_alignemt":"","sfsi_plus_gutenburg_max_per_row":""},"_links":{"self":[{"href":"https:\/\/istressportsbadminton.com\/index.php?rest_route=\/wp\/v2\/pages\/2377"}],"collection":[{"href":"https:\/\/istressportsbadminton.com\/index.php?rest_route=\/wp\/v2\/pages"}],"about":[{"href":"https:\/\/istressportsbadminton.com\/index.php?rest_route=\/wp\/v2\/types\/page"}],"author":[{"embeddable":true,"href":"https:\/\/istressportsbadminton.com\/index.php?rest_route=\/wp\/v2\/users\/3"}],"replies":[{"embeddable":true,"href":"https:\/\/istressportsbadminton.com\/index.php?rest_route=%2Fwp%2Fv2%2Fcomments&post=2377"}],"version-history":[{"count":4,"href":"https:\/\/istressportsbadminton.com\/index.php?rest_route=\/wp\/v2\/pages\/2377\/revisions"}],"predecessor-version":[{"id":2382,"href":"https:\/\/istressportsbadminton.com\/index.php?rest_route=\/wp\/v2\/pages\/2377\/revisions\/2382"}],"wp:attachment":[{"href":"https:\/\/istressportsbadminton.com\/index.php?rest_route=%2Fwp%2Fv2%2Fmedia&parent=2377"}],"curies":[{"name":"wp","href":"https:\/\/api.w.org\/{rel}","templated":true}]}}