{"id":2393,"date":"2017-01-23T15:47:57","date_gmt":"2017-01-23T14:47:57","guid":{"rendered":"http:\/\/istressportsbadminton.com\/?page_id=2393"},"modified":"2017-01-23T15:47:57","modified_gmt":"2017-01-23T14:47:57","slug":"trj-4-apt","status":"publish","type":"page","link":"https:\/\/istressportsbadminton.com\/?page_id=2393","title":{"rendered":"TRJ 4 Apt"},"content":{"rendered":"<p>Avant de se rendre le weekend suivant \u00e0 Bourges pour le grand rendez-vous de son premier Troph\u00e9e National Jeune , notre petit Swann allait se frotter\u00a0une ultime fois a l&rsquo;\u00e9lite r\u00e9gionale lors de la 4\u00e8me \u00e9tape des Troph\u00e9es R\u00e9gionaux Jeunes qui se tenaient \u00e0 Apt les 7 et 8 janvier 2017. Avec une petite subtilit\u00e9, puisqu&rsquo;il b\u00e9n\u00e9ficiait d&rsquo;un surclassement en simple, en participant\u00a0en cat\u00e9gorie Benjamin, soit avec des petits 2 ans plus \u00e2g\u00e9s que lui !<\/p>\n<p><a href=\"http:\/\/istressportsbadminton.com\/wp-content\/uploads\/2017\/01\/Swan-TRJ4.jpg\"><img loading=\"lazy\" class=\"alignright wp-image-2394 size-medium\" src=\"http:\/\/istressportsbadminton.com\/wp-content\/uploads\/2017\/01\/Swan-TRJ4-225x300.jpg\" alt=\"Swan TRJ4\" width=\"225\" height=\"300\" srcset=\"https:\/\/istressportsbadminton.com\/wp-content\/uploads\/2017\/01\/Swan-TRJ4-225x300.jpg 225w, https:\/\/istressportsbadminton.com\/wp-content\/uploads\/2017\/01\/Swan-TRJ4-113x150.jpg 113w, https:\/\/istressportsbadminton.com\/wp-content\/uploads\/2017\/01\/Swan-TRJ4-768x1024.jpg 768w, https:\/\/istressportsbadminton.com\/wp-content\/uploads\/2017\/01\/Swan-TRJ4-1x1.jpg 1w, https:\/\/istressportsbadminton.com\/wp-content\/uploads\/2017\/01\/Swan-TRJ4.jpg 1536w\" sizes=\"(max-width: 225px) 85vw, 225px\" \/><\/a>Le samedi, avec son partenaire habituel Tim\u00e9o Lacour (Briancon), et comme <span style=\"color: #3366ff;\"><strong><a style=\"color: #3366ff;\" href=\"http:\/\/istressportsbadminton.com\/?page_id=2299\" target=\"_blank\">au TIJ de Clermont<\/a><\/strong><\/span>, ils ne vont faire aucun d\u00e9tail en double Poussin TopA, 3 victoires sans conc\u00e9der plus de 10 points par set, et un nouveau troph\u00e9e pour Swanny, son 7\u00e8me personnel, et le 13\u00e8me pour le club\u00a0<a href=\"http:\/\/istressportsbadminton.com\/wp-content\/uploads\/2016\/04\/emoji_u1f3c6.png\"><img loading=\"lazy\" class=\"alignnone size-full wp-image-1322\" src=\"http:\/\/istressportsbadminton.com\/wp-content\/uploads\/2016\/04\/emoji_u1f3c6.png\" alt=\"Victoire\" width=\"25\" height=\"25\" srcset=\"https:\/\/istressportsbadminton.com\/wp-content\/uploads\/2016\/04\/emoji_u1f3c6.png 25w, https:\/\/istressportsbadminton.com\/wp-content\/uploads\/2016\/04\/emoji_u1f3c6-1x1.png 1w\" sizes=\"(max-width: 25px) 85vw, 25px\" \/><\/a><\/p>\n<p>&nbsp;<\/p>\n<p>Le lendemain, c&rsquo;\u00e9tait une toute autre paire de manche qui l&rsquo;attendait en simple avec ce surclassement de cat\u00e9gorie, Benjamin Top A.<br \/>\nLe premier match est difficile, commenc\u00e9 sans \u00e9chauffement, et Swann s&rsquo;incline 21-19\/ 21-16 au terme d&rsquo;une rencontre tendue n\u00e9cessitant l&rsquo;intervention du JA. \u00a0Mais cette d\u00e9faite inaugurale mouvement\u00e9 va donner les crocs a notre Istr\u00e9en, et plein d&rsquo;envie et de combativit\u00e9, il remporte son second match, et sort premier de sa poule! En quart de finale, il retrouve un petit copain de la s\u00e9lection PACA, Ga\u00ebtan Rippert (Veynes), pour un match hyper accroch\u00e9, dont notre jeune pousse va finalement sortir vainqueur 21-17 et 27-25 !! Qualifi\u00e9 en Demi-finale (objectif fix\u00e9 par son entra\u00eeneur), il va cette fois-ci tomber sur un roc, et malgr\u00e9 une bonne dose de courage et d&rsquo;abn\u00e9gation, la belle aventure de Swann s\u2019arr\u00eate aux portes de la finale, d\u00e9faite 21-08\/ 21-16.<\/p>\n<p>Au terme de ce beau weekend conclu par un nouveau troph\u00e9e et une belle demi-finale, nul doute que Swann est bel et bien pr\u00eat \u00e0 partir \u00e0 Bourges pour affronter l&rsquo;\u00e9lite nationale et repr\u00e9senter fi\u00e8rement ISB!<\/p>\n","protected":false},"excerpt":{"rendered":"<p>Avant de se rendre le weekend suivant \u00e0 Bourges pour le grand rendez-vous de son premier Troph\u00e9e National Jeune , notre petit Swann allait se frotter\u00a0une ultime fois a l&rsquo;\u00e9lite r\u00e9gionale lors de la 4\u00e8me \u00e9tape des Troph\u00e9es R\u00e9gionaux Jeunes qui se tenaient \u00e0 Apt les 7 et 8 janvier 2017. Avec une petite subtilit\u00e9, &hellip; <a href=\"https:\/\/istressportsbadminton.com\/?page_id=2393\" class=\"more-link\">Continuer la lecture<span class=\"screen-reader-text\"> de &laquo;&nbsp;TRJ 4 Apt&nbsp;&raquo;<\/span><\/a><\/p>\n","protected":false},"author":3,"featured_media":0,"parent":0,"menu_order":0,"comment_status":"closed","ping_status":"closed","template":"","meta":{"sfsi_plus_gutenberg_text_before_share":"","sfsi_plus_gutenberg_show_text_before_share":"","sfsi_plus_gutenberg_icon_type":"","sfsi_plus_gutenberg_icon_alignemt":"","sfsi_plus_gutenburg_max_per_row":""},"_links":{"self":[{"href":"https:\/\/istressportsbadminton.com\/index.php?rest_route=\/wp\/v2\/pages\/2393"}],"collection":[{"href":"https:\/\/istressportsbadminton.com\/index.php?rest_route=\/wp\/v2\/pages"}],"about":[{"href":"https:\/\/istressportsbadminton.com\/index.php?rest_route=\/wp\/v2\/types\/page"}],"author":[{"embeddable":true,"href":"https:\/\/istressportsbadminton.com\/index.php?rest_route=\/wp\/v2\/users\/3"}],"replies":[{"embeddable":true,"href":"https:\/\/istressportsbadminton.com\/index.php?rest_route=%2Fwp%2Fv2%2Fcomments&post=2393"}],"version-history":[{"count":4,"href":"https:\/\/istressportsbadminton.com\/index.php?rest_route=\/wp\/v2\/pages\/2393\/revisions"}],"predecessor-version":[{"id":2398,"href":"https:\/\/istressportsbadminton.com\/index.php?rest_route=\/wp\/v2\/pages\/2393\/revisions\/2398"}],"wp:attachment":[{"href":"https:\/\/istressportsbadminton.com\/index.php?rest_route=%2Fwp%2Fv2%2Fmedia&parent=2393"}],"curies":[{"name":"wp","href":"https:\/\/api.w.org\/{rel}","templated":true}]}}