{"id":2400,"date":"2017-02-04T19:10:15","date_gmt":"2017-02-04T18:10:15","guid":{"rendered":"http:\/\/istressportsbadminton.com\/?page_id=2400"},"modified":"2017-02-04T19:10:15","modified_gmt":"2017-02-04T18:10:15","slug":"les-plumes-de-la-crau-st-martin","status":"publish","type":"page","link":"https:\/\/istressportsbadminton.com\/?page_id=2400","title":{"rendered":"Les Plumes de la Crau (St Martin)"},"content":{"rendered":"<p>St Martin de Crau accueillait les 14 et 15 janvier 2017 son \u00e9dition annuelle des Plumes de la Crau, et c\u2019\u00e9tait un v\u00e9ritable r\u00e9giment Istr\u00e9en qui avait fait le d\u00e9placement avec pas moins de 16 joueuses et joueurs. Et\u00a0des premiers pas en tournoi pour <strong>Laurent T<\/strong>,<strong> St\u00e9phanie<\/strong>,<strong> Claire<\/strong> et <strong>Taline<\/strong>. Voyons ce que tout cela a donn\u00e9.<\/p>\n<figure id=\"attachment_2424\" aria-describedby=\"caption-attachment-2424\" style=\"width: 195px\" class=\"wp-caption alignright\"><a href=\"http:\/\/istressportsbadminton.com\/wp-content\/uploads\/2017\/02\/IMG_20170114_142619.jpg\"><img loading=\"lazy\" class=\"wp-image-2424 size-full\" src=\"http:\/\/istressportsbadminton.com\/wp-content\/uploads\/2017\/02\/IMG_20170114_142619.jpg\" alt=\"IMG_20170114_142619\" width=\"195\" height=\"260\" srcset=\"https:\/\/istressportsbadminton.com\/wp-content\/uploads\/2017\/02\/IMG_20170114_142619.jpg 195w, https:\/\/istressportsbadminton.com\/wp-content\/uploads\/2017\/02\/IMG_20170114_142619-113x150.jpg 113w, https:\/\/istressportsbadminton.com\/wp-content\/uploads\/2017\/02\/IMG_20170114_142619-1x1.jpg 1w\" sizes=\"(max-width: 195px) 85vw, 195px\" \/><\/a><figcaption id=\"caption-attachment-2424\" class=\"wp-caption-text\">Valentin, avec Adrien, \u00e9chouent en demi-finale.<\/figcaption><\/figure>\n<h3><span style=\"color: #993366;\"><strong>Double Homme<\/strong><\/span><\/h3>\n<p>En<strong> S\u00e9rie\u00a0P<\/strong>, <strong>Laurent<\/strong> (P11), pour ses d\u00e9buts, \u00e9tait associ\u00e9 \u00e0\u00a0<strong>David<\/strong> (P10). Le bilan va \u00eatre frustrant pour les 2 hommes, 3 matchs accroch\u00e9s, perdu \u00e0\u00a0chaque fois en 3 sets, pour une \u00e9limination d\u00e8s les poules. Dommage!<\/p>\n<p>Dans ce m\u00eame tableau P, une autre paire se pr\u00e9sentait avec des ambitions forc\u00e9ment bien plus \u00e9lev\u00e9es. <strong>Valentin<\/strong> (P10) avec son coll\u00e8gue de Pierrelate Adrien Debono (P10), vont finalement \u00e9chouer, apr\u00e8s 5 belles victoires, en demi-finale au terme d&rsquo;un match au suspense insoutenable,\u00a028-26 \/ 16-21 \/ 22-20 !! Leur premi\u00e8re finale ensemble n&rsquo;\u00e9tait pas loin du tout.<\/p>\n<p>En <strong>S\u00e9rie D8\/D9, Jonathan <\/strong>(D9) et son partenaire habituel Florian Vanhallewyn (Dignes, D7) vont \u00e9galement r\u00e9aliser un tr\u00e9s beau parcours, qui les voit seulement s&rsquo;incliner en finale 21-13 \/ 17-21 \/ 21-11 contre Baptiste Nadeau\/Thomas Collet (Aigues Vives, D8), apr\u00e8s 4 matchs gagn\u00e9s.<\/p>\n<p>En <strong>R6\/D7<\/strong>, <strong>Nicolas<\/strong> (D7) faisait \u00e9quipe avec le local Marc Oliber (D7). Les 2 hommes atteignent les <strong>1\/4 de finale<\/strong>, sur un bilan total de 3 V et 2 D.<\/p>\n<p>En <strong>R4\/R5<\/strong>, notre <strong>Bobby<\/strong>\u00a0national,\u00a0R4, au choix, se retrouvait associ\u00e9 \u00e0 l&rsquo;Aixois Alexandre Marin (R5) pour une journ\u00e9e qui sera a oublier, 2 d\u00e9faites en autant de matchs, et une \u00e9limination pr\u00e9matur\u00e9e.<\/p>\n<p>Dans ce m\u00eame tableau R4\/R5, association in\u00e9dite entre <strong>Dorian<\/strong> (R6) et <strong>Eric<\/strong> (R5) qui se conclue \u00e9galement par 2 d\u00e9faites et l&rsquo;<strong>\u00e9limination d\u00e8s les poules<\/strong>, mais au termes de 2 matchs ultra-accroch\u00e9s :\u00a021-19 \/ 20-22 \/ 21-19 contre Ravoux\/Boiron, et\u00a021-13 \/ 19-21 \/ 22-20 face \u00e0 Massa\/Desmaretz!! Ils ne passent vraiment pas loin de la qualif, dommage!!<\/p>\n<h3><span style=\"color: #993366;\"><strong>Doubles Mixtes<\/strong><\/span><\/h3>\n<figure id=\"attachment_2429\" aria-describedby=\"caption-attachment-2429\" style=\"width: 300px\" class=\"wp-caption aligncenter\"><a href=\"http:\/\/istressportsbadminton.com\/wp-content\/uploads\/2017\/02\/photo-5.jpg\"><img loading=\"lazy\" class=\"wp-image-2429 size-medium\" src=\"http:\/\/istressportsbadminton.com\/wp-content\/uploads\/2017\/02\/photo-5-300x225.jpg\" alt=\"photo (5)\" width=\"300\" height=\"225\" srcset=\"https:\/\/istressportsbadminton.com\/wp-content\/uploads\/2017\/02\/photo-5-300x225.jpg 300w, https:\/\/istressportsbadminton.com\/wp-content\/uploads\/2017\/02\/photo-5-150x113.jpg 150w, https:\/\/istressportsbadminton.com\/wp-content\/uploads\/2017\/02\/photo-5-1024x768.jpg 1024w, https:\/\/istressportsbadminton.com\/wp-content\/uploads\/2017\/02\/photo-5-1x1.jpg 1w, https:\/\/istressportsbadminton.com\/wp-content\/uploads\/2017\/02\/photo-5.jpg 1280w\" sizes=\"(max-width: 300px) 85vw, 300px\" \/><\/a><figcaption id=\"caption-attachment-2429\" class=\"wp-caption-text\">Une grande partie de la joyeuse bande Istr\u00e9enne de Mixtes \u00e0 St Martin \ud83d\ude42<\/figcaption><\/figure>\n<p>En<strong> s\u00e9rie\u00a0P<\/strong> tout d&rsquo;abord, c&rsquo;\u00e9tait la journ\u00e9e des grandes premi\u00e8res: premi\u00e8re en tournoi pour 3 filles: <strong>St\u00e9phanie<\/strong> associ\u00e9e \u00e0 <strong>David<\/strong>, <strong>Claire<\/strong> avec <strong>Alex D<\/strong> et enfin <strong>Taline<\/strong> avec <strong>Valentin<\/strong>, et premier tournoi de mixte pour <strong>David<\/strong> et <strong>Alex<\/strong>.<\/p>\n<p>Le parcours s\u2019arr\u00eate malheureusement d\u00e8s les poules pour <strong>St\u00e9phanie<\/strong> et <strong>David<\/strong> avec 2 d\u00e9faites sans d\u00e9m\u00e9riter. M\u00eame tarif pour <strong>Claire<\/strong> et <strong>Alex<\/strong>, malchanceux au tirage puisque les 2 \u00e9quipes de leur poule atteindront la finale!<\/p>\n<figure id=\"attachment_2430\" aria-describedby=\"caption-attachment-2430\" style=\"width: 300px\" class=\"wp-caption alignleft\"><a href=\"http:\/\/istressportsbadminton.com\/wp-content\/uploads\/2017\/02\/photo-6.jpg\"><img loading=\"lazy\" class=\"wp-image-2430 size-medium\" src=\"http:\/\/istressportsbadminton.com\/wp-content\/uploads\/2017\/02\/photo-6-300x225.jpg\" alt=\"photo (6)\" width=\"300\" height=\"225\" srcset=\"https:\/\/istressportsbadminton.com\/wp-content\/uploads\/2017\/02\/photo-6-300x225.jpg 300w, https:\/\/istressportsbadminton.com\/wp-content\/uploads\/2017\/02\/photo-6-150x113.jpg 150w, https:\/\/istressportsbadminton.com\/wp-content\/uploads\/2017\/02\/photo-6-1024x768.jpg 1024w, https:\/\/istressportsbadminton.com\/wp-content\/uploads\/2017\/02\/photo-6-1x1.jpg 1w, https:\/\/istressportsbadminton.com\/wp-content\/uploads\/2017\/02\/photo-6.jpg 1600w\" sizes=\"(max-width: 300px) 85vw, 300px\" \/><\/a><figcaption id=\"caption-attachment-2430\" class=\"wp-caption-text\">Taline et Valentin On Fire !!!<\/figcaption><\/figure>\n<p>Le vrai spectacle va venir de la derni\u00e8re paire, avec une <strong>Taline<\/strong> bluffante, et un <strong>Valentin<\/strong> tr\u00e8s solide pour son second tournoi de mixte. Dans une poule \u00e0 4, nos 2 istr\u00e9ens engrangent de la confiance d&rsquo;entr\u00e9e en d\u00e9marrant de la meilleur des fa\u00e7ons par 2 victoires. La qualif assur\u00e9e, la d\u00e9faite de justesse lors du 3\u00e8me match ne va pas entamer leur enthousiasme. Ils poursuivent alors sur le m\u00eame rythme, et apr\u00e8s un huiti\u00e8me de finale exp\u00e9di\u00e9, suivit d&rsquo;un\u00a0tr\u00e9s solide quart de finale contre une paire bien plus exp\u00e9riment\u00e9e, les voila qualifi\u00e9s pour une <strong>demi finale<\/strong> qui s&rsquo;annonce bouillante! Et bouillante, elle va l&rsquo;\u00eatre!<br \/>\nValentin et Taline d\u00e9marrent tr\u00e9s bien et remportent la premi\u00e8re manche 21-19. Ils connaissent ensuite un gros trou d&rsquo;air et conc\u00e8dent la seconde 21-10. Tout restait a faire dans le set d\u00e9cisif qui va donner son lot de suspense aux supporters pr\u00e9sents! \u00a0Au contact au d\u00e9but, Taline et Val conc\u00e8dent petit \u00e0 petit du retard et laissent leurs adversaires Nimois, d\u00e9j\u00e0 bourreaux de Claire et d&rsquo;Alex en poule, s&rsquo;approcher dangereusement de la victoire, jusqu&rsquo;\u00e0\u00a0mener 20-16 ! La belle histoire semblait devoir prendre fin. Mais c&rsquo;\u00e9tait sans compter sur leur sang froid de vieux briscards, \u00a0ils r\u00e9alisent la performance de sauver ces 4 volants de matchs et de recoller \u00e0 20 partout, tout \u00e9tait \u00e0 nouveau possible!! Mais malheureusement, l&rsquo;exp\u00e9rience plus grande de la paire n\u00eemoise va finalement parler, et mettre un\u00a0terme \u00e0\u00a0l&rsquo;aventure de\u00a0Taline et Valentin, d\u00e9faite\u00a019-21 \/ 21-10 \/ 22-20. Bravo !<\/p>\n<p>En <strong>s\u00e9rie D8<\/strong>, <strong>Nico<\/strong> (D9) faisait \u00e9quipe avec la nouvelle pr\u00e9sidente de la Ligue, Elodie Casanova (D8, Manosque). Ils vont tomber en quart de finale, apr\u00e8s 3 belles victoires.<\/p>\n<p>En <strong>R6\/D7<\/strong>, le club \u00e9tait bien repr\u00e9sent\u00e9 avec pas moins de 5 participants dans le tableau. <strong>Am\u00e9lie<\/strong> (D7) avec <strong>St\u00e9ph<\/strong> (D8), <strong>R\u00e9gine<\/strong> (D7) avec <strong>Dorian<\/strong> (D7) et enfin <strong>Bobby<\/strong> (R6), au choix et qui se retrouvait associ\u00e9 avec V\u00e9ronique Coulon (St Martin, D7).<br \/>\nLes 3 paires franchissent toutes la phase de poule, avec 2 victoires pour Dorian\/R\u00e9gine et plus difficilement avec 1V 1D pour Bobby\/V\u00e9ronique et Am\u00e9lie\/St\u00e9ph. Mais malheureusement \u00e7a s&rsquo;arrete en 1\/8\u00e8mes de finale\u00a0pour Bobby, \u00a0et pour\u00a0Am\u00e9lie\/St\u00e9ph au terme, pour ces derniers, d&rsquo;un match de haute vol\u00e9e perdu\u00a021-17 \/ 24-26 \/ 22-20 !! R\u00e9gine et Dorian passeront eux ce tour mais vont \u00e9chouer ensuite en quart de finale.<\/p>\n<p>Enfin, en<strong> s\u00e9rie R4\/R5<\/strong>, <strong>Quentin<\/strong> (R4) avec Perrine Ahuir (Vitrolles, R4), vainqueurs ensemble un an auparavant dans ce meme gymnase, se pr\u00e9sentaient en tant que t\u00eate de s\u00e9rie 2. Apr\u00e9s une phase de poule franchie sans soucis et 2 victoires solides, ils passent les quart puis les demi en 3 sets, pour se retrouver en\u00a0finale pour la d\u00e9fence de leur titre contre Salom\u00e9 Levallet et Thibaut Zypinoglou (R5, SMUC). Et \u00e0 l&rsquo;exp\u00e9rience, Quentin et Perrine vont solidement l&#8217;emporter\u00a021-15 \/ 21-13, et ajouter le 14\u00e8me titre de la saison pour ISB et conclure d&rsquo;une belle fa\u00e7on la journ\u00e9e Istr\u00e9enne. Bravo !\u00a0<a href=\"http:\/\/istressportsbadminton.com\/wp-content\/uploads\/2016\/04\/emoji_u1f3c6.png\"><img loading=\"lazy\" class=\"alignnone size-full wp-image-1322\" src=\"http:\/\/istressportsbadminton.com\/wp-content\/uploads\/2016\/04\/emoji_u1f3c6.png\" alt=\"Victoire\" width=\"25\" height=\"25\" srcset=\"https:\/\/istressportsbadminton.com\/wp-content\/uploads\/2016\/04\/emoji_u1f3c6.png 25w, https:\/\/istressportsbadminton.com\/wp-content\/uploads\/2016\/04\/emoji_u1f3c6-1x1.png 1w\" sizes=\"(max-width: 25px) 85vw, 25px\" \/><\/a><\/p>\n","protected":false},"excerpt":{"rendered":"<p>St Martin de Crau accueillait les 14 et 15 janvier 2017 son \u00e9dition annuelle des Plumes de la Crau, et c\u2019\u00e9tait un v\u00e9ritable r\u00e9giment Istr\u00e9en qui avait fait le d\u00e9placement avec pas moins de 16 joueuses et joueurs. Et\u00a0des premiers pas en tournoi pour Laurent T, St\u00e9phanie, Claire et Taline. Voyons ce que tout cela &hellip; <a href=\"https:\/\/istressportsbadminton.com\/?page_id=2400\" class=\"more-link\">Continuer la lecture<span class=\"screen-reader-text\"> de &laquo;&nbsp;Les Plumes de la Crau (St Martin)&nbsp;&raquo;<\/span><\/a><\/p>\n","protected":false},"author":3,"featured_media":0,"parent":0,"menu_order":0,"comment_status":"closed","ping_status":"closed","template":"","meta":{"sfsi_plus_gutenberg_text_before_share":"","sfsi_plus_gutenberg_show_text_before_share":"","sfsi_plus_gutenberg_icon_type":"","sfsi_plus_gutenberg_icon_alignemt":"","sfsi_plus_gutenburg_max_per_row":""},"_links":{"self":[{"href":"https:\/\/istressportsbadminton.com\/index.php?rest_route=\/wp\/v2\/pages\/2400"}],"collection":[{"href":"https:\/\/istressportsbadminton.com\/index.php?rest_route=\/wp\/v2\/pages"}],"about":[{"href":"https:\/\/istressportsbadminton.com\/index.php?rest_route=\/wp\/v2\/types\/page"}],"author":[{"embeddable":true,"href":"https:\/\/istressportsbadminton.com\/index.php?rest_route=\/wp\/v2\/users\/3"}],"replies":[{"embeddable":true,"href":"https:\/\/istressportsbadminton.com\/index.php?rest_route=%2Fwp%2Fv2%2Fcomments&post=2400"}],"version-history":[{"count":10,"href":"https:\/\/istressportsbadminton.com\/index.php?rest_route=\/wp\/v2\/pages\/2400\/revisions"}],"predecessor-version":[{"id":2433,"href":"https:\/\/istressportsbadminton.com\/index.php?rest_route=\/wp\/v2\/pages\/2400\/revisions\/2433"}],"wp:attachment":[{"href":"https:\/\/istressportsbadminton.com\/index.php?rest_route=%2Fwp%2Fv2%2Fmedia&parent=2400"}],"curies":[{"name":"wp","href":"https:\/\/api.w.org\/{rel}","templated":true}]}}